{"id":1021,"date":"2009-03-25T16:50:23","date_gmt":"2009-03-25T14:50:23","guid":{"rendered":"http:\/\/www.kayiprihtim.org\/portal\/?page_id=1021"},"modified":"2021-06-06T01:56:52","modified_gmt":"2021-06-05T22:56:52","slug":"olum-kapisi-serisi-okuma-rehberi","status":"publish","type":"page","link":"https:\/\/www.kayiprihtim.org\/portal\/okuma-rehberleri\/olum-kapisi-serisi-okuma-rehberi\/","title":{"rendered":"\u00d6l\u00fcm Kap\u0131s\u0131 Serisi Okuma Rehberi"},"content":{"rendered":"<p><strong><em>Kitaplar\u0131n okuma s\u0131ras\u0131 a\u015fa\u011f\u0131da listelenmi\u015ftir.<\/em><\/strong><\/p>\n<p style=\"padding-left: 30px;\"><strong>1.<\/strong> <em><strong>Ejder Kanad\u0131<\/strong><\/em><\/p>\n<p style=\"padding-left: 30px;\"><strong>2.<\/strong> <em><strong>Elf Y\u0131ld\u0131z\u0131<\/strong><\/em><\/p>\n<p style=\"padding-left: 30px;\"><strong>3.<\/strong> <em><strong>Ate\u015f Denizi<\/strong><\/em><\/p>\n<p style=\"padding-left: 30px;\"><strong>4.<\/strong> <em><strong>Y\u0131lan B\u00fcy\u00fcc\u00fcs\u00fc<\/strong><\/em><\/p>\n<p style=\"padding-left: 30px;\"><strong>5.<\/strong> <em><strong>Kaosun Eli<\/strong><\/em><\/p>\n<p style=\"padding-left: 30px;\"><strong>6.<\/strong> <em><strong>Labirentte<\/strong><\/em><\/p>\n<p style=\"padding-left: 30px;\"><strong>7.<\/strong> <em><strong>Yedinci Kap\u0131<\/strong><\/em><\/p>\n","protected":false},"excerpt":{"rendered":"<p>Kitaplar\u0131n okuma s\u0131ras\u0131 a\u015fa\u011f\u0131da listelenmi\u015ftir. 1. Ejder Kanad\u0131 2. Elf Y\u0131ld\u0131z\u0131 3. Ate\u015f Denizi 4. Y\u0131lan B\u00fcy\u00fcc\u00fcs\u00fc 5. Kaosun Eli 6. Labirentte 7. Yedinci Kap\u0131<\/p>\n","protected":false},"author":1,"featured_media":0,"parent":726,"menu_order":0,"comment_status":"open","ping_status":"closed","template":"","meta":{"_acf_changed":false,"footnotes":""},"class_list":["post-1021","page","type-page","status-publish"],"acf":[],"_links":{"self":[{"href":"https:\/\/www.kayiprihtim.org\/portal\/wp-json\/wp\/v2\/pages\/1021","targetHints":{"allow":["GET"]}}],"collection":[{"href":"https:\/\/www.kayiprihtim.org\/portal\/wp-json\/wp\/v2\/pages"}],"about":[{"href":"https:\/\/www.kayiprihtim.org\/portal\/wp-json\/wp\/v2\/types\/page"}],"author":[{"embeddable":true,"href":"https:\/\/www.kayiprihtim.org\/portal\/wp-json\/wp\/v2\/users\/1"}],"replies":[{"embeddable":true,"href":"https:\/\/www.kayiprihtim.org\/portal\/wp-json\/wp\/v2\/comments?post=1021"}],"version-history":[{"count":7,"href":"https:\/\/www.kayiprihtim.org\/portal\/wp-json\/wp\/v2\/pages\/1021\/revisions"}],"predecessor-version":[{"id":59331,"href":"https:\/\/www.kayiprihtim.org\/portal\/wp-json\/wp\/v2\/pages\/1021\/revisions\/59331"}],"up":[{"embeddable":true,"href":"https:\/\/www.kayiprihtim.org\/portal\/wp-json\/wp\/v2\/pages\/726"}],"wp:attachment":[{"href":"https:\/\/www.kayiprihtim.org\/portal\/wp-json\/wp\/v2\/media?parent=1021"}],"curies":[{"name":"wp","href":"https:\/\/api.w.org\/{rel}","templated":true}]}}