{"id":1024,"date":"2009-03-25T17:03:37","date_gmt":"2009-03-25T15:03:37","guid":{"rendered":"http:\/\/www.kayiprihtim.org\/portal\/?page_id=1024"},"modified":"2021-06-06T01:56:52","modified_gmt":"2021-06-05T22:56:52","slug":"shannara-efsanesi-okuma-rehberi","status":"publish","type":"page","link":"https:\/\/www.kayiprihtim.org\/portal\/okuma-rehberleri\/shannara-efsanesi-okuma-rehberi\/","title":{"rendered":"Shannara Efsanesi Okuma Rehberi"},"content":{"rendered":"<ul>\n<li><a href=\"https:\/\/www.kayiprihtim.org\/portal\/seri\/shannara-efsanesi\/\"><strong><span style=\"text-decoration: underline;\">Shannara Efsanesi<\/span><\/strong><\/a><\/li>\n<\/ul>\n<ol>\n<li>Shannara&#8217;n\u0131n K\u0131l\u0131c\u0131<span style=\"color: #ff0000;\">*<\/span><\/li>\n<li>Shannara&#8217;n\u0131n Elfta\u015flar\u0131<\/li>\n<li>Shannara&#8217;n\u0131n Dilek\u015fark\u0131s\u0131<\/li>\n<li>Shannara&#8217;n\u0131n \u0130lk Kral\u0131<\/li>\n<\/ol>\n<ul>\n<li><strong><span style=\"text-decoration: underline;\">Shannara&#8217;n\u0131n Miras\u0131<\/span><\/strong><\/li>\n<\/ul>\n<ol>\n<li>Shannara&#8217;n\u0131n \u00c7ocuklar\u0131<\/li>\n<li>Shannara&#8217;n\u0131n Druidi<\/li>\n<li>Shannara&#8217;n\u0131n Elfkrali\u00e7esi<\/li>\n<li>Shannara&#8217;n\u0131n T\u0131ls\u0131m\u0131<\/li>\n<\/ol>\n<hr \/>\n<p><span style=\"color: #ff0000;\">*<\/span> : Shannara&#8217;n\u0131n K\u0131l\u0131c\u0131 \u00fc\u00e7 adet kitap \u015feklinde bas\u0131lm\u0131\u015ft\u0131r;<\/p>\n<ul>\n<li>Shannara&#8217;n\u0131n K\u0131l\u0131c\u0131 1<\/li>\n<li>Shannara&#8217;n\u0131n K\u0131l\u0131c\u0131 2<\/li>\n<li>Shannara&#8217;n\u0131n K\u0131l\u0131c\u0131 3<\/li>\n<\/ul>\n","protected":false},"excerpt":{"rendered":"<p>Shannara Efsanesi Shannara&#8217;n\u0131n K\u0131l\u0131c\u0131* Shannara&#8217;n\u0131n Elfta\u015flar\u0131 Shannara&#8217;n\u0131n Dilek\u015fark\u0131s\u0131 Shannara&#8217;n\u0131n \u0130lk Kral\u0131 Shannara&#8217;n\u0131n Miras\u0131 Shannara&#8217;n\u0131n \u00c7ocuklar\u0131 Shannara&#8217;n\u0131n Druidi Shannara&#8217;n\u0131n Elfkrali\u00e7esi Shannara&#8217;n\u0131n T\u0131ls\u0131m\u0131 * : Shannara&#8217;n\u0131n K\u0131l\u0131c\u0131 \u00fc\u00e7 adet kitap \u015feklinde bas\u0131lm\u0131\u015ft\u0131r; Shannara&#8217;n\u0131n K\u0131l\u0131c\u0131 1 Shannara&#8217;n\u0131n K\u0131l\u0131c\u0131 2 Shannara&#8217;n\u0131n K\u0131l\u0131c\u0131 3<\/p>\n","protected":false},"author":1,"featured_media":0,"parent":726,"menu_order":0,"comment_status":"open","ping_status":"closed","template":"","meta":{"_acf_changed":false,"footnotes":""},"class_list":["post-1024","page","type-page","status-publish"],"acf":[],"_links":{"self":[{"href":"https:\/\/www.kayiprihtim.org\/portal\/wp-json\/wp\/v2\/pages\/1024","targetHints":{"allow":["GET"]}}],"collection":[{"href":"https:\/\/www.kayiprihtim.org\/portal\/wp-json\/wp\/v2\/pages"}],"about":[{"href":"https:\/\/www.kayiprihtim.org\/portal\/wp-json\/wp\/v2\/types\/page"}],"author":[{"embeddable":true,"href":"https:\/\/www.kayiprihtim.org\/portal\/wp-json\/wp\/v2\/users\/1"}],"replies":[{"embeddable":true,"href":"https:\/\/www.kayiprihtim.org\/portal\/wp-json\/wp\/v2\/comments?post=1024"}],"version-history":[{"count":1,"href":"https:\/\/www.kayiprihtim.org\/portal\/wp-json\/wp\/v2\/pages\/1024\/revisions"}],"predecessor-version":[{"id":59332,"href":"https:\/\/www.kayiprihtim.org\/portal\/wp-json\/wp\/v2\/pages\/1024\/revisions\/59332"}],"up":[{"embeddable":true,"href":"https:\/\/www.kayiprihtim.org\/portal\/wp-json\/wp\/v2\/pages\/726"}],"wp:attachment":[{"href":"https:\/\/www.kayiprihtim.org\/portal\/wp-json\/wp\/v2\/media?parent=1024"}],"curies":[{"name":"wp","href":"https:\/\/api.w.org\/{rel}","templated":true}]}}