{"id":1029,"date":"2009-03-28T14:18:27","date_gmt":"2009-03-28T11:18:27","guid":{"rendered":"http:\/\/www.kayiprihtim.org\/portal\/?page_id=1029"},"modified":"2021-06-06T01:56:54","modified_gmt":"2021-06-05T22:56:54","slug":"roportajlar","status":"publish","type":"page","link":"https:\/\/www.kayiprihtim.org\/portal\/roportajlar\/","title":{"rendered":"R\u00f6portajlar"},"content":{"rendered":"<p><strong> [stextbox id=&#8221;black&#8221;]Kendi Yapt\u0131klar\u0131m\u0131z <\/strong><\/p>\n<p style=\"padding-left: 30px;\">\u2022\u00a0\u00a0 <a title=\"A. Or\u00e7un Can ile \u201cG\u00f6ky\u00fcz\u00fcne D\u00fc\u015fen K\u0131z\u201d \u00dczerine\" href=\"https:\/\/www.kayiprihtim.org\/portal\/roportajlar\/a-orcun-can-ile-gokyuzune-dusen-kiz-uzerine\/\">A. Or\u00e7un Can<\/a><\/p>\n<p style=\"padding-left: 30px;\">\u2022\u00a0\u00a0 <a title=\"Algan Sezgint\u00fcredi ile R\u00f6portaj\" href=\"https:\/\/www.kayiprihtim.org\/portal\/roportajlar\/algan-sezginturedi-ile-roportaj\/\">Algan Sezgint\u00fcredi<\/a><\/p>\n<p style=\"padding-left: 30px;\">\u2022\u00a0\u00a0 <a href=\"https:\/\/www.kayiprihtim.org\/portal\/alper-caniguz-ile-roportaj\/\">Alper Can\u0131g\u00fcz<\/a><\/p>\n<p style=\"padding-left: 30px;\">\u2022\u00a0\u00a0 <a title=\"A\u015fk\u0131n G\u00fcng\u00f6r ile R\u00f6portaj\" href=\"https:\/\/www.kayiprihtim.org\/portal\/roportajlar\/askin-gungor-ile-roportaj\/\">A\u015fk\u0131n G\u00fcng\u00f6r<\/a><\/p>\n<p style=\"padding-left: 30px;\">\u2022\u00a0\u00a0 <a href=\"https:\/\/www.kayiprihtim.org\/portal\/baris-mustecaplioglu-ile-roportaj\/\">Bar\u0131\u015f M\u00fcstecapl\u0131o\u011flu<\/a><\/p>\n<p style=\"padding-left: 30px;\">\u2022\u00a0\u00a0 <a href=\"https:\/\/www.kayiprihtim.org\/portal\/biz-bunu-istiyoruz-1\/bora-ongurer-ile-the-kingkiller-chronicle-uzerine\/\">Bora \u00d6ng\u00fcrer\u00a0 (<em>Kralkatili G\u00fcncesi S\u00f6yle\u015fisi<\/em>)<\/a><\/p>\n<p style=\"padding-left: 30px;\">\u2022\u00a0\u00a0 <a href=\"https:\/\/www.kayiprihtim.org\/portal\/roportajlar\/canan-kim-ile-roportaj\/\">Canan Kim<\/a><\/p>\n<p style=\"padding-left: 30px;\">\u2022\u00a0 \u00a0China Mi\u00e9ville<\/p>\n<p style=\"padding-left: 30px;\">\u2022\u00a0\u00a0 Cixin Liu<\/p>\n<p style=\"padding-left: 30px;\">\u2022\u00a0\u00a0 <a href=\"https:\/\/www.kayiprihtim.org\/portal\/cigdem-erkal-ipek-ile-roportaj\/\">\u00c7i\u011fdem Erkal \u0130pek<\/a><\/p>\n<p style=\"padding-left: 30px;\">\u2022\u00a0\u00a0 <a title=\"Do\u011fu Y\u00fccel ile R\u00f6portaj\" href=\"https:\/\/www.kayiprihtim.org\/portal\/roportajlar\/devrim-kunter-roportaji\/\">Devrim Kunter<\/a><\/p>\n<p style=\"padding-left: 30px;\">\u2022\u00a0\u00a0 Do\u011fu Y\u00fccel<\/p>\n<p style=\"padding-left: 30px;\">\u2022\u00a0\u00a0 Elif Ersavc\u0131<\/p>\n<p style=\"padding-left: 30px;\">\u2022\u00a0\u00a0 <a href=\"https:\/\/www.kayiprihtim.org\/portal\/roportajlar\/epsilon-yayinlari-ile-game-of-thrones-uzerine\/\">Epsilon Yay\u0131nevi ile Game of Thrones \u00dczerine\u2026<\/a><\/p>\n<p style=\"padding-left: 30px;\">\u2022\u00a0\u00a0 <a href=\"https:\/\/www.kayiprihtim.org\/portal\/esen-gur-ile-olimpos-kahramanlari-uzerine\/\">Esen G\u00fcr (<em>Olimpos Kahramanlar\u0131 S\u00f6yle\u015fisi<\/em>)<\/a><\/p>\n<p style=\"padding-left: 30px;\">\u2022\u00a0\u00a0 <a title=\"Ethem Onur Bilgi\u00e7 ile R\u00f6portaj\" href=\"https:\/\/www.kayiprihtim.org\/portal\/roportajlar\/ethem-onur-bilgic-ile-roportaj\/\">Ethem Onur Bilgi\u00e7<\/a><\/p>\n<p style=\"padding-left: 30px;\">\u2022\u00a0\u00a0\u00a0<a href=\"https:\/\/www.kayiprihtim.org\/portal\/evrim-oncul-ve-niran-elci-ile-yokyer-soylesisi\/\">Evrim \u00d6nc\u00fcl &amp; Niran El\u00e7i (<em>Yokyer S\u00f6yle\u015fisi<\/em>)<\/a><\/p>\n<p style=\"padding-left: 30px;\">\u2022\u00a0\u00a0 <a title=\"G\u00f6ktu\u011f Canbaba ile R\u00f6portaj\" href=\"https:\/\/www.kayiprihtim.org\/portal\/roportajlar\/goktug-canbaba-ile-roportaj\/\">G\u00f6ktu\u011f Canbaba<\/a><\/p>\n<p style=\"padding-left: 30px;\">\u2022\u00a0\u00a0 <a title=\"G\u00f6ktu\u011f Canbaba ile R\u00f6portaj\" href=\"https:\/\/www.kayiprihtim.org\/portal\/2015\/11\/12\/goktug-canbabadan-yeni-macera-arayis-ormani\/\">G\u00f6ktu\u011f Canbaba ile Aray\u0131\u015f Orman\u0131 \u00dczerine<\/a><\/p>\n<p style=\"padding-left: 30px;\">\u2022\u00a0\u00a0 <a href=\"https:\/\/www.kayiprihtim.org\/portal\/roportajlar\/gulsah-elikbank-ile-roportaj\/\">G\u00fcl\u015fah Elikbank<\/a><\/p>\n<p style=\"padding-left: 30px;\">\u2022\u00a0\u00a0 <a href=\"https:\/\/www.kayiprihtim.org\/portal\/hazal-erdal-soylesisi\/\">Hazal Erdal<\/a><\/p>\n<p style=\"padding-left: 30px;\">\u2022 \u00a0 <a title=\"Hugh Howey ile R\u00f6portaj\" href=\"https:\/\/youtu.be\/YXm4TOoql5I\" target=\"_blank\" rel=\"noopener nofollow\">Hugh Howey<\/a> <strong><span style=\"font-family: courier new,courier; color: #ff0000;\">V\u0130DEO R\u00d6PORTAJ<\/span><\/strong><\/p>\n<p style=\"padding-left: 30px;\">\u2022\u00a0\u00a0 <a href=\"https:\/\/www.kayiprihtim.org\/portal\/2011\/06\/04\/eski-dunyanin-ordulari-yakinda-yayinda\/\">\u0130smail Kemal \u00c7ift\u00e7io\u011flu (<em>Eski D\u00fcnyan\u0131n Ordular\u0131<\/em>)<\/a><\/p>\n<p style=\"padding-left: 30px;\">\u2022\u00a0\u00a0 <a title=\"Jane Rogers ile R\u00f6portaj\" href=\"https:\/\/www.kayiprihtim.org\/portal\/roportajlar\/jane-rogers-ile-roportaj\/\">Jane Rogers <\/a><strong><span style=\"font-family: courier new,courier; color: #ff0000;\">V\u0130DEO R\u00d6PORTAJ<\/span><\/strong><\/p>\n<p style=\"padding-left: 30px;\">\u2022\u00a0\u00a0 <a title=\"John Scalzi ile R\u00f6portaj\" href=\"https:\/\/www.kayiprihtim.org\/portal\/roportajlar\/john-scalzi-ile-roportaj\/\">John Scalzi<\/a><\/p>\n<p style=\"padding-left: 30px;\">\u2022\u00a0\u00a0 Karin Tidbeck<\/p>\n<p style=\"padding-left: 30px;\">\u2022\u00a0\u00a0 <a href=\"https:\/\/www.kayiprihtim.org\/portal\/kerem-beyit-ile-roportaj\/\">Kerem Beyit<\/a><\/p>\n<p style=\"padding-left: 30px;\">\u2022\u00a0\u00a0 <a href=\"https:\/\/www.kayiprihtim.org\/portal\/roportajlar\/korkut-aldemir-ile-roportaj\/\">Korkut Aldemir<\/a><\/p>\n<p style=\"padding-left: 30px;\">\u2022\u00a0\u00a0 <a href=\"https:\/\/youtu.be\/8mfFYXQNkRI\" rel=\"nofollow noopener\" target=\"_blank\">Kutlukhan Kutlu<\/a><\/p>\n<p style=\"padding-left: 30px;\">\u2022\u00a0\u00a0 <a title=\"Hugh Howey ile R\u00f6portaj\" href=\"https:\/\/youtu.be\/YXm4TOoql5I\" target=\"_blank\" rel=\"noopener nofollow\">Kutlukhan Kutlu<\/a> <strong><span style=\"font-family: courier new,courier; color: #ff0000;\">V\u0130DEO R\u00d6PORTAJ<\/span><\/strong><\/p>\n<p style=\"padding-left: 30px;\">\u2022\u00a0\u00a0 <a href=\"https:\/\/www.kayiprihtim.org\/portal\/margaret-weis-ile-roportaj\/\">Margaret Weis<\/a><\/p>\n<p style=\"padding-left: 30px;\">\u2022\u00a0\u00a0 <a href=\"https:\/\/www.kayiprihtim.org\/portal\/roportajlar\/resul-yalcinkaya-ile-roportaj\/\">Mustafa Resul Yal\u00e7\u0131nkaya<\/a><\/p>\n<p style=\"padding-left: 30px;\">\u2022\u00a0\u00a0 <a href=\"https:\/\/www.kayiprihtim.org\/portal\/niran-elci-ile-roportaj\/\">Niran El\u00e7i<\/a><\/p>\n<p style=\"padding-left: 30px;\">\u2022\u00a0\u00a0 <a href=\"https:\/\/www.kayiprihtim.org\/portal\/2012\/01\/06\/onat-bahadir-roportaji-yayinda\/\">Onat Bahad\u0131r<\/a><\/p>\n<p style=\"padding-left: 30px;\">\u2022\u00a0\u00a0 <a href=\"https:\/\/www.kayiprihtim.org\/portal\/roportajlar\/resul-yalcinkaya-ile-roportaj\/\">Resul Yal\u00e7\u0131nkaya<\/a><\/p>\n<p style=\"padding-left: 30px;\">\u2022\u00a0\u00a0 <a href=\"https:\/\/www.kayiprihtim.org\/portal\/roportajlar\/sadik-yemni-ile-roportaj\/\">Sad\u0131k Yemni<\/a><\/p>\n<p style=\"padding-left: 30px;\">\u2022\u00a0\u00a0 <a href=\"https:\/\/www.kayiprihtim.org\/portal\/roportajlar\/selcuk-baglar-soylesisi\/\">Sel\u00e7uk Ba\u011flar<\/a><\/p>\n<p style=\"padding-left: 30px;\">\u2022\u00a0\u00a0 <a href=\"https:\/\/www.kayiprihtim.org\/portal\/sevin-okyay-ile-roportaj\/\">Sevin Okyay<\/a><\/p>\n<p style=\"padding-left: 30px;\">\u2022\u00a0\u00a0 <a href=\"https:\/\/www.kayiprihtim.org\/portal\/sebnem-piskin-ile-roportaj\/\">\u015eebnem Pi\u015fkin<\/a><\/p>\n<p style=\"padding-left: 30px;\">\u2022\u00a0\u00a0 <a href=\"https:\/\/www.kayiprihtim.org\/portal\/roportajlar\/ulas-apak-ile-roportaj\/\">Ula\u015f Apak<\/a><\/p>\n<p style=\"padding-left: 30px;\">\u2022\u00a0\u00a0 <a href=\"https:\/\/www.kayiprihtim.org\/portal\/roportajlar\/uwe-post-ile-roportaj\/\">Uwe Post<\/a><\/p>\n<p style=\"padding-left: 30px;\">\u2022\u00a0\u00a0 <a href=\"https:\/\/www.kayiprihtim.org\/portal\/roportajlar\/yaprak-onur-ile-roportaj\/\">Yaprak Onur<\/a><\/p>\n<p style=\"padding-left: 30px;\">\u2022\u00a0\u00a0 <a href=\"https:\/\/www.kayiprihtim.org\/portal\/roportajlar\/yekta-kopan-ile-roportaj\/\">Yekta Kopan<\/a><\/p>\n<p style=\"padding-left: 30px;\">\u2022\u00a0\u00a0 <a href=\"https:\/\/www.kayiprihtim.org\/portal\/yigit-deger-bengi-ile-roportaj\/\">Yi\u011fit De\u011fer Bengi<br \/>\n<\/a><\/p>\n<div class=\"seperator\">#<\/div>\n<p><strong> [stextbox id=&#8221;black&#8221;]\u00c7evirilerimiz <\/strong><\/p>\n<p style=\"padding-left: 30px;\">\u2022\u00a0\u00a0 <a title=\"Christopher Tolkien R\u00f6portaj\u0131\" href=\"https:\/\/www.kayiprihtim.org\/portal\/roportajlar\/christopher-tolkien-roportaji\/\">Christopher Tolkien<\/a><\/p>\n<p style=\"padding-left: 30px;\">\u2022\u00a0\u00a0 <a href=\"https:\/\/www.kayiprihtim.org\/portal\/roportajlar\/hobbit-smaugun-viranesi-empire-dergisi-roportaji\/\">Hobbit: Smaug\u2019un Viranesi | Empire Dergisi R\u00f6portaj\u0131<\/a><\/p>\n<p style=\"padding-left: 30px;\">\u2022\u00a0\u00a0 <a href=\"https:\/\/www.kayiprihtim.org\/portal\/neil-gaiman-soylesisi\/\">Neil Gaiman<\/a><\/p>\n<p style=\"padding-left: 30px;\">\u2022\u00a0\u00a0 <a href=\"https:\/\/www.kayiprihtim.org\/portal\/neil-gaiman-soylesisi\/\">Neil Gaiman<\/a><\/p>\n<p style=\"padding-left: 30px;\">\u2022\u00a0\u00a0 <a href=\"https:\/\/www.kayiprihtim.org\/portal\/george-r-r-martin-ile-%E2%80%98game-of-thrones%E2%80%99-hakkinda-soylesi\/\">George R. R. Martin<\/a><\/p>\n<p style=\"padding-left: 30px;\">\u2022\u00a0\u00a0 <a title=\"George R. R. Martin: Rolling Stone R\u00f6portaj\u0131\" href=\"https:\/\/www.kayiprihtim.org\/portal\/roportajlar\/george-r-r-martin-rolling-stone-roportaji\/\">George R. R. Martin <em>(Rolling Stone R\u00f6portaj\u0131)<\/em><\/a><\/p>\n<p style=\"padding-left: 30px;\">\u2022\u00a0\u00a0 <a href=\"https:\/\/www.kayiprihtim.org\/portal\/biz-bunu-istiyoruz-1\/patrick-rothfuss-roportaji\/\">Patrick Rothfuss <\/a><\/p>\n<p style=\"padding-left: 30px;\">\u2022\u00a0\u00a0 <a href=\"https:\/\/www.kayiprihtim.org\/portal\/2012\/01\/09\/patrick-rothfuss-brandon-sanderson-roportaji-yayinda\/\">Patrick Rothfuss &amp; Brandon Sanderson<\/a><\/p>\n<p style=\"padding-left: 30px;\">\u2022\u00a0\u00a0 <a title=\"Fantastik Yolculuk | Peter Jackson R\u00f6portaj\u0131\" href=\"https:\/\/www.kayiprihtim.org\/portal\/roportajlar\/fantastik-yolculuk-peter-jackson-roportaji\/\">Peter Jackson<\/a><\/p>\n<p style=\"padding-left: 30px;\">\u2022\u00a0\u00a0 Peter Jackson &amp; Guillermo del Torro<\/p>\n<p style=\"padding-left: 30px;\">\u2022\u00a0\u00a0 <a href=\"https:\/\/www.kayiprihtim.org\/portal\/robert-jordan-ile-roportaj\/\">Robert Jordan<\/a><\/p>\n<p style=\"padding-left: 30px;\">\u2022\u00a0\u00a0 <a href=\"https:\/\/www.kayiprihtim.org\/portal\/roportajlar\/serge-brussolo-roportaji\/\">Serge Brussolo<\/a><\/p>\n<p style=\"padding-left: 30px;\">\u2022 \u00a0 <a href=\"https:\/\/www.kayiprihtim.org\/portal\/mortensen-ve-lee-hobbit-hakkinda-konustu\/\">Viggo Mortensen, Christopher Lee<\/a><\/p>\n<div class=\"seperator\">#<\/div>\n<p><strong> [stextbox id=&#8221;black&#8221;]Di\u011ferleri<\/strong><\/p>\n<p style=\"padding-left: 30px;\">\u2022\u00a0\u00a0\u00a0 B\u00fclent Somay<\/p>\n<p style=\"padding-left: 30px;\">\u2022\u00a0\u00a0\u00a0 <a href=\"https:\/\/www.kayiprihtim.org\/portal\/cigdem-erkal-ipek-soylesisi\/\">\u00c7i\u011fdem Erkal \u0130pek <\/a><\/p>\n<p style=\"padding-left: 30px;\">\u2022\u00a0\u00a0\u00a0 <a href=\"https:\/\/www.kayiprihtim.org\/portal\/michael-lynne-roportaji\/\">Michael Lynne<\/a><\/p>\n","protected":false},"excerpt":{"rendered":"<p>[stextbox id=&#8221;black&#8221;]Kendi Yapt\u0131klar\u0131m\u0131z \u2022\u00a0\u00a0 A. Or\u00e7un Can \u2022\u00a0\u00a0 Algan Sezgint\u00fcredi \u2022\u00a0\u00a0 Alper Can\u0131g\u00fcz \u2022\u00a0\u00a0 A\u015fk\u0131n G\u00fcng\u00f6r \u2022\u00a0\u00a0 Bar\u0131\u015f M\u00fcstecapl\u0131o\u011flu \u2022\u00a0\u00a0 Bora \u00d6ng\u00fcrer\u00a0 (Kralkatili G\u00fcncesi S\u00f6yle\u015fisi) \u2022\u00a0\u00a0 Canan Kim \u2022\u00a0 \u00a0China Mi\u00e9ville \u2022\u00a0\u00a0 Cixin Liu \u2022\u00a0\u00a0 \u00c7i\u011fdem Erkal \u0130pek \u2022\u00a0\u00a0 Devrim Kunter \u2022\u00a0\u00a0 Do\u011fu Y\u00fccel \u2022\u00a0\u00a0 Elif Ersavc\u0131 \u2022\u00a0\u00a0 Epsilon Yay\u0131nevi ile Game of Thrones \u00dczerine\u2026 [&hellip;]<\/p>\n","protected":false},"author":1,"featured_media":0,"parent":0,"menu_order":0,"comment_status":"closed","ping_status":"closed","template":"","meta":{"_acf_changed":false,"footnotes":""},"class_list":["post-1029","page","type-page","status-publish"],"acf":[],"_links":{"self":[{"href":"https:\/\/www.kayiprihtim.org\/portal\/wp-json\/wp\/v2\/pages\/1029","targetHints":{"allow":["GET"]}}],"collection":[{"href":"https:\/\/www.kayiprihtim.org\/portal\/wp-json\/wp\/v2\/pages"}],"about":[{"href":"https:\/\/www.kayiprihtim.org\/portal\/wp-json\/wp\/v2\/types\/page"}],"author":[{"embeddable":true,"href":"https:\/\/www.kayiprihtim.org\/portal\/wp-json\/wp\/v2\/users\/1"}],"replies":[{"embeddable":true,"href":"https:\/\/www.kayiprihtim.org\/portal\/wp-json\/wp\/v2\/comments?post=1029"}],"version-history":[{"count":8,"href":"https:\/\/www.kayiprihtim.org\/portal\/wp-json\/wp\/v2\/pages\/1029\/revisions"}],"predecessor-version":[{"id":59454,"href":"https:\/\/www.kayiprihtim.org\/portal\/wp-json\/wp\/v2\/pages\/1029\/revisions\/59454"}],"wp:attachment":[{"href":"https:\/\/www.kayiprihtim.org\/portal\/wp-json\/wp\/v2\/media?parent=1029"}],"curies":[{"name":"wp","href":"https:\/\/api.w.org\/{rel}","templated":true}]}}