{"id":1042,"date":"2009-03-29T11:12:03","date_gmt":"2009-03-29T08:12:03","guid":{"rendered":"http:\/\/www.kayiprihtim.org\/portal\/?page_id=1042"},"modified":"2016-05-26T07:13:24","modified_gmt":"2016-05-26T04:13:24","slug":"hurinin-cocuklari","status":"publish","type":"page","link":"https:\/\/www.kayiprihtim.org\/portal\/kitaplar\/hurinin-cocuklari\/","title":{"rendered":"Hurin&#8217;in \u00c7ocuklar\u0131"},"content":{"rendered":"<p><a href=\"https:\/\/www.kayiprihtim.org\/portal\/gorsel\/hurinin-cocuklari.jpg\"><img fetchpriority=\"high\" decoding=\"async\" class=\"alignright\" src=\"https:\/\/www.kayiprihtim.org\/portal\/gorsel\/hurinin-cocuklari.jpg\" alt=\"\" width=\"200\" height=\"285\"><\/a>&#8220;Y\u00fcz\u00fcklerin Efendisi&#8221; serisinin yazar\u0131 John Ronald Reuel Tolkien&#8217;in, 1918&#8217;de yazmaya ba\u015flad\u0131\u011f\u0131, ancak hayattayken tamamlayamad\u0131\u011f\u0131, o\u011flu taraf\u0131ndan tamamlanan bir roman\u0131, sat\u0131\u015fa sunuluyor. Yazar\u0131n o\u011flu Christopher Tolkien, babas\u0131n\u0131n taslaklar\u0131 \u00fczerinde 30 y\u0131l \u00e7al\u0131\u015farak roman\u0131 tamamlad\u0131.<\/p>\n<p>\u0130ngiliz Harper Collins Yay\u0131nevi taraf\u0131ndan yap\u0131lan a\u00e7\u0131klamada, Tolkien&#8217;in yar\u0131da b\u0131rakt\u0131\u011f\u0131 &#8220;Hurin&#8217;in \u00c7ocuklar\u0131&#8221; (The Children of Hurin) adl\u0131 roman\u0131n, 25 dile \u00e7evrilmesinin beklendi\u011fi bildirildi.<br \/>\nA\u00e7\u0131klamaya g\u00f6re, Tolkien&#8217;in o\u011flu Christopher Tolkien, roman\u0131 tamamlamak i\u00e7in babas\u0131n\u0131n taslaklar\u0131 \u00fczerinde yakla\u015f\u0131k 30 y\u0131l u\u011fra\u015ft\u0131.<\/p>\n<p>Christopher Tolkien, el yazmalar\u0131n\u0131 uzun bir s\u00fcre inceledi\u011fini ve \u00f6yk\u00fcye ek yapmadan tutarl\u0131 bir \u00f6yk\u00fc olu\u015fturmay\u0131 denedi\u011fini s\u00f6yledi.<\/p>\n<p>&#8220;Hurin&#8217;in \u00c7ocuklar\u0131&#8221; da Y\u00fcz\u00fcklerin Efendisi&#8217;nde oldu\u011fu gibi &#8220;Orta D\u00fcnya&#8221;da ge\u00e7iyor. \u00d6yk\u00fcde, &#8220;Y\u00fcz\u00fcklerin Efendisi&#8221;nden ve hatta Hobbitlerin Tolkien&#8217;in kurdu\u011fu d\u00fcnyaya ad\u0131m atmas\u0131ndan \u00f6nceki d\u00f6nem anlat\u0131l\u0131yor.<\/p>\n<p>&#8220;Hurin&#8217;in \u00c7ocuklar\u0131&#8221;ndaki kimi b\u00f6l\u00fcmlerin daha \u00f6nceki Tolkien \u00f6yk\u00fclerinde ayr\u0131 olarak yay\u0131mland\u0131\u011f\u0131 belirtiliyor.<\/p>\n<p>320 sayfal\u0131k kitab\u0131n kapa\u011f\u0131n\u0131 ve resimlerini, &#8220;Y\u00fcz\u00fcklerin Efendisi&#8221; ve &#8220;Hobbit&#8221;te oldu\u011fu gibi yine Alan Lee \u00e7izmi\u015f.<\/p>\n<p>Christopher Tolkien, 1977&#8217;de de babas\u0131n\u0131n tamamlayamad\u0131\u011f\u0131 &#8220;Silmarillion&#8221; kitab\u0131n\u0131 tamamlayarak piyasaya s\u00fcrm\u00fc\u015ft\u00fc.<br \/>\n<strong>&#8211; H\u00fcrriyet Gazetesi<\/strong><\/p>\n","protected":false},"excerpt":{"rendered":"<p>&#8220;Y\u00fcz\u00fcklerin Efendisi&#8221; serisinin yazar\u0131 John Ronald Reuel Tolkien&#8217;in, 1918&#8217;de yazmaya ba\u015flad\u0131\u011f\u0131, ancak hayattayken tamamlayamad\u0131\u011f\u0131, o\u011flu taraf\u0131ndan tamamlanan bir roman\u0131, sat\u0131\u015fa sunuluyor. Yazar\u0131n o\u011flu Christopher Tolkien, babas\u0131n\u0131n taslaklar\u0131 \u00fczerinde 30 y\u0131l \u00e7al\u0131\u015farak roman\u0131 tamamlad\u0131. \u0130ngiliz Harper Collins Yay\u0131nevi taraf\u0131ndan yap\u0131lan a\u00e7\u0131klamada, Tolkien&#8217;in yar\u0131da b\u0131rakt\u0131\u011f\u0131 &#8220;Hurin&#8217;in \u00c7ocuklar\u0131&#8221; (The Children of Hurin) adl\u0131 roman\u0131n, 25 dile \u00e7evrilmesinin beklendi\u011fi [&hellip;]<\/p>\n","protected":false},"author":3,"featured_media":0,"parent":57,"menu_order":0,"comment_status":"open","ping_status":"closed","template":"","meta":{"_acf_changed":false,"footnotes":""},"class_list":["post-1042","page","type-page","status-publish"],"acf":[],"_links":{"self":[{"href":"https:\/\/www.kayiprihtim.org\/portal\/wp-json\/wp\/v2\/pages\/1042","targetHints":{"allow":["GET"]}}],"collection":[{"href":"https:\/\/www.kayiprihtim.org\/portal\/wp-json\/wp\/v2\/pages"}],"about":[{"href":"https:\/\/www.kayiprihtim.org\/portal\/wp-json\/wp\/v2\/types\/page"}],"author":[{"embeddable":true,"href":"https:\/\/www.kayiprihtim.org\/portal\/wp-json\/wp\/v2\/users\/3"}],"replies":[{"embeddable":true,"href":"https:\/\/www.kayiprihtim.org\/portal\/wp-json\/wp\/v2\/comments?post=1042"}],"version-history":[{"count":0,"href":"https:\/\/www.kayiprihtim.org\/portal\/wp-json\/wp\/v2\/pages\/1042\/revisions"}],"up":[{"embeddable":true,"href":"https:\/\/www.kayiprihtim.org\/portal\/wp-json\/wp\/v2\/pages\/57"}],"wp:attachment":[{"href":"https:\/\/www.kayiprihtim.org\/portal\/wp-json\/wp\/v2\/media?parent=1042"}],"curies":[{"name":"wp","href":"https:\/\/api.w.org\/{rel}","templated":true}]}}