{"id":10550,"date":"2011-07-01T11:30:10","date_gmt":"2011-07-01T08:30:10","guid":{"rendered":"http:\/\/www.kayiprihtim.org\/portal\/"},"modified":"2012-02-21T14:21:34","modified_gmt":"2012-02-21T12:21:34","slug":"peri-serisi","status":"publish","type":"page","link":"https:\/\/www.kayiprihtim.org\/portal\/kitaplar\/peri-serisi\/","title":{"rendered":"Peri Serisi"},"content":{"rendered":"<table style=\"border: thin outset; border-collapse: collapse; height: 30px; width: 470px;\" border=\"0\" cellpadding=\"2\">\n<tbody>\n<tr>\n<td bgcolor=\"#330000\" width=\"30%\"><span style=\"color: #ffffff;\"><span style=\"font-family: Verdana;\"><strong><a name=\"1\"><\/a>KANATLAR<\/strong><\/span><\/span><\/td>\n<\/tr>\n<\/tbody>\n<\/table>\n<table style=\"border-collapse: collapse; width: 462px; height: 250px;\" border=\"0\" cellspacing=\"0\" cellpadding=\"0\">\n<tbody>\n<tr>\n<td align=\"center\" valign=\"top\" width=\"58%\">\n<table style=\"border-collapse: collapse; width: 315px; height: 248px;\" border=\"0\" cellspacing=\"2\">\n<tbody>\n<tr>\n<td align=\"right\" width=\"100%\">\n<table style=\"width: 310px; height: 88px;\" border=\"0\" cellspacing=\"0\">\n<tbody>\n<tr bgcolor=\"#d1c4a5\">\n<td width=\"39%\"><strong>Yazar<\/strong><\/td>\n<td width=\"3%\">:<\/td>\n<td width=\"51%\"><span style=\"color: #993300;\"><strong>Aprilynne Pike<\/strong><\/span><\/td>\n<\/tr>\n<tr bgcolor=\"#e4ddcb\">\n<td><strong>\u00c7eviri<\/strong><\/td>\n<td width=\"3%\">:<\/td>\n<td width=\"51%\">\u00c7i\u011fdem \u00d6ztekin<\/td>\n<\/tr>\n<tr bgcolor=\"#d1c4a5\">\n<td width=\"39%\"><strong>\u00d6zg\u00fcn Ad\u0131<\/strong><\/td>\n<td width=\"3%\">:<\/td>\n<td width=\"51%\">Wings<\/td>\n<\/tr>\n<tr bgcolor=\"#e4ddcb\">\n<td width=\"39%\"><strong>Edit\u00f6r<\/strong><\/td>\n<td width=\"3%\">:<\/td>\n<td width=\"51%\">\u00c7i\u00e7ek Eri\u015f<\/td>\n<\/tr>\n<\/tbody>\n<\/table>\n<\/td>\n<\/tr>\n<tr>\n<td style=\"border-style: solid ridge ridge; border-width: 1px; padding-left: 4px; padding-right: 4px;\" bgcolor=\"#c0b18d\" width=\"100%\"><strong><span style=\"font-size: 9pt; font-family: Tahoma;\">Pegasus Yay\u0131nlar\u0131<br \/>\n<\/span><\/strong><\/td>\n<\/tr>\n<tr>\n<td align=\"right\" width=\"100%\">\n<table style=\"width: 310px; height: 88px;\" border=\"0\" cellspacing=\"0\">\n<tbody>\n<tr bgcolor=\"#e4ddcb\">\n<td width=\"39%\"><strong>\u00c7\u0131k\u0131\u015f Tarihi<\/strong><\/td>\n<td width=\"3%\">:<\/td>\n<td width=\"51%\">Temmuz, 2011<\/td>\n<\/tr>\n<tr bgcolor=\"#d1c4a5\">\n<td><strong>Sayfa Say\u0131s\u0131<\/strong><\/td>\n<td width=\"3%\">:<\/td>\n<td width=\"51%\">320<\/td>\n<\/tr>\n<tr bgcolor=\"#e4ddcb\">\n<td width=\"39%\"><strong>Fiyat\u0131<\/strong><\/td>\n<td width=\"3%\">:<\/td>\n<td width=\"51%\">20,00 TL<\/td>\n<\/tr>\n<tr bgcolor=\"#d1c4a5\">\n<td width=\"39%\"><strong>ISBN No<\/strong><\/td>\n<td width=\"3%\">:<\/td>\n<td width=\"51%\">9786054456574<\/td>\n<\/tr>\n<\/tbody>\n<\/table>\n<\/td>\n<\/tr>\n<\/tbody>\n<\/table>\n<\/td>\n<td align=\"left\" valign=\"top\" width=\"39%\">\n<p style=\"text-align: center;\"><a href=\"https:\/\/www.kayiprihtim.org\/portal\/gorsel\/kanatlar-aprilynne-pike.jpg\" target=\"_blank\"><img decoding=\"async\" class=\"aligncenter\" src=\"https:\/\/www.kayiprihtim.org\/portal\/gorsel\/kanatlar-aprilynne-pike.jpg\" alt=\"\" width=\"140\" height=\"219\" border=\"0\" hspace=\"1\"><\/a><\/p>\n<\/td>\n<\/tr>\n<\/tbody>\n<\/table>\n<table style=\"border-collapse: collapse; width: 47%;\" border=\"0\" cellpadding=\"0\">\n<tbody>\n<tr>\n<td width=\"54%\">\n<table style=\"border-collapse: collapse; height: 147px; width: 470px;\" border=\"0\" cellspacing=\"0\" cellpadding=\"2\">\n<tbody>\n<tr>\n<td style=\"border-style: solid ridge ridge; border-width: 1px; padding-left: 4px; padding-right: 4px;\" bgcolor=\"#c0b18d\" width=\"98%\"><strong><span style=\"font-size: 9pt; font-family: Tahoma;\">Tan\u0131t\u0131m Yaz\u0131s\u0131<\/span><\/strong><\/td>\n<\/tr>\n<tr>\n<td align=\"left\" width=\"99%\">\n<table style=\"width: 465px;\" border=\"0\">\n<tbody>\n<tr>\n<td style=\"border-style: outset; border-width: 1px;\" bgcolor=\"#d1c4a5\" width=\"96%\">\n<table style=\"border-collapse: collapse; width: 452px; height: 199px;\" border=\"0\" cellspacing=\"0\" cellpadding=\"5\" bgcolor=\"#d1c4a5\">\n<tbody>\n<tr>\n<td bgcolor=\"#d1c4a5\" width=\"96%\">\n<p style=\"text-align: left;\">Aprilynne Pike&#8217;\u0131n New York Times bestseller listesine giren ilk roman\u0131 Kanatlar, g\u00f6r\u00fcn\u00fc\u015fte s\u0131radan olan bir gen\u00e7 k\u0131z hakk\u0131nda yaz\u0131lm\u0131\u015f ve d\u00f6rt kitaptan olu\u015fan Peri Serisi&#8217;nin ilk kitab\u0131.Laurel b\u00fcy\u00fclenmi\u015f\u00e7esine donup kald\u0131, g\u00f6zlerini sonuna kadar a\u00e7m\u0131\u015f ve bu soluk renkli g\u00fczelli\u011fe bakakalm\u0131\u015ft\u0131. G\u00fczellerdi. Hem de s\u00f6zc\u00fcklerle anlat\u0131lamayacak kadar g\u00fczel. Ba\u015f\u0131n\u0131n hemen ard\u0131nda sal\u0131nan ta\u00e7 yapraklar\u0131n\u0131 daha iyi g\u00f6rebilmek i\u00e7in a\u011f\u0131r a\u011f\u0131r aynaya d\u00f6nd\u00fc. T\u0131pk\u0131 kanat gibiydiler.<\/p>\n<p style=\"text-align: left;\">Laurel, Avalon&#8217;un giri\u015fini korumak i\u00e7in insanlar aras\u0131na g\u00f6nderilen bir peri oldu\u011funu ke\u015ffetmi\u015ftir. Troller ile perilerin aras\u0131ndaki as\u0131rlard\u0131r s\u00fcregelen sava\u015f\u0131n tam ortas\u0131ndayken, bir insan ile bir periye duydu\u011fu a\u015fk\u0131n yan\u0131 s\u0131ra iki d\u00fcnya aras\u0131nda da kalm\u0131\u015ft\u0131r.<\/p>\n<p style=\"text-align: left;\">B\u00fcy\u00fc, entrika, a\u015fk ve maceran\u0131n bu nefes kesen \u00f6yk\u00fcs\u00fcnde periler hakk\u0131nda bildi\u011finizi sand\u0131\u011f\u0131n\u0131z her \u015fey sonsuza dek de\u011fi\u015fecek&#8230;<\/p>\n<p style=\"text-align: left;\">&#8220;Aprilynne Pike&#8217;\u0131n Kanatlar&#8217;\u0131 ola\u011fan\u00fcst\u00fc bir \u00e7\u0131k\u0131\u015f roman\u0131. Mitolojik yarat\u0131c\u0131l\u0131\u011f\u0131, hik\u00e2yenin \u015fa\u015f\u0131rt\u0131c\u0131 g\u00fczelli\u011fiyle b\u00fct\u00fcnle\u015fmi\u015f.&#8221; <strong>-Stephenie Meyer-<\/strong><\/p>\n<p style=\"text-align: left;\">&#8220;Tehlike ve a\u015fk\u0131n heyecan verici bir roman\u0131. Perilerin hik\u00e2yesinin yeniden yorumland\u0131\u011f\u0131 bu kitap, akla uygunlu\u011fu ve hayal g\u00fcc\u00fcyle okuyucular\u0131 kendine tutsak edecektir.&#8221;<br \/>\n<strong>-Raven Haller-, Romantic Times<\/strong><\/p>\n<p style=\"text-align: left;\">&#8220;Halihaz\u0131rdaki do\u011fa\u00fcst\u00fc a\u015fk hik\u00e2yeleri i\u00e7inde g\u00f6ze \u00e7arp\u0131yor&#8230; Ak\u0131c\u0131 bir anlat\u0131m&#8230; Ger\u00e7eklikten enfes bir ka\u00e7\u0131\u015f&#8230;&#8221;<br \/>\n<strong>-Kirkus Reviews-<\/strong><\/p>\n<p style=\"text-align: left;\">&#8221; Derinli\u011fi olan karakterler, h\u0131zl\u0131 ilerleyen s\u00fcr\u00fckleyici bir hik\u00e2ye. Tehlike ve a\u015fk\u0131n, sihir d\u00fcnyas\u0131 ile lise hayat\u0131n\u0131n ho\u015f bir kar\u0131\u015f\u0131m\u0131.&#8221;<br \/>\n<strong>-Connie Tyrrell Burns-, School Library Journal<\/strong><\/p>\n<p style=\"text-align: left;\">&#8220;S\u0131radan peri hik\u00e2yelerinin g\u00fcn\u00fcm\u00fcze ba\u015far\u0131yla uyarland\u0131\u011f\u0131 harika bir kitap. Serinin ikinci kitab\u0131n\u0131 sab\u0131rs\u0131zl\u0131kla bekliyorum.&#8221; -Hallie Wilkins-, <strong>Anderson&#8217;s Bookshop<\/strong><\/p>\n<p style=\"text-align: left;\">&#8220;G\u00fczel bir bi\u00e7imde kurgulanm\u0131\u015f. S\u00fcr\u00fckleyici, \u015fa\u015f\u0131rt\u0131c\u0131 ve ba\u015ftan sona ola\u011fan\u00fcst\u00fc. Harry Potter ve Alacakaranl\u0131k&#8217;\u0131n finalini g\u00f6rd\u00fc\u011f\u00fcm\u00fcz \u015fu g\u00fcnlerde Peri serisi d\u00fcnyam\u0131za de\u011fi\u015ftirecek yeni kitaplar olmaya aday.&#8221;<br \/>\n<strong>-Rebecca Donahue-The NECBA Listserv<\/strong><\/p>\n<hr size=\"1\" \/>\n<p><strong>Kapak Uygulama :<\/strong> Yunus Bora \u00dclke<br \/>\n<strong>Bilgisayar Uygulama :<\/strong> Meral G\u00f6k<\/td>\n<\/tr>\n<\/tbody>\n<\/table>\n<\/td>\n<\/tr>\n<\/tbody>\n<\/table>\n<\/td>\n<\/tr>\n<\/tbody>\n<\/table>\n<\/td>\n<\/tr>\n<\/tbody>\n<\/table>\n<p><span style=\"color: #e4ddcb;\">&#8211;<\/span><\/p>\n<table style=\"border: thin outset; border-collapse: collapse; height: 30px; width: 470px;\" border=\"0\" cellpadding=\"2\">\n<tbody>\n<tr>\n<td bgcolor=\"#330000\" width=\"30%\"><span style=\"color: #ffffff;\"><span style=\"font-family: Verdana;\"><strong><a name=\"2\"><\/a>S\u0130H\u0130RLER<\/strong><\/span><\/span><\/td>\n<\/tr>\n<\/tbody>\n<\/table>\n<table style=\"border-collapse: collapse; width: 462px; height: 250px;\" border=\"0\" cellspacing=\"0\" cellpadding=\"0\">\n<tbody>\n<tr>\n<td align=\"center\" valign=\"top\" width=\"58%\">\n<table style=\"border-collapse: collapse; width: 315px; height: 248px;\" border=\"0\" cellspacing=\"2\">\n<tbody>\n<tr>\n<td align=\"right\" width=\"100%\">\n<table style=\"width: 310px; height: 88px;\" border=\"0\" cellspacing=\"0\">\n<tbody>\n<tr bgcolor=\"#d1c4a5\">\n<td width=\"39%\"><strong>Yazar<\/strong><\/td>\n<td width=\"3%\">:<\/td>\n<td width=\"51%\"><span style=\"color: #993300;\"><strong>Aprilynne Pike<\/strong><\/span><\/td>\n<\/tr>\n<tr bgcolor=\"#e4ddcb\">\n<td><strong>\u00c7eviri<\/strong><\/td>\n<td width=\"3%\">:<\/td>\n<td width=\"51%\">M\u00fcge Kocaman \u00d6z\u00e7elik<\/td>\n<\/tr>\n<tr bgcolor=\"#d1c4a5\">\n<td width=\"39%\"><strong>\u00d6zg\u00fcn Ad\u0131<\/strong><\/td>\n<td width=\"3%\">:<\/td>\n<td width=\"51%\">Spells<\/td>\n<\/tr>\n<tr bgcolor=\"#e4ddcb\">\n<td width=\"39%\"><strong>Edit\u00f6r<\/strong><\/td>\n<td width=\"3%\">:<\/td>\n<td width=\"51%\">Sibel Y\u0131ld\u0131z<\/td>\n<\/tr>\n<\/tbody>\n<\/table>\n<\/td>\n<\/tr>\n<tr>\n<td style=\"border-style: solid ridge ridge; border-width: 1px; padding-left: 4px; padding-right: 4px;\" bgcolor=\"#c0b18d\" width=\"100%\"><strong><span style=\"font-size: 9pt; font-family: Tahoma;\">Pegasus Yay\u0131nlar\u0131<br \/>\n<\/span><\/strong><\/td>\n<\/tr>\n<tr>\n<td align=\"right\" width=\"100%\">\n<table style=\"width: 310px; height: 88px;\" border=\"0\" cellspacing=\"0\">\n<tbody>\n<tr bgcolor=\"#e4ddcb\">\n<td width=\"39%\"><strong>\u00c7\u0131k\u0131\u015f Tarihi<\/strong><\/td>\n<td width=\"3%\">:<\/td>\n<td width=\"51%\">Ocak, 2012<\/td>\n<\/tr>\n<tr bgcolor=\"#d1c4a5\">\n<td><strong>Sayfa Say\u0131s\u0131<\/strong><\/td>\n<td width=\"3%\">:<\/td>\n<td width=\"51%\">392<\/td>\n<\/tr>\n<tr bgcolor=\"#e4ddcb\">\n<td width=\"39%\"><strong>Fiyat\u0131<\/strong><\/td>\n<td width=\"3%\">:<\/td>\n<td width=\"51%\">20,00 TL<\/td>\n<\/tr>\n<tr bgcolor=\"#d1c4a5\">\n<td width=\"39%\"><strong>ISBN No<\/strong><\/td>\n<td width=\"3%\">:<\/td>\n<td width=\"51%\">978-605-5360-42-9<\/td>\n<\/tr>\n<\/tbody>\n<\/table>\n<\/td>\n<\/tr>\n<\/tbody>\n<\/table>\n<\/td>\n<td style=\"width: 39%;\" align=\"center\" valign=\"middle\">\n<p style=\"text-align: center;\"><a href=\"https:\/\/www.kayiprihtim.org\/portal\/gorsel\/sihirler.jpg\" target=\"_blank\"><img decoding=\"async\" class=\"aligncenter\" src=\"https:\/\/www.kayiprihtim.org\/portal\/gorsel\/sihirler.jpg\" alt=\"\" width=\"140\" height=\"219\" border=\"0\" hspace=\"1\"><\/a><\/p>\n<\/td>\n<\/tr>\n<\/tbody>\n<\/table>\n<table style=\"border-collapse: collapse; width: 47%;\" border=\"0\" cellpadding=\"0\">\n<tbody>\n<tr>\n<td width=\"54%\">\n<table style=\"border-collapse: collapse; height: 147px; width: 470px;\" border=\"0\" cellspacing=\"0\" cellpadding=\"2\">\n<tbody>\n<tr>\n<td style=\"border-style: solid ridge ridge; border-width: 1px; padding-left: 4px; padding-right: 4px;\" bgcolor=\"#c0b18d\" width=\"98%\"><strong><span style=\"font-size: 9pt; font-family: Tahoma;\">Tan\u0131t\u0131m Yaz\u0131s\u0131<\/span><\/strong><\/td>\n<\/tr>\n<tr>\n<td align=\"left\" width=\"99%\">\n<table style=\"width: 465px;\" border=\"0\">\n<tbody>\n<tr>\n<td style=\"border-style: outset; border-width: 1px;\" bgcolor=\"#d1c4a5\" width=\"96%\">\n<table style=\"border-collapse: collapse; width: 452px; height: 199px;\" border=\"0\" cellspacing=\"0\" cellpadding=\"5\" bgcolor=\"#d1c4a5\">\n<tbody>\n<tr>\n<td style=\"text-align: left;\" bgcolor=\"#d1c4a5\" width=\"96%\">SEVD\u0130KLER\u0130N\u0130Z\u0130 KORUMAK U\u011eRUNA S\u0130H\u0130RLERLE DONATILMI\u015e B\u0130R D\u00dcNYANIN KUSURSUZLU\u011eUNDAN VAZGE\u00c7EB\u0130L\u0130R M\u0130YD\u0130N\u0130Z?<\/p>\n<p>Laurel\u2019\u0131n insan ile peri d\u00fcnyas\u0131 aras\u0131nda kald\u0131\u011f\u0131 ikili ya\u015fam\u0131n\u0131n macera dolu \u00f6yk\u00fcs\u00fcn\u00fc soluksuz okuyacaks\u0131n\u0131z.<\/p>\n<p>\u201cAprilynne Pike\u2019\u0131n Kanatlar adl\u0131 kitab\u0131 ak\u0131lda kalan ba\u015far\u0131l\u0131 bir serinin ilkiydi. Kitapta kurgulanan mitolojinin e\u015fsizli\u011fi ancak g\u00f6z \u00f6n\u00fcne serilen hik\u00e2yenin \u015fa\u015f\u0131rt\u0131c\u0131 g\u00fczelli\u011fiyle kar\u015f\u0131la\u015ft\u0131r\u0131labilir.\u201d<br \/>\n<strong> -Stephenie Meyer Alacakaranl\u0131k Serisi\u2019nin yazar\u0131<\/strong><\/p>\n<p>\u201cEtkileyici bir a\u015fk ve tehlikelerle dolu bir hik\u00e2ye.\u201d<br \/>\n<strong> -Romantic Times<\/strong><\/p>\n<p>\u201cS\u0130H\u0130RLER \u00e7ok ba\u015far\u0131l\u0131\u2026 Aprilynne Pike\u2019\u0131n yetene\u011fi \u00e7i\u00e7ek a\u00e7maya devam ediyor, s\u0131radaki kitab\u0131n ne kadar m\u00fcthi\u015f olaca\u011f\u0131n\u0131 d\u00fc\u015f\u00fcnmek beni heyecanland\u0131r\u0131yor.\u201d<br \/>\n<strong> -Carrie Jones<\/strong><\/p>\n<p>\u201cM\u00fckemmel bir anlat\u0131m ve hayal g\u00fcc\u00fc.\u201d<br \/>\n<strong> -Kirkus Reviews<\/strong><\/p>\n<hr size=\"1\" \/>\n<p><strong>Kapak Uygulama :<\/strong> Yunus Bora \u00dclke<br \/>\n<strong>Bilgisayar Uygulama :<\/strong> Meral G\u00f6k<\/td>\n<\/tr>\n<\/tbody>\n<\/table>\n<\/td>\n<\/tr>\n<\/tbody>\n<\/table>\n<\/td>\n<\/tr>\n<\/tbody>\n<\/table>\n<\/td>\n<\/tr>\n<\/tbody>\n<\/table>\n","protected":false},"excerpt":{"rendered":"<p>KANATLAR Yazar : Aprilynne Pike \u00c7eviri : \u00c7i\u011fdem \u00d6ztekin \u00d6zg\u00fcn Ad\u0131 : Wings Edit\u00f6r : \u00c7i\u00e7ek Eri\u015f Pegasus Yay\u0131nlar\u0131 \u00c7\u0131k\u0131\u015f Tarihi : Temmuz, 2011 Sayfa Say\u0131s\u0131 : 320 Fiyat\u0131 : 20,00 TL ISBN No : 9786054456574 Tan\u0131t\u0131m Yaz\u0131s\u0131 Aprilynne Pike&#8217;\u0131n New York Times bestseller listesine giren ilk roman\u0131 Kanatlar, g\u00f6r\u00fcn\u00fc\u015fte s\u0131radan olan bir gen\u00e7 k\u0131z [&hellip;]<\/p>\n","protected":false},"author":1,"featured_media":0,"parent":57,"menu_order":0,"comment_status":"open","ping_status":"closed","template":"","meta":{"_acf_changed":false,"footnotes":""},"class_list":["post-10550","page","type-page","status-publish"],"acf":[],"_links":{"self":[{"href":"https:\/\/www.kayiprihtim.org\/portal\/wp-json\/wp\/v2\/pages\/10550","targetHints":{"allow":["GET"]}}],"collection":[{"href":"https:\/\/www.kayiprihtim.org\/portal\/wp-json\/wp\/v2\/pages"}],"about":[{"href":"https:\/\/www.kayiprihtim.org\/portal\/wp-json\/wp\/v2\/types\/page"}],"author":[{"embeddable":true,"href":"https:\/\/www.kayiprihtim.org\/portal\/wp-json\/wp\/v2\/users\/1"}],"replies":[{"embeddable":true,"href":"https:\/\/www.kayiprihtim.org\/portal\/wp-json\/wp\/v2\/comments?post=10550"}],"version-history":[{"count":0,"href":"https:\/\/www.kayiprihtim.org\/portal\/wp-json\/wp\/v2\/pages\/10550\/revisions"}],"up":[{"embeddable":true,"href":"https:\/\/www.kayiprihtim.org\/portal\/wp-json\/wp\/v2\/pages\/57"}],"wp:attachment":[{"href":"https:\/\/www.kayiprihtim.org\/portal\/wp-json\/wp\/v2\/media?parent=10550"}],"curies":[{"name":"wp","href":"https:\/\/api.w.org\/{rel}","templated":true}]}}