{"id":10580,"date":"2011-07-02T15:10:08","date_gmt":"2011-07-02T12:10:08","guid":{"rendered":"http:\/\/www.kayiprihtim.org\/portal\/"},"modified":"2011-07-02T15:10:08","modified_gmt":"2011-07-02T12:10:08","slug":"ilahi-komedya","status":"publish","type":"page","link":"https:\/\/www.kayiprihtim.org\/portal\/kitaplar\/ilahi-komedya\/","title":{"rendered":"\u0130lahi Komedya"},"content":{"rendered":"<table style=\"border: thin outset; border-collapse: collapse; height: 30px; width: 470px;\" border=\"0\" cellpadding=\"2\">\n<tbody>\n<tr>\n<td width=\"30%\" bgcolor=\"#330000\"><span style=\"color: #ffffff;\"><span style=\"font-family: Verdana;\"><strong>\u0130LAH\u0130 KOMEDYA<\/strong><\/span><\/span><\/td>\n<\/tr>\n<\/tbody>\n<\/table>\n<table style=\"border-collapse: collapse; width: 462px; height: 250px;\" border=\"0\" cellspacing=\"0\" cellpadding=\"0\" bordercolor=\"#111111\">\n<tbody>\n<tr>\n<td width=\"58%\" align=\"center\" valign=\"top\">\n<table style=\"border-collapse: collapse; width: 315px; height: 248px;\" border=\"0\" cellspacing=\"2\">\n<tbody>\n<tr>\n<td width=\"100%\" align=\"right\">\n<table style=\"width: 310px; height: 88px;\" border=\"0\" cellspacing=\"0\">\n<tbody>\n<tr bgcolor=\"#d1c4a5\">\n<td width=\"39%\"><strong>Yazar<\/strong><\/td>\n<td width=\"3%\">:<\/td>\n<td width=\"51%\"><span style=\"color: #993300;\"><strong>Dante Alighieri<\/strong><\/span><\/td>\n<\/tr>\n<tr bgcolor=\"#e4ddcb\">\n<td><strong>\u00c7eviri<\/strong><\/td>\n<td width=\"3%\">:<\/td>\n<td width=\"51%\">Rekin Teksoy<\/td>\n<\/tr>\n<tr bgcolor=\"#d1c4a5\">\n<td width=\"39%\"><strong>\u00d6zg\u00fcn Ad\u0131<\/strong><\/td>\n<td width=\"3%\">:<\/td>\n<td width=\"51%\">La Divina Commedia<\/td>\n<\/tr>\n<tr bgcolor=\"#e4ddcb\">\n<td width=\"39%\"><strong>\u00d6ns\u00f6z<\/strong><\/td>\n<td width=\"3%\">:<\/td>\n<td width=\"51%\">Rekin Teksoy<\/td>\n<\/tr>\n<\/tbody>\n<\/table>\n<\/td>\n<\/tr>\n<tr>\n<td style=\"border-style: solid ridge ridge; border-width: 1px; padding-left: 4px; padding-right: 4px;\" width=\"100%\" bgcolor=\"#c0b18d\"><strong><span style=\"font-size: 9pt; font-family: Tahoma;\">O\u011flak Yay\u0131nlar\u0131<br \/>\n<\/span><\/strong><\/td>\n<\/tr>\n<tr>\n<td width=\"100%\" align=\"right\">\n<table style=\"width: 310px; height: 88px;\" border=\"0\" cellspacing=\"0\">\n<tbody>\n<tr bgcolor=\"#e4ddcb\">\n<td width=\"39%\"><strong>\u00c7\u0131k\u0131\u015f Tarihi<\/strong><\/td>\n<td width=\"3%\">:<\/td>\n<td width=\"51%\">Ocak, 2006<\/td>\n<\/tr>\n<tr bgcolor=\"#d1c4a5\">\n<td><strong>Sayfa Say\u0131s\u0131<\/strong><\/td>\n<td width=\"3%\">:<\/td>\n<td width=\"51%\">836<\/td>\n<\/tr>\n<tr bgcolor=\"#e4ddcb\">\n<td width=\"39%\"><strong>Fiyat\u0131<\/strong><\/td>\n<td width=\"3%\">:<\/td>\n<td width=\"51%\">40,00 TL<\/td>\n<\/tr>\n<tr bgcolor=\"#d1c4a5\">\n<td width=\"39%\"><strong>ISBN No<\/strong><\/td>\n<td width=\"3%\">:<\/td>\n<td width=\"51%\">9789753296816<\/td>\n<\/tr>\n<\/tbody>\n<\/table>\n<\/td>\n<\/tr>\n<\/tbody>\n<\/table>\n<\/td>\n<td width=\"39%\" align=\"left\" valign=\"top\">\n<p style=\"text-align: center;\">\n<p style=\"text-align: center;\"><a href=\"https:\/\/www.kayiprihtim.org\/portal\/gorsel\/ilahi-komedya.jpg\" target=\"_blank\"><img decoding=\"async\" class=\"aligncenter\" src=\"https:\/\/www.kayiprihtim.org\/portal\/gorsel\/ilahi-komedya.jpg\" border=\"0\" alt=\"\" hspace=\"1\" width=\"140\" height=\"219\"><\/a><\/p>\n<\/td>\n<\/tr>\n<\/tbody>\n<\/table>\n<table style=\"border-collapse: collapse; width: 47%;\" border=\"0\" cellpadding=\"0\">\n<tbody>\n<tr>\n<td width=\"54%\">\n<table style=\"border-collapse: collapse; height: 147px; width: 470px;\" border=\"0\" cellspacing=\"0\" cellpadding=\"2\">\n<tbody>\n<tr>\n<td style=\"border-style: solid ridge ridge; border-width: 1px; padding-left: 4px; padding-right: 4px;\" width=\"98%\" bgcolor=\"#c0b18d\"><strong><span style=\"font-size: 9pt; font-family: Tahoma;\">Tan\u0131t\u0131m Yaz\u0131s\u0131<\/span><\/strong><\/td>\n<\/tr>\n<tr>\n<td width=\"99%\" align=\"left\">\n<table style=\"width: 465px;\" border=\"0\">\n<tbody>\n<tr>\n<td style=\"border-style: outset; border-width: 1px;\" width=\"96%\" bgcolor=\"#d1c4a5\">\n<table style=\"border-collapse: collapse; width: 452px; height: 199px;\" border=\"0\" cellspacing=\"0\" cellpadding=\"5\" bgcolor=\"#d1c4a5\" bordercolor=\"#d1c4a5\">\n<tbody>\n<tr>\n<td width=\"96%\" bgcolor=\"#d1c4a5\">D\u00fcnya \u015fiirinin ba\u015fyap\u0131t\u0131 &#8220;\u0130lahi Komedya&#8221;, Dante&#8217;nin Cehennem&#8217;e, Araf&#8217;a ve Cennet&#8217;e yapt\u0131\u011f\u0131 d\u00fc\u015fsel bir geziyi destanla\u015ft\u0131r\u0131r. &#8220;\u0130lahi Komedya&#8221;, 14 233&#8217;e ula\u015fan toplam dize say\u0131s\u0131 ile, \u015fiir tarihinin en uzun soluklu \u015fiiridir. Dante&#8217;nin 1300 y\u0131l\u0131n\u0131n 7 Nisan Per\u015fembe gecesi ba\u015flayan gezisi bir hafta s\u00fcrer, Dante&#8217;ye Cehennem ve Araf yolculu\u011fu boyunca Latin \u015fair Vergilius rehberlik eder. Araf&#8217;\u0131n tepesinde Vergilius yerini, Cennet&#8217;te Dante&#8217;ye rehberlik edecek olan Beatrice&#8217;ye b\u0131rak\u0131r. Dante, Beatrice&#8217;yi ilk kez g\u00f6rd\u00fc\u011f\u00fcnde kendisi dokuz, Beatrice sekiz ya\u015f\u0131ndad\u0131r. Dante, \u00f6mr\u00fc boyunca Beatrice&#8217;ye ba\u011fl\u0131 kald\u0131\u011f\u0131 gibi, d\u00fc\u015f\u00fcnce d\u00fcnyas\u0131n\u0131n da esin kayna\u011f\u0131 olur Beatrice.<\/p>\n<p>Vergilius&#8217;un Aeneis destan\u0131n\u0131 \u00f6rnek alan ve s\u0131rad\u0131\u015f\u0131 bir a\u015fka mitoloji, tarih ve kutsal metinlerle de desteklenen ger\u00e7ek\u00fcst\u00fcc\u00fc bir ortamda yak\u0131lan bir a\u011f\u0131t olarak da de\u011ferlendirilebilecek olan &#8220;\u0130lahi Komedya&#8221;n\u0131n, tarih ve felsefeden dinbilime, g\u00f6kbilimden geometriye uzanan bir ansiklopedi niteli\u011fi ta\u015f\u0131mas\u0131 da bir ba\u015fka \u00f6zelli\u011fidir.<\/p>\n<p>O\u011flak Yay\u0131nlar\u0131, eksiksiz ve ilk kez \u015fiir olarak T\u00fcrk\u00e7ele\u015ftirilen &#8220;\u0130lahi Komedya&#8221;y\u0131 gururla sunar.<\/td>\n<\/tr>\n<\/tbody>\n<\/table>\n<\/td>\n<\/tr>\n<\/tbody>\n<\/table>\n<\/td>\n<\/tr>\n<\/tbody>\n<\/table>\n<\/td>\n<\/tr>\n<\/tbody>\n<\/table>\n","protected":false},"excerpt":{"rendered":"<p>\u0130LAH\u0130 KOMEDYA Yazar : Dante Alighieri \u00c7eviri : Rekin Teksoy \u00d6zg\u00fcn Ad\u0131 : La Divina Commedia \u00d6ns\u00f6z : Rekin Teksoy O\u011flak Yay\u0131nlar\u0131 \u00c7\u0131k\u0131\u015f Tarihi : Ocak, 2006 Sayfa Say\u0131s\u0131 : 836 Fiyat\u0131 : 40,00 TL ISBN No : 9789753296816 Tan\u0131t\u0131m Yaz\u0131s\u0131 D\u00fcnya \u015fiirinin ba\u015fyap\u0131t\u0131 &#8220;\u0130lahi Komedya&#8221;, Dante&#8217;nin Cehennem&#8217;e, Araf&#8217;a ve Cennet&#8217;e yapt\u0131\u011f\u0131 d\u00fc\u015fsel bir geziyi [&hellip;]<\/p>\n","protected":false},"author":1,"featured_media":0,"parent":57,"menu_order":0,"comment_status":"open","ping_status":"closed","template":"","meta":{"_acf_changed":false,"footnotes":""},"class_list":["post-10580","page","type-page","status-publish"],"acf":[],"_links":{"self":[{"href":"https:\/\/www.kayiprihtim.org\/portal\/wp-json\/wp\/v2\/pages\/10580","targetHints":{"allow":["GET"]}}],"collection":[{"href":"https:\/\/www.kayiprihtim.org\/portal\/wp-json\/wp\/v2\/pages"}],"about":[{"href":"https:\/\/www.kayiprihtim.org\/portal\/wp-json\/wp\/v2\/types\/page"}],"author":[{"embeddable":true,"href":"https:\/\/www.kayiprihtim.org\/portal\/wp-json\/wp\/v2\/users\/1"}],"replies":[{"embeddable":true,"href":"https:\/\/www.kayiprihtim.org\/portal\/wp-json\/wp\/v2\/comments?post=10580"}],"version-history":[{"count":0,"href":"https:\/\/www.kayiprihtim.org\/portal\/wp-json\/wp\/v2\/pages\/10580\/revisions"}],"up":[{"embeddable":true,"href":"https:\/\/www.kayiprihtim.org\/portal\/wp-json\/wp\/v2\/pages\/57"}],"wp:attachment":[{"href":"https:\/\/www.kayiprihtim.org\/portal\/wp-json\/wp\/v2\/media?parent=10580"}],"curies":[{"name":"wp","href":"https:\/\/api.w.org\/{rel}","templated":true}]}}