{"id":10617,"date":"2011-07-02T18:30:09","date_gmt":"2011-07-02T15:30:09","guid":{"rendered":"http:\/\/www.kayiprihtim.org\/portal\/"},"modified":"2016-05-26T06:14:45","modified_gmt":"2016-05-26T03:14:45","slug":"vakif-serisi","status":"publish","type":"page","link":"https:\/\/www.kayiprihtim.org\/portal\/kitaplar\/vakif-serisi\/","title":{"rendered":"Vak\u0131f Serisi"},"content":{"rendered":"<p>\u0130nsanl\u0131\u011f\u0131n, alt\u0131nda g\u00fcven ve refah i\u00e7erisinde ya\u015fad\u0131\u011f\u0131 bir \u00e7at\u0131 olarak varl\u0131\u011f\u0131n\u0131 onlarca milenyum boyunca s\u00fcrd\u00fcrm\u00fc\u015f olan bir monar\u015finin, Galaktik \u0130mparatorluk\u2019 un h\u00fck\u00fcmran\u0131n\u0131n sonuna gelinmi\u015ftir. D\u00fcne kadar Samanyolu\u2019ndaki b\u00fct\u00fcn gezegenler \u00fczerinde mutlak bir otoriteye sahip olan bu \u0130mparatorluk, \u00e7\u00f6kmek \u00fczeredir ve gerekli ad\u0131mlar at\u0131lmazsa insanl\u0131\u011f\u0131 b\u00fcy\u00fck tehlikeler beklemektedir.<\/p>\n<p>On binlerce y\u0131l s\u00fcrebilecek bir kaos ve milyonlarca y\u0131l\u0131n \u00fcr\u00fcn\u00fc olan birikimin bir as\u0131r i\u00e7erisinde yok olmas\u0131 tehlikesi&#8230; \u00c7a\u011f\u0131n\u0131n \u201cdahi matematik\u00e7isi\u201d Hari Seldon, i\u015fte bu tehlikeleri dostlar\u0131n\u0131n ve \u00fcst\u00fcn zekas\u0131n\u0131n yard\u0131m\u0131yla \u00f6ng\u00f6r\u00fcr ve \u201cVak\u0131f\u201d ad\u0131n\u0131 verdi\u011fi yap\u0131y\u0131 kurmaya karar verir. Ona g\u00f6re bu yap\u0131, hem kaosu durduracak g\u00fcce eri\u015fmeli, hem gelece\u011fi \u00f6ng\u00f6recek bir bilimsel altyap\u0131ya sahip olmal\u0131, hem de insanl\u0131\u011f\u0131n sahip oldu\u011fu o b\u00fcy\u00fck miras\u0131 muhafaza etmelidir. Sonunda insanl\u0131k, u\u011frunda sava\u015fabilece\u011fi y\u00fcce bir \u00fclk\u00fcye sahip olan o y\u00f6netim bi\u00e7imine kavu\u015fmal\u0131d\u0131r. Bu b\u00fcy\u00fck g\u00f6rev, beraberinde krizler, teredd\u00fctler ve sava\u015flarla gelmektedir.<\/p>\n<p>Vak\u0131f, 7 kitapl\u0131k bir seriyle anlat\u0131lacak olan hikayenin ba\u015flang\u0131c\u0131n\u0131 ve temel fikrini olu\u015fturacakt\u0131r: \u201cT\u00fcm insanlardan \u00f6nce, b\u00fct\u00fcn insanl\u0131k i\u00e7in.\u201d<\/p>\n<p>Bilim kurgu\u2019nun alt\u0131n \u00e7a\u011f\u0131nda kaleme al\u0131nm\u0131\u015f olan bu e\u015fsiz eser, okurlar\u0131 insanl\u0131\u011f\u0131n evrimi ve gelece\u011fine ili\u015fkin tespit ve tahminleriyle kendine hayran b\u0131rakmaya bug\u00fcn de devam ediyor.<\/p>\n<h3>Seride Bulunan Kitaplar<\/h3>\n<ol>\n<li>Vak\u0131f Kurulurken<\/li>\n<li>Vak\u0131f \u0130leri<\/li>\n<li>Vak\u0131f<\/li>\n<li>Vak\u0131f ve \u0130mparatorluk<\/li>\n<li>\u0130kinci Vak\u0131f<\/li>\n<li>Vak\u0131f\u2019\u0131n S\u0131n\u0131r\u0131<\/li>\n<li>Vak\u0131f ve D\u00fcnya<\/li>\n<\/ol>\n","protected":false},"excerpt":{"rendered":"<p>\u0130nsanl\u0131\u011f\u0131n, alt\u0131nda g\u00fcven ve refah i\u00e7erisinde ya\u015fad\u0131\u011f\u0131 bir \u00e7at\u0131 olarak varl\u0131\u011f\u0131n\u0131 onlarca milenyum boyunca s\u00fcrd\u00fcrm\u00fc\u015f olan bir monar\u015finin, Galaktik \u0130mparatorluk\u2019 un h\u00fck\u00fcmran\u0131n\u0131n sonuna gelinmi\u015ftir. D\u00fcne kadar Samanyolu\u2019ndaki b\u00fct\u00fcn gezegenler \u00fczerinde mutlak bir otoriteye sahip olan bu \u0130mparatorluk, \u00e7\u00f6kmek \u00fczeredir ve gerekli ad\u0131mlar at\u0131lmazsa insanl\u0131\u011f\u0131 b\u00fcy\u00fck tehlikeler beklemektedir. On binlerce y\u0131l s\u00fcrebilecek bir kaos ve milyonlarca [&hellip;]<\/p>\n","protected":false},"author":1,"featured_media":0,"parent":57,"menu_order":0,"comment_status":"open","ping_status":"closed","template":"","meta":{"_acf_changed":false,"footnotes":""},"class_list":["post-10617","page","type-page","status-publish"],"acf":[],"_links":{"self":[{"href":"https:\/\/www.kayiprihtim.org\/portal\/wp-json\/wp\/v2\/pages\/10617","targetHints":{"allow":["GET"]}}],"collection":[{"href":"https:\/\/www.kayiprihtim.org\/portal\/wp-json\/wp\/v2\/pages"}],"about":[{"href":"https:\/\/www.kayiprihtim.org\/portal\/wp-json\/wp\/v2\/types\/page"}],"author":[{"embeddable":true,"href":"https:\/\/www.kayiprihtim.org\/portal\/wp-json\/wp\/v2\/users\/1"}],"replies":[{"embeddable":true,"href":"https:\/\/www.kayiprihtim.org\/portal\/wp-json\/wp\/v2\/comments?post=10617"}],"version-history":[{"count":0,"href":"https:\/\/www.kayiprihtim.org\/portal\/wp-json\/wp\/v2\/pages\/10617\/revisions"}],"up":[{"embeddable":true,"href":"https:\/\/www.kayiprihtim.org\/portal\/wp-json\/wp\/v2\/pages\/57"}],"wp:attachment":[{"href":"https:\/\/www.kayiprihtim.org\/portal\/wp-json\/wp\/v2\/media?parent=10617"}],"curies":[{"name":"wp","href":"https:\/\/api.w.org\/{rel}","templated":true}]}}