{"id":10647,"date":"2011-07-04T21:44:22","date_gmt":"2011-07-04T18:44:22","guid":{"rendered":"http:\/\/www.kayiprihtim.org\/portal\/"},"modified":"2012-01-29T02:38:12","modified_gmt":"2012-01-29T00:38:12","slug":"biz-bunu-istiyoruz-1","status":"publish","type":"page","link":"https:\/\/www.kayiprihtim.org\/portal\/projeler\/biz-bunu-istiyoruz\/biz-bunu-istiyoruz-1\/","title":{"rendered":"Biz Bunu \u0130stiyoruz #1"},"content":{"rendered":"<table style=\"text-align: center; height: 841px; width: 900px; background-image: url(https:\/\/www.kayiprihtim.org\/portal\/gorsel\/nameofhtewind\/notw-backround.jpg);\" border=\"0\" align=\"center\">\n<thead>\n<tr style=\"background-image: url(&quot;\\&quot;https:\/\/www.kayiprihtim.org\/portal\/gorsel\/nameofhtewind\/notw-backround.jpg\\&quot;&quot;);\">\n<td style=\"font-size: 16px; text-align: center;\" valign=\"top\"><img fetchpriority=\"high\" decoding=\"async\" class=\"aligncenter\" src=\"https:\/\/www.kayiprihtim.org\/portal\/gorsel\/nameofhtewind\/the-kingkiller-chronicle-top.jpg\" alt=\"\" width=\"467\" height=\"170\"><\/p>\n<p><span style=\"font-family: georgia,palatino;\"><a href=\"https:\/\/www.kayiprihtim.org\/portal\/biz-bunu-istiyoruz-1\/patrick-rothfuss\/\">Patrick Rothfuss Kimdir?<\/a><\/span><\/p>\n<p><span style=\"font-family: georgia,palatino;\"><a href=\"..\/patrick-rothfuss-roportaji\/\">Patrick Rothfuss R\u00f6portaj\u0131!<\/a><\/span><\/p>\n<p><span style=\"font-family: georgia,palatino;\"><a href=\"https:\/\/www.kayiprihtim.org\/portal\/biz-bunu-istiyoruz-1\/the-name-of-the-wind-tanitim-yazisi\/\">The Name of the Wind &#8211; Tan\u0131t\u0131m Yaz\u0131s\u0131<\/a><\/span><\/p>\n<p><span style=\"font-family: georgia,palatino;\"><a href=\"https:\/\/www.kayiprihtim.org\/portal\/biz-bunu-istiyoruz-1\/the-name-of-the-wind-on-okuma\/\">The Name of the Wind &#8211; \u00d6n Okuma<\/a><\/span><\/p>\n<p><span style=\"font-family: georgia,palatino;\"><a href=\"..\/biz-bunu-istiyoruz-1\/the-name-of-the-wind-inceleme\/\">The Name of the Wind &#8211; \u0130nceleme<\/a><\/span><\/p>\n<p><span style=\"font-family: georgia,palatino;\"><a href=\"https:\/\/www.kayiprihtim.org\/portal\/biz-bunu-istiyoruz-1\/the-wise-mans-fear-tanitim-yazisi\/\">The Wise Man&#8217;s Fear &#8211; Tan\u0131t\u0131m Yaz\u0131s\u0131<\/a><\/span><\/p>\n<p><span style=\"font-family: georgia,palatino;\"><a href=\"https:\/\/www.kayiprihtim.org\/portal\/biz-bunu-istiyoruz-1\/the-wise-mans-fear-on-okuma\/\">The Wise Man\u2019s Fear &#8211; \u00d6n Okuma<\/a><\/span><\/p>\n<p><span style=\"font-family: georgia,palatino;\"><a href=\"..\/biz-bunu-istiyoruz-1\/the-wise-mans-fear-inceleme\/\">The Wise Man&#8217;s Fear &#8211; \u0130nceleme<\/a><\/span><\/p>\n<p><span style=\"font-family: georgia,palatino;\"><a href=\"https:\/\/www.kayiprihtim.org\/portal\/biz-bunu-istiyoruz-1\/the-kingkiller-chronicle-yazar-yorumlari\/\">The Kingkiller Chronicle Yazar Yorumlar\u0131<\/a><\/span><\/p>\n<p><span style=\"font-family: georgia,palatino;\"><a href=\"https:\/\/www.kayiprihtim.org\/portal\/biz-bunu-istiyoruz-1\/the-kingkiller-chronicles-okur-yorumlari\/\">The Kingkiller Chronicle Okur Yorumlar\u0131<\/a><\/span><\/p>\n<p><span style=\"font-family: georgia,palatino;\"><a href=\"https:\/\/www.kayiprihtim.org\/portal\/biz-bunu-istiyoruz-1\/bora-ongurer-ile-the-kingkiller-chronicle-uzerine\/\">Bora \u00d6ng\u00fcrer ile \u201cThe Kingkiller Chronicle\u201d \u00dczerine<\/a><\/span><\/p>\n<p style=\"text-align: center;\"><span style=\"font-family: georgia,palatino;\"><a href=\"https:\/\/www.kayiprihtim.org\/portal\/biz-bunu-istiyoruz-1\/the-kingkiller-chronicle-tesekkurler\/\"><strong>Te\u015fekk\u00fcrler&#8230;<\/strong><\/a><br \/>\n<\/span><\/p>\n<\/td>\n<\/tr>\n<\/thead>\n<tbody><\/tbody>\n<\/table>\n","protected":false},"excerpt":{"rendered":"<p>Patrick Rothfuss Kimdir? Patrick Rothfuss R\u00f6portaj\u0131! The Name of the Wind &#8211; Tan\u0131t\u0131m Yaz\u0131s\u0131 The Name of the Wind &#8211; \u00d6n Okuma The Name of the Wind &#8211; \u0130nceleme The Wise Man&#8217;s Fear &#8211; Tan\u0131t\u0131m Yaz\u0131s\u0131 The Wise Man\u2019s Fear &#8211; \u00d6n Okuma The Wise Man&#8217;s Fear &#8211; \u0130nceleme The Kingkiller Chronicle Yazar Yorumlar\u0131 The [&hellip;]<\/p>\n","protected":false},"author":1,"featured_media":0,"parent":14713,"menu_order":0,"comment_status":"closed","ping_status":"closed","template":"fullwidth.php","meta":{"_acf_changed":false,"footnotes":""},"class_list":["post-10647","page","type-page","status-publish"],"acf":[],"_links":{"self":[{"href":"https:\/\/www.kayiprihtim.org\/portal\/wp-json\/wp\/v2\/pages\/10647","targetHints":{"allow":["GET"]}}],"collection":[{"href":"https:\/\/www.kayiprihtim.org\/portal\/wp-json\/wp\/v2\/pages"}],"about":[{"href":"https:\/\/www.kayiprihtim.org\/portal\/wp-json\/wp\/v2\/types\/page"}],"author":[{"embeddable":true,"href":"https:\/\/www.kayiprihtim.org\/portal\/wp-json\/wp\/v2\/users\/1"}],"replies":[{"embeddable":true,"href":"https:\/\/www.kayiprihtim.org\/portal\/wp-json\/wp\/v2\/comments?post=10647"}],"version-history":[{"count":0,"href":"https:\/\/www.kayiprihtim.org\/portal\/wp-json\/wp\/v2\/pages\/10647\/revisions"}],"up":[{"embeddable":true,"href":"https:\/\/www.kayiprihtim.org\/portal\/wp-json\/wp\/v2\/pages\/14713"}],"wp:attachment":[{"href":"https:\/\/www.kayiprihtim.org\/portal\/wp-json\/wp\/v2\/media?parent=10647"}],"curies":[{"name":"wp","href":"https:\/\/api.w.org\/{rel}","templated":true}]}}