{"id":10653,"date":"2011-07-04T21:52:25","date_gmt":"2011-07-04T18:52:25","guid":{"rendered":"http:\/\/www.kayiprihtim.org\/portal\/"},"modified":"2021-06-06T01:59:48","modified_gmt":"2021-06-05T22:59:48","slug":"the-name-of-the-wind-inceleme","status":"publish","type":"page","link":"https:\/\/www.kayiprihtim.org\/portal\/projeler\/biz-bunu-istiyoruz\/biz-bunu-istiyoruz-1\/the-name-of-the-wind-inceleme\/","title":{"rendered":"The Name of the Wind | \u0130nceleme"},"content":{"rendered":"<table style=\"height: 841px; width: 900px; background-image: url(https:\/\/www.kayiprihtim.org\/portal\/gorsel\/nameofhtewind\/notw-backround.jpg);\" border=\"0\" cellpadding=\"10\" align=\"center\">\n<tbody>\n<tr>\n<td>\n<table style=\"width: 550px;\" border=\"0\" align=\"center\">\n<tbody>\n<tr>\n<td>\n<p style=\"text-align: center;\"><img decoding=\"async\" class=\"aligncenter\" src=\"https:\/\/www.kayiprihtim.org\/portal\/gorsel\/nameofhtewind\/name-of-the-wind-inceleme.jpg\" alt=\"\"><\/p>\n<p style=\"text-indent: 0.4cm; text-align: justify;\"><span style=\"font-size: 14px;\"><span style=\"font-family: Segoe UI,helvetica,sans-serif;\">The Name of the Wind&#8217;in kapa\u011f\u0131n\u0131 a\u00e7madan ve tek kelime dahi okumadan \u00f6nce kitaptan \u00e7ok b\u00fcy\u00fck beklentilerim vard\u0131. Y\u00fcz\u00fcklerin Efendisi&#8217;nin ba\u015far\u0131s\u0131n\u0131 ge\u00e7ecek ve t\u00fcre yeniden tan\u0131mlayacak bir eser olmal\u0131yd\u0131 bu. Patrick Rothfuss, ilk fantastik eseri olmas\u0131na ra\u011fmen \u015fimdiden bu t\u00fcr\u00fcn ustas\u0131 olarak ilan edilmi\u015fti.<\/span><\/span><\/p>\n<p style=\"text-indent: 0.4cm; text-align: justify;\"><span style=\"font-size: 14px;\"><span style=\"font-family: Segoe UI,helvetica,sans-serif;\">Serinin ilk kitab\u0131 olan The Name of the Wind tam 772 sayfa ve \u00fc\u00e7 kitap kal\u0131nl\u0131\u011f\u0131nda. Kitaptaki olaylar birinci \u015fah\u0131s a\u011fz\u0131ndan, yani kitab\u0131n ba\u015fkahraman\u0131 Kvothe taraf\u0131ndan anlat\u0131l\u0131yor. E\u011fer b\u00f6yle yaz\u0131lan kitaplara al\u0131\u015f\u0131k de\u011filseniz uyar\u0131m\u0131z\u0131 dikkate alman\u0131zda fayda var. Bununla birlikte Rothfuss&#8217;un bu anlat\u0131m tarz\u0131n\u0131 olduk\u00e7a maharetle kulland\u0131\u011f\u0131n\u0131 da s\u00f6ylememiz gerekir.<\/span><\/span><\/p>\n<p style=\"text-indent: 0.4cm; text-align: justify;\"><span style=\"font-size: 14px;\"><span style=\"font-family: Segoe UI,helvetica,sans-serif;\">Kitaptaki olaylar tamamen d\u00fcz ilerliyor. Bu y\u00fczden George R.R. Martin&#8217;in hik\u00e2yelerindeki gibi farkl\u0131 bak\u0131\u015f a\u00e7\u0131lar\u0131n\u0131, Y\u00fcz\u00fcklerin Efendisi&#8217;ndeki gibi \u00fc\u00e7e b\u00f6l\u00fcnen bir maceray\u0131 ya da baz\u0131 eserlerdeki gibi flashback b\u00f6l\u00fcmleri The Name of the Wind&#8217;de g\u00f6remiyoruz. Zaten kitab\u0131n bu kadar kal\u0131n olmas\u0131n\u0131n sebebi de bu. Rothfuss sadece bir karakterin bak\u0131\u015f a\u00e7\u0131s\u0131n\u0131 kullanm\u0131\u015f, d\u00fcz bir anlat\u0131m benimsemi\u015f ve olaylar\u0131 ba\u015farabildi\u011fi derecede ilgin\u00e7 tutmaya gayret etmi\u015f.<\/span><\/span><\/p>\n<p style=\"text-indent: 0.4cm; text-align: justify;\"><span style=\"font-size: 14px;\"><span style=\"font-family: Segoe UI,helvetica,sans-serif;\">Ve olaylar\u0131 ilgin\u00e7 tutmak, Rothfuss&#8217;un en iyi yapt\u0131\u011f\u0131 \u015fey. Olaylar\u0131n h\u0131z\u0131 bu kal\u0131nl\u0131ktaki di\u011fer eserlere g\u00f6re \u00e7ok daha s\u00fcratli. Rothfuss, kitab\u0131n sayfalar\u0131n\u0131n d\u00f6nmesini sa\u011flad\u0131\u011f\u0131 gibi olduk\u00e7a detayl\u0131 ve a\u00e7\u0131klay\u0131c\u0131 bir \u00fcslupla yazm\u0131\u015f. K\u0131rsal b\u00f6lgelerden \u015fehirlere, oradan da Kvothe&#8217;un er ya da ge\u00e7 gidece\u011fi \u00dcniversite&#8217;ye kadar pek \u00e7ok mek\u00e2n var elimizde. Rothfuss&#8217;un \u00fcslubunun en iyi oldu\u011fu k\u0131s\u0131m ise ku\u015fkusuz karakter tasvirleri. \u00d6rne\u011fin Kvothe&#8217;un ailesi \u00e7ok iyi tasarlanm\u0131\u015f. \u00c2\u015f\u0131k oldu\u011fu ki\u015filer ve \u00fcniversitedeki profes\u00f6rler de \u00f6yle. Hatta k\u00f6t\u00fc adamlar bile bu detayc\u0131l\u0131ktan nasibini alm\u0131\u015f:<\/span><\/span><\/p>\n<p style=\"padding-left: 30px;\"><em><span style=\"font-size: 14px;\"><span style=\"font-family: Segoe UI,helvetica,sans-serif;\">\u201cSes, di\u011ferlerinden ayr\u0131 bir yerde, ate\u015fin k\u00f6\u015fesinde oturan, g\u00f6lgelere gizlenmi\u015f bir adamdan geldi. G\u00f6ky\u00fcz\u00fc h\u00e2l\u00e2 parlak g\u00fcne\u015f \u0131\u015f\u0131\u011f\u0131 ile dolu olmas\u0131na ve adamla ate\u015f aras\u0131nda hi\u00e7bir \u015fey duramamas\u0131na ra\u011fmen g\u00f6lgeler kal\u0131n bir ya\u011f tabakas\u0131 gibi adam\u0131n etraf\u0131n\u0131 sarm\u0131\u015ft\u0131. Ate\u015f \u00e7\u0131t\u0131rdad\u0131 ve dans etti, canl\u0131 ve \u0131l\u0131k\u00e7a, g\u00f6ky\u00fcz\u00fcyle kar\u0131\u015ft\u0131 fakat titrek \u0131\u015f\u0131\u011f\u0131 adama yakla\u015famad\u0131. Adam\u0131n kafas\u0131n\u0131n etraf\u0131ndaki g\u00f6lge daha da yo\u011fundu. Rahiplerin giydiklerine benzer bir kukuleta g\u00f6r\u00fcr gibi oldum ama arkas\u0131ndaki g\u00f6lgeler \u00e7ok derin oldu\u011fundan bu u\u011fra\u015f\u0131m gece yar\u0131s\u0131 bir kuyunun i\u00e7ine bakmaya-benziyordu.\u201d<\/span><\/span><\/em><\/p>\n<p style=\"text-indent: 0.4cm; text-align: justify;\"><span style=\"font-size: 14px;\"><span style=\"font-family: Segoe UI,helvetica,sans-serif;\">Karakter tasar\u0131mlar\u0131n\u0131n son derece ba\u015far\u0131l\u0131 olmas\u0131, b\u00fcy\u00fck ihtimalle Patrick&#8217;in ger\u00e7ek hayatta kar\u015f\u0131la\u015ft\u0131\u011f\u0131 ki\u015fileri kaleme alm\u0131\u015f olmas\u0131ndan kaynaklan\u0131yor. Bu da biraz endi\u015fe verici. Aileler, ilk a\u015fk, \u00f6\u011fretmenler; her biri hepimizin \u00e7ok samimi olarak ili\u015fki kurdu\u011fumuz bireyler ve hayali bir esere aktar\u0131lmalar\u0131 kolay bir hareket. Hik\u00e2ye farkl\u0131 y\u00f6nlere kayd\u0131\u011f\u0131nda, di\u011fer karakterlerin d\u00fc\u015f\u00fcncelerine girmesi gerekti\u011finde ya da kolayca tan\u0131mlanamayacak karakterlerle \u00e7al\u0131\u015f\u0131rken Rothfuss&#8217;un neler ba\u015farabilece\u011fini g\u00f6rmek ilgin\u00e7 olacak. Bunun haricinde The Name of the Wind&#8217;deki karakter tasar\u0131mlar\u0131 olduk\u00e7a ba\u015far\u0131l\u0131.<\/span><\/span><\/p>\n<p style=\"text-indent: 0.4cm; text-align: justify;\"><span style=\"font-size: 14px;\"><span style=\"font-family: Segoe UI,helvetica,sans-serif;\">Diyaloglar ise ortalama seviyede. \u00c7ok fazla g\u00f6ze \u00e7arpan ya da ak\u0131lda kal\u0131c\u0131 bir konu\u015fmaya rastlayam\u0131yoruz. Her b\u00fcy\u00fck eser ya da \u00e7al\u0131\u015fmada oldu\u011fu gibi The Name of the Wind&#8217;de de hayat hakk\u0131nda pek \u00e7ok fikir ve yorumla kar\u015f\u0131la\u015f\u0131yoruz. \u015e\u00fcphesiz bu tarz eserler sadece iyi vakit ge\u00e7irmenizi sa\u011flamakla kalm\u0131yor, daha sonra ger\u00e7ek hayatta da kullanabilece\u011finiz bir \u015feyler kat\u0131yor insana. Birka\u00e7 \u00f6rnek vermek gerekirse:<\/span><\/span><\/p>\n<p style=\"padding-left: 30px;\"><em><span style=\"font-size: 14px;\"><span style=\"font-family: Segoe UI,helvetica,sans-serif;\">&#8220;\u2018B\u00fct\u00fcn dili tamamen \u00f6\u011frendin mi?\u2019<\/span><\/span><\/em><\/p>\n<p style=\"padding-left: 30px;\"><em><span style=\"font-size: 14px;\"><span style=\"font-family: Segoe UI,helvetica,sans-serif;\"> <\/span><\/span><\/em><\/p>\n<p style=\"padding-left: 30px;\"><em><span style=\"font-size: 14px;\"><span style=\"font-family: Segoe UI,helvetica,sans-serif;\">\u2018Hay\u0131r. Elbette \u00f6\u011frenmedim,\u2019 dedi Kvothe ters ters. \u2018Sadece bir k\u0131sm\u0131n\u0131. Geni\u015f bir k\u0131sm\u0131 oldu\u011fu kesin fakat her \u015feyi tamamen \u00f6\u011frenebilece\u011fimizi sanm\u0131yorum. Buna diller de d\u00e2hil.\u2019&#8221;<\/span><\/span><\/em><\/p>\n<p style=\"text-indent: 0.4cm; text-align: justify;\"><span style=\"font-size: 14px;\"><span style=\"font-family: Segoe UI,helvetica,sans-serif;\">Bir ba\u015fka \u00f6rnek:<\/span><\/span><\/p>\n<p style=\"padding-left: 30px;\"><em><span style=\"font-size: 14px;\"><span style=\"font-family: Segoe UI,helvetica,sans-serif;\">&#8220;Yaz mevsiminin sonuna do\u011fru, mutlu cehaletimi \u00fczerimden silkip atmama neden olan bir sohbete yanl\u0131\u015fl\u0131kla kulak misafiri oldum. \u00c7ocukken gelecek hakk\u0131nda nadiren d\u00fc\u015f\u00fcn\u00fcr\u00fcz. Bu masumiyet kendimizi e\u011flendirmemiz i\u00e7in bizi \u00f6zg\u00fcr b\u0131rak\u0131r. Yani \u00e7ok az yeti\u015fkinin yapabildi\u011fi gibi&#8230; Gelece\u011fimiz hakk\u0131nda endi\u015felendi\u011fimiz g\u00fcn \u00e7ocuklu\u011fumuzu geride b\u0131rak\u0131r\u0131z.&#8221;<\/span><\/span><\/em><\/p>\n<p style=\"text-indent: 0.4cm; text-align: justify;\"><span style=\"font-size: 14px;\"><span style=\"font-family: Segoe UI,helvetica,sans-serif;\">Bir tane daha:<\/span><\/span><\/p>\n<p style=\"padding-left: 30px;\"><em><span style=\"font-size: 14px;\"><span style=\"font-family: Segoe UI,helvetica,sans-serif;\">&#8220;Problemin ne oldu\u011funu bir kez bildi\u011fim an, o sadece bir problemdir. Korkacak bir \u015fey de\u011fil\u2026&#8221;<\/span><\/span><\/em><\/p>\n<p style=\"text-indent: 0.4cm; text-align: justify;\"><span style=\"font-size: 14px;\"><span style=\"font-family: Segoe UI,helvetica,sans-serif;\">Ve en sevdi\u011fim:<\/span><\/span><\/p>\n<p style=\"padding-left: 30px;\"><em><span style=\"font-size: 14px;\"><span style=\"font-family: Segoe UI,helvetica,sans-serif;\">&#8220;Babam ve annem birlikte dans ettiler; annemin ba\u015f\u0131 babam\u0131n g\u00f6\u011fs\u00fcndeydi. Her ikisinin de g\u00f6zleri kapal\u0131yd\u0131. Kusursuz bir bi\u00e7imde mutlu g\u00f6r\u00fcn\u00fcyorlard\u0131. E\u011fer \u00f6yle birini bulursan\u0131z, sar\u0131l\u0131p t\u00fcm d\u00fcnyaya g\u00f6zlerinizi kapatabilece\u011finiz birini, o h\u00e2lde \u015fansl\u0131s\u0131n\u0131zd\u0131r. G\u00fcnde sadece bir dakika s\u00fcrecek olsa bile&#8230; Bunca y\u0131l sonra bile zihnimde a\u015fk\u0131 resmetmeye \u00e7al\u0131\u015ft\u0131\u011f\u0131m zaman ailemin m\u00fczikle kibarca sal\u0131nan o halini g\u00f6r\u00fcr\u00fcm.&#8221;<\/span><\/span><\/em><\/p>\n<p style=\"text-indent: 0.4cm; text-align: justify;\"><span style=\"font-size: 14px;\"><span style=\"font-family: Segoe UI,helvetica,sans-serif;\">Kitap ayn\u0131 zamanda m\u00fczi\u011fe de olduk\u00e7a k\u0131ymet veriyor: Bir insan\u0131n kan\u0131na nas\u0131l girdi\u011fini ve onlar\u0131 yak\u0131p k\u00fcl etti\u011fini; ya\u015fam\u0131n\u0131 yollarda s\u00fcrd\u00fcren bir m\u00fczisyenin hayat\u0131n\u0131n ayr\u0131nt\u0131lar\u0131n\u0131; ilk g\u00f6sterisini yapan birinin t\u00fcm tav\u0131rlar\u0131n\u0131. Elbette bunlar\u0131 size burada anlat\u0131p tad\u0131n\u0131z\u0131 ka\u00e7\u0131racak de\u011filiz. Fakat baz\u0131lar\u0131 ger\u00e7ekten de komik olabiliyor:<\/span><\/span><\/p>\n<p style=\"padding-left: 30px;\"><em><span style=\"font-size: 14px;\"><span style=\"font-family: Segoe UI,helvetica,sans-serif;\">&#8220;Bir \u015fair, \u015fark\u0131 s\u00f6ylemeyen m\u00fczisyendir. Kelimeleri insanlar\u0131n kalbine dokunmadan \u00f6nce beyinlerine ula\u015fmal\u0131d\u0131r ve baz\u0131lar\u0131n\u0131n beyni ac\u0131nacak kadar k\u00fc\u00e7\u00fck birer hedeftir. M\u00fczik ise do\u011frudan insan\u0131n kalbine i\u015fler. Dinleyenin beyni ne kadar k\u00fc\u00e7\u00fck ya da inat\u00e7\u0131 olursa olsun&#8230;&#8221;<\/span><\/span><\/em><\/p>\n<p style=\"text-indent: 0.4cm; text-align: justify;\"><span style=\"font-size: 14px;\"><span style=\"font-family: Segoe UI,helvetica,sans-serif;\">Sonu\u00e7 olarak Patrick Rothfuss&#8217;un The Name of the Wind kitab\u0131 tam da beklendi\u011fi gibi. M\u00fcziksel ve duygusal bak\u0131mdan benimle ileti\u015fim kurmada bir ad\u0131m \u00f6nde. Kitab\u0131 kapat\u0131rken kendimi bu eserin \u00fcniversite y\u0131llar\u0131mda elime ge\u00e7mesini isterken buldum. Muhtemelen bak\u0131\u015f a\u00e7\u0131m\u0131 b\u00fcsb\u00fct\u00fcn de\u011fi\u015ftirirdi ve ben de okuman\u0131n ve \u00f6\u011frenmenin getirdi\u011fi tecr\u00fcbeye daha b\u00fcy\u00fck bir h\u00fcrmet ve sayg\u0131 duyard\u0131m. Tek bir \u00f6\u011frencinin tek bir \u00f6\u011fretmenle ili\u015fkisini anlatan &#8220;The Sword in the Stone&#8221;dan Name of the Wind&#8217;e, tek bir \u00f6\u011frencinin \u00f6\u011frenmeye duydu\u011fu m\u00fcthi\u015f tutku ve arzuyu anlatan bir kitaba ge\u00e7i\u015f yapmak ilgin\u00e7ti. Bir sonraki kitab\u0131 okuyaca\u011f\u0131m\u0131 s\u00f6ylememe gerek bile yok. Kvothe&#8217;un ge\u00e7mi\u015fi g\u00fcn\u00fcm\u00fcze yeti\u015fti\u011finde neler olacak sab\u0131rs\u0131zl\u0131kla bekliyorum.<\/span><\/span><\/p>\n<\/td>\n<\/tr>\n<\/tbody>\n<\/table>\n<\/td>\n<\/tr>\n<\/tbody>\n<\/table>\n<p style=\"text-align: center;\">\n<table id=\"table20\" style=\"border-collapse: collapse; width: 605px; height: 44px;\" border=\"0\" cellspacing=\"0\" cellpadding=\"2\" align=\"center\">\n<tbody>\n<tr>\n<td style=\"border-style: solid ridge ridge; border-width: 1px; padding-left: 4px; padding-right: 4px;\" width=\"98%\" bgcolor=\"#5d372a\">\n<p style=\"text-align: center;\"><span style=\"color: #ffffff;\"><strong><span style=\"font-family: Tahoma;\"><span style=\"color: #ffff99;\">Bu inceleme \u015eubat 2009 tarihinde <em><span style=\"color: #ff6600;\">fantasybooknews.com<\/span><\/em> admini <span style=\"color: #ff6600;\">Jeff<\/span> taraf\u0131ndan yap\u0131lm\u0131\u015ft\u0131r.<\/span><\/span><\/strong><\/span><strong> <\/strong><\/p>\n<\/td>\n<\/tr>\n<\/tbody>\n<\/table>\n<table style=\"width: 550px;\" border=\"0\" align=\"center\">\n<tbody>\n<tr>\n<td>\n<p style=\"text-align: center;\"><span style=\"font-family: Segoe UI,helvetica,sans-serif;\"> <a href=\"https:\/\/www.kayiprihtim.org\/portal\/biz-bunu-istiyoruz-1\/\">Bir \u00f6nceki sayfaya d\u00f6nmek i\u00e7in t\u0131klay\u0131n\u0131z&#8230;<\/a><strong><br \/>\n<\/strong><\/span><\/p>\n<\/td>\n<\/tr>\n<\/tbody>\n<\/table>\n","protected":false},"excerpt":{"rendered":"<p>The Name of the Wind&#8217;in kapa\u011f\u0131n\u0131 a\u00e7madan ve tek kelime dahi okumadan \u00f6nce kitaptan \u00e7ok b\u00fcy\u00fck beklentilerim vard\u0131. Y\u00fcz\u00fcklerin Efendisi&#8217;nin ba\u015far\u0131s\u0131n\u0131 ge\u00e7ecek ve t\u00fcre yeniden tan\u0131mlayacak bir eser olmal\u0131yd\u0131 bu. Patrick Rothfuss, ilk fantastik eseri olmas\u0131na ra\u011fmen \u015fimdiden bu t\u00fcr\u00fcn ustas\u0131 olarak ilan edilmi\u015fti. Serinin ilk kitab\u0131 olan The Name of the Wind tam 772 [&hellip;]<\/p>\n","protected":false},"author":1,"featured_media":0,"parent":10647,"menu_order":0,"comment_status":"open","ping_status":"closed","template":"fullwidth.php","meta":{"_acf_changed":false,"footnotes":""},"class_list":["post-10653","page","type-page","status-publish"],"acf":[],"_links":{"self":[{"href":"https:\/\/www.kayiprihtim.org\/portal\/wp-json\/wp\/v2\/pages\/10653","targetHints":{"allow":["GET"]}}],"collection":[{"href":"https:\/\/www.kayiprihtim.org\/portal\/wp-json\/wp\/v2\/pages"}],"about":[{"href":"https:\/\/www.kayiprihtim.org\/portal\/wp-json\/wp\/v2\/types\/page"}],"author":[{"embeddable":true,"href":"https:\/\/www.kayiprihtim.org\/portal\/wp-json\/wp\/v2\/users\/1"}],"replies":[{"embeddable":true,"href":"https:\/\/www.kayiprihtim.org\/portal\/wp-json\/wp\/v2\/comments?post=10653"}],"version-history":[{"count":1,"href":"https:\/\/www.kayiprihtim.org\/portal\/wp-json\/wp\/v2\/pages\/10653\/revisions"}],"predecessor-version":[{"id":59377,"href":"https:\/\/www.kayiprihtim.org\/portal\/wp-json\/wp\/v2\/pages\/10653\/revisions\/59377"}],"up":[{"embeddable":true,"href":"https:\/\/www.kayiprihtim.org\/portal\/wp-json\/wp\/v2\/pages\/10647"}],"wp:attachment":[{"href":"https:\/\/www.kayiprihtim.org\/portal\/wp-json\/wp\/v2\/media?parent=10653"}],"curies":[{"name":"wp","href":"https:\/\/api.w.org\/{rel}","templated":true}]}}