{"id":10661,"date":"2011-07-04T22:00:10","date_gmt":"2011-07-04T19:00:10","guid":{"rendered":"http:\/\/www.kayiprihtim.org\/portal\/"},"modified":"2021-06-06T01:59:49","modified_gmt":"2021-06-05T22:59:49","slug":"the-wise-mans-fear-inceleme","status":"publish","type":"page","link":"https:\/\/www.kayiprihtim.org\/portal\/projeler\/biz-bunu-istiyoruz\/biz-bunu-istiyoruz-1\/the-wise-mans-fear-inceleme\/","title":{"rendered":"The Wise Man&#8217;s Fear | \u0130nceleme"},"content":{"rendered":"<table style=\"height: 841px; width: 900px; background-image: url(https:\/\/www.kayiprihtim.org\/portal\/gorsel\/nameofhtewind\/notw-backround.jpg);\" border=\"0\" cellpadding=\"10\" align=\"center\">\n<tbody>\n<tr>\n<td>\n<table style=\"width: 550px;\" border=\"0\" align=\"center\">\n<tbody>\n<tr>\n<td style=\"font-size: 14px;\">\n<p style=\"text-align: center;\"><img decoding=\"async\" class=\"aligncenter\" src=\"https:\/\/www.kayiprihtim.org\/portal\/gorsel\/nameofhtewind\/the-wise-mans-fear-inceleme.jpg\" alt=\"\"><\/p>\n<p style=\"text-indent: 0.4cm; text-align: justify;\"><span style=\"font-family: Segoe UI,helvetica,sans-serif;\">Kvothe Kralkatili, b\u00fcy\u00fcleyici hayat\u0131n\u0131 anlatt\u0131\u011f\u0131 ikinci g\u00fcn\u00fc kapsayan <em>The Wise Man\u2019s Fear<\/em> (<em>Bilge Adam\u0131n Korkusu<\/em>) kitab\u0131yla geri d\u00f6nd\u00fc. Neredeyse 1000 sayfal\u0131k bu muazzam aray\u0131\u015f \u00f6yk\u00fcs\u00fc \u00e7ok fazla konuyu ele alsa da s\u0131k\u0131c\u0131 ayr\u0131nt\u0131larla \u00e7\u0131kmaza girmiyor.<\/span><\/p>\n<p style=\"text-indent: 0.4cm; text-align: justify;\"><span style=\"font-family: Segoe UI,helvetica,sans-serif;\">\u00d6yk\u00fcm\u00fcz\u00fcn ba\u015f\u0131nda okuyucu, Kvothe\u2019un Bast ad\u0131nda bir fae yard\u0131m\u0131yla hanc\u0131 olarak sakin bir emeklilik ge\u00e7irdi\u011fi Yolta\u015f\u0131 Han\u0131\u2019na d\u00f6ner. Tarih\u00e7i Kvothe\u2019un \u00f6yk\u00fcs\u00fcn\u00fc kaydetti\u011fi ilk g\u00fcn\u00fcn \u00e7al\u0131\u015fmalar\u0131n\u0131 bitirmi\u015f, Arcane ad\u0131ndaki adam hakk\u0131nda s\u00f6ylenen t\u00fcm yalanlar\u0131n ard\u0131ndaki ger\u00e7e\u011fi ke\u015ffetmi\u015ftir. Fakat <em>The Wise Man\u2019s Fear<\/em> Kvothe\u2019un a\u011fz\u0131ndan dinleyece\u011fimiz kimi zaman komik, kimi zaman ac\u0131 verici ger\u00e7eklerle dolu yeni bir g\u00fcnd\u00fcr. Bug\u00fcn, on be\u015f ya\u015f\u0131ndaki bilge Kvothe \u00dcniversite\u2019de biraz zaman ge\u00e7irerek nihayet, can d\u00fc\u015fman\u0131 Ambrose\u2019a kar\u015f\u0131 tam anlam\u0131yla olmasa da b\u00fcy\u00fck bir avantaj sa\u011flar. Buna kar\u015f\u0131n, onu \u00dcniversite\u2019den bir koruyucu aray\u0131\u015f\u0131yla g\u00f6nderen de bu olacakt\u0131r. Eolian\u2019daki dost bir soylunun kehanetleri onu kraldan sonra \u00fclkenin ikinci en zengin ve en g\u00fc\u00e7l\u00fc adam\u0131 olan Vintas\u2019l\u0131 Maer Alveron\u2019a g\u00f6t\u00fcr\u00fcr. Kvothe Maer Alvaron i\u00e7in bir\u00e7ok hizmette bulunurken Maer\u2019in meclisindeki kar\u0131\u015f\u0131kl\u0131klar\u0131 da \u00e7\u00f6z\u00fcmlemelidir.<\/span><\/p>\n<p style=\"text-indent: 0.4cm; text-align: justify;\"><span style=\"font-family: Segoe UI,helvetica,sans-serif;\">Maer i\u00e7in \u00e7\u0131kt\u0131\u011f\u0131 bir g\u00f6revde, bir sukkubus fae olan Felurian&#8217;la kar\u015f\u0131la\u015f\u0131r ve sava\u015f\u00e7\u0131 Adern\u2019in y\u00f6ntemlerini \u00f6\u011frenir. Ko\u015fullar ve Kvothe\u2019un yetenekleri, horlanan Edema Ruh\u2019un bu \u00fcyesini giderek g\u00fc\u00e7l\u00fc, ahlakl\u0131 ve al\u00e7akg\u00f6n\u00fcll\u00fc bir kahramana d\u00f6n\u00fc\u015ft\u00fcr\u00fcr. Bu arada, Denna ile Kvothe\u2019un belirsiz a\u015fk \u00f6yk\u00fcs\u00fc, Kvothe\u2019un Felurian&#8217;la kar\u015f\u0131la\u015fmas\u0131yla daha da \u00e7etrefille\u015ferek devam etmektedir. Olaylara Yolta\u015f\u0131<\/span><span style=\"font-family: Segoe UI,helvetica,sans-serif;\"> Han\u0131\u2019nda verilen aralar ve d\u0131\u015far\u0131da sava\u015f halinde bir d\u00fcnya oldu\u011funa dair b\u00fcy\u00fck ipu\u00e7lar\u0131, Bast ile Kvothe\u2019un huysuz ili\u015fkisiyle beraber giderek somutla\u015f\u0131r. T\u00fcm \u00f6yk\u00fcn\u00fcn alt\u0131nda ise Kvothe\u2019un ailesini katleden Chandrian\u2019\u0131 bulmak i\u00e7in bitmek bilmeyen aray\u0131\u015f\u0131 yatmaktad\u0131r.<\/span><\/p>\n<p style=\"text-indent: 0.4cm; text-align: justify;\"><span style=\"font-family: Segoe UI,helvetica,sans-serif;\">Amat\u00f6rce g\u00f6r\u00fcnse de, <em>The Wise Man\u2019s Fear<\/em>\u2019\u0131n okudu\u011fum en iyi romanlardan biri oldu\u011funu kesinlikle s\u00f6yleyebilirim. Epik veya aray\u0131\u015f fantezisi sevenler i\u00e7in, Rothfuss zaman i\u00e7inde kendini kan\u0131tlam\u0131\u015f hi\u00e7bir materyali d\u0131\u015flamam\u0131\u015f. \u00dcniversite\u2019deki sahnelerde Terry Goodkind\u2019in ar\u015fiv kar\u0131\u015ft\u0131rmalar\u0131 ile Brent Weeks\u2019in Night Angel \u00fc\u00e7lemesindeki sokak \u00e7ocu\u011fu c\u00fcretinin bir kar\u0131\u015f\u0131m\u0131 g\u00f6r\u00fcl\u00fcyor. Maer\u2019in meclisinde Kvothe, bir Dungeons and Dragons roman\u0131nda bulabilece\u011finiz orman i\u00e7i bir aray\u0131\u015fla kar\u0131\u015f\u0131k, George R. R. Martin\u2019inkilere (daha az karma\u015f\u0131k olsa da) benzer politik tehlikelerin etraf\u0131ndan dikkatle dolan\u0131yor. Kvothe Fae\u2019lerin d\u00fcnyas\u0131nda ya\u015farken, Rothfuss David Eddings\u2019inki gibi d\u00fcnya tarihi olu\u015fturup bunu Patricia McKillip\u2019in mitvari havas\u0131yla birle\u015ftiriyor. Adema\u2019n\u0131n ayaklar\u0131n\u0131n dibinde, Kvothe epik fantezilerde zorunlu (veya en az\u0131ndan \u00e7o\u011funlukla dahil edilmi\u015f) olanlara hem benzeyen, hem benzemeyen \u00e7ok farkl\u0131 bir sava\u015f\u00e7\u0131 k\u00fclt\u00fcr\u00fc buluyor.<\/span><\/p>\n<p style=\"text-indent: 0.4cm; text-align: justify;\"><span style=\"font-family: Segoe UI,helvetica,sans-serif;\"><em>The Wise Man\u2019s Fear<\/em> b\u00fcy\u00fck fantezi yazarlar\u0131n\u0131n t\u00fcm \u00f6zelliklerine s\u0131rt\u0131n\u0131 yaslam\u0131\u015f bile olsa, kendi ayaklar\u0131 \u00fczerinde de duruyor. \u00d6rne\u011fin Adema kesinlikle tutucu olmayan bir sava\u015f\u00e7\u0131 k\u00fclt\u00fc. \u00c7o\u011fu fantezi eserinde, sava\u015f\u00e7\u0131 k\u00fcltleri hem siyaseten hem ahlaken tutucudur. Fakat Adema farkl\u0131. Tek e\u015flilik yok ve seks ve \u00e7\u0131plakl\u0131k gizli veya aleni olabiliyor. T\u00fcm Adema\u2019n\u0131n eylemlerini idare eden tek bir lider yok, sadece \u00f6\u011fretmen-k\u0131lavuzlar ve bir sava\u015f\u00e7\u0131 yasas\u0131 bulunuyor. Rothfuss postmodern ahl\u00e2ka sahip kadim bir Do\u011fulu sava\u015f\u00e7\u0131 k\u00fclt\u00fcn\u00fc mutlak zorlukta bir dille kar\u0131\u015ft\u0131rarak, d\u00fcnyas\u0131n\u0131n bi\u00e7im ve ama\u00e7 bak\u0131m\u0131ndan e\u015fsiz bir k\u0131sm\u0131n\u0131 olu\u015fturmu\u015f. Yine de, Adema k\u00fclt\u00fcn\u00fcn okuyucunun k\u00fclt\u00fcr bilgisiyle payla\u015ft\u0131\u011f\u0131 ortak \u00f6zellikler, bu k\u00fclt\u00fcn kolayca anla\u015f\u0131l\u0131rken ayn\u0131 zamanda farkl\u0131l\u0131klar\u0131 kar\u015f\u0131s\u0131nda hayranl\u0131k duymaya yeterli. Hatta Kvothe, dehas\u0131na kar\u015f\u0131n, zar zor ili\u015fki kurabildi\u011fi bir k\u00fclt i\u00e7inde yol almakta zorlan\u0131yor. Kvothe\u2019un Adema\u2019dan ald\u0131\u011f\u0131 sava\u015f\u00e7\u0131 e\u011fitimi, hem klasik sava\u015f\u00e7\u0131lar\u0131n-y\u00f6ntemlerini-\u00f6\u011frenen-delikanl\u0131 unsurlar\u0131 hem de k\u00fclt\u00fcrel farkl\u0131l\u0131klarla bunlar\u0131n takdir edilmesi temas\u0131na ba\u011fl\u0131 olarak, roman\u0131n en iyi k\u0131s\u0131mlar\u0131ndan biridir.<\/span><\/p>\n<p style=\"text-indent: 0.4cm; text-align: justify;\"><span style=\"font-family: Segoe UI,helvetica,sans-serif;\">Kitap neredeyse 1000 sayfa uzunlu\u011funda olsa da, baz\u0131 okurlar Rothfuss\u2019un (ve dolay\u0131s\u0131yla anlat\u0131c\u0131 Kvothe\u2019un) hayat hik\u00e2yesinin baz\u0131 k\u0131s\u0131mlar\u0131n\u0131 gizledi\u011fini duyunca \u00fcz\u00fclebilir. \u00d6zellikle \u00dcniversite\u2019den Vintas\u2019a yapt\u0131\u011f\u0131 yolculuk sadece birka\u00e7 kelimeyle ge\u00e7i\u015ftiriliyor. Okuyucular ancak Rothfuss\u2019un gizledi\u011fi k\u0131s\u0131mlara k\u0131sa \u00f6yk\u00fcler, k\u0131sa romanlar, hatta <em>The Kingkiller Chronicle<\/em>\u2019\u0131n devam kitaplar\u0131nda geri d\u00f6nmesini umabilecek.<\/span><\/p>\n<p style=\"text-indent: 0.4cm; text-align: justify;\"><span style=\"font-family: Segoe UI,helvetica,sans-serif;\">\u00c7o\u011funlukla cinsel i\u00e7eriklerden ka\u00e7\u0131nan okurlar, gen\u00e7 Kvothe\u2019un nihayet <em>The Wise Man\u2019s Fear<\/em>\u2019da bir kad\u0131nla yatt\u0131\u011f\u0131n\u0131 duymaktan memnun olmayacak. Ger\u00e7i Rothfuss, cinselli\u011fi tan\u0131mlarken g\u00f6r\u00fcnt\u00fcy\u00fc karartma veya \u00f6rtmece y\u00f6ntemini tercih etmi\u015f. Duyarl\u0131 okurlar i\u00e7in bu daha makul olabilir, ger\u00e7i Kvothe\u2019un hoplay\u0131p z\u0131plamas\u0131n\u0131n romanda yeteri kadar yer tuttu\u011funu, kendisini duygusal a\u00e7\u0131dan \u00e7ocukluktan erkekli\u011fe ta\u015f\u0131d\u0131\u011f\u0131n\u0131 ve sonraki t\u00fcm eylemlerinde ses getiren ve kal\u0131c\u0131 bir etkisi oldu\u011funu bilmeliler. Bayan okurlar, erkek eksenli bak\u0131\u015f a\u00e7\u0131s\u0131 ve seks tan\u0131m\u0131na (\u00f6zellikle Felurian&#8217;la kar\u015f\u0131la\u015fmas\u0131nda) itiraz edebilir, fakat bu durum kad\u0131nlara (erkeksi tarzda olsa da) daha fazla yetki veren Adema\u2019n\u0131n k\u00fclt\u00fcrel farkl\u0131l\u0131klar\u0131yla k\u0131smen hafifletilebilir.<\/span><\/p>\n<p style=\"text-indent: 0.4cm; text-align: justify;\"><span style=\"font-family: Segoe UI,helvetica,sans-serif;\">Rothfuss\u2019un muhte\u015fem yaz\u0131m yetene\u011fi sayesinde, bu konular \u00e7o\u011fu okuyucunun dikkatini hi\u00e7 \u00e7ekmeyebilir. Rothfuss birbirinden en uzaktaki ayr\u0131nt\u0131lar\u0131 p\u00fcr\u00fczs\u00fczce birle\u015ftirebiliyor, olay \u00f6rg\u00fcs\u00fcn\u00fcn veya karakterlerin izini kaybetmiyor ve mizahla \u00f6l\u00fcmc\u00fcl kar\u015f\u0131la\u015fmalar\u0131 okuyucuyu hayran b\u0131rakacak \u015fekilde harmanl\u0131yor. Kvothe\u2019un &#8220;Artificiery&#8221;de \u00e7al\u0131\u015fmas\u0131n\u0131 ele alal\u0131m. Roman\u0131n ba\u015flar\u0131ndaki &#8220;Fishery\u201d b\u00f6l\u00fcm\u00fcnde, d\u00f6n\u00fcp dola\u015f\u0131p Kvothe\u2019a gelen \u00f6nemli \u015feyler olmaktad\u0131r. \u015eimdi okuyucu roman\u0131n ba\u015f\u0131ndaki olaylar\u0131 hayal meyal hat\u0131rl\u0131yordur (ne de olsa aradan 700 sayfa ve \u00f6nemli bir\u00e7ok olay ge\u00e7ti), ama Rothfuss unutmuyor ve roman\u0131n iki b\u00f6l\u00fcm\u00fc p\u00fcr\u00fczs\u00fczce bir araya gelirken bu arada ger\u00e7ekle\u015fen olaylarla araya abart\u0131s\u0131z ve g\u00fc\u00e7l\u00fc karakter ve durum de\u011fi\u015fiklikleri i\u015fleniyor. Kvothe\u2019un a\u015f\u0131r\u0131 al\u00e7akg\u00f6n\u00fcll\u00fc mizac\u0131 ve eksiksizce kurgulanm\u0131\u015f yan karakterlerin bazen garip gelen eylemleri, \u00f6yk\u00fcy\u00fc Kvothe\u2019un hevesle yapt\u0131\u011f\u0131 i\u015flerin karanl\u0131k a\u011f\u0131rl\u0131\u011f\u0131n\u0131 okuyucuya hissettirmeyecek bir tasas\u0131zl\u0131kla sunuyor.<\/span><\/p>\n<p style=\"text-indent: 0.4cm; text-align: justify;\"><span style=\"font-family: Segoe UI,helvetica,sans-serif;\">Kvothe ba\u015fkahraman ve en karma\u015f\u0131k karakter olsa da, Rothfuss di\u011fer karakterlerini de ma\u011fdur etmiyor. Ele avuca s\u0131\u011fmaz, ha\u015fin Dedan\u2019dan yaln\u0131z bir kalp olan Sim\u2019e veya esrarengiz Maer Alveron&#8217;a kadar hi\u00e7bir karakter karikat\u00fcrize edilmemi\u015f. Beklendi\u011fi \u00fczere, hi\u00e7biri Kvothe kadar geli\u015ftirilmi\u015f olmayabilir, fakat monoton birer karakter de de\u011filler. \u00d6rne\u011fin Dedan,Kvothe\u2019un tepesini att\u0131ran bir paral\u0131 asker, fakat ba\u015fka bir paral\u0131 askere \u00e2\u015f\u0131k oldu\u011fu i\u00e7in adam\u0131n meyus bir h\u00e2li de var. Bu, anlat\u0131ma bir par\u00e7a mizah katarken, Dedan\u2019\u0131 da bu t\u00fcr \u00f6yk\u00fclerin ortak \u00f6zelli\u011fi iri k\u0131y\u0131m paral\u0131 asker prototipinden uzakla\u015ft\u0131r\u0131yor. Maer Alveron \u00f6zellikle iyi yaz\u0131lm\u0131\u015f bir karakter. Kvothe onunla ki\u015fisel bir dostluk kurmak istiyor, ama iktidardaki adam kimseyle dost olamaz, kar\u015f\u0131s\u0131ndakine borcu olsa bile. Dost, fakat iktidar sahibi soylunun zor fark edilen g\u00f6lgesinin \u00f6yk\u00fcde yaratt\u0131\u011f\u0131 gerilim Maer Alveron\u2019a daha fazla derinlik kazand\u0131r\u0131rken bu sahnelerde okuyucuyu da yay gibi geriyor.<\/span><\/p>\n<p style=\"text-indent: 0.4cm; text-align: justify;\"><span style=\"font-family: Segoe UI,helvetica,sans-serif;\"><em>The Wise Man\u2019s Fear<\/em>\u2019\u0131n birinci \u015fah\u0131s anlat\u0131s\u0131 \u015fa\u015f\u0131rt\u0131c\u0131 \u00f6l\u00e7\u00fcde \u00e7apra\u015f\u0131k ve Rothfuss sadece iki roman\u0131yla \u015fimdiden epik fantezinin Y\u00fcce Ustas\u0131 oldu. <em>The Wise Man\u2019s Fear<\/em>\u2019\u0131n m\u00fckemmelli\u011fini anlatacak s\u0131fat bulam\u0131yorum. Ka\u00e7\u0131rmak istemeyece\u011finiz bir roman.<\/span><\/p>\n<\/td>\n<\/tr>\n<\/tbody>\n<\/table>\n<\/td>\n<\/tr>\n<\/tbody>\n<\/table>\n<p style=\"text-align: center;\">\n<table id=\"table20\" style=\"border-collapse: collapse; width: 605px; height: 44px;\" border=\"0\" cellspacing=\"0\" cellpadding=\"2\" align=\"center\">\n<tbody>\n<tr>\n<td style=\"border-style: solid ridge ridge; border-width: 1px; padding-left: 4px; padding-right: 4px;\" width=\"98%\" bgcolor=\"#5d372a\">\n<p style=\"text-align: center;\"><span style=\"color: #ffffff;\"><strong><span style=\"font-family: Tahoma;\"><span style=\"color: #ffff99;\">Bu inceleme 1 Mart 2011 tarihinde <span style=\"color: #ff6600;\">John Ottinger III.<\/span> taraf\u0131ndan yap\u0131lm\u0131\u015f ve <span style=\"color: #ff6600;\"><em>graspingforthewind.com<\/em><\/span>\u2019da yay\u0131nlanm\u0131\u015ft\u0131r.<\/span><\/span><\/strong><\/span><strong> <\/strong><\/p>\n<\/td>\n<\/tr>\n<\/tbody>\n<\/table>\n<table style=\"width: 550px;\" border=\"0\" align=\"center\">\n<tbody>\n<tr>\n<td>\n<p style=\"text-align: center;\"><span style=\"font-family: Segoe UI,helvetica,sans-serif;\"> <a href=\"https:\/\/www.kayiprihtim.org\/portal\/biz-bunu-istiyoruz-1\/\">Bir \u00f6nceki sayfaya d\u00f6nmek i\u00e7in t\u0131klay\u0131n\u0131z&#8230;<\/a><strong><br \/>\n<\/strong><\/span><\/p>\n<\/td>\n<\/tr>\n<\/tbody>\n<\/table>\n","protected":false},"excerpt":{"rendered":"<p>Kvothe Kralkatili, b\u00fcy\u00fcleyici hayat\u0131n\u0131 anlatt\u0131\u011f\u0131 ikinci g\u00fcn\u00fc kapsayan The Wise Man\u2019s Fear (Bilge Adam\u0131n Korkusu) kitab\u0131yla geri d\u00f6nd\u00fc. Neredeyse 1000 sayfal\u0131k bu muazzam aray\u0131\u015f \u00f6yk\u00fcs\u00fc \u00e7ok fazla konuyu ele alsa da s\u0131k\u0131c\u0131 ayr\u0131nt\u0131larla \u00e7\u0131kmaza girmiyor. \u00d6yk\u00fcm\u00fcz\u00fcn ba\u015f\u0131nda okuyucu, Kvothe\u2019un Bast ad\u0131nda bir fae yard\u0131m\u0131yla hanc\u0131 olarak sakin bir emeklilik ge\u00e7irdi\u011fi Yolta\u015f\u0131 Han\u0131\u2019na d\u00f6ner. Tarih\u00e7i Kvothe\u2019un [&hellip;]<\/p>\n","protected":false},"author":1,"featured_media":0,"parent":10647,"menu_order":0,"comment_status":"open","ping_status":"closed","template":"fullwidth.php","meta":{"_acf_changed":false,"footnotes":""},"class_list":["post-10661","page","type-page","status-publish"],"acf":[],"_links":{"self":[{"href":"https:\/\/www.kayiprihtim.org\/portal\/wp-json\/wp\/v2\/pages\/10661","targetHints":{"allow":["GET"]}}],"collection":[{"href":"https:\/\/www.kayiprihtim.org\/portal\/wp-json\/wp\/v2\/pages"}],"about":[{"href":"https:\/\/www.kayiprihtim.org\/portal\/wp-json\/wp\/v2\/types\/page"}],"author":[{"embeddable":true,"href":"https:\/\/www.kayiprihtim.org\/portal\/wp-json\/wp\/v2\/users\/1"}],"replies":[{"embeddable":true,"href":"https:\/\/www.kayiprihtim.org\/portal\/wp-json\/wp\/v2\/comments?post=10661"}],"version-history":[{"count":1,"href":"https:\/\/www.kayiprihtim.org\/portal\/wp-json\/wp\/v2\/pages\/10661\/revisions"}],"predecessor-version":[{"id":59378,"href":"https:\/\/www.kayiprihtim.org\/portal\/wp-json\/wp\/v2\/pages\/10661\/revisions\/59378"}],"up":[{"embeddable":true,"href":"https:\/\/www.kayiprihtim.org\/portal\/wp-json\/wp\/v2\/pages\/10647"}],"wp:attachment":[{"href":"https:\/\/www.kayiprihtim.org\/portal\/wp-json\/wp\/v2\/media?parent=10661"}],"curies":[{"name":"wp","href":"https:\/\/api.w.org\/{rel}","templated":true}]}}