{"id":10667,"date":"2011-07-04T22:38:27","date_gmt":"2011-07-04T19:38:27","guid":{"rendered":"http:\/\/www.kayiprihtim.org\/portal\/"},"modified":"2022-08-01T15:10:57","modified_gmt":"2022-08-01T12:10:57","slug":"the-kingkiller-chronicles-okur-yorumlari","status":"publish","type":"page","link":"https:\/\/www.kayiprihtim.org\/portal\/projeler\/biz-bunu-istiyoruz\/biz-bunu-istiyoruz-1\/the-kingkiller-chronicles-okur-yorumlari\/","title":{"rendered":"The Kingkiller Chronicle Okur Yorumlar\u0131"},"content":{"rendered":"<table style=\"height: 841px; width: 900px; background-image: url(https:\/\/www.kayiprihtim.org\/portal\/gorsel\/nameofhtewind\/notw-backround.jpg);\" border=\"0\" cellpadding=\"10\" align=\"center\">\n<tbody>\n<tr>\n<td style=\"text-align: center;\"><em><span style=\"font-family: times new roman,times; font-size: 34px;\">The Name of the Wind<\/span><\/em><\/td>\n<td style=\"text-align: center;\"><em><span style=\"font-family: times new roman,times;\"><span style=\"font-size: 34px;\">The Wise Man&#8217;s Fear<\/span><\/span><\/em><\/td>\n<\/tr>\n<tr>\n<td style=\"text-align: center;\"><a href=\"https:\/\/www.kayiprihtim.org\/portal\/gorsel\/nameofhtewind\/the-name-of-the-wind.jpg\"><img fetchpriority=\"high\" decoding=\"async\" class=\"aligncenter\" src=\"https:\/\/www.kayiprihtim.org\/portal\/gorsel\/nameofhtewind\/the-name-of-the-wind.jpg\" alt=\"\" width=\"180\" height=\"292\"><\/a><\/td>\n<td style=\"text-align: center;\"><a href=\"https:\/\/www.kayiprihtim.org\/portal\/gorsel\/nameofhtewind\/the-wise-mans-fear.jpg\"><img decoding=\"async\" class=\"aligncenter\" src=\"https:\/\/www.kayiprihtim.org\/portal\/gorsel\/nameofhtewind\/the-wise-mans-fear.jpg\" alt=\"\" width=\"180\" height=\"292\"><\/a><\/td>\n<\/tr>\n<tr style=\"text-align: justify;\" valign=\"top\">\n<td style=\"font-family: Segoe UI,Times New Roman,Times,serif; font-size: 14px; font-style: normal; width: 450px; text-align: justify;\" dir=\"ltr\" valign=\"top\" scope=\"col\"><strong>Austman<\/strong>&#8211; <em>30 Haziran 2011<\/em><\/p>\n<p>Harika bir kitap! Serinin ikinci kitab\u0131n\u0131 okumak i\u00e7in sab\u0131rs\u0131zlan\u0131yorum! Kitap \u00f6zg\u00fcn bir mitolojiyle \u00e7ok iyi yaz\u0131lm\u0131\u015f. Sonu ger\u00e7ekten de hik\u00e2yenin ortas\u0131nda b\u0131rak\u0131yor, yani ikinci kitab\u0131 almak i\u00e7in kendinizi haz\u0131rlay\u0131n.<\/p>\n<hr size=\"1\" \/><strong>Kayleigh<\/strong>&#8211; <em>30 Haziran 2011 <\/em><\/p>\n<p>Bu, birden fazla okudu\u011fum ilk kitap. Tam anlam\u0131yla 2. kitab\u0131n gelmesi i\u00e7in y\u0131llard\u0131r bekliyorum ve di\u011ferini okumadan \u00f6nce \u015fu an The Name of the Wind\u2019i tekrar okuyorum. Ger\u00e7ekten harika bir kitap. \u00c7ok sevdim ve herkese tavsiye ediyorum!<\/p>\n<hr size=\"1\" \/><strong>Syzygy<\/strong> \u2013 <em>3 Nisan 2007 <\/em><\/p>\n<p>Taze ve heyecan verici. Tan\u0131t\u0131m\u0131 t\u00fcm fantezi hik\u00e2yelerine benzeyebilir ama Rothfuss\u2019un yakla\u015f\u0131m\u0131 lezzetli. Kesinlikle s\u0131k\u0131c\u0131 de\u011fil. Karakterler kendilerince davran\u0131yor, okuyucular\u0131n iste\u011fine g\u00f6re de\u011fil, ne olmas\u0131 gerekiyorsa. M\u00fctevaz\u0131 ve kendi halinde bir tarz, Rohtfuss rahat ve heyecanl\u0131 bir hik\u00e2ye sunuyor. A\u00e7\u0131k\u00e7a bir keyif.<\/p>\n<p>Not: E\u011fer bu g\u00fcnlerde bir \u015feyler ba\u015farmak istiyorsan\u0131z, bu kitaba ba\u015flamay\u0131n!<\/p>\n<hr size=\"1\" \/><strong>Jeanne Piteo &#8220;Avid Reader&#8221;<\/strong> &#8211;<em>11 Haziran 2011<\/em><\/p>\n<p>Ben inceleme yapmam. S\u00f6ylemekten nefret etsem de bu kitap beni fazlas\u0131yla cezbetti. Bitirmek zorunda olmaktan nefret ediyordum, s\u00fcrekli elimden b\u0131rak\u0131yor ve bitmemesini sa\u011flamaya \u00e7al\u0131\u015f\u0131yordum\u2026 i\u015fe yaramad\u0131. Ba\u015ftan okumaya haz\u0131rd\u0131m.<\/p>\n<hr size=\"1\" \/><strong>Doormaster<\/strong> \u2013 <em>25 A\u011fustos 2007<\/em><\/p>\n<p>Be\u011fendim ama asl\u0131nda bekledi\u011fim kadar g\u00fczel de\u011fildi. Birka\u00e7 b\u00f6l\u00fcmde bir, ger\u00e7ekten OLAN bir\u015feyler olmamas\u0131 beni biraz rahats\u0131z etti<\/p>\n<hr size=\"1\" \/><strong>Music Lover<\/strong> &#8211; 3<em>1 May\u0131s 2011<\/em><\/p>\n<p>Patrick Rothufss yeni favori fantezi yazar\u0131m oldu. The Name of the Wind size macera, b\u00fcy\u00fc, sevece\u011finiz karakterler ve harika bir metin sunuyor. Hemen serinin ikinci kitab\u0131 The Wise Man&#8217;s Fear&#8217;\u0131 sat\u0131n ald\u0131m, hem de ciltli bask\u0131s\u0131n\u0131; ki bunu nadiren yapar\u0131m. Ama bekleyemezdim. Bay Rothfuss&#8217;un mevcut ba\u015fka kitaplar\u0131 olmad\u0131\u011f\u0131n\u0131 \u00f6\u011frenince hayal k\u0131r\u0131kl\u0131\u011f\u0131na u\u011frad\u0131m. Bu seriyi \u015fiddetle tavsiye ediyorum.<\/td>\n<td style=\"font-family: Segoe UI,Helvetica,sans-serif; font-size: 14px; width: 450px;\"><strong>H. Elizondo<\/strong> \u2013 <em>28 Haziran 2011<\/em><\/p>\n<p style=\"text-align: justify;\">E\u011fer Patrick Rothfuss\u2019un kitaplar\u0131n\u0131 okuduysan\u0131z, ba\u015fkalar\u0131n\u0131n onu tan\u0131mlad\u0131\u011f\u0131 gibi \u201cSonraki Tolkien\u201d ya da \u201cSonraki Martin\u201d (George Martin) olmad\u0131\u011f\u0131n\u0131 g\u00f6receksiniz.<\/p>\n<p style=\"text-align: justify;\">O \u201cilk Rothfuss\u201d!<\/p>\n<hr size=\"1\" \/><strong>Benita<\/strong> \u2013 <em>13 Haziran 2011<\/em><\/p>\n<p style=\"text-align: justify;\">K\u0131z\u0131m ve ben, The Name of the Wind\u2019i bitirdi\u011fimizden beri bu kitab\u0131 bekliyorduk. Patrick Rothfuss\u2019un ilk kitab\u0131 muhte\u015femdi.<\/p>\n<p style=\"text-align: justify;\">\u0130lk olarak on d\u00f6rt ya\u015f\u0131ndaki k\u0131z\u0131m kitab\u0131 okumaya ba\u015flad\u0131. Baz\u0131 b\u00f6l\u00fcmler i\u00e7in beni uyard\u0131 ve Felurian b\u00f6l\u00fcmlerinin b\u00fcy\u00fck k\u0131sm\u0131n\u0131 ge\u00e7memi \u00f6nerdi. Bay Rothfuss\u2019un kitab\u0131n b\u00fcy\u00fck bir par\u00e7as\u0131n\u0131, kendi fantezi seks ya\u015fam\u0131n\u0131 tart\u0131\u015farak ge\u00e7irmesi beni \u00fczd\u00fc. Ba\u015fka bir hayalk\u0131r\u0131kl\u0131\u011f\u0131m ise, bana be\u015f ya da daha fazla kitab\u0131n birle\u015ftirilip \u00e7ok uzun bir okuma olarak organize edilmi\u015f gibi hissettirmesine dair olacak. Farkl\u0131 hik\u00e2yelerin birbirleriyle yapacak \u00e7ok az \u015feyi var, Kvothe\u2019un karakterine k\u00fc\u00e7\u00fck bir detay eklemelerinin d\u0131\u015f\u0131nda. Halen kitab\u0131 bitirmeye \u00e7al\u0131\u015f\u0131yorum. Yazarl\u0131k yetene\u011fi i\u00e7in kendisine \u00fc\u00e7 y\u0131ld\u0131z verdim ama d\u00fczeltme yapmay\u0131 \u00f6\u011frenmeli.<\/p>\n<hr size=\"1\" \/><strong>A.H.S.<\/strong> \u2013 <em>11 Haziran 2011 <\/em><\/p>\n<p style=\"text-align: justify;\">Bu kitap g\u00fczeldi ama The Name of the Wind\u2019in yan\u0131na bile yakla\u015famaz. Drenna\u2019n\u0131n \u00fczerine \u00e7ok e\u011filmi\u015fler, bu da beni biraz rahats\u0131z etti.<\/p>\n<hr size=\"1\" \/><strong>K. Muldoon<\/strong> \u2013 <em>8 Haziran 2011<\/em><\/p>\n<p style=\"text-align: justify;\">Acaba bu adam daha h\u0131zl\u0131 yazabilir mi?<\/p>\n<p style=\"text-align: justify;\">T\u0131pk\u0131 ilk kitab\u0131 be\u011fendi\u011fim gibi, bu kitab\u0131 da elimden b\u0131rakamad\u0131m. \u0130yi yaz\u0131lm\u0131\u015f, iyi tasarlanm\u0131\u015f bir m\u00fckemmellik. Ke\u015fke seri bitti\u011finde okumaya ba\u015flasayd\u0131m.<\/p>\n<hr size=\"1\" \/><strong>Samuel<\/strong> \u2013 <em>1 Mart 2011 <\/em><\/p>\n<p>T\u0131pk\u0131 bir \u00f6nceki gibi b\u00fcy\u00fcleyici, harika bir konu, karakterize etme ve d\u00fczyaz\u0131. E\u011fer ilk kitab\u0131 sevdiyseniz\/hayran olduysan\u0131z ger\u00e7ekten diyecek pek bir s\u00f6z yok ve yeni gelenler i\u00e7in: KralKatili G\u00fcnl\u00fckleri\u2019ni kendiniz i\u00e7in mahvetmeyin, birinci kitaptan ba\u015flaman\u0131z laz\u0131m.<\/p>\n<p>Umudum, Patrick\u2019in yaz\u0131m\u0131n\u0131 h\u0131zland\u0131rmas\u0131. Yoksa hepimizin \u00f6n\u00fcnde ba\u015fka bir uzun d\u00f6rt sene daha var.<\/td>\n<\/tr>\n<\/tbody>\n<\/table>\n<p style=\"text-align: center;\">\n<table id=\"table20\" style=\"border-collapse: collapse; height: 33px; width: 900px;\" border=\"0\" cellspacing=\"0\" cellpadding=\"2\" align=\"center\">\n<tbody>\n<tr>\n<td style=\"border-style: solid ridge ridge; border-width: 1px; padding-left: 4px; padding-right: 4px;\" width=\"98%\" bgcolor=\"#5d372a\">\n<p style=\"text-align: center;\"><span style=\"color: #ffffff;\"><strong><span style=\"font-family: Tahoma;\"><span style=\"color: #ffff99;\">Bu g\u00f6r\u00fc\u015fler <em><span style=\"color: #ff6600;\">Amazon.com<\/span><\/em> online kitap sat\u0131\u015f sitesinden, kitaplara ait sayfalara yap\u0131lan yorumlardan se\u00e7ilerek haz\u0131rlanm\u0131\u015ft\u0131r.<\/span><\/span><\/strong><\/span><strong> <\/strong><\/p>\n<\/td>\n<\/tr>\n<\/tbody>\n<\/table>\n<table style=\"width: 900px;\" border=\"0\" align=\"center\">\n<tbody>\n<tr>\n<td>\n<p style=\"text-align: center;\"><span style=\"font-family: Segoe UI,helvetica,sans-serif;\"> <a href=\"https:\/\/www.kayiprihtim.org\/portal\/biz-bunu-istiyoruz-1\/\">Bir \u00f6nceki sayfaya d\u00f6nmek i\u00e7in t\u0131klay\u0131n\u0131z&#8230;<\/a><strong><br \/>\n<\/strong><\/span><\/p>\n<\/td>\n<\/tr>\n<\/tbody>\n<\/table>\n","protected":false},"excerpt":{"rendered":"<p>The Name of the Wind The Wise Man&#8217;s Fear Austman&#8211; 30 Haziran 2011 Harika bir kitap! Serinin ikinci kitab\u0131n\u0131 okumak i\u00e7in sab\u0131rs\u0131zlan\u0131yorum! Kitap \u00f6zg\u00fcn bir mitolojiyle \u00e7ok iyi yaz\u0131lm\u0131\u015f. Sonu ger\u00e7ekten de hik\u00e2yenin ortas\u0131nda b\u0131rak\u0131yor, yani ikinci kitab\u0131 almak i\u00e7in kendinizi haz\u0131rlay\u0131n. Kayleigh&#8211; 30 Haziran 2011 Bu, birden fazla okudu\u011fum ilk kitap. Tam anlam\u0131yla 2. [&hellip;]<\/p>\n","protected":false},"author":1,"featured_media":0,"parent":10647,"menu_order":0,"comment_status":"open","ping_status":"closed","template":"fullwidth.php","meta":{"_acf_changed":false,"footnotes":""},"class_list":["post-10667","page","type-page","status-publish"],"acf":[],"_links":{"self":[{"href":"https:\/\/www.kayiprihtim.org\/portal\/wp-json\/wp\/v2\/pages\/10667","targetHints":{"allow":["GET"]}}],"collection":[{"href":"https:\/\/www.kayiprihtim.org\/portal\/wp-json\/wp\/v2\/pages"}],"about":[{"href":"https:\/\/www.kayiprihtim.org\/portal\/wp-json\/wp\/v2\/types\/page"}],"author":[{"embeddable":true,"href":"https:\/\/www.kayiprihtim.org\/portal\/wp-json\/wp\/v2\/users\/1"}],"replies":[{"embeddable":true,"href":"https:\/\/www.kayiprihtim.org\/portal\/wp-json\/wp\/v2\/comments?post=10667"}],"version-history":[{"count":1,"href":"https:\/\/www.kayiprihtim.org\/portal\/wp-json\/wp\/v2\/pages\/10667\/revisions"}],"predecessor-version":[{"id":59379,"href":"https:\/\/www.kayiprihtim.org\/portal\/wp-json\/wp\/v2\/pages\/10667\/revisions\/59379"}],"up":[{"embeddable":true,"href":"https:\/\/www.kayiprihtim.org\/portal\/wp-json\/wp\/v2\/pages\/10647"}],"wp:attachment":[{"href":"https:\/\/www.kayiprihtim.org\/portal\/wp-json\/wp\/v2\/media?parent=10667"}],"curies":[{"name":"wp","href":"https:\/\/api.w.org\/{rel}","templated":true}]}}