{"id":10691,"date":"2011-07-05T00:09:01","date_gmt":"2011-07-04T21:09:01","guid":{"rendered":"http:\/\/www.kayiprihtim.org\/portal\/"},"modified":"2016-05-26T05:19:08","modified_gmt":"2016-05-26T02:19:08","slug":"patrick-rothfuss","status":"publish","type":"page","link":"https:\/\/www.kayiprihtim.org\/portal\/projeler\/biz-bunu-istiyoruz\/biz-bunu-istiyoruz-1\/patrick-rothfuss\/","title":{"rendered":"Patrick Rothfuss"},"content":{"rendered":"<p style=\"text-align: center;\"><img fetchpriority=\"high\" decoding=\"async\" class=\"aligncenter\" src=\"https:\/\/www.kayiprihtim.org\/portal\/gorsel\/nameofhtewind\/patrick-rothfuss-4.jpg\" alt=\"\" width=\"334\" height=\"411\"><\/p>\n<p style=\"text-indent: 0.4cm; text-align: justify;\"><strong>Patrick Rothfuss <\/strong>Amerikal\u0131 fantezi yazar\u0131 ve \u00fcniversite \u00f6\u011fretim \u00fcyesi.<\/p>\n<p style=\"text-indent: 0.4cm; text-align: justify;\">1973 y\u0131l\u0131nda Madison, Wisconsin\u2019de do\u011fdu. Kablolu televizyonun yoklu\u011fu ve olumsuz hava ko\u015fullar\u0131ndan dolay\u0131 istekli bir okur olarak b\u00fcy\u00fcd\u00fc. 1991\u2019de University of Wisconsin\u2013Stevens Point\u2019e kaydoldu. \u00dcniversitede asl\u0131nda kimya m\u00fchendisi olmay\u0131 planlam\u0131\u015ft\u0131, ama klinik psikolojide kariyer yapmak i\u00e7in fikrini de\u011fi\u015ftirdi ve sonunda, \u00fc\u00e7 sene sonra b\u00f6l\u00fcm\u00fcn\u00fc \u201cA\u00e7\u0131klanmam\u0131\u015f\u201d olarak se\u00e7ti- ilgisini \u00e7eken herhangi bir konuda \u00e7al\u0131\u015fmaya devam ediyor.<\/p>\n<p style=\"text-indent: 0.4cm; text-align: justify;\">Bu s\u0131rada, tuhaf i\u015fler al\u0131rken, Rothfuss <em>The Song of Flame and Thunder <\/em>ad\u0131nda son derece uzun bir fantezi roman\u0131 \u00fczerinde \u00e7al\u0131\u015ft\u0131. Ayn\u0131 zamanda<em> The Pointer <\/em>ad\u0131ndaki kampus gazetesinde <em>&#8220;Your College Survival Guide<\/em>&#8221; k\u00f6\u015fesini yazmaya ba\u015flad\u0131.<\/p>\n<p style=\"text-indent: 0.4cm; text-align: justify;\">1999\u2019da bir B.A ile \u0130ngiltere\u2019de mezun oldu.Washington StateUniversity\u2019den MA\u2019ini (Master of Arts*) ald\u0131ktan sonra Stevens Point\u2019e \u00f6\u011fretim ama\u00e7l\u0131 iki sene arayla geri d\u00f6nd\u00fc. The Song of Flame and Thunder\u2019\u0131 tamamlamas\u0131ndan sonra Rothfuss eserini birka\u00e7 yay\u0131nc\u0131 firmaya sundu ama reddedildi. Rothfuss daha sonra kitab\u0131 DAW Books\u2019a satt\u0131. <em>The Song of Flame and Thunder<\/em>, <strong>The Kingkiller Chronicle<\/strong> ad\u0131yla yeniden isimlendirilerek \u00fc\u00e7 b\u00f6l\u00fcml\u00fck bir seriye ayr\u0131ld\u0131, ilk b\u00f6l\u00fcm\u00fc olan <em><strong>The Name of the Wind<\/strong><\/em> Nisan 2007\u2019de bas\u0131ld\u0131. Daha sonra roman, 2007\u2019de en iyi fantastik kurgu\/bilimkurgu dal\u0131nda <em>Quill \u00d6d\u00fcl\u00fc<\/em>\u2019n\u00fc kazand\u0131 ve New York Times En \u00c7ok Satanlar Listesi\u2019nde yer ald\u0131.<\/p>\n<p style=\"text-indent: 0.4cm; text-align: justify;\">Serinin ikinci kitab\u0131, <strong><em>The Wise Man\u2019s Fear<\/em><\/strong>, Mart 2011\u2019de, kal\u0131n kapakl\u0131 kurgu listesinde, New York En \u00c7ok Satanlar\u2019da bir numaraya yerle\u015fti.<\/p>\n<p style=\"text-indent: 0.4cm; text-align: justify;\"><span style=\"font-size: x-small;\"><em>*<strong>Master of Arts<\/strong>: Bir akademik \u00fcnvan.<\/em><\/span><\/p>\n<p style=\"text-align: center;\">\n","protected":false},"excerpt":{"rendered":"<p>Patrick Rothfuss Amerikal\u0131 fantezi yazar\u0131 ve \u00fcniversite \u00f6\u011fretim \u00fcyesi. 1973 y\u0131l\u0131nda Madison, Wisconsin\u2019de do\u011fdu. Kablolu televizyonun yoklu\u011fu ve olumsuz hava ko\u015fullar\u0131ndan dolay\u0131 istekli bir okur olarak b\u00fcy\u00fcd\u00fc. 1991\u2019de University of Wisconsin\u2013Stevens Point\u2019e kaydoldu. \u00dcniversitede asl\u0131nda kimya m\u00fchendisi olmay\u0131 planlam\u0131\u015ft\u0131, ama klinik psikolojide kariyer yapmak i\u00e7in fikrini de\u011fi\u015ftirdi ve sonunda, \u00fc\u00e7 sene sonra b\u00f6l\u00fcm\u00fcn\u00fc \u201cA\u00e7\u0131klanmam\u0131\u015f\u201d olarak [&hellip;]<\/p>\n","protected":false},"author":1,"featured_media":0,"parent":10647,"menu_order":0,"comment_status":"open","ping_status":"closed","template":"","meta":{"_acf_changed":false,"footnotes":""},"class_list":["post-10691","page","type-page","status-publish"],"acf":[],"_links":{"self":[{"href":"https:\/\/www.kayiprihtim.org\/portal\/wp-json\/wp\/v2\/pages\/10691","targetHints":{"allow":["GET"]}}],"collection":[{"href":"https:\/\/www.kayiprihtim.org\/portal\/wp-json\/wp\/v2\/pages"}],"about":[{"href":"https:\/\/www.kayiprihtim.org\/portal\/wp-json\/wp\/v2\/types\/page"}],"author":[{"embeddable":true,"href":"https:\/\/www.kayiprihtim.org\/portal\/wp-json\/wp\/v2\/users\/1"}],"replies":[{"embeddable":true,"href":"https:\/\/www.kayiprihtim.org\/portal\/wp-json\/wp\/v2\/comments?post=10691"}],"version-history":[{"count":0,"href":"https:\/\/www.kayiprihtim.org\/portal\/wp-json\/wp\/v2\/pages\/10691\/revisions"}],"up":[{"embeddable":true,"href":"https:\/\/www.kayiprihtim.org\/portal\/wp-json\/wp\/v2\/pages\/10647"}],"wp:attachment":[{"href":"https:\/\/www.kayiprihtim.org\/portal\/wp-json\/wp\/v2\/media?parent=10691"}],"curies":[{"name":"wp","href":"https:\/\/api.w.org\/{rel}","templated":true}]}}