{"id":10744,"date":"2011-07-05T02:04:16","date_gmt":"2011-07-04T23:04:16","guid":{"rendered":"http:\/\/www.kayiprihtim.org\/portal\/"},"modified":"2011-07-05T09:32:18","modified_gmt":"2011-07-05T06:32:18","slug":"the-wise-mans-fear-tanitim-yazisi","status":"publish","type":"page","link":"https:\/\/www.kayiprihtim.org\/portal\/projeler\/biz-bunu-istiyoruz\/biz-bunu-istiyoruz-1\/the-wise-mans-fear-tanitim-yazisi\/","title":{"rendered":"The Wise Man&#8217;s Fear | Tan\u0131t\u0131m Yaz\u0131s\u0131"},"content":{"rendered":"<table style=\"height: 841px; width: 900px; background-image: url(https:\/\/www.kayiprihtim.org\/portal\/gorsel\/nameofhtewind\/notw-backround.jpg);\" border=\"0\" cellpadding=\"10\" align=\"center\">\n<tbody>\n<tr>\n<td style=\"text-align: center;\"><em><span style=\"font-family: times new roman,times; font-size: 34px;\">The Wise Man&#8217;s Fear<\/span><\/em><\/td>\n<\/tr>\n<tr>\n<td style=\"text-align: center;\"><a href=\"https:\/\/www.kayiprihtim.org\/portal\/gorsel\/nameofhtewind\/the-wise-mans-fear-uk.jpg\"><img fetchpriority=\"high\" decoding=\"async\" src=\"https:\/\/www.kayiprihtim.org\/portal\/gorsel\/nameofhtewind\/the-wise-mans-fear-uk.jpg\" alt=\"\" width=\"180\" height=\"292\"><\/a><\/td>\n<\/tr>\n<tr style=\"text-align: justify;\" valign=\"top\">\n<td style=\"font-family: Segoe UI,Times New Roman,Times,serif; font-size: 14px; font-style: normal; width: 450px; text-align: justify;\" dir=\"ltr\" valign=\"top\" scope=\"col\">\n<table style=\"width: 450px;\" border=\"0\" align=\"center\">\n<tbody>\n<tr>\n<td><\/td>\n<\/tr>\n<tr style=\"text-align: justify;\" valign=\"top\">\n<td style=\"font-family: Segoe UI,Times New Roman,Times,serif; font-size: 14px; font-style: normal; width: 450px; text-align: justify;\" dir=\"ltr\" valign=\"top\" scope=\"col\">\n<p style=\"text-indent: 0.4cm; text-align: justify;\">The Wise Man\u2019s Fear, yetim bir akt\u00f6rden \u00fcrk\u00fct\u00fcc\u00fc bir kahramana d\u00f6n\u00fc\u015fen Kans\u0131z Kvothe&#8217;un kendisini Newarre\u2019nin ortas\u0131ndaki k\u00fc\u00e7\u00fck bir kasabaya s\u00fcrg\u00fcn etmeden \u00f6nceki b\u00fcy\u00fcleyici hik\u00e2yesini usul usul anlatmaya devam ediyor.<\/p>\n<p style=\"text-indent: 0.4cm; text-align: justify;\">Patrick Rothfuss&#8217;un ola\u011fan\u00fcst\u00fc ilk kitab\u0131 The Name of The Wind&#8217;in hem takip\u00e7i bir mezhepten hem de geni\u015f bir okur kitlesinden olu\u015fan okuyucular\u0131, Kvothe&#8217;un harikalar ve kederlerden olu\u015fan hik\u00e2yesini kral\u0131n k\u00e2tibi Tarih\u00e7i\u2019ye \u00fc\u00e7 g\u00fcn i\u00e7inde anlatma s\u00f6z\u00fc verdi\u011fini hat\u0131rlayacaklard\u0131r.<\/p>\n<p style=\"text-indent: 0.4cm; text-align: justify;\">&#8220;The Wise Man&#8217;s Fear&#8221; ikinci g\u00fcn\u00fc olu\u015fturuyor ve Kvothe ile Ambrose aras\u0131ndaki kan davas\u0131n\u0131n giderek artmas\u0131ndan tutun da, ger\u00e7ek bir sava\u015f\u00e7\u0131ya d\u00f6n\u00fc\u015fmesine sebep olan hayret verici vah\u015fi olaylara ve Felurian ve Adem&#8217;le tan\u0131\u015fmas\u0131na dair okuyucular\u0131 memnun edecek pek \u00e7ok \u015feyi g\u00f6zler \u00f6n\u00fcne sererken bir yandan da hik\u00e2yenin tamam\u0131n\u0131 okuyabilmek i\u00e7in onlar\u0131 umutsuzlu\u011fa s\u00fcr\u00fckl\u00fcyor<\/p>\n<p style=\"text-indent: 0.4cm; text-align: justify;\">Rothfuss son derece becerikli ve yarat\u0131c\u0131 bir hik\u00e2ye anlat\u0131c\u0131s\u0131 olmay\u0131 s\u00fcrd\u00fcr\u00fcyor. Kvothe&#8217;un, \u00f6nce bir adama daha sonra ise bir kahramana ve bir katile d\u00f6n\u00fc\u015fen, bizzat i\u00e7inde k\u0131s\u0131l\u0131 kalana dek g\u00f6ky\u00fcz\u00fcnden kendi mitolojisini \u00f6ren \u00e7ocu\u011fun per\u00e7inleyici hik\u00e2yesini sunuyor bizlere.<\/p>\n<p style=\"text-indent: 0.4cm; text-align: justify;\">Her \u015feyi b\u0131rak\u0131n ve bu kitaplar\u0131 okuyun.<\/p>\n<p style=\"text-align: center;\"><span style=\"font-family: Segoe UI,helvetica,sans-serif;\"> <a href=\"https:\/\/www.kayiprihtim.org\/portal\/biz-bunu-istiyoruz-1\/\">Bir \u00f6nceki sayfaya d\u00f6nmek i\u00e7in t\u0131klay\u0131n\u0131z&#8230;<\/a><strong><br \/>\n<\/strong><\/span><\/p>\n<\/td>\n<\/tr>\n<\/tbody>\n<\/table>\n<\/td>\n<\/tr>\n<\/tbody>\n<\/table>\n","protected":false},"excerpt":{"rendered":"<p>The Wise Man&#8217;s Fear The Wise Man\u2019s Fear, yetim bir akt\u00f6rden \u00fcrk\u00fct\u00fcc\u00fc bir kahramana d\u00f6n\u00fc\u015fen Kans\u0131z Kvothe&#8217;un kendisini Newarre\u2019nin ortas\u0131ndaki k\u00fc\u00e7\u00fck bir kasabaya s\u00fcrg\u00fcn etmeden \u00f6nceki b\u00fcy\u00fcleyici hik\u00e2yesini usul usul anlatmaya devam ediyor. Patrick Rothfuss&#8217;un ola\u011fan\u00fcst\u00fc ilk kitab\u0131 The Name of The Wind&#8217;in hem takip\u00e7i bir mezhepten hem de geni\u015f bir okur kitlesinden olu\u015fan okuyucular\u0131, [&hellip;]<\/p>\n","protected":false},"author":1,"featured_media":0,"parent":10647,"menu_order":0,"comment_status":"open","ping_status":"closed","template":"fullwidth.php","meta":{"_acf_changed":false,"footnotes":""},"class_list":["post-10744","page","type-page","status-publish"],"acf":[],"_links":{"self":[{"href":"https:\/\/www.kayiprihtim.org\/portal\/wp-json\/wp\/v2\/pages\/10744","targetHints":{"allow":["GET"]}}],"collection":[{"href":"https:\/\/www.kayiprihtim.org\/portal\/wp-json\/wp\/v2\/pages"}],"about":[{"href":"https:\/\/www.kayiprihtim.org\/portal\/wp-json\/wp\/v2\/types\/page"}],"author":[{"embeddable":true,"href":"https:\/\/www.kayiprihtim.org\/portal\/wp-json\/wp\/v2\/users\/1"}],"replies":[{"embeddable":true,"href":"https:\/\/www.kayiprihtim.org\/portal\/wp-json\/wp\/v2\/comments?post=10744"}],"version-history":[{"count":0,"href":"https:\/\/www.kayiprihtim.org\/portal\/wp-json\/wp\/v2\/pages\/10744\/revisions"}],"up":[{"embeddable":true,"href":"https:\/\/www.kayiprihtim.org\/portal\/wp-json\/wp\/v2\/pages\/10647"}],"wp:attachment":[{"href":"https:\/\/www.kayiprihtim.org\/portal\/wp-json\/wp\/v2\/media?parent=10744"}],"curies":[{"name":"wp","href":"https:\/\/api.w.org\/{rel}","templated":true}]}}