{"id":10801,"date":"2011-07-05T04:44:56","date_gmt":"2011-07-05T01:44:56","guid":{"rendered":"http:\/\/www.kayiprihtim.org\/portal\/"},"modified":"2011-07-05T09:37:21","modified_gmt":"2011-07-05T06:37:21","slug":"the-kingkiller-chronicle-tesekkurler","status":"publish","type":"page","link":"https:\/\/www.kayiprihtim.org\/portal\/projeler\/biz-bunu-istiyoruz\/biz-bunu-istiyoruz-1\/the-kingkiller-chronicle-tesekkurler\/","title":{"rendered":"The Kingkiller Chronicle: Te\u015fekk\u00fcrler"},"content":{"rendered":"<table style=\"text-align: center; height: 841px; width: 900px; background-image: url(https:\/\/www.kayiprihtim.org\/portal\/gorsel\/nameofhtewind\/notw-backround.jpg);\" border=\"0\" align=\"center\">\n<tbody>\n<tr>\n<td>\n<table style=\"width: 550px;\" border=\"0\" align=\"center\">\n<tbody>\n<tr>\n<td><img fetchpriority=\"high\" decoding=\"async\" class=\"aligncenter\" src=\"https:\/\/www.kayiprihtim.org\/portal\/gorsel\/nameofhtewind\/patrick-rothfuss-thanks.jpg\" alt=\"\" width=\"400\" height=\"300\"><\/p>\n<p style=\"text-indent: 0.4cm; text-align: justify;\">B\u00f6ylesi g\u00fczel bir projede bizi yaln\u0131z b\u0131rakmayan, gerek \u00e7evirileri gerek materyalleri toplamalar\u0131, gerek edit\u00f6rl\u00fckleri gerekse her t\u00fcrden yard\u0131mlar\u0131 i\u00e7in isimlerini s\u00f6ylemeden ge\u00e7emeyece\u011fimiz \u00e7ok \u00f6zel dostlar bulunmakta. Onlar olmasa bu proje de hayata ge\u00e7emezdi!<\/p>\n<p style=\"text-indent: 0.4cm; text-align: justify;\">Peki bahsetti\u011fimiz bu ki\u015filer kimler mi?<\/p>\n<p style=\"text-indent: 0.4cm; text-align: justify;\">Ba\u015fta projeye hayat veren ilk eseri bulan ve haftalarca seriyi yak\u0131n takibe alan ve daha da \u00f6tesi \u00e7evirileri ile eme\u011fini esirgemeyen <strong>Hazal \u00c7amur<\/strong>, nam-\u0131 di\u011fer <strong>F\u0131rt\u0131nak\u0131ran<\/strong>\u2019a,<\/p>\n<p style=\"text-indent: 0.4cm; text-align: justify;\">Sonras\u0131nda g\u00fczel \u00e7evirileri ve d\u00fczeltmeleriyle \u00f6n okuma, r\u00f6portaj gibi i\u015fin &#8220;uzun&#8221; olan k\u0131sm\u0131n\u0131 &#8220;k\u0131sa&#8221; s\u00fcrede halleden ve projenin ak\u0131\u015f\u0131n\u0131 sa\u011flayan <strong>M. \u0130hsan Tatari<\/strong>, nam-\u0131 di\u011fer <strong>mit<\/strong>\u2019e,<\/p>\n<p style=\"text-indent: 0.4cm; text-align: justify;\">\u0130nceleme \u00e7evirisi ile aram\u0131za kat\u0131lan ve projedeki e\u015fitli\u011fi sa\u011flam\u0131\u015f olan sevgili <strong>Yosun Erdemli<\/strong>, nam-\u0131 di\u011fer <strong>kahlan amnell<\/strong>\u2019a,<\/p>\n<p style=\"text-indent: 0.4cm; text-align: justify;\">R\u00f6portaj\u0131n ba\u015flang\u0131\u00e7 \u00e7evirisinde katk\u0131da bulunarak h\u0131zlanmam\u0131za vesile olan <strong>Sait O\u011fuz Karaaslan<\/strong>, nam-\u0131 di\u011fer <strong>Hurin<\/strong>\u2019e,<\/p>\n<p style=\"text-indent: 0.4cm; text-align: justify;\">T\u00fcm projedeki genel edit\u00f6rl\u00fc\u011f\u00fc \u00fcstlenen ve son ana kadar yard\u0131mda bulunan <strong>Onur Selamet<\/strong>, nam-\u0131 di\u011fer <strong>DarLy OpuS<\/strong>\u2019a,<\/p>\n<p style=\"text-indent: 0.4cm; text-align: justify;\">Proje bitimine yak\u0131n h\u0131z\u0131r gibi yeti\u015ferek son d\u00fczenlemeleri ger\u00e7ekle\u015ftiren ve yine son ana kadar elinden gelen yard\u0131m\u0131 esirgemeyen <strong>Ozancan Demir\u0131\u015f\u0131k<\/strong>, nam-\u0131 di\u011fer <strong>Giskard<\/strong>\u2019a,<\/p>\n<p style=\"text-indent: 0.4cm; text-align: justify;\">Kitab\u0131n \u00e7\u0131kaca\u011f\u0131 duyurusunu bizlerle payla\u015fm\u0131\u015f olan <strong>Co\u015fkun \u00d6ren<\/strong> ve nezlinde t\u00fcm <strong>\u0130thaki Yay\u0131nlar\u0131<\/strong> \u00e7al\u0131\u015fanlar\u0131na,<\/p>\n<p style=\"text-indent: 0.4cm; text-align: justify;\">Sordu\u011fumuz sorulara i\u00e7tenlikle cevap veren ve yard\u0131mda bulunan edit\u00f6r <strong>Bora \u00d6ng\u00fcrer<\/strong>\u2019e,<\/p>\n<p style=\"text-indent: 0.4cm; text-align: justify;\">Ba\u015flatm\u0131\u015f oldu\u011fumuz bu ilk projede verdikleri her t\u00fcrl\u00fc emeklerden dolay\u0131 sonsuz te\u015fekk\u00fcrler, sevgi ve sayg\u0131lar.<\/p>\n<p style=\"text-indent: 0.4cm; text-align: justify;\">Bir di\u011fer projede bu ki\u015filerin aras\u0131nda sizleri de g\u00f6rmek dile\u011fiyle,<\/p>\n<p style=\"text-align: justify;\">\u0130yi okumalar!<br \/>\nHakan &#8220;magicalbronze&#8221; Tun\u00e7<\/p>\n<p style=\"text-align: center;\"><span style=\"font-family: Segoe UI,helvetica,sans-serif;\"> <a href=\"https:\/\/www.kayiprihtim.org\/portal\/biz-bunu-istiyoruz-1\/\">Bir \u00f6nceki sayfaya d\u00f6nmek i\u00e7in t\u0131klay\u0131n\u0131z&#8230;<\/a> <\/span><\/p>\n<\/td>\n<\/tr>\n<\/tbody>\n<\/table>\n<\/td>\n<\/tr>\n<\/tbody>\n<\/table>\n","protected":false},"excerpt":{"rendered":"<p>B\u00f6ylesi g\u00fczel bir projede bizi yaln\u0131z b\u0131rakmayan, gerek \u00e7evirileri gerek materyalleri toplamalar\u0131, gerek edit\u00f6rl\u00fckleri gerekse her t\u00fcrden yard\u0131mlar\u0131 i\u00e7in isimlerini s\u00f6ylemeden ge\u00e7emeyece\u011fimiz \u00e7ok \u00f6zel dostlar bulunmakta. Onlar olmasa bu proje de hayata ge\u00e7emezdi! Peki bahsetti\u011fimiz bu ki\u015filer kimler mi? Ba\u015fta projeye hayat veren ilk eseri bulan ve haftalarca seriyi yak\u0131n takibe alan ve daha da [&hellip;]<\/p>\n","protected":false},"author":1,"featured_media":0,"parent":10647,"menu_order":0,"comment_status":"open","ping_status":"closed","template":"fullwidth.php","meta":{"_acf_changed":false,"footnotes":""},"class_list":["post-10801","page","type-page","status-publish"],"acf":[],"_links":{"self":[{"href":"https:\/\/www.kayiprihtim.org\/portal\/wp-json\/wp\/v2\/pages\/10801","targetHints":{"allow":["GET"]}}],"collection":[{"href":"https:\/\/www.kayiprihtim.org\/portal\/wp-json\/wp\/v2\/pages"}],"about":[{"href":"https:\/\/www.kayiprihtim.org\/portal\/wp-json\/wp\/v2\/types\/page"}],"author":[{"embeddable":true,"href":"https:\/\/www.kayiprihtim.org\/portal\/wp-json\/wp\/v2\/users\/1"}],"replies":[{"embeddable":true,"href":"https:\/\/www.kayiprihtim.org\/portal\/wp-json\/wp\/v2\/comments?post=10801"}],"version-history":[{"count":0,"href":"https:\/\/www.kayiprihtim.org\/portal\/wp-json\/wp\/v2\/pages\/10801\/revisions"}],"up":[{"embeddable":true,"href":"https:\/\/www.kayiprihtim.org\/portal\/wp-json\/wp\/v2\/pages\/10647"}],"wp:attachment":[{"href":"https:\/\/www.kayiprihtim.org\/portal\/wp-json\/wp\/v2\/media?parent=10801"}],"curies":[{"name":"wp","href":"https:\/\/api.w.org\/{rel}","templated":true}]}}