{"id":10968,"date":"2011-07-11T12:40:19","date_gmt":"2011-07-11T09:40:19","guid":{"rendered":"http:\/\/www.kayiprihtim.org\/portal\/"},"modified":"2011-07-11T12:40:19","modified_gmt":"2011-07-11T09:40:19","slug":"hirsiz-megan-whalen-turner","status":"publish","type":"page","link":"https:\/\/www.kayiprihtim.org\/portal\/kitaplar\/hirsiz-megan-whalen-turner\/","title":{"rendered":"H\u0131rs\u0131z"},"content":{"rendered":"<table style=\"border: thin outset; border-collapse: collapse; height: 30px; width: 470px;\" border=\"0\" cellpadding=\"2\">\n<tbody>\n<tr>\n<td width=\"30%\" bgcolor=\"#330000\"><span style=\"color: #ffffff;\"><span style=\"font-family: Verdana;\"><strong>ATTOLYA KRALI<\/strong><\/span><\/span><span style=\"font-family: Verdana; color: #ffffff;\"><strong><br \/>\n<\/strong><\/span><\/td>\n<\/tr>\n<\/tbody>\n<\/table>\n<table style=\"border-collapse: collapse; width: 462px; height: 250px;\" border=\"0\" cellspacing=\"0\" cellpadding=\"0\" bordercolor=\"#111111\">\n<tbody>\n<tr>\n<td width=\"58%\" align=\"center\" valign=\"top\">\n<table style=\"border-collapse: collapse; width: 315px; height: 248px;\" border=\"0\" cellspacing=\"2\">\n<tbody>\n<tr>\n<td width=\"100%\" align=\"right\">\n<table style=\"width: 310px; height: 88px;\" border=\"0\" cellspacing=\"0\">\n<tbody>\n<tr bgcolor=\"#d1c4a5\">\n<td width=\"39%\"><strong>Yazar<\/strong><\/td>\n<td width=\"3%\">:<\/td>\n<td width=\"51%\"><span style=\"color: #993300;\"><strong>Megan Whalen Turner<\/strong><\/span><span style=\"color: #181512;\"><br \/>\n<\/span><\/td>\n<\/tr>\n<tr bgcolor=\"#e4ddcb\">\n<td><strong>\u00c7eviri<\/strong><\/td>\n<td width=\"3%\">:<\/td>\n<td width=\"51%\">Ebru S\u00fcrmeli<\/td>\n<\/tr>\n<tr bgcolor=\"#d1c4a5\">\n<td width=\"39%\"><strong>\u00d6zg\u00fcn Ad\u0131<\/strong><\/td>\n<td width=\"3%\">:<\/td>\n<td width=\"51%\">The Thief<\/td>\n<\/tr>\n<tr bgcolor=\"#e4ddcb\">\n<td width=\"39%\"><strong>T\u00fcr<\/strong><\/td>\n<td width=\"3%\">:<\/td>\n<td width=\"51%\">Ciltsiz | 14 x 20 cm<\/td>\n<\/tr>\n<\/tbody>\n<\/table>\n<\/td>\n<\/tr>\n<tr>\n<td style=\"border-style: solid ridge ridge; border-width: 1px; padding-left: 4px; padding-right: 4px;\" width=\"100%\" bgcolor=\"#c0b18d\"><strong><span style=\"font-size: 9pt; font-family: Tahoma;\">Karakedi Yay\u0131nlar\u0131<br \/>\n<\/span><\/strong><\/td>\n<\/tr>\n<tr>\n<td width=\"100%\" align=\"right\">\n<table style=\"width: 310px; height: 88px;\" border=\"0\" cellspacing=\"0\">\n<tbody>\n<tr bgcolor=\"#e4ddcb\">\n<td width=\"39%\"><strong>\u00c7\u0131k\u0131\u015f Tarihi<\/strong><strong><br \/>\n<\/strong><\/td>\n<td width=\"3%\">:<\/td>\n<td width=\"51%\">May\u0131s, 2010<span style=\"color: #181512;\"> <\/span><\/td>\n<\/tr>\n<tr bgcolor=\"#d1c4a5\">\n<td><strong>Sayfa Say\u0131s\u0131<\/strong><\/td>\n<td width=\"3%\">:<\/td>\n<td width=\"51%\">304<\/td>\n<\/tr>\n<tr bgcolor=\"#e4ddcb\">\n<td width=\"39%\"><strong>Fiyat\u0131<\/strong><\/td>\n<td width=\"3%\">:<\/td>\n<td width=\"51%\">14,00 TL<\/td>\n<\/tr>\n<tr bgcolor=\"#d1c4a5\">\n<td width=\"39%\"><strong>ISBN No<\/strong><\/td>\n<td width=\"3%\">:<\/td>\n<td width=\"51%\">9786055715984<\/td>\n<\/tr>\n<\/tbody>\n<\/table>\n<\/td>\n<\/tr>\n<\/tbody>\n<\/table>\n<\/td>\n<td width=\"39%\" align=\"left\" valign=\"top\">\n<p style=\"text-align: center;\">\n<p style=\"text-align: center;\"><a href=\"https:\/\/www.kayiprihtim.org\/portal\/gorsel\/hirsiz-megan-whalen-turner.jpg\" target=\"_blank\"><img decoding=\"async\" class=\"aligncenter\" src=\"https:\/\/www.kayiprihtim.org\/portal\/gorsel\/hirsiz-megan-whalen-turner.jpg\" border=\"0\" alt=\"\" hspace=\"1\" width=\"140\" height=\"219\"><\/a><\/p>\n<\/td>\n<\/tr>\n<\/tbody>\n<\/table>\n<table style=\"border-collapse: collapse; width: 47%;\" border=\"0\" cellpadding=\"0\">\n<tbody>\n<tr>\n<td width=\"54%\">\n<table style=\"border-collapse: collapse; height: 147px; width: 470px;\" border=\"0\" cellspacing=\"0\" cellpadding=\"2\">\n<tbody>\n<tr>\n<td style=\"border-style: solid ridge ridge; border-width: 1px; padding-left: 4px; padding-right: 4px;\" width=\"98%\" bgcolor=\"#c0b18d\"><strong><span style=\"font-size: 9pt; font-family: Tahoma;\">Tan\u0131t\u0131m Yaz\u0131s\u0131<br \/>\n<\/span><\/strong><\/td>\n<\/tr>\n<tr>\n<td width=\"99%\" align=\"left\">\n<table style=\"width: 465px;\" border=\"0\">\n<tbody>\n<tr>\n<td style=\"border-style: outset; border-width: 1px;\" width=\"96%\" bgcolor=\"#d1c4a5\">\n<table style=\"border-collapse: collapse; width: 452px; height: 199px;\" border=\"0\" cellspacing=\"0\" cellpadding=\"5\" bgcolor=\"#d1c4a5\" bordercolor=\"#d1c4a5\">\n<tbody>\n<tr>\n<td width=\"96%\" bgcolor=\"#d1c4a5\">&#8220;\u00c7alamayaca\u011f\u0131m Hi\u00e7bir\u015fey Yok.&#8221;<\/p>\n<p>Bo\u015fbo\u011fazl\u0131\u011f\u0131 y\u00fcz\u00fcnden kendini kral\u0131n hapishanesinde bulan Gen&#8217;in buradan ka\u00e7mak i\u00e7in pek bir \u015fans\u0131 yok gibidir. G\u00fcnlerini, g\u00fcne\u015f g\u00f6rmeyen, tek ki\u015filik h\u00fccresinde, zincire vurulmu\u015f halde ge\u00e7irmektedir. Derken bir g\u00fcn kral\u0131n dan\u0131\u015fman\u0131, k\u00e2hin, imk\u00e2ns\u0131z g\u00f6r\u00fcnen bir g\u00f6rev i\u00e7in onun yeteneklerine ihtiya\u00e7 duyar. Gen, kral i\u00e7in, ba\u015fka bir \u00fclkenin topraklar\u0131ndaki, gizli bir hazineyi \u00e7alacakt\u0131r. B\u00f6ylece \u00e7etin bir yolculuk ba\u015flar. Gen, onlar i\u00e7in sadece, bu g\u00f6rev i\u00e7in se\u00e7ilmi\u015f bir ara\u00e7t\u0131r. Ama her ko\u015fulda d\u00f6rt aya\u011f\u0131 \u00fczerine d\u00fc\u015fmeyi ba\u015faran Gen&#8217;in de kendi planlar\u0131 ve herkesi \u015fa\u015fk\u0131na \u00e7evirecek s\u00fcrprizleri vard\u0131r.<\/p>\n<p>&#8220;Turner&#8217;\u0131n yaratt\u0131\u011f\u0131 d\u00fcnya \u00f6ylesine canl\u0131 ki, karakterler bir yana, neredeyse mitlerine bile inanaca\u011f\u0131m.&#8221;<br \/>\n<strong>-Kristin Cashore-<\/strong><\/p>\n<p>&#8220;Bu kitab\u0131 elinizden b\u0131rakamayacaks\u0131n\u0131z.&#8221;<br \/>\n<strong>-Holly Black-<\/strong><\/p>\n<p>&#8220;Turner&#8217;\u0131n hik\u00e2yecili\u011fi \u00f6ylesine sa\u011flam ki, okuyucular, Gen&#8217;in bir sonraki maceras\u0131n\u0131 iple \u00e7ekecek.&#8221;<br \/>\n<strong>-Publishers Weekly-<\/strong><\/td>\n<\/tr>\n<\/tbody>\n<\/table>\n<\/td>\n<\/tr>\n<\/tbody>\n<\/table>\n<\/td>\n<\/tr>\n<\/tbody>\n<\/table>\n<\/td>\n<\/tr>\n<\/tbody>\n<\/table>\n","protected":false},"excerpt":{"rendered":"<p>ATTOLYA KRALI Yazar : Megan Whalen Turner \u00c7eviri : Ebru S\u00fcrmeli \u00d6zg\u00fcn Ad\u0131 : The Thief T\u00fcr : Ciltsiz | 14 x 20 cm Karakedi Yay\u0131nlar\u0131 \u00c7\u0131k\u0131\u015f Tarihi : May\u0131s, 2010 Sayfa Say\u0131s\u0131 : 304 Fiyat\u0131 : 14,00 TL ISBN No : 9786055715984 Tan\u0131t\u0131m Yaz\u0131s\u0131 &#8220;\u00c7alamayaca\u011f\u0131m Hi\u00e7bir\u015fey Yok.&#8221; Bo\u015fbo\u011fazl\u0131\u011f\u0131 y\u00fcz\u00fcnden kendini kral\u0131n hapishanesinde bulan Gen&#8217;in [&hellip;]<\/p>\n","protected":false},"author":1,"featured_media":0,"parent":57,"menu_order":0,"comment_status":"open","ping_status":"closed","template":"","meta":{"_acf_changed":false,"footnotes":""},"class_list":["post-10968","page","type-page","status-publish"],"acf":[],"_links":{"self":[{"href":"https:\/\/www.kayiprihtim.org\/portal\/wp-json\/wp\/v2\/pages\/10968","targetHints":{"allow":["GET"]}}],"collection":[{"href":"https:\/\/www.kayiprihtim.org\/portal\/wp-json\/wp\/v2\/pages"}],"about":[{"href":"https:\/\/www.kayiprihtim.org\/portal\/wp-json\/wp\/v2\/types\/page"}],"author":[{"embeddable":true,"href":"https:\/\/www.kayiprihtim.org\/portal\/wp-json\/wp\/v2\/users\/1"}],"replies":[{"embeddable":true,"href":"https:\/\/www.kayiprihtim.org\/portal\/wp-json\/wp\/v2\/comments?post=10968"}],"version-history":[{"count":0,"href":"https:\/\/www.kayiprihtim.org\/portal\/wp-json\/wp\/v2\/pages\/10968\/revisions"}],"up":[{"embeddable":true,"href":"https:\/\/www.kayiprihtim.org\/portal\/wp-json\/wp\/v2\/pages\/57"}],"wp:attachment":[{"href":"https:\/\/www.kayiprihtim.org\/portal\/wp-json\/wp\/v2\/media?parent=10968"}],"curies":[{"name":"wp","href":"https:\/\/api.w.org\/{rel}","templated":true}]}}