{"id":1100,"date":"2009-04-08T11:57:12","date_gmt":"2009-04-08T08:57:12","guid":{"rendered":"http:\/\/www.kayiprihtim.org\/portal\/?page_id=1100"},"modified":"2012-01-31T10:16:19","modified_gmt":"2012-01-31T08:16:19","slug":"yuceefendi-gokleri-ejderhalari-on-okuma","status":"publish","type":"page","link":"https:\/\/www.kayiprihtim.org\/portal\/on-okumalar\/yuceefendi-gokleri-ejderhalari-on-okuma\/","title":{"rendered":"Y\u00fcceefendi G\u00f6kleri Ejderhalar\u0131 | \u00d6n Okuma"},"content":{"rendered":"<p><img fetchpriority=\"high\" decoding=\"async\" class=\"alignnone\" src=\"https:\/\/www.kayiprihtim.org\/portal\/gorsel\/dragonlance\/yceefendi_onokuma.jpg\" alt=\"\" width=\"490\" height=\"192\"><\/p>\n<p style=\"text-indent: 0.4cm; text-align: justify;\">M\u0131zrak Sava\u015f\u0131\u2019ndan y\u0131llar sonra Estetiklerden biri, Lillith Hallmark isimli bir kad\u0131n, Palanthasl\u0131 \u00e7ocuklar\u0131 B\u00fcy\u00fck K\u00fct\u00fcphane\u2019ye davet ederek onlara Krynn\u2019in tarihini anlatmaya karar verdi. Lillith o zamanlar Estetiklerin en g\u00fc\u00e7l\u00fcs\u00fc ve en etkilisi olan Bertrem\u2019den hemen sonra geliyordu ve di\u011fer Estetiklerin b\u00fcy\u00fck bir k\u0131sm\u0131 \u00e7al\u0131\u015fmalar\u0131n\u0131n yap\u0131\u015fkan parmaklar, s\u00fcm\u00fckl\u00fc burunlar ve tiz sesler taraf\u0131ndan b\u00f6l\u00fcnmesi ihtimali kar\u015f\u0131s\u0131nda deh\u015fete d\u00fc\u015fseler de, Lillith akl\u0131na koydu\u011funu ger\u00e7ekle\u015ftirmi\u015fti.<\/p>\n<p style=\"text-indent: 0.4cm; text-align: justify;\">Lillith Hallmark hi\u00e7 evlenmemi\u015fti -baz\u0131lar\u0131, kalbinde gizli bir keder oldu\u011funu s\u00f6yl\u00fcyordu- ama \u00e7ocuklar\u0131 \u00e7ok seviyordu ve m\u00fckemmel bir tarih\u00e7iydi. \u00c7ocuklar\u0131n\u0131 getiren ebeveynlerin bir \u00e7o\u011fu onu dinlemek i\u00e7in orada kal\u0131yordu.<\/p>\n<p style=\"text-indent: 0.4cm; text-align: justify;\">Sizler, okurlar\u0131m\u0131z, kahramanlar\u0131m\u0131z\u0131n hikayelerini uzun s\u00fcredir okumam\u0131\u015f olabilece\u011finizden -belki de bu kitab\u0131 almadan \u00f6nce onlar hakk\u0131nda hi\u00e7bir \u015fey okumam\u0131\u015fs\u0131n\u0131zd\u0131r- Lillith\u2019in bug\u00fcnk\u00fc hikayesini dinlemenin bizler a\u00e7\u0131s\u0131ndan iyi olaca\u011f\u0131na karar verdik. Kahramanlar\u0131m\u0131zdan biri olan Tanis Yar\u0131elf\u2019in hayat\u0131nda \u00f6nemli bir yere sahip olan iki kad\u0131n\u0131n hikayesini anlatacak bug\u00fcn \u00e7ocuklara. Kad\u0131nlar, Laurana ve Kitiara, elinizde tuttu\u011funuz kitapta \u00f6nemli yerlere sahipler.<\/p>\n<p style=\"text-indent: 0.4cm; text-align: justify;\">Hikayesine ba\u015flamadan, \u00f6ncesinde olanlar\u0131n bir \u00f6zetini yap\u0131yor. Haydi onu dinleyelim.<br \/>\n\u201cYedi arkada\u015f, be\u015f y\u0131l s\u00fcrecek ayr\u0131l\u0131klar\u0131ndan sonra Solace\u2019ta bulu\u015facaklar\u0131na dair yemin ettiler; bu s\u00fcre zarf\u0131nda ger\u00e7ek tanr\u0131lara dair bir i\u015faret aramaya gideceklerdi g\u00f6r\u00fcn\u00fc\u015fte ama asl\u0131nda kendilerini ar\u0131yorlard\u0131. Bu yedili Tanis Yar\u0131elf, ikiz karde\u015fler Raistlin ve Caramon Majere, c\u00fcce Flint Fireforge, ele avuca s\u0131\u011fmayan kender Tasslehoff Burrfoot, \u015f\u00f6valye Sturm Brightblade ve ikizlerin \u00fcvey ablas\u0131 olan Kitiara uth Matar\u2019d\u0131.<\/p>\n<p style=\"text-indent: 0.4cm; text-align: justify;\">Sturm ve Kit kuzeye, Solamniya\u2019ya do\u011fru yola \u00e7\u0131kt\u0131lar; ikisi de kaybolan aileleri hakk\u0131nda bilgi ar\u0131yordu. Di\u011ferleri de kendi yollar\u0131na gittiler. Kararla\u015ft\u0131r\u0131lan zamanda hepsi hana d\u00f6nd\u00fc, gelemeyece\u011fini bildiren bir mesaj g\u00f6ndermi\u015f olan Kitiara d\u0131\u015f\u0131nda. Kit\u2019e a\u015f\u0131k olan Tanis \u00fcz\u00fclm\u00fc\u015f ve derin bir hayal k\u0131r\u0131kl\u0131\u011f\u0131na u\u011fram\u0131\u015ft\u0131.<\/p>\n<p style=\"text-indent: 0.4cm; text-align: justify;\">Mavi kristalden bir asa ta\u015f\u0131yan gizemli bir kad\u0131n\u0131n hana gelmesi, geride kalan alt\u0131 dostu G\u00fczalaca Karanl\u0131\u011f\u0131n Ejderhalar\u0131 olarak bilinen bir maceraya s\u00fcr\u00fckledi. Yolculuklar\u0131, kahramanlar\u0131m\u0131z\u0131 Solace\u2019tan lanetli Xak Tsaroth \u015fehrine g\u00f6t\u00fcrd\u00fc ve orada ger\u00e7ek tanr\u0131lar kendilerini g\u00f6stererek Mishakal Disklerini verdiler onlara. Disklerin ger\u00e7ek tanr\u0131lar hakk\u0131nda bilgiyi bar\u0131nd\u0131rd\u0131\u011f\u0131 s\u00f6yleniyordu ama kimse onlar\u0131 okuyam\u0131yordu.<br \/>\nOkuyabilecek birini bulmak i\u00e7in aramaya koyuldular.<\/p>\n<p style=\"text-indent: 0.4cm; text-align: justify;\">Solace\u2019a d\u00f6nd\u00fcklerinde Tanis eski bir arkada\u015f\u0131na, Gilthanas isimli bir elfe rastlad\u0131. Tanis ve Gilthanas beraber b\u00fcy\u00fcm\u00fc\u015flerdi ve bir zamanlar \u00e7ok yak\u0131n olmu\u015flard\u0131 ancak zaman ve olaylar aralar\u0131ndaki ba\u011flar\u0131 uzun bir s\u00fcre \u00f6nce kopartm\u0131\u015ft\u0131. Hepsi, kendini be\u011fenmi\u015f bir hobgoblin olan Toede adl\u0131 bir Se\u00e7kinamir\u2019in ordusu taraf\u0131ndan esir al\u0131nd\u0131lar. \u00dczerlerinde kafesler olan arabalara bindirilen k\u00f6leler Pax Tharkas \u015fehrine g\u00f6t\u00fcr\u00fcl\u00fcrken, (Se\u00e7kinamir\u2019in sonradan anlataca\u011f\u0131 hikayenin aksine) ufak bir elf grubu taraf\u0131ndan kurtar\u0131ld\u0131lar.<\/p>\n<p style=\"text-indent: 0.4cm; text-align: justify;\">Tanis, elflerden birinin Gilthanas\u2019\u0131n karde\u015fi olan Porthios oldu\u011funu fark etti. Yol arkada\u015flar\u0131n\u0131n ger\u00e7ek tanr\u0131lar hakk\u0131nda kan\u0131t bulduklar\u0131n\u0131 ve \u015fifa sanat\u0131n\u0131 d\u00fcnyaya geri d\u00f6nd\u00fcrd\u00fcklerini iddia etmeleri \u00fczerine Porthios, Tanis ve dostlar\u0131n\u0131 Qualinost\u2019a g\u00f6t\u00fcrd\u00fc. Burada Tanis, bir zamanlar ni\u015fanl\u0131 oldu\u011fu gen\u00e7 kad\u0131nla, G\u00fcne\u015flerin S\u00f6zc\u00fcs\u00fc\u2019n\u00fcn k\u0131z\u0131 Laurana ile tekrar kar\u015f\u0131la\u015ft\u0131. Kad\u0131n, Tanis\u2019e a\u015f\u0131kt\u0131 ancak adam art\u0131k kad\u0131n\u0131 sevmiyordu. Kitiara\u2019ya olan a\u015fk\u0131 h\u00e2l\u00e2 i\u00e7inde yand\u0131\u011f\u0131ndan, ikiye b\u00f6l\u00fcnm\u00fc\u015f olan kalbi y\u00fcz\u00fcnden ni\u015fan\u0131n\u0131 bozdu; zaten kad\u0131n\u0131n karde\u015fleri ve babas\u0131 bunu asla onaylamayacaklard\u0131 zira Tanis\u2019in damarlar\u0131nda insan kan\u0131 ak\u0131yordu.<\/p>\n<p style=\"text-indent: 0.4cm; text-align: justify;\">Elfler, Ejderha Y\u00fcceefendisi Verminaard taraf\u0131ndan y\u00f6netilen Pax Tharkas \u015fehrine gitmeleri i\u00e7in Tanis ve arkada\u015flar\u0131n\u0131 ikna ettiler. Tanis ve arkada\u015flar\u0131, elflerin g\u00fcven i\u00e7inde yurtlar\u0131ndan ka\u00e7malar\u0131n\u0131 sa\u011flamak i\u00e7in, elfleri tehdit eden ejderha ordular\u0131n\u0131n elf krall\u0131\u011f\u0131na sald\u0131rmalar\u0131n\u0131 engelleyebilmek umuduyla bir k\u00f6le ayaklanmas\u0131 ba\u015flatmay\u0131 planlad\u0131lar.<\/p>\n<p style=\"text-indent: 0.4cm; text-align: justify;\">Gilthanas\u2019\u0131n rehberli\u011findeki arkada\u015flar, Pax Tharkas\u2019a do\u011fru yola koyuldular. Tanis taraf\u0131ndan reddedilmenin ac\u0131s\u0131 i\u00e7indeki Laurana da onun yan\u0131nda olmak i\u00e7in evinden ka\u00e7t\u0131. Adam onu geri g\u00f6ndermeye \u00e7al\u0131\u015ft\u0131 ama kad\u0131n bunu kesinlikle reddetti. Pax Tharkas\u2019a giderken, ejderha ordular\u0131ndan ka\u00e7t\u0131\u011f\u0131n\u0131 iddia eden Eben Shatterstone isimli bir adam onlara kat\u0131ld\u0131; bu adam asl\u0131nda Ejderha Y\u00fcceefendisi Verminaard\u2019\u0131n bir casusuydu.<\/p>\n<p style=\"text-indent: 0.4cm; text-align: justify;\">Kahramanlar gizlice Pax Tharkas\u2019a girdiler ve k\u00f6lelerin aras\u0131na kar\u0131\u015ft\u0131lar. Burada Elistan isimli bir adamla tan\u0131\u015ft\u0131lar. Adam \u00f6l\u00fcmc\u00fcl bir hastal\u0131\u011f\u0131n pen\u00e7esinde k\u0131vran\u0131rken, \u015fifa tanr\u0131\u00e7as\u0131 Mishakal\u2019\u0131n yeni ermi\u015flerinden biri olan Alt\u0131nay onun i\u00e7in tanr\u0131\u00e7as\u0131na dua etti. Elistan iyile\u015fti ve bu tanr\u0131lar hakk\u0131nda daha \u00e7ok \u015fey \u00f6\u011frenmek istedi. Alt\u0131nay ona Mishakal Disklerini verdi ve adam\u0131n onlar\u0131 okuyabildi\u011fini ke\u015ffetti. Adam, Paladine\u2019\u0131n bir ermi\u015fi oldu ve Pax Tharkas\u2019ta esir olarak tutulan di\u011fer insanlara ger\u00e7ek tanr\u0131lar\u0131 tan\u0131tmak i\u00e7in u\u011fra\u015ft\u0131.<br \/>\nTanis ve dostlar\u0131 k\u00f6leleri ayakland\u0131rd\u0131lar ve Verminaard\u2019\u0131 \u00f6ld\u00fcrd\u00fcler. Sekiz y\u00fcz erkek, kad\u0131n ve \u00e7ocuk g\u00fcneye ka\u00e7t\u0131lar ve yakalanmamay\u0131 ba\u015fard\u0131lar. Ma\u011faralara saklanarak k\u0131\u015f\u0131 orada ge\u00e7irebilmeyi umdular.<\/p>\n<p style=\"text-indent: 0.4cm; text-align: justify;\">Bu s\u0131rada, Verminaard k\u0131l\u0131\u011f\u0131na girmi\u015f olan bir aurak ejderan, k\u0131rm\u0131z\u0131 ejderhalardan olu\u015fan bir orduyu eski k\u00f6lelerin ard\u0131na sal\u0131nca k\u00f6leler vadiden ka\u00e7maya ve c\u00fccelerin kay\u0131p krall\u0131\u011f\u0131 olan Thorbardin\u2019de g\u00fcvenli bir s\u0131\u011f\u0131nak bulmaya \u00e7al\u0131\u015ft\u0131lar. Bu maceralar, C\u00fcce Derinlikleri Ejderhalar\u0131 adl\u0131 kitapta anlat\u0131lmaktad\u0131r.<\/p>\n<p style=\"text-indent: 0.4cm; text-align: justify;\">Bu s\u00fcre zarf\u0131nda Laurana, grupla birlikte yolculuk etmeye devam etti. Tehlike, \u00fcz\u00fcnt\u00fc ve korku, k\u0131z\u0131 b\u00fcy\u00fcmeye zorlad\u0131. \u015e\u0131mar\u0131k ve inat\u00e7\u0131 k\u0131z, ciddi ve d\u00fc\u015f\u00fcnceli bir gen\u00e7 kad\u0131na d\u00f6n\u00fc\u015ft\u00fc. Babas\u0131n\u0131n saray\u0131nda kazand\u0131\u011f\u0131 yeteneklerini Elistan\u2019a vazifelerinde yard\u0131m etmek i\u00e7in kulland\u0131 ve Tanis, tan\u0131d\u0131\u011f\u0131 k\u0131zdan \u00e7ok farkl\u0131 olan bu g\u00fczel gen\u00e7 kad\u0131n taraf\u0131ndan b\u00fcy\u00fclendi\u011fini fark etti. Ona a\u015f\u0131k olmaya ba\u015flad\u0131 ve ikiye b\u00f6l\u00fcnd\u00fc. Ger\u00e7ekten sevdi\u011fi kad\u0131n hangisiydi? Laurana\u2019n\u0131n adama duydu\u011fu a\u015fk asla de\u011fi\u015fmedi.<\/p>\n<p style=\"text-indent: 0.4cm; text-align: justify;\">B\u00fcy\u00fck zorluklar ve tehlikelerden sonra kahramanlar Kharas\u2019\u0131n \u00c7ekicini buldular ve onu c\u00fccelere verdiler. Bunun kar\u015f\u0131l\u0131\u011f\u0131nda da c\u00fcceler, m\u00fcltecilerin yeni evlerine gitmek i\u00e7in g\u00fcvenli bir yol bulana kadar Thorbardin\u2019de kalmalar\u0131na izin verdiler. Tanis ve grubu, bir liman \u015fehri olan Tarsis\u2019e gitmek \u00fczere yola koyuldular; oradan, kendilerine yeni bir vatan arayan m\u00fclteciler i\u00e7in beyaz kanatl\u0131 gemiler alacaklard\u0131. Yolculuklar\u0131 ve yol boyunca ya\u015fad\u0131klar\u0131 maceralar, K\u0131\u015f Gecesi Ejderhalar\u0131\u2019nda anlat\u0131lmaktad\u0131r.<\/p>\n<p style=\"text-indent: 0.4cm; text-align: justify;\">Kitiara uth Matar ise dostlar\u0131ndan farkl\u0131 bir yol izledi. Onlar\u0131n izledi\u011fi \u0131\u015f\u0131k yolunun aksine, kad\u0131n\u0131n y\u00fcr\u00fcd\u00fc\u011f\u00fc yol karanl\u0131\u011fa \u00e7\u0131k\u0131yordu. Krali\u00e7e Takhisis\u2019in ejderha ordular\u0131na kat\u0131ld\u0131 ve Kitiara\u2019n\u0131n yetene\u011fi ile azmi, onun k\u0131sa bir s\u00fcre i\u00e7inde y\u00fckselerek Mavi Ejderha Ordusu\u2019nun Ejderha Y\u00fcceefendisi olmas\u0131n\u0131 ve Ansalon\u2019un b\u00fcy\u00fck bir k\u0131sm\u0131nda Mavi Leydi olarak tan\u0131nmas\u0131n\u0131 sa\u011flad\u0131.<\/p>\n<p style=\"text-indent: 0.4cm; text-align: justify;\">Kitiara ve Laurana\u2019n\u0131n maceralar\u0131 ve zaman\u0131n bu noktas\u0131nda onlara neler oldu\u011fu hi\u00e7 anlat\u0131lmad\u0131; \u015fimdiye kadar. Y\u00fcceefendi G\u00f6kleri Ejderhalar\u0131 kitab\u0131nda, Tanis Yar\u0131elf\u2019in hayat\u0131ndaki iki kad\u0131n ayr\u0131 yolculuklara \u00e7\u0131k\u0131yorlar ve yollar\u0131n\u0131n \u00fczerindeki tehlikeler, ikisini de hayatlar\u0131n\u0131n en zorlu durumlar\u0131yla kar\u015f\u0131la\u015fmalar\u0131na neden oluyor. Bu hikayede benim de ufak bir rol\u00fcm var.<br \/>\nHer \u015fey \u015f\u00f6yle ba\u015fl\u0131yor&#8230;\u201d<\/p>\n","protected":false},"excerpt":{"rendered":"<p>M\u0131zrak Sava\u015f\u0131\u2019ndan y\u0131llar sonra Estetiklerden biri, Lillith Hallmark isimli bir kad\u0131n, Palanthasl\u0131 \u00e7ocuklar\u0131 B\u00fcy\u00fck K\u00fct\u00fcphane\u2019ye davet ederek onlara Krynn\u2019in tarihini anlatmaya karar verdi. Lillith o zamanlar Estetiklerin en g\u00fc\u00e7l\u00fcs\u00fc ve en etkilisi olan Bertrem\u2019den hemen sonra geliyordu ve di\u011fer Estetiklerin b\u00fcy\u00fck bir k\u0131sm\u0131 \u00e7al\u0131\u015fmalar\u0131n\u0131n yap\u0131\u015fkan parmaklar, s\u00fcm\u00fckl\u00fc burunlar ve tiz sesler taraf\u0131ndan b\u00f6l\u00fcnmesi ihtimali kar\u015f\u0131s\u0131nda [&hellip;]<\/p>\n","protected":false},"author":1,"featured_media":0,"parent":4833,"menu_order":0,"comment_status":"open","ping_status":"closed","template":"","meta":{"_acf_changed":false,"footnotes":""},"class_list":["post-1100","page","type-page","status-publish"],"acf":[],"_links":{"self":[{"href":"https:\/\/www.kayiprihtim.org\/portal\/wp-json\/wp\/v2\/pages\/1100","targetHints":{"allow":["GET"]}}],"collection":[{"href":"https:\/\/www.kayiprihtim.org\/portal\/wp-json\/wp\/v2\/pages"}],"about":[{"href":"https:\/\/www.kayiprihtim.org\/portal\/wp-json\/wp\/v2\/types\/page"}],"author":[{"embeddable":true,"href":"https:\/\/www.kayiprihtim.org\/portal\/wp-json\/wp\/v2\/users\/1"}],"replies":[{"embeddable":true,"href":"https:\/\/www.kayiprihtim.org\/portal\/wp-json\/wp\/v2\/comments?post=1100"}],"version-history":[{"count":0,"href":"https:\/\/www.kayiprihtim.org\/portal\/wp-json\/wp\/v2\/pages\/1100\/revisions"}],"up":[{"embeddable":true,"href":"https:\/\/www.kayiprihtim.org\/portal\/wp-json\/wp\/v2\/pages\/4833"}],"wp:attachment":[{"href":"https:\/\/www.kayiprihtim.org\/portal\/wp-json\/wp\/v2\/media?parent=1100"}],"curies":[{"name":"wp","href":"https:\/\/api.w.org\/{rel}","templated":true}]}}