{"id":11016,"date":"2011-07-13T13:16:47","date_gmt":"2011-07-13T10:16:47","guid":{"rendered":"http:\/\/www.kayiprihtim.org\/portal\/"},"modified":"2011-07-13T13:16:47","modified_gmt":"2011-07-13T10:16:47","slug":"cassie-palmer-serisi","status":"publish","type":"page","link":"https:\/\/www.kayiprihtim.org\/portal\/kitaplar\/cassie-palmer-serisi\/","title":{"rendered":"Cassie Palmer Serisi"},"content":{"rendered":"<table style=\"border: thin outset; border-collapse: collapse; height: 30px; width: 470px;\" border=\"0\" cellpadding=\"2\">\n<tbody>\n<tr>\n<td width=\"30%\" bgcolor=\"#330000\"><span style=\"color: #ffffff;\"><span style=\"font-family: Verdana;\"><strong><a name=\"1\"><\/a>KARANLI\u011eA DOKUNMAK<\/strong><\/span><\/span><\/td>\n<\/tr>\n<\/tbody>\n<\/table>\n<table style=\"border-collapse: collapse; width: 462px; height: 250px;\" border=\"0\" cellspacing=\"0\" cellpadding=\"0\" bordercolor=\"#111111\">\n<tbody>\n<tr>\n<td width=\"58%\" align=\"center\" valign=\"top\">\n<table style=\"border-collapse: collapse; width: 315px; height: 248px;\" border=\"0\" cellspacing=\"2\">\n<tbody>\n<tr>\n<td width=\"100%\" align=\"right\">\n<table style=\"width: 310px; height: 88px;\" border=\"0\" cellspacing=\"0\">\n<tbody>\n<tr bgcolor=\"#d1c4a5\">\n<td width=\"39%\"><strong>Yazar<\/strong><\/td>\n<td width=\"3%\">:<\/td>\n<td width=\"51%\"><span style=\"color: #993300;\"><strong>Karen Chance<\/strong><\/span><\/td>\n<\/tr>\n<tr bgcolor=\"#e4ddcb\">\n<td><strong>\u00c7eviri<\/strong><\/td>\n<td width=\"3%\">:<\/td>\n<td width=\"51%\">Merve Sar\u0131<\/td>\n<\/tr>\n<tr bgcolor=\"#d1c4a5\">\n<td width=\"39%\"><strong>\u00d6zg\u00fcn Ad\u0131<\/strong><\/td>\n<td width=\"3%\">:<\/td>\n<td width=\"51%\">Touch the Dark<\/td>\n<\/tr>\n<tr bgcolor=\"#e4ddcb\">\n<td width=\"39%\"><strong>Edit\u00f6r<\/strong><\/td>\n<td width=\"3%\">:<\/td>\n<td width=\"51%\">Yusuf Tan<\/td>\n<\/tr>\n<\/tbody>\n<\/table>\n<\/td>\n<\/tr>\n<tr>\n<td style=\"border-style: solid ridge ridge; border-width: 1px; padding-left: 4px; padding-right: 4px;\" width=\"100%\" bgcolor=\"#c0b18d\"><strong><span style=\"font-size: 9pt; font-family: Tahoma;\">Pegasus Yay\u0131nlar\u0131<br \/>\n<\/span><\/strong><\/td>\n<\/tr>\n<tr>\n<td width=\"100%\" align=\"right\">\n<table style=\"width: 310px; height: 88px;\" border=\"0\" cellspacing=\"0\">\n<tbody>\n<tr bgcolor=\"#e4ddcb\">\n<td width=\"39%\"><strong>\u00c7\u0131k\u0131\u015f Tarihi<\/strong><\/td>\n<td width=\"3%\">:<\/td>\n<td width=\"51%\">\u015eubat, 2010<\/td>\n<\/tr>\n<tr bgcolor=\"#d1c4a5\">\n<td><strong>Sayfa Say\u0131s\u0131<\/strong><\/td>\n<td width=\"3%\">:<\/td>\n<td width=\"51%\">336<\/td>\n<\/tr>\n<tr bgcolor=\"#e4ddcb\">\n<td width=\"39%\"><strong>Fiyat\u0131<\/strong><\/td>\n<td width=\"3%\">:<\/td>\n<td width=\"51%\">19,00 TL<\/td>\n<\/tr>\n<tr bgcolor=\"#d1c4a5\">\n<td width=\"39%\"><strong>ISBN No<\/strong><\/td>\n<td width=\"3%\">:<\/td>\n<td width=\"51%\">9786054263448<\/td>\n<\/tr>\n<\/tbody>\n<\/table>\n<\/td>\n<\/tr>\n<\/tbody>\n<\/table>\n<\/td>\n<td width=\"39%\" align=\"left\" valign=\"top\">\n<p style=\"text-align: center;\">\n<p style=\"text-align: center;\"><a href=\"https:\/\/www.kayiprihtim.org\/portal\/gorsel\/karanliga-dokunmaki-karen-chance.jpg\" target=\"_blank\"><img decoding=\"async\" class=\"aligncenter\" src=\"https:\/\/www.kayiprihtim.org\/portal\/gorsel\/karanliga-dokunmaki-karen-chance.jpg\" border=\"0\" alt=\"\" hspace=\"1\" width=\"140\" height=\"219\"><\/a><\/p>\n<\/td>\n<\/tr>\n<\/tbody>\n<\/table>\n<table style=\"border-collapse: collapse; width: 47%;\" border=\"0\" cellpadding=\"0\">\n<tbody>\n<tr>\n<td width=\"54%\">\n<table style=\"border-collapse: collapse; height: 147px; width: 470px;\" border=\"0\" cellspacing=\"0\" cellpadding=\"2\">\n<tbody>\n<tr>\n<td style=\"border-style: solid ridge ridge; border-width: 1px; padding-left: 4px; padding-right: 4px;\" width=\"98%\" bgcolor=\"#c0b18d\"><strong><span style=\"font-size: 9pt; font-family: Tahoma;\">Tan\u0131t\u0131m Yaz\u0131s\u0131<\/span><\/strong><\/td>\n<\/tr>\n<tr>\n<td width=\"99%\" align=\"left\">\n<table style=\"width: 465px;\" border=\"0\">\n<tbody>\n<tr>\n<td style=\"border-style: outset; border-width: 1px;\" width=\"96%\" bgcolor=\"#d1c4a5\">\n<table style=\"border-collapse: collapse; width: 452px; height: 199px;\" border=\"0\" cellspacing=\"0\" cellpadding=\"5\" bgcolor=\"#d1c4a5\" bordercolor=\"#d1c4a5\">\n<tbody>\n<tr>\n<td width=\"96%\" bgcolor=\"#d1c4a5\">New York Times En \u00c7ok Satan Yazarlar\u0131ndan Olan Karen Chance&#8217;den Unutamayaca\u011f\u0131n\u0131z Bir Vampir Serisi<\/p>\n<p>Cassie Palmer Vampir Serisi 1<\/p>\n<p>Cassandra Palmer gelece\u011fi g\u00f6rebilmekte ve ruhlarla ileti\u015fim kurabilmektedir; yetenekleri onu \u00f6l\u00fcml\u00fclere ve \u00f6l\u00fcms\u00fczlere kar\u015f\u0131 \u00e7ekici yapmaktad\u0131r. \u00d6l\u00fclerin hayaletleri genellikle tehlikeli de\u011fillerdir; sevdikleri \u015fey konu\u015fmak&#8230;<br \/>\nhem de \u00e7ok konu\u015fmakt\u0131r.<\/p>\n<p>Her duyarl\u0131 k\u0131z gibi, Cassie de vampirlerden uzak durmaya \u00e7al\u0131\u015fmaktad\u0131r. Fakat \u00fc\u00e7 y\u0131l \u00f6nce elinden ka\u00e7t\u0131\u011f\u0131 kana susam\u0131\u015f mafya \u00fcyesi intikam duygusuyla Cassie&#8217;yi tekrar bulmu\u015ftur ve korunma i\u00e7in onu Vampir Senatosu&#8217;na d\u00f6nmeye zorlam\u0131\u015ft\u0131r.<\/p>\n<p>\u00d6l\u00fcms\u00fcz senat\u00f6rler ona kar\u015f\u0131l\u0131ks\u0131z yard\u0131m etmemektedirler ve Cassie kendisini senatonun en g\u00fc\u00e7l\u00fc \u00fcyelerinden biri olan ba\u015ftan \u00e7\u0131kar\u0131c\u0131, usta vampirle \u00e7al\u0131\u015f\u0131rken bulur. Ama vampirin istedi\u011fi bedel Cassie&#8217;nin vermek istedi\u011finden fazla olabilir&#8230;<\/p>\n<p>&#8220;Seksi ve korkun\u00e7 vampirlerle dolu. Elinizden b\u0131rakamayacaks\u0131n\u0131z.&#8221;<br \/>\n<strong>-Patricia Briggs-<\/strong><\/p>\n<p>&#8220;Karen Chance vampirler, b\u00fcy\u00fcc\u00fcler ve bunlar\u0131n k\u0131\u00e7lar\u0131n\u0131 tekmeleyecek bela bir cici k\u0131z\u0131n d\u00fcnyas\u0131yla sizi kendisine ba\u011flayacak.&#8221;<br \/>\n<strong>-Rebecca York, yazar-<\/strong><\/p>\n<p>&#8220;Favori kitaplar\u0131mdan biri.&#8221;<br \/>\n<strong>-Charlaine Harris-<\/strong><\/td>\n<\/tr>\n<\/tbody>\n<\/table>\n<\/td>\n<\/tr>\n<\/tbody>\n<\/table>\n<\/td>\n<\/tr>\n<\/tbody>\n<\/table>\n<\/td>\n<\/tr>\n<\/tbody>\n<\/table>\n<p><span style=\"color: #e4ddcb;\">&#8211;<\/span><\/p>\n<table style=\"border: thin outset; border-collapse: collapse; height: 30px; width: 470px;\" border=\"0\" cellpadding=\"2\">\n<tbody>\n<tr>\n<td width=\"30%\" bgcolor=\"#330000\"><span style=\"color: #ffffff;\"><span style=\"font-family: Verdana;\"><strong><a name=\"2\"><\/a>KARANLI\u011eIN G\u00d6LGES\u0130<\/strong><\/span><\/span><\/td>\n<\/tr>\n<\/tbody>\n<\/table>\n<table style=\"border-collapse: collapse; width: 462px; height: 250px;\" border=\"0\" cellspacing=\"0\" cellpadding=\"0\" bordercolor=\"#111111\">\n<tbody>\n<tr>\n<td width=\"58%\" align=\"center\" valign=\"top\">\n<table style=\"border-collapse: collapse; width: 315px; height: 248px;\" border=\"0\" cellspacing=\"2\">\n<tbody>\n<tr>\n<td width=\"100%\" align=\"right\">\n<table style=\"width: 310px; height: 88px;\" border=\"0\" cellspacing=\"0\">\n<tbody>\n<tr bgcolor=\"#d1c4a5\">\n<td width=\"39%\"><strong>Yazar<\/strong><\/td>\n<td width=\"3%\">:<\/td>\n<td width=\"51%\"><span style=\"color: #993300;\"><strong>Karen Chance<\/strong><\/span><\/td>\n<\/tr>\n<tr bgcolor=\"#e4ddcb\">\n<td><strong>\u00c7eviri<\/strong><\/td>\n<td width=\"3%\">:<\/td>\n<td width=\"51%\">Eda Aksan<\/td>\n<\/tr>\n<tr bgcolor=\"#d1c4a5\">\n<td width=\"39%\"><strong>\u00d6zg\u00fcn Ad\u0131<\/strong><\/td>\n<td width=\"3%\">:<\/td>\n<td width=\"51%\">Claimed by Shadow<\/td>\n<\/tr>\n<tr bgcolor=\"#e4ddcb\">\n<td width=\"39%\"><strong>Edit\u00f6r<\/strong><\/td>\n<td width=\"3%\">:<\/td>\n<td width=\"51%\">Sibel Y\u0131ld\u0131z<\/td>\n<\/tr>\n<\/tbody>\n<\/table>\n<\/td>\n<\/tr>\n<tr>\n<td style=\"border-style: solid ridge ridge; border-width: 1px; padding-left: 4px; padding-right: 4px;\" width=\"100%\" bgcolor=\"#c0b18d\"><strong><span style=\"font-size: 9pt; font-family: Tahoma;\">Pegasus Yay\u0131nlar\u0131<br \/>\n<\/span><\/strong><\/td>\n<\/tr>\n<tr>\n<td width=\"100%\" align=\"right\">\n<table style=\"width: 310px; height: 88px;\" border=\"0\" cellspacing=\"0\">\n<tbody>\n<tr bgcolor=\"#e4ddcb\">\n<td width=\"39%\"><strong>\u00c7\u0131k\u0131\u015f Tarihi<\/strong><\/td>\n<td width=\"3%\">:<\/td>\n<td width=\"51%\">Temmuz, 2011<\/td>\n<\/tr>\n<tr bgcolor=\"#d1c4a5\">\n<td><strong>Sayfa Say\u0131s\u0131<\/strong><\/td>\n<td width=\"3%\">:<\/td>\n<td width=\"51%\">400<\/td>\n<\/tr>\n<tr bgcolor=\"#e4ddcb\">\n<td width=\"39%\"><strong>Fiyat\u0131<\/strong><\/td>\n<td width=\"3%\">:<\/td>\n<td width=\"51%\">20,00 TL<\/td>\n<\/tr>\n<tr bgcolor=\"#d1c4a5\">\n<td width=\"39%\"><strong>ISBN No<\/strong><\/td>\n<td width=\"3%\">:<\/td>\n<td width=\"51%\">9786054456635<\/td>\n<\/tr>\n<\/tbody>\n<\/table>\n<\/td>\n<\/tr>\n<\/tbody>\n<\/table>\n<\/td>\n<td width=\"39%\" align=\"left\" valign=\"top\">\n<p style=\"text-align: center;\">\n<p style=\"text-align: center;\"><a href=\"https:\/\/www.kayiprihtim.org\/portal\/gorsel\/karanligin-golgesi-karen-chance.jpg\" target=\"_blank\"><img decoding=\"async\" class=\"aligncenter\" src=\"https:\/\/www.kayiprihtim.org\/portal\/gorsel\/karanligin-golgesi-karen-chance.jpg\" border=\"0\" alt=\"\" hspace=\"1\" width=\"140\" height=\"219\"><\/a><\/p>\n<\/td>\n<\/tr>\n<\/tbody>\n<\/table>\n<table style=\"border-collapse: collapse; width: 47%;\" border=\"0\" cellpadding=\"0\">\n<tbody>\n<tr>\n<td width=\"54%\">\n<table style=\"border-collapse: collapse; height: 147px; width: 470px;\" border=\"0\" cellspacing=\"0\" cellpadding=\"2\">\n<tbody>\n<tr>\n<td style=\"border-style: solid ridge ridge; border-width: 1px; padding-left: 4px; padding-right: 4px;\" width=\"98%\" bgcolor=\"#c0b18d\"><strong><span style=\"font-size: 9pt; font-family: Tahoma;\">Tan\u0131t\u0131m Yaz\u0131s\u0131<\/span><\/strong><\/td>\n<\/tr>\n<tr>\n<td width=\"99%\" align=\"left\">\n<table style=\"width: 465px;\" border=\"0\">\n<tbody>\n<tr>\n<td style=\"border-style: outset; border-width: 1px;\" width=\"96%\" bgcolor=\"#d1c4a5\">\n<table style=\"border-collapse: collapse; width: 452px; height: 199px;\" border=\"0\" cellspacing=\"0\" cellpadding=\"5\" bgcolor=\"#d1c4a5\" bordercolor=\"#d1c4a5\">\n<tbody>\n<tr>\n<td width=\"96%\" bgcolor=\"#d1c4a5\">Karanl\u0131\u011fa Dokunmak kald\u0131\u011f\u0131 yerden devam ediyor.<\/p>\n<p>Hakikatleri \u00f6rten bir perdedir karanl\u0131k. Onun sakl\u0131 d\u00fcnyas\u0131na tek tan\u0131kl\u0131k edense pe\u015finden ayr\u0131lmayan g\u00f6lgesidir. Fantastik edebiyat\u0131n karanl\u0131k d\u00fcnyas\u0131na onun g\u00f6lgesi kadar yak\u0131n olmak istiyorsan\u0131z Cassie Palmer&#8217;\u0131n bu macera dolu hik\u00e2yesini elinizden d\u00fc\u015f\u00fcrmeyeceksiniz.<\/p>\n<p>Cassandra Palmer, k\u0131sa bir s\u00fcre \u00f6nce d\u00fcnyan\u0131n ba\u015f k\u00e2hini olan Pythia&#8217;n\u0131n g\u00f6revini ele ge\u00e7irmi\u015ftir. Bu mevki ancak y\u0131llar s\u00fcren bir e\u011fitimden sonra elde edilmektedir fakat Cassie, bu tabuyu yerle bir etmi\u015ftir. Cassie&#8217;nin kullanmaktan bile \u00e7ekindi\u011fi bu muazzam g\u00fc\u00e7, onu elde etmek ya da ortadan kald\u0131rmak isteyen her vampirin, b\u00fcy\u00fcc\u00fcn\u00fcn ve perinin i\u015ftah\u0131n\u0131 kabartmaktad\u0131r. Ancak Cassie kullan\u0131lmaktan ve oradan oraya s\u00fcr\u00fcklenmekten b\u0131km\u0131\u015ft\u0131r ve art\u0131k buna kalk\u0131\u015fan herkes, Cassie&#8217;nin ne kadar gaddar bir d\u00fc\u015fman olabilece\u011fini \u00f6\u011frenecektir.<\/p>\n<p>&#8220;Karen Chance sizi b\u00fcy\u00fcleyecek!&#8221;<br \/>\n<strong>-Rebecca York-<\/strong><\/p>\n<p>&#8220;Kesinlikle heyecan verici.&#8221;<br \/>\n<strong>-Locus-<\/strong><\/p>\n<p>&#8220;Seksi ve korkun\u00e7 vampirlerle dolu. Elinizden b\u0131rakamayacaks\u0131n\u0131z.&#8221;<br \/>\n<strong>-Patricia Briggs-<\/strong><\/td>\n<\/tr>\n<\/tbody>\n<\/table>\n<\/td>\n<\/tr>\n<\/tbody>\n<\/table>\n<\/td>\n<\/tr>\n<\/tbody>\n<\/table>\n<\/td>\n<\/tr>\n<\/tbody>\n<\/table>\n","protected":false},"excerpt":{"rendered":"<p>KARANLI\u011eA DOKUNMAK Yazar : Karen Chance \u00c7eviri : Merve Sar\u0131 \u00d6zg\u00fcn Ad\u0131 : Touch the Dark Edit\u00f6r : Yusuf Tan Pegasus Yay\u0131nlar\u0131 \u00c7\u0131k\u0131\u015f Tarihi : \u015eubat, 2010 Sayfa Say\u0131s\u0131 : 336 Fiyat\u0131 : 19,00 TL ISBN No : 9786054263448 Tan\u0131t\u0131m Yaz\u0131s\u0131 New York Times En \u00c7ok Satan Yazarlar\u0131ndan Olan Karen Chance&#8217;den Unutamayaca\u011f\u0131n\u0131z Bir Vampir Serisi [&hellip;]<\/p>\n","protected":false},"author":1,"featured_media":0,"parent":57,"menu_order":0,"comment_status":"open","ping_status":"closed","template":"","meta":{"_acf_changed":false,"footnotes":""},"class_list":["post-11016","page","type-page","status-publish"],"acf":[],"_links":{"self":[{"href":"https:\/\/www.kayiprihtim.org\/portal\/wp-json\/wp\/v2\/pages\/11016","targetHints":{"allow":["GET"]}}],"collection":[{"href":"https:\/\/www.kayiprihtim.org\/portal\/wp-json\/wp\/v2\/pages"}],"about":[{"href":"https:\/\/www.kayiprihtim.org\/portal\/wp-json\/wp\/v2\/types\/page"}],"author":[{"embeddable":true,"href":"https:\/\/www.kayiprihtim.org\/portal\/wp-json\/wp\/v2\/users\/1"}],"replies":[{"embeddable":true,"href":"https:\/\/www.kayiprihtim.org\/portal\/wp-json\/wp\/v2\/comments?post=11016"}],"version-history":[{"count":0,"href":"https:\/\/www.kayiprihtim.org\/portal\/wp-json\/wp\/v2\/pages\/11016\/revisions"}],"up":[{"embeddable":true,"href":"https:\/\/www.kayiprihtim.org\/portal\/wp-json\/wp\/v2\/pages\/57"}],"wp:attachment":[{"href":"https:\/\/www.kayiprihtim.org\/portal\/wp-json\/wp\/v2\/media?parent=11016"}],"curies":[{"name":"wp","href":"https:\/\/api.w.org\/{rel}","templated":true}]}}