{"id":11155,"date":"2011-07-22T15:25:01","date_gmt":"2011-07-22T12:25:01","guid":{"rendered":"http:\/\/www.kayiprihtim.org\/portal\/"},"modified":"2020-08-05T03:14:29","modified_gmt":"2020-08-05T00:14:29","slug":"kralkatili-guncesi","status":"publish","type":"page","link":"https:\/\/www.kayiprihtim.org\/portal\/kitaplar\/kralkatili-guncesi\/","title":{"rendered":"Kralkatili G\u00fcncesi"},"content":{"rendered":"<p><a href=\"https:\/\/www.kayiprihtim.org\/portal\/yazarlar\/patrick-rothfuss\/\"><strong>Patrick Rothfuss<\/strong><\/a>&#8216;in 33 dile \u00e7evrilerek d\u00fcnya \u00e7ap\u0131nda ilgiyle okunan fantastik serisidir. \u015eimdiden fantasti\u011fin ba\u015fyap\u0131tlar\u0131 aras\u0131nda g\u00f6sterilen serinin toplamda iki kitab\u0131 \u00e7\u0131km\u0131\u015ft\u0131r ve bunlar dilimize \u00e7evrilmi\u015ftir. \u015eu anda serinin \u00fc\u00e7\u00fcnc\u00fc ve son kitab\u0131n\u0131n \u00e7\u0131k\u0131\u015f\u0131 beklenmektedir.<\/p>\n<h3>Seride Bulunan Kitaplar<\/h3>\n<ol>\n<li>R\u00fczgar\u0131n Ad\u0131<\/li>\n<li>Bilge Adam\u0131n Korkusu<\/li>\n<li>Sessizli\u011fin M\u00fczi\u011fi<\/li>\n<\/ol>\n<h4 style=\"text-align: center;\"><a href=\"https:\/\/kayiprihtim.com\/dosya\/kralkatili-guncesi-hakkinda-en-cok-konusulan-birbirinden-fantastik-teoriler\/\" rel=\"nofollow noopener\" target=\"_blank\">&#8211; Kralkatili Teorileri i\u00e7in t\u0131klay\u0131n &#8211;<\/a><\/h4>\n","protected":false},"excerpt":{"rendered":"<p>Patrick Rothfuss&#8216;in 33 dile \u00e7evrilerek d\u00fcnya \u00e7ap\u0131nda ilgiyle okunan fantastik serisidir. \u015eimdiden fantasti\u011fin ba\u015fyap\u0131tlar\u0131 aras\u0131nda g\u00f6sterilen serinin toplamda iki kitab\u0131 \u00e7\u0131km\u0131\u015ft\u0131r ve bunlar dilimize \u00e7evrilmi\u015ftir. \u015eu anda serinin \u00fc\u00e7\u00fcnc\u00fc ve son kitab\u0131n\u0131n \u00e7\u0131k\u0131\u015f\u0131 beklenmektedir. Seride Bulunan Kitaplar R\u00fczgar\u0131n Ad\u0131 Bilge Adam\u0131n Korkusu Sessizli\u011fin M\u00fczi\u011fi &#8211; Kralkatili Teorileri i\u00e7in t\u0131klay\u0131n &#8211;<\/p>\n","protected":false},"author":1,"featured_media":0,"parent":57,"menu_order":0,"comment_status":"open","ping_status":"closed","template":"","meta":{"_acf_changed":false,"footnotes":""},"class_list":["post-11155","page","type-page","status-publish"],"acf":[],"_links":{"self":[{"href":"https:\/\/www.kayiprihtim.org\/portal\/wp-json\/wp\/v2\/pages\/11155","targetHints":{"allow":["GET"]}}],"collection":[{"href":"https:\/\/www.kayiprihtim.org\/portal\/wp-json\/wp\/v2\/pages"}],"about":[{"href":"https:\/\/www.kayiprihtim.org\/portal\/wp-json\/wp\/v2\/types\/page"}],"author":[{"embeddable":true,"href":"https:\/\/www.kayiprihtim.org\/portal\/wp-json\/wp\/v2\/users\/1"}],"replies":[{"embeddable":true,"href":"https:\/\/www.kayiprihtim.org\/portal\/wp-json\/wp\/v2\/comments?post=11155"}],"version-history":[{"count":1,"href":"https:\/\/www.kayiprihtim.org\/portal\/wp-json\/wp\/v2\/pages\/11155\/revisions"}],"predecessor-version":[{"id":59071,"href":"https:\/\/www.kayiprihtim.org\/portal\/wp-json\/wp\/v2\/pages\/11155\/revisions\/59071"}],"up":[{"embeddable":true,"href":"https:\/\/www.kayiprihtim.org\/portal\/wp-json\/wp\/v2\/pages\/57"}],"wp:attachment":[{"href":"https:\/\/www.kayiprihtim.org\/portal\/wp-json\/wp\/v2\/media?parent=11155"}],"curies":[{"name":"wp","href":"https:\/\/api.w.org\/{rel}","templated":true}]}}