{"id":11292,"date":"2011-08-01T13:05:38","date_gmt":"2011-08-01T10:05:38","guid":{"rendered":"http:\/\/www.kayiprihtim.org\/portal\/"},"modified":"2011-08-01T15:25:39","modified_gmt":"2011-08-01T12:25:39","slug":"hayalet-derek-meister","status":"publish","type":"page","link":"https:\/\/www.kayiprihtim.org\/portal\/kitaplar\/hayalet-derek-meister\/","title":{"rendered":"Hayalet"},"content":{"rendered":"<table style=\"border: thin outset; border-collapse: collapse; height: 30px; width: 470px;\" border=\"0\" cellpadding=\"2\">\n<tbody>\n<tr>\n<td width=\"30%\" bgcolor=\"#330000\"><span style=\"color: #ffffff;\"><span style=\"font-family: Verdana;\"><strong><a name=\"1\"><\/a>HAYALET AVCI<\/strong><\/span><\/span><\/td>\n<\/tr>\n<\/tbody>\n<\/table>\n<table style=\"border-collapse: collapse; width: 462px; height: 250px;\" border=\"0\" cellspacing=\"0\" cellpadding=\"0\" bordercolor=\"#111111\">\n<tbody>\n<tr>\n<td width=\"58%\" align=\"center\" valign=\"top\">\n<table style=\"border-collapse: collapse; width: 315px; height: 248px;\" border=\"0\" cellspacing=\"2\">\n<tbody>\n<tr>\n<td width=\"100%\" align=\"right\">\n<table style=\"width: 310px; height: 88px;\" border=\"0\" cellspacing=\"0\">\n<tbody>\n<tr bgcolor=\"#d1c4a5\">\n<td width=\"39%\"><strong>Yazar<\/strong><\/td>\n<td width=\"3%\">:<\/td>\n<td width=\"51%\"><span style=\"color: #993300;\"><strong>Derek Meister<\/strong><\/span><\/td>\n<\/tr>\n<tr bgcolor=\"#e4ddcb\">\n<td><strong>\u00c7eviri<\/strong><\/td>\n<td width=\"3%\">:<\/td>\n<td width=\"51%\">G\u00fcng\u00f6r Demir<\/td>\n<\/tr>\n<tr bgcolor=\"#d1c4a5\">\n<td width=\"39%\"><strong>\u00d6zg\u00fcn Ad\u0131<\/strong><\/td>\n<td width=\"3%\">:<\/td>\n<td width=\"51%\">Ghosthunter<\/td>\n<\/tr>\n<tr bgcolor=\"#e4ddcb\">\n<td width=\"39%\"><strong>Ebat<\/strong><\/td>\n<td width=\"3%\">:<\/td>\n<td width=\"51%\">Ciltsiz | 14 x 20 cm<\/td>\n<\/tr>\n<\/tbody>\n<\/table>\n<\/td>\n<\/tr>\n<tr>\n<td style=\"border-style: solid ridge ridge; border-width: 1px; padding-left: 4px; padding-right: 4px;\" width=\"100%\" bgcolor=\"#c0b18d\"><strong><span style=\"font-size: 9pt; font-family: Tahoma;\">Som Kitap<br \/>\n<\/span><\/strong><\/td>\n<\/tr>\n<tr>\n<td width=\"100%\" align=\"right\">\n<table style=\"width: 310px; height: 88px;\" border=\"0\" cellspacing=\"0\">\n<tbody>\n<tr bgcolor=\"#e4ddcb\">\n<td width=\"39%\"><strong>\u00c7\u0131k\u0131\u015f Tarihi<\/strong><\/td>\n<td width=\"3%\">:<\/td>\n<td width=\"51%\">A\u011fustos, 2011<\/td>\n<\/tr>\n<tr bgcolor=\"#d1c4a5\">\n<td><strong>Sayfa Say\u0131s\u0131<\/strong><\/td>\n<td width=\"3%\">:<\/td>\n<td width=\"51%\">400<\/td>\n<\/tr>\n<tr bgcolor=\"#e4ddcb\">\n<td width=\"39%\"><strong>Fiyat\u0131<\/strong><\/td>\n<td width=\"3%\">:<\/td>\n<td width=\"51%\">26,00 TL<\/td>\n<\/tr>\n<tr bgcolor=\"#d1c4a5\">\n<td width=\"39%\"><strong>ISBN No<\/strong><\/td>\n<td width=\"3%\">:<\/td>\n<td width=\"51%\">9786056186851<\/td>\n<\/tr>\n<\/tbody>\n<\/table>\n<\/td>\n<\/tr>\n<\/tbody>\n<\/table>\n<\/td>\n<td width=\"39%\" align=\"left\" valign=\"top\">\n<p style=\"text-align: center;\">\n<p style=\"text-align: center;\"><a href=\"https:\/\/www.kayiprihtim.org\/portal\/gorsel\/hayalet-avci-derek-meister.jpg\" target=\"_blank\"><img decoding=\"async\" class=\"aligncenter\" src=\"https:\/\/www.kayiprihtim.org\/portal\/gorsel\/hayalet-avci-derek-meister.jpg\" border=\"0\" alt=\"\" hspace=\"1\" width=\"140\" height=\"219\"><\/a><\/p>\n<\/td>\n<\/tr>\n<\/tbody>\n<\/table>\n<table style=\"border-collapse: collapse; width: 47%;\" border=\"0\" cellpadding=\"0\">\n<tbody>\n<tr>\n<td width=\"54%\">\n<table style=\"border-collapse: collapse; height: 147px; width: 470px;\" border=\"0\" cellspacing=\"0\" cellpadding=\"2\">\n<tbody>\n<tr>\n<td style=\"border-style: solid ridge ridge; border-width: 1px; padding-left: 4px; padding-right: 4px;\" width=\"98%\" bgcolor=\"#c0b18d\"><strong><span style=\"font-size: 9pt; font-family: Tahoma;\">Tan\u0131t\u0131m Yaz\u0131s\u0131<\/span><\/strong><\/td>\n<\/tr>\n<tr>\n<td width=\"99%\" align=\"left\">\n<table style=\"width: 465px;\" border=\"0\">\n<tbody>\n<tr>\n<td style=\"border-style: outset; border-width: 1px;\" width=\"96%\" bgcolor=\"#d1c4a5\">\n<table style=\"border-collapse: collapse; width: 452px; height: 199px;\" border=\"0\" cellspacing=\"0\" cellpadding=\"5\" bgcolor=\"#d1c4a5\" bordercolor=\"#d1c4a5\">\n<tbody>\n<tr>\n<td width=\"96%\" bgcolor=\"#d1c4a5\">Onlar var.<br \/>\nIan Boroughs bunu biliyor.<br \/>\nOnlar\u0131 g\u00f6rebiliyor.<\/p>\n<p>Hayaletler<\/p>\n<p>Birden ortaya \u00e7\u0131k\u0131yorlar.<br \/>\nDokunduklar\u0131 her \u015feyi yak\u0131yorlar.<br \/>\nBabas\u0131n\u0131n \u00f6l\u00fcm\u00fcnden bu yarat\u0131klar m\u0131 sorumlu? Ian&#8217;in b\u00fcy\u00fckbabas\u0131n\u0131n, otuz y\u0131ldan uzun bir s\u00fcredir kay\u0131p olmas\u0131n\u0131n nedeni onlar m\u0131? 17 ya\u015f\u0131ndaki Ian, en yak\u0131n arkada\u015f\u0131yla birlikte bu s\u0131rr\u0131 \u00e7\u00f6zmeye karar verir. Oysa, hayaletlerin ne kadar tehlikeli olduklar\u0131n\u0131n fark\u0131nda de\u011fildir&#8230;<\/td>\n<\/tr>\n<\/tbody>\n<\/table>\n<\/td>\n<\/tr>\n<\/tbody>\n<\/table>\n<\/td>\n<\/tr>\n<\/tbody>\n<\/table>\n<\/td>\n<\/tr>\n<\/tbody>\n<\/table>\n","protected":false},"excerpt":{"rendered":"<p>HAYALET AVCI Yazar : Derek Meister \u00c7eviri : G\u00fcng\u00f6r Demir \u00d6zg\u00fcn Ad\u0131 : Ghosthunter Ebat : Ciltsiz | 14 x 20 cm Som Kitap \u00c7\u0131k\u0131\u015f Tarihi : A\u011fustos, 2011 Sayfa Say\u0131s\u0131 : 400 Fiyat\u0131 : 26,00 TL ISBN No : 9786056186851 Tan\u0131t\u0131m Yaz\u0131s\u0131 Onlar var. Ian Boroughs bunu biliyor. Onlar\u0131 g\u00f6rebiliyor. Hayaletler Birden ortaya \u00e7\u0131k\u0131yorlar. [&hellip;]<\/p>\n","protected":false},"author":1,"featured_media":0,"parent":57,"menu_order":0,"comment_status":"open","ping_status":"closed","template":"","meta":{"_acf_changed":false,"footnotes":""},"class_list":["post-11292","page","type-page","status-publish"],"acf":[],"_links":{"self":[{"href":"https:\/\/www.kayiprihtim.org\/portal\/wp-json\/wp\/v2\/pages\/11292","targetHints":{"allow":["GET"]}}],"collection":[{"href":"https:\/\/www.kayiprihtim.org\/portal\/wp-json\/wp\/v2\/pages"}],"about":[{"href":"https:\/\/www.kayiprihtim.org\/portal\/wp-json\/wp\/v2\/types\/page"}],"author":[{"embeddable":true,"href":"https:\/\/www.kayiprihtim.org\/portal\/wp-json\/wp\/v2\/users\/1"}],"replies":[{"embeddable":true,"href":"https:\/\/www.kayiprihtim.org\/portal\/wp-json\/wp\/v2\/comments?post=11292"}],"version-history":[{"count":0,"href":"https:\/\/www.kayiprihtim.org\/portal\/wp-json\/wp\/v2\/pages\/11292\/revisions"}],"up":[{"embeddable":true,"href":"https:\/\/www.kayiprihtim.org\/portal\/wp-json\/wp\/v2\/pages\/57"}],"wp:attachment":[{"href":"https:\/\/www.kayiprihtim.org\/portal\/wp-json\/wp\/v2\/media?parent=11292"}],"curies":[{"name":"wp","href":"https:\/\/api.w.org\/{rel}","templated":true}]}}