{"id":113,"date":"2008-07-10T00:26:15","date_gmt":"2008-07-09T21:26:15","guid":{"rendered":"http:\/\/www.kayiprihtim.org\/portal\/seri\/dune-serisi\/"},"modified":"2016-05-26T05:32:18","modified_gmt":"2016-05-26T02:32:18","slug":"dune-serisi","status":"publish","type":"page","link":"https:\/\/www.kayiprihtim.org\/portal\/kitaplar\/dune-serisi\/","title":{"rendered":"Dune Serisi"},"content":{"rendered":"<p>Dune, Frank Herbertin (1920-1986) Hugo ve Nebula \u00f6d\u00fcllerini almas\u0131n\u0131 sa\u011flayan ve t\u00fcm d\u00fcnyada on be\u015f milyondan fazla kopyas\u0131 sat\u0131lan 6 kitaptan olu\u015fan bilimkurgu roman serisidir.<\/p>\n","protected":false},"excerpt":{"rendered":"<p>Dune, Frank Herbertin (1920-1986) Hugo ve Nebula \u00f6d\u00fcllerini almas\u0131n\u0131 sa\u011flayan ve t\u00fcm d\u00fcnyada on be\u015f milyondan fazla kopyas\u0131 sat\u0131lan 6 kitaptan olu\u015fan bilimkurgu roman serisidir.<\/p>\n","protected":false},"author":1,"featured_media":0,"parent":57,"menu_order":0,"comment_status":"open","ping_status":"closed","template":"","meta":{"_acf_changed":false,"footnotes":""},"class_list":["post-113","page","type-page","status-publish"],"acf":[],"_links":{"self":[{"href":"https:\/\/www.kayiprihtim.org\/portal\/wp-json\/wp\/v2\/pages\/113","targetHints":{"allow":["GET"]}}],"collection":[{"href":"https:\/\/www.kayiprihtim.org\/portal\/wp-json\/wp\/v2\/pages"}],"about":[{"href":"https:\/\/www.kayiprihtim.org\/portal\/wp-json\/wp\/v2\/types\/page"}],"author":[{"embeddable":true,"href":"https:\/\/www.kayiprihtim.org\/portal\/wp-json\/wp\/v2\/users\/1"}],"replies":[{"embeddable":true,"href":"https:\/\/www.kayiprihtim.org\/portal\/wp-json\/wp\/v2\/comments?post=113"}],"version-history":[{"count":0,"href":"https:\/\/www.kayiprihtim.org\/portal\/wp-json\/wp\/v2\/pages\/113\/revisions"}],"up":[{"embeddable":true,"href":"https:\/\/www.kayiprihtim.org\/portal\/wp-json\/wp\/v2\/pages\/57"}],"wp:attachment":[{"href":"https:\/\/www.kayiprihtim.org\/portal\/wp-json\/wp\/v2\/media?parent=113"}],"curies":[{"name":"wp","href":"https:\/\/api.w.org\/{rel}","templated":true}]}}