{"id":114,"date":"2008-07-10T05:16:57","date_gmt":"2008-07-10T02:16:57","guid":{"rendered":"http:\/\/www.hayalcini.net\/blog\/star-wars\/"},"modified":"2016-05-26T05:33:05","modified_gmt":"2016-05-26T02:33:05","slug":"star-wars","status":"publish","type":"page","link":"https:\/\/www.kayiprihtim.org\/portal\/kitaplar\/star-wars\/","title":{"rendered":"Star Wars"},"content":{"rendered":"<p style=\"text-align: center;\"><img fetchpriority=\"high\" decoding=\"async\" class=\"aligncenter\" style=\"border: 0pt none;\" src=\"https:\/\/www.kayiprihtim.org\/portal\/gorsel\/Star_Wars_logo.png\" alt=\"\" width=\"327\" height=\"164\"><\/p>\n<p style=\"text-align: center;\">Eski Cumhuriyet Serisi<br \/>\n<span style=\"font-size: x-small;\">Y\u0131k\u0131m Yolu<\/span><br \/>\n<span style=\"font-size: x-small;\">\u0130kili Y\u00f6netim<\/span><\/p>\n<p style=\"text-align: center;\">Darth Maul G\u00f6lge Avc\u0131<\/p>\n<p style=\"text-align: center;\">B\u00f6l\u00fcm 1 Gizli Tehlike<\/p>\n<p style=\"text-align: center;\">B\u00f6l\u00fcm 2 Klonlar&#8217;\u0131n Sald\u0131r\u0131s\u0131<\/p>\n<p style=\"text-align: center;\">Cestus Hilesi<\/p>\n<p style=\"text-align: center;\">Jedi S\u0131nav\u0131<\/p>\n<p style=\"text-align: center;\">Hassas Nokta<\/p>\n<p style=\"text-align: center;\">Karanl\u0131k Bulu\u015fma<\/p>\n<p style=\"text-align: center;\">K\u00f6t\u00fcl\u00fck Labirenti<\/p>\n<p style=\"text-align: center;\">B\u00f6l\u00fcm 3 Sith&#8217;in \u0130ntikam\u0131<\/p>\n<p style=\"text-align: center;\">Kara Lord Darth Vader<\/p>\n<p style=\"text-align: center;\">Klasik Seri Han Solo Maceralar\u0131<br \/>\n<span style=\"font-size: x-small;\">Han Solo&#8217;nun Maceralar\u0131 B\u00f6l\u00fcm 1 &#8211; Han Solo Y\u0131ld\u0131z\u0131n Ucu&#8217;nda<\/span><br \/>\n<span style=\"font-size: x-small;\"> Han Solo&#8217;nun Maceralar\u0131 B\u00f6l\u00fcm 2 &#8211; Han Solo&#8217;nun \u0130ntikam\u0131<\/span><br \/>\n<span style=\"font-size: x-small;\"> Han Solo&#8217;nun Maceralar\u0131 B\u00f6l\u00fcm 3 &#8211; Han Solo ve Kay\u0131p Miras<\/span><\/p>\n<p style=\"text-align: center;\">B\u00f6l\u00fcm 4 Yeni Umut<\/p>\n<p style=\"text-align: center;\">B\u00f6l\u00fcm 5 \u0130mparatorluk<\/p>\n<p style=\"text-align: center;\">\u0130mparatorluk&#8217;un G\u00f6lgeleri<\/p>\n<p style=\"text-align: center;\">B\u00f6l\u00fcm 6 Jedi&#8217;nin D\u00f6n\u00fc\u015f\u00fc<\/p>\n<p style=\"text-align: center;\">Thrawn \u00dc\u00e7lemesi<br \/>\n<span style=\"font-size: x-small;\">\u0130mparatorlu\u011fun Varisi<\/span><br \/>\n<span style=\"font-size: x-small;\"> Karanl\u0131k G\u00fcc\u00fcn Y\u00fckseli\u015fi<\/span><br \/>\n<span style=\"font-size: x-small;\"> Son Emir<\/span><\/p>\n<p style=\"text-align: center;\">Jedi Akademi Serisi<br \/>\n<span style=\"font-size: x-small;\">Jedi Aray\u0131\u015f\u0131<\/span><br \/>\n<span style=\"font-size: x-small;\"> Karanl\u0131k \u00c7\u0131rak<\/span><br \/>\n<span style=\"font-size: x-small;\"> G\u00fc\u00e7&#8217;\u00fcn Kahramanlar\u0131<\/span><\/p>\n<p style=\"text-align: center;\">Yeni Jedi D\u00fczeni Serisi<br \/>\n<span style=\"font-size: x-small;\">Vector Prime<\/span><\/p>\n<p style=\"text-align: center;\"><strong>Bunlar\u0131n yan\u0131nda \u015fu kitaplar karakterlerin ya\u015fam hikayesi olup istenildi\u011fi zaman okunabilir;<\/strong><\/p>\n<p style=\"text-align: center;\">Obi-Wan Kenobi (Efsanevi Ya\u015fam \u00d6yk\u00fcs\u00fc)<br \/>\nLuke Skywalker (Efsanevi Ya\u015fam \u00d6yk\u00fcs\u00fc)<br \/>\nDarth Vader Y\u00fckseli\u015fi ve D\u00fc\u015f\u00fc\u015f\u00fc<\/p>\n","protected":false},"excerpt":{"rendered":"<p>Eski Cumhuriyet Serisi Y\u0131k\u0131m Yolu \u0130kili Y\u00f6netim Darth Maul G\u00f6lge Avc\u0131 B\u00f6l\u00fcm 1 Gizli Tehlike B\u00f6l\u00fcm 2 Klonlar&#8217;\u0131n Sald\u0131r\u0131s\u0131 Cestus Hilesi Jedi S\u0131nav\u0131 Hassas Nokta Karanl\u0131k Bulu\u015fma K\u00f6t\u00fcl\u00fck Labirenti B\u00f6l\u00fcm 3 Sith&#8217;in \u0130ntikam\u0131 Kara Lord Darth Vader Klasik Seri Han Solo Maceralar\u0131 Han Solo&#8217;nun Maceralar\u0131 B\u00f6l\u00fcm 1 &#8211; Han Solo Y\u0131ld\u0131z\u0131n Ucu&#8217;nda Han Solo&#8217;nun Maceralar\u0131 [&hellip;]<\/p>\n","protected":false},"author":1,"featured_media":0,"parent":57,"menu_order":0,"comment_status":"open","ping_status":"closed","template":"","meta":{"_acf_changed":false,"footnotes":""},"class_list":["post-114","page","type-page","status-publish"],"acf":[],"_links":{"self":[{"href":"https:\/\/www.kayiprihtim.org\/portal\/wp-json\/wp\/v2\/pages\/114","targetHints":{"allow":["GET"]}}],"collection":[{"href":"https:\/\/www.kayiprihtim.org\/portal\/wp-json\/wp\/v2\/pages"}],"about":[{"href":"https:\/\/www.kayiprihtim.org\/portal\/wp-json\/wp\/v2\/types\/page"}],"author":[{"embeddable":true,"href":"https:\/\/www.kayiprihtim.org\/portal\/wp-json\/wp\/v2\/users\/1"}],"replies":[{"embeddable":true,"href":"https:\/\/www.kayiprihtim.org\/portal\/wp-json\/wp\/v2\/comments?post=114"}],"version-history":[{"count":0,"href":"https:\/\/www.kayiprihtim.org\/portal\/wp-json\/wp\/v2\/pages\/114\/revisions"}],"up":[{"embeddable":true,"href":"https:\/\/www.kayiprihtim.org\/portal\/wp-json\/wp\/v2\/pages\/57"}],"wp:attachment":[{"href":"https:\/\/www.kayiprihtim.org\/portal\/wp-json\/wp\/v2\/media?parent=114"}],"curies":[{"name":"wp","href":"https:\/\/api.w.org\/{rel}","templated":true}]}}