{"id":11422,"date":"2011-08-09T22:48:13","date_gmt":"2011-08-09T19:48:13","guid":{"rendered":"http:\/\/www.kayiprihtim.org\/portal\/"},"modified":"2016-05-26T06:13:36","modified_gmt":"2016-05-26T03:13:36","slug":"yukselen-dunyanin-savaslari","status":"publish","type":"page","link":"https:\/\/www.kayiprihtim.org\/portal\/kitaplar\/yukselen-dunyanin-savaslari\/","title":{"rendered":"Y\u00fckselen D\u00fcnya&#8217;n\u0131n Sava\u015flar\u0131"},"content":{"rendered":"<p>Ejder K\u0131z serisi yazar\u0131 Licia Troisi\u2019den yepyeni, fantastik bir efsane. <em>Suikast\u00e7\u0131lar Mezhebi<\/em>, Y\u00fckselen D\u00fcnya\u2019n\u0131n Sava\u015flar\u0131 serisinin ilk kitab\u0131d\u0131r.<\/p>\n<h3>Seride Bulunan Kitaplar<\/h3>\n<ol>\n<li>Suikast\u00e7\u0131lar Mezhebi<\/li>\n<li>\u0130ki Sava\u015f\u00e7\u0131<\/li>\n<li>Yeni Bir Krall\u0131k<\/li>\n<\/ol>\n","protected":false},"excerpt":{"rendered":"<p>Ejder K\u0131z serisi yazar\u0131 Licia Troisi\u2019den yepyeni, fantastik bir efsane. Suikast\u00e7\u0131lar Mezhebi, Y\u00fckselen D\u00fcnya\u2019n\u0131n Sava\u015flar\u0131 serisinin ilk kitab\u0131d\u0131r. Seride Bulunan Kitaplar Suikast\u00e7\u0131lar Mezhebi \u0130ki Sava\u015f\u00e7\u0131 Yeni Bir Krall\u0131k<\/p>\n","protected":false},"author":1,"featured_media":0,"parent":57,"menu_order":0,"comment_status":"open","ping_status":"closed","template":"","meta":{"_acf_changed":false,"footnotes":""},"class_list":["post-11422","page","type-page","status-publish"],"acf":[],"_links":{"self":[{"href":"https:\/\/www.kayiprihtim.org\/portal\/wp-json\/wp\/v2\/pages\/11422","targetHints":{"allow":["GET"]}}],"collection":[{"href":"https:\/\/www.kayiprihtim.org\/portal\/wp-json\/wp\/v2\/pages"}],"about":[{"href":"https:\/\/www.kayiprihtim.org\/portal\/wp-json\/wp\/v2\/types\/page"}],"author":[{"embeddable":true,"href":"https:\/\/www.kayiprihtim.org\/portal\/wp-json\/wp\/v2\/users\/1"}],"replies":[{"embeddable":true,"href":"https:\/\/www.kayiprihtim.org\/portal\/wp-json\/wp\/v2\/comments?post=11422"}],"version-history":[{"count":0,"href":"https:\/\/www.kayiprihtim.org\/portal\/wp-json\/wp\/v2\/pages\/11422\/revisions"}],"up":[{"embeddable":true,"href":"https:\/\/www.kayiprihtim.org\/portal\/wp-json\/wp\/v2\/pages\/57"}],"wp:attachment":[{"href":"https:\/\/www.kayiprihtim.org\/portal\/wp-json\/wp\/v2\/media?parent=11422"}],"curies":[{"name":"wp","href":"https:\/\/api.w.org\/{rel}","templated":true}]}}