{"id":11446,"date":"2011-08-12T14:17:02","date_gmt":"2011-08-12T11:17:02","guid":{"rendered":"http:\/\/www.kayiprihtim.org\/portal\/"},"modified":"2011-08-12T14:17:02","modified_gmt":"2011-08-12T11:17:02","slug":"yasayan-oyuncaklar","status":"publish","type":"page","link":"https:\/\/www.kayiprihtim.org\/portal\/kitaplar\/yasayan-oyuncaklar\/","title":{"rendered":"Ya\u015fayan Oyuncaklar"},"content":{"rendered":"<table style=\"border: thin outset; border-collapse: collapse; height: 30px; width: 470px;\" border=\"0\" cellpadding=\"2\">\n<tbody>\n<tr>\n<td width=\"30%\" bgcolor=\"#330000\"><span style=\"color: #ffffff;\"><span style=\"font-family: Verdana;\"><strong>YA\u015eAYAN OYUNCAKLAR (Her Ya\u015ftan Okur \u0130\u00e7in Bir Masal )<\/strong><\/span><\/span><\/td>\n<\/tr>\n<\/tbody>\n<\/table>\n<table style=\"border-collapse: collapse; width: 462px; height: 250px;\" border=\"0\" cellspacing=\"0\" cellpadding=\"0\" bordercolor=\"#111111\">\n<tbody>\n<tr>\n<td width=\"58%\" align=\"center\" valign=\"top\">\n<table style=\"border-collapse: collapse; width: 315px; height: 248px;\" border=\"0\" cellspacing=\"2\">\n<tbody>\n<tr>\n<td width=\"100%\" align=\"right\">\n<table style=\"width: 310px; height: 88px;\" border=\"0\" cellspacing=\"0\">\n<tbody>\n<tr bgcolor=\"#d1c4a5\">\n<td width=\"39%\"><strong>Yazar<\/strong><\/td>\n<td width=\"3%\">:<\/td>\n<td width=\"51%\"><span style=\"color: #993300;\"><strong>Dean R. Koontz<\/strong><\/span><\/td>\n<\/tr>\n<tr bgcolor=\"#e4ddcb\">\n<td><strong>\u00c7eviri<\/strong><\/td>\n<td width=\"3%\">:<\/td>\n<td width=\"51%\">Nazan Tuncer<\/td>\n<\/tr>\n<tr bgcolor=\"#d1c4a5\">\n<td width=\"39%\"><strong>\u00d6zg\u00fcn Ad\u0131<\/strong><\/td>\n<td width=\"3%\">:<\/td>\n<td width=\"51%\"><span style=\"font-size: x-small;\">Oddkins: A Fable for All Ages<\/span><\/td>\n<\/tr>\n<tr bgcolor=\"#e4ddcb\">\n<td width=\"39%\"><strong>Edit\u00f6r<\/strong><\/td>\n<td width=\"3%\">:<\/td>\n<td width=\"51%\">Sema Diker<\/td>\n<\/tr>\n<\/tbody>\n<\/table>\n<\/td>\n<\/tr>\n<tr>\n<td style=\"border-style: solid ridge ridge; border-width: 1px; padding-left: 4px; padding-right: 4px;\" width=\"100%\" bgcolor=\"#c0b18d\"><strong><span style=\"font-size: 9pt; font-family: Tahoma;\">Tramvay Yay\u0131nc\u0131l\u0131k<br \/>\n<\/span><\/strong><\/td>\n<\/tr>\n<tr>\n<td width=\"100%\" align=\"right\">\n<table style=\"width: 310px; height: 88px;\" border=\"0\" cellspacing=\"0\">\n<tbody>\n<tr bgcolor=\"#e4ddcb\">\n<td width=\"39%\"><strong>\u00c7\u0131k\u0131\u015f Tarihi<\/strong><\/td>\n<td width=\"3%\">:<\/td>\n<td width=\"51%\">A\u011fustos, 2011<\/td>\n<\/tr>\n<tr bgcolor=\"#d1c4a5\">\n<td><strong>Sayfa Say\u0131s\u0131<\/strong><\/td>\n<td width=\"3%\">:<\/td>\n<td width=\"51%\">232<\/td>\n<\/tr>\n<tr bgcolor=\"#e4ddcb\">\n<td width=\"39%\"><strong>Fiyat\u0131<\/strong><\/td>\n<td width=\"3%\">:<\/td>\n<td width=\"51%\">12,00 TL<\/td>\n<\/tr>\n<tr bgcolor=\"#d1c4a5\">\n<td width=\"39%\"><strong>ISBN No<\/strong><\/td>\n<td width=\"3%\">:<\/td>\n<td width=\"51%\">&#8211;<\/td>\n<\/tr>\n<\/tbody>\n<\/table>\n<\/td>\n<\/tr>\n<\/tbody>\n<\/table>\n<\/td>\n<td width=\"39%\" align=\"left\" valign=\"top\">\n<p style=\"text-align: center;\">\n<p style=\"text-align: center;\"><a href=\"https:\/\/www.kayiprihtim.org\/portal\/gorsel\/yasayan-oyuncaklar-dean-r-koontz.jpg\" target=\"_blank\"><img decoding=\"async\" class=\"aligncenter\" src=\"https:\/\/www.kayiprihtim.org\/portal\/gorsel\/yasayan-oyuncaklar-dean-r-koontz.jpg\" border=\"0\" alt=\"\" hspace=\"1\" width=\"140\" height=\"219\"><\/a><\/p>\n<\/td>\n<\/tr>\n<\/tbody>\n<\/table>\n<table style=\"border-collapse: collapse; width: 47%;\" border=\"0\" cellpadding=\"0\">\n<tbody>\n<tr>\n<td width=\"54%\">\n<table style=\"border-collapse: collapse; height: 147px; width: 470px;\" border=\"0\" cellspacing=\"0\" cellpadding=\"2\">\n<tbody>\n<tr>\n<td style=\"border-style: solid ridge ridge; border-width: 1px; padding-left: 4px; padding-right: 4px;\" width=\"98%\" bgcolor=\"#c0b18d\"><strong><span style=\"font-size: 9pt; font-family: Tahoma;\">Tan\u0131t\u0131m Yaz\u0131s\u0131<\/span><\/strong><\/td>\n<\/tr>\n<tr>\n<td width=\"99%\" align=\"left\">\n<table style=\"width: 465px;\" border=\"0\">\n<tbody>\n<tr>\n<td style=\"border-style: outset; border-width: 1px;\" width=\"96%\" bgcolor=\"#d1c4a5\">\n<table style=\"border-collapse: collapse; width: 452px; height: 199px;\" border=\"0\" cellspacing=\"0\" cellpadding=\"5\" bgcolor=\"#d1c4a5\" bordercolor=\"#d1c4a5\">\n<tbody>\n<tr>\n<td width=\"96%\" bgcolor=\"#d1c4a5\">Fantastik ve e\u011flenceli, bir o kadar da gerilimli bir yolculu\u011fa e\u015flik etmek ister misiniz?<\/p>\n<p>Dean R. Koontz; bu kez okuyucular\u0131n kar\u015f\u0131s\u0131na ilk bak\u0131\u015fta bir \u00e7ocuk kitab\u0131 gibi g\u00f6r\u00fcnen, ancak yeti\u015fkinlerin de ilgisini \u00e7ekecek nitelikte ve her ya\u015ftan okurun keyifle okuyaca\u011f\u0131 bir masalla \u00e7\u0131k\u0131yor. Ser\u00fcvenimiz \u00fcslup ve karakterlerin sevimli tan\u0131mlar\u0131yla, okuyucunun ilgisini \u00e7ekecek nitelikler ta\u015f\u0131maktad\u0131r. Isaac Bodkins sihirli at\u00f6lyesinde; sorunlu, k\u00f6t\u00fc muamele g\u00f6ren ve ger\u00e7ek bir dosta ihtiyac\u0131 olan \u00e7ocuklara arkada\u015fl\u0131k edecek, onlar\u0131n sa\u011fl\u0131kl\u0131 ve mutlu bireyler olarak yeti\u015fmelerine yard\u0131mc\u0131 olacak, Oddkin ad\u0131n\u0131 verdi\u011fi sihirli pel\u00fc\u015f oyuncaklar \u00fcretmektedir. Bodkins \u00f6l\u00fcnce, cesur ay\u0131 Amos, \u00fcnl\u00fc bir film y\u0131ld\u0131z\u0131 olma hayalleri kuran tav\u015fan Skippy, kibar k\u00f6pek Butterscotch, koca kulakl\u0131 fil Burl, bilge Gibbons ve \u015f\u00f6valye kedi Patch, yola a\u00e7arlar. Ama\u00e7lar\u0131 gen\u00e7 Colleen Shannon&#8217;a yeni sihirli oyuncak\u00e7\u0131 se\u00e7ildi\u011fini haber vermektir. Bu arada Bodkins&#8217;in sevecen ve iyi ruhu gidince; bodrum kat\u0131ndaki sand\u0131klar\u0131n kapaklar\u0131 a\u00e7\u0131l\u0131r, \u00e7iviler g\u0131c\u0131rdar, tahta par\u00e7alar\u0131 ve k\u0131ym\u0131klar etrafa sa\u00e7\u0131l\u0131r.<\/p>\n<p>Y\u0131llard\u0131r sand\u0131klar\u0131n i\u00e7inde kilitli bulunan k\u00f6t\u00fc oyuncaklar ya\u015fama d\u00f6nerler. Tek ama\u00e7lar\u0131 yumu\u015fak, sevimli ve yard\u0131msever rakiplerini yok etmek, onlar\u0131n Colleen Shannon&#8217;a ula\u015fmalar\u0131na engel olmak ve \u00e7ocuklara eziyet etmektir. F\u0131rt\u0131nal\u0131 gecede \u015fehrin bir ucundan di\u011fer ucuna s\u00fcren yolculuk, okuyucunun ilgisini canl\u0131 tutacak kadar heyecanl\u0131 ve e\u011flenceli bir maceraya d\u00f6n\u00fc\u015f\u00fcr.<\/td>\n<\/tr>\n<\/tbody>\n<\/table>\n<\/td>\n<\/tr>\n<\/tbody>\n<\/table>\n<\/td>\n<\/tr>\n<\/tbody>\n<\/table>\n<\/td>\n<\/tr>\n<\/tbody>\n<\/table>\n","protected":false},"excerpt":{"rendered":"<p>YA\u015eAYAN OYUNCAKLAR (Her Ya\u015ftan Okur \u0130\u00e7in Bir Masal ) Yazar : Dean R. Koontz \u00c7eviri : Nazan Tuncer \u00d6zg\u00fcn Ad\u0131 : Oddkins: A Fable for All Ages Edit\u00f6r : Sema Diker Tramvay Yay\u0131nc\u0131l\u0131k \u00c7\u0131k\u0131\u015f Tarihi : A\u011fustos, 2011 Sayfa Say\u0131s\u0131 : 232 Fiyat\u0131 : 12,00 TL ISBN No : &#8211; Tan\u0131t\u0131m Yaz\u0131s\u0131 Fantastik ve e\u011flenceli, [&hellip;]<\/p>\n","protected":false},"author":1,"featured_media":0,"parent":57,"menu_order":0,"comment_status":"open","ping_status":"closed","template":"","meta":{"_acf_changed":false,"footnotes":""},"class_list":["post-11446","page","type-page","status-publish"],"acf":[],"_links":{"self":[{"href":"https:\/\/www.kayiprihtim.org\/portal\/wp-json\/wp\/v2\/pages\/11446","targetHints":{"allow":["GET"]}}],"collection":[{"href":"https:\/\/www.kayiprihtim.org\/portal\/wp-json\/wp\/v2\/pages"}],"about":[{"href":"https:\/\/www.kayiprihtim.org\/portal\/wp-json\/wp\/v2\/types\/page"}],"author":[{"embeddable":true,"href":"https:\/\/www.kayiprihtim.org\/portal\/wp-json\/wp\/v2\/users\/1"}],"replies":[{"embeddable":true,"href":"https:\/\/www.kayiprihtim.org\/portal\/wp-json\/wp\/v2\/comments?post=11446"}],"version-history":[{"count":0,"href":"https:\/\/www.kayiprihtim.org\/portal\/wp-json\/wp\/v2\/pages\/11446\/revisions"}],"up":[{"embeddable":true,"href":"https:\/\/www.kayiprihtim.org\/portal\/wp-json\/wp\/v2\/pages\/57"}],"wp:attachment":[{"href":"https:\/\/www.kayiprihtim.org\/portal\/wp-json\/wp\/v2\/media?parent=11446"}],"curies":[{"name":"wp","href":"https:\/\/api.w.org\/{rel}","templated":true}]}}