{"id":11462,"date":"2011-08-13T11:55:34","date_gmt":"2011-08-13T08:55:34","guid":{"rendered":"http:\/\/www.kayiprihtim.org\/portal\/"},"modified":"2016-05-26T06:19:49","modified_gmt":"2016-05-26T03:19:49","slug":"iblis-dongusu-serisi","status":"publish","type":"page","link":"https:\/\/www.kayiprihtim.org\/portal\/kitaplar\/iblis-dongusu-serisi\/","title":{"rendered":"\u0130blis D\u00f6ng\u00fcs\u00fc Serisi"},"content":{"rendered":"<p><em>\u0130blis D\u00f6ng\u00fcs\u00fc<\/em> <span style=\"color: #993300;\"><strong>Peter V. Brett<\/strong><\/span>&#8216;in kaleminden ald\u0131\u011f\u0131 seridir. Yazar\u0131n bloguna g\u00f6re seri be\u015f kitaptan olu\u015fsa da \u015fu anda alt\u0131nc\u0131 kitab\u0131 yaz\u0131lmakta ve devam\u0131n\u0131n da gelece\u011fi s\u00f6ylenmektedir. Dilimize <em>Epsilon Yay\u0131nevi<\/em> taraf\u0131ndan \u00e7evrilmektedir.<\/p>\n<h3>Seride Bulunan Kitaplar<\/h3>\n<ol>\n<li>D\u00f6vmeli Adam<\/li>\n<li>\u00c7\u00f6l M\u0131zra\u011f\u0131<\/li>\n<\/ol>\n","protected":false},"excerpt":{"rendered":"<p>\u0130blis D\u00f6ng\u00fcs\u00fc Peter V. Brett&#8216;in kaleminden ald\u0131\u011f\u0131 seridir. Yazar\u0131n bloguna g\u00f6re seri be\u015f kitaptan olu\u015fsa da \u015fu anda alt\u0131nc\u0131 kitab\u0131 yaz\u0131lmakta ve devam\u0131n\u0131n da gelece\u011fi s\u00f6ylenmektedir. Dilimize Epsilon Yay\u0131nevi taraf\u0131ndan \u00e7evrilmektedir. Seride Bulunan Kitaplar D\u00f6vmeli Adam \u00c7\u00f6l M\u0131zra\u011f\u0131<\/p>\n","protected":false},"author":1,"featured_media":0,"parent":57,"menu_order":0,"comment_status":"open","ping_status":"closed","template":"","meta":{"_acf_changed":false,"footnotes":""},"class_list":["post-11462","page","type-page","status-publish"],"acf":[],"_links":{"self":[{"href":"https:\/\/www.kayiprihtim.org\/portal\/wp-json\/wp\/v2\/pages\/11462","targetHints":{"allow":["GET"]}}],"collection":[{"href":"https:\/\/www.kayiprihtim.org\/portal\/wp-json\/wp\/v2\/pages"}],"about":[{"href":"https:\/\/www.kayiprihtim.org\/portal\/wp-json\/wp\/v2\/types\/page"}],"author":[{"embeddable":true,"href":"https:\/\/www.kayiprihtim.org\/portal\/wp-json\/wp\/v2\/users\/1"}],"replies":[{"embeddable":true,"href":"https:\/\/www.kayiprihtim.org\/portal\/wp-json\/wp\/v2\/comments?post=11462"}],"version-history":[{"count":0,"href":"https:\/\/www.kayiprihtim.org\/portal\/wp-json\/wp\/v2\/pages\/11462\/revisions"}],"up":[{"embeddable":true,"href":"https:\/\/www.kayiprihtim.org\/portal\/wp-json\/wp\/v2\/pages\/57"}],"wp:attachment":[{"href":"https:\/\/www.kayiprihtim.org\/portal\/wp-json\/wp\/v2\/media?parent=11462"}],"curies":[{"name":"wp","href":"https:\/\/api.w.org\/{rel}","templated":true}]}}