{"id":11501,"date":"2011-08-13T16:09:37","date_gmt":"2011-08-13T13:09:37","guid":{"rendered":"http:\/\/www.kayiprihtim.org\/portal\/"},"modified":"2011-08-13T16:45:10","modified_gmt":"2011-08-13T13:45:10","slug":"gulsah-elikbank-ile-roportaj","status":"publish","type":"page","link":"https:\/\/www.kayiprihtim.org\/portal\/roportajlar\/gulsah-elikbank-ile-roportaj\/","title":{"rendered":"G\u00fcl\u015fah Elikbank ile R\u00f6portaj"},"content":{"rendered":"<p style=\"text-align: center;\"><img decoding=\"async\" class=\"aligncenter\" src=\"https:\/\/www.kayiprihtim.org\/portal\/gorsel\/yazarlar\/gulsah-elikbank-1.jpg\" alt=\"\"><\/p>\n<ul style=\"text-align: justify;\">\n<li><strong>Merhaba, sizinle \u015eebnem Pi\u015fkin&#8217;in \tBodrum&#8217;daki imza g\u00fcn\u00fcnde tan\u0131\u015fm\u0131\u015ft\u0131k; konuya oradan girmeyi \tdo\u011fru buldu\u011fum i\u00e7in b\u00f6yle bir ayr\u0131nt\u0131 d\u00fc\u015ft\u00fcm&#8230; Yeni nesil \tyerli yazarlar hakk\u0131nda izlenimleriniz neler? Kim daha iyisini \tyapabilecekken yapm\u0131yor, kim g\u00f6zlerde b\u00fcy\u00fct\u00fcl\u00fcyor, kim hak \tetti\u011fi ilgiyi g\u00f6remiyor sizce?<\/strong><\/li>\n<\/ul>\n<p style=\"text-align: right;\">[stextbox id=&#8221;info&#8221; float=&#8221;true&#8221; align=&#8221;right&#8221;]<img decoding=\"async\" class=\"alignright\" src=\"https:\/\/www.kayiprihtim.org\/portal\/images\/alperkaya.png\" alt=\"\" width=\"60\" height=\"80\"><span style=\"color: #ff0000;\"><span style=\"font-size: 11pt; line-height: 1.2em;\"><strong>R\u00d6PORTAJ<\/strong><\/span><strong> <\/strong><\/span><\/p>\n<p style=\"text-align: right;\"><strong>Alper Kaya<\/strong><\/p>\n<p style=\"text-indent: 0.4cm; text-align: justify;\">Yeni nesilde \u00e7ok ba\u015far\u0131l\u0131 buldu\u011fum, edebiyata olan a\u015fk\u0131na tan\u0131kl\u0131k etti\u011fim isimler var. \u015eebnem Pi\u015fkin bunlardan bir tanesi. Hakan G\u00fcnday\u2019\u0131n farkl\u0131 tarz\u0131, G\u00fclse Birsel\u2019in e\u011flenceli \u00fcslubu beni cezbediyor. Orkun U\u00e7ar fantastik t\u00fcrde \u00e7ok ba\u015far\u0131l\u0131 ama garip bir \u015fekilde insanlar onu &#8220;Metal F\u0131rt\u0131na&#8221; ile hat\u0131rl\u0131yor. Oysa ben onun &#8220;Asi&#8221; kitab\u0131n\u0131 daha \u00e7ok be\u011fenirim. Bir di\u011fer ba\u015far\u0131l\u0131 ve farkl\u0131 kalem Sad\u0131k Yemni. Bu isimler okuyucular\u0131n yeni yeni ilgisini \u00e7ekiyor. Oysa, sadece kitap kapa\u011f\u0131 y\u00fcz\u00fcnden fark edilen, insanlar birbirinin elinde g\u00f6rd\u00fc\u011f\u00fc i\u00e7in edinilen kitaplar ve dolay\u0131s\u0131yla bu vesile ile aniden parlayan isimler var. Ben, bu isimlerin be\u015f sene sonra pek hat\u0131rlanmayaca\u011f\u0131 kan\u0131s\u0131nday\u0131m. O y\u00fczden, basamaklar\u0131 h\u0131zl\u0131 \u00e7\u0131kmak yerine emin ad\u0131mlarla \u00e7\u0131kmay\u0131 tercih edenlerdenim.<\/p>\n<ul style=\"text-align: justify;\">\n<li><strong>Size gelelim&#8230; Daha do\u011frusu &#8220;G\u00fcnebakan \u00dc\u00e7lemesi&#8221;ne&#8230; Neden iki kitapta kald\u0131 \u015fimdilik? \u00dc\u00e7\u00fcnc\u00fc kitap ne zaman \u00e7\u0131kacak? Daha do\u011frusu, \u015fimdiye kadar neden \u00e7\u0131kmad\u0131?<\/strong><\/li>\n<\/ul>\n<p style=\"text-indent: 0.4cm; text-align: justify;\">\u00dc\u00e7lemenin ikincisi olan &#8220;Mavi Da\u011f&#8221;, \u00e7\u0131kal\u0131 yakla\u015f\u0131k d\u00f6rt ay oldu. Son kitap i\u00e7in biraz erken. Bana kalsa; ben bir y\u0131l kadar beklemeyi d\u00fc\u015f\u00fcn\u00fcyordum son kitap i\u00e7in. Ama gerek okuyucular gerekse yay\u0131nevim o kadar beklemek istemiyor. \u00dc\u00e7\u00fcnc\u00fc kitab\u0131, \u0130stanbul T\u00fcyap Kitap Fuar\u0131&#8217;na yeti\u015ftirmeyi planl\u0131yorum. Asl\u0131nda Nil\u2019den ve o kasabadan ayr\u0131lmak en \u00e7ok bana zor gelecek&#8230;<\/p>\n<ul style=\"text-align: justify;\">\n<li><strong>\u0130smi neden &#8220;G\u00fcnebakan&#8221; olarak koydunuz? Seriye isim koyarken zorluk ya\u015fad\u0131n\u0131z m\u0131?<\/strong><\/li>\n<\/ul>\n<p style=\"text-indent: 0.4cm; text-align: justify;\">Fantastik bir d\u00fcnya yarat\u0131rken isim \u00e7ok \u00f6nemliydi. Hik\u00e2yesini anlatt\u0131\u011f\u0131m karakteri yans\u0131tmas\u0131 ve okuyucunun g\u00f6z\u00fcnde Nil deyince \u00e7a\u011fr\u0131\u015f\u0131m yapmas\u0131 gerekiyordu. G\u00fcnebakan \u00e7i\u00e7ekleri y\u00fczlerini hep g\u00fcne\u015fe d\u00f6ner biliyorsunuz. Nil de ba\u015f\u0131n\u0131 hep belaya do\u011fru \u00e7evirenlerden&#8230; Bu isim, ona kasabada yak\u0131\u015ft\u0131r\u0131lan takma ad ve bence onu tamamen tan\u0131ml\u0131yor.<\/p>\n<ul style=\"text-align: justify;\">\n<li><strong>Kitaplara ge\u00e7ersek&#8230; \u0130lk kitap &#8220;Siyah Nefes&#8221;, ikinci kitap &#8220;Mavi Da\u011f&#8221;&#8230; Renkler bilin\u00e7li olarak yap\u0131lm\u0131\u015f bir tercih mi?<\/strong><\/li>\n<\/ul>\n<p style=\"text-indent: 0.4cm; text-align: justify;\">Renkler bilin\u00e7li olarak se\u00e7ilmedi ama isimler bilin\u00e7li olarak kondu. &#8220;Siyah Nefes&#8221; isminin gizemini okuyucular &#8220;Mavi Da\u011f&#8221;da \u00e7\u00f6zd\u00fcler&#8230; &#8220;Mavi Da\u011f&#8221; ise &#8220;Siyah Nefes&#8221;te ge\u00e7en ve okuyucular\u0131n sahiplendi\u011fi bir yerdi. Zaten ismi ben de\u011fil, yapt\u0131\u011f\u0131m\u0131z anketle okuyucular\u0131m se\u00e7ti. \u0130ki roman\u0131m\u0131n da anlatmak istedi\u011fi bir derdi vard\u0131. \u0130simler sadece o derdin kap\u0131s\u0131n\u0131 a\u00e7an anahtarlard\u0131.<\/p>\n<ul style=\"text-align: justify;\">\n<li><strong>Hik\u00e2yenizde farkl\u0131 t\u00fcrlere dair de ayr\u0131nt\u0131lar var, bu a\u00e7\u0131dan bir &#8220;Orta D\u00fcnya&#8221; esintisi sezilmiyor de\u011fil, g\u00fczel bir tema tutturmu\u015fsunuz. Peki hik\u00e2yeyi nas\u0131l oturttunuz? Yani, her yazar\u0131n farkl\u0131 bir &#8220;ilham&#8221; tarz\u0131 var&#8230; Sizinki nas\u0131l oluyor? Nas\u0131l &#8216;esiyor&#8217;?<\/strong><\/li>\n<\/ul>\n<p style=\"text-indent: 0.4cm; text-align: justify;\">Bana aniden ve kuvvetli esiyor&#8230; &#8220;G\u00fcnebakan \u00dc\u00e7lemesi&#8221;, Kapadokya seyahatimde \u00e7\u0131km\u0131\u015f bir hik\u00e2ye. T\u00fcrk fantastik yazarlar\u0131n\u0131n, Anadolu\u2019yu baz almalar\u0131 gerekti\u011fine y\u00fcrekten inan\u0131yorum. Vampirler ya da kurt adamlar bize ait kavramlar de\u011fil. Zaten onlar\u0131 yazan y\u00fczlerce yazar da var. Ama Orta D\u00fcnya, Tolkien\u2019e aittir. Her yazar, kendi d\u00fcnyas\u0131n\u0131 yaratmal\u0131d\u0131r. Ben de \u00f6yle yapmaya \u00e7al\u0131\u015ft\u0131m. Kendi t\u00fcrlerimi; G\u00f6lge Adamlar, R\u00fczgar Perileri, \u015eifac\u0131lar, Bilginler, Suri \u0131rk\u0131, Mask \u0130nsanlar\u0131 veya Kara Melekler gibi \u0131rklar yaratarak farkl\u0131 bir d\u00fcnya kurgulamaya \u00e7al\u0131\u015ft\u0131m. Okuyucular, bu t\u00fcrleri ilk kez benim kalemimden okumu\u015f oldu. \u0130nan\u0131yorum ki, ilerleyen y\u0131larda Nil\u2019in d\u00fcnyas\u0131 da bir Orta D\u00fcnya olacak&#8230; \u00d6zg\u00fcn olmad\u0131\u011f\u0131n\u0131z s\u00fcrece, kal\u0131c\u0131 eserler yaratman\u0131z\u0131n m\u00fcmk\u00fcn olmad\u0131\u011f\u0131n\u0131 d\u00fc\u015f\u00fcn\u00fcyorum. Bu kasabada ya da Mavi Da\u011f\u2019da kar\u015f\u0131m\u0131za \u00e7\u0131kan her varl\u0131k, benim m\u00fcrekkebimle yo\u011fruldu ve \u00f6yle can buldu.<\/p>\n<ul style=\"text-align: justify;\">\n<li><strong>\u00dclkemizde biliyorsunuz, kendi kendine konu\u015fana deli; d\u00fc\u015f\u00fcnene ise z\u0131rdeli derler&#8230; \u00c7evrenizde kitaplar\u0131n\u0131z \u00e7\u0131kt\u0131ktan sonra ne tarz tepkiler olu\u015ftu?<\/strong><\/li>\n<\/ul>\n<p style=\"text-indent: 0.4cm; text-align: justify;\">\u0130\u015f hayat\u0131mdaki insanlar olduk\u00e7a \u015fa\u015f\u0131rd\u0131lar. \u00d6zellikle de fantastik t\u00fcrde bir eser yazm\u0131\u015f olmama pek ak\u0131llar\u0131 ermedi. Y\u00f6netici olarak \u00e7al\u0131\u015fan birinden b\u00f6yle bir hayal g\u00fcc\u00fc beklemiyorlard\u0131 san\u0131r\u0131m. Oysa, ofiste g\u00f6z\u00fcm\u00fc kapad\u0131\u011f\u0131m an, bamba\u015fka diyarlara yolculuk yapabiliyordum. Ger\u00e7ek hayat\u0131m o kadar s\u0131k\u0131c\u0131yd\u0131 ki bu benim i\u00e7in zevkli bir ka\u00e7ama\u011fa d\u00f6n\u00fc\u015ft\u00fc ve sonunda ortaya &#8220;Siyah Nefes&#8221;in ilk kurgusu \u00e7\u0131kt\u0131. Arkada\u015flar\u0131m ise bunu uzun s\u00fcredir beklediklerini s\u00f6ylediler ki buna da ben \u015fa\u015f\u0131rd\u0131m. \u00c7\u00fcnk\u00fc amat\u00f6r yazma denemelerim olsa da hi\u00e7 profesyonel olarak bu i\u015fe girmeyi d\u00fc\u015f\u00fcnmemi\u015ftim. Belki sadece bilin\u00e7alt\u0131mda&#8230;<\/p>\n<ul style=\"text-align: justify;\">\n<li><strong>Okurlardan gelen tepkiler nas\u0131ld\u0131 peki?<\/strong><\/li>\n<\/ul>\n<p style=\"text-indent: 0.4cm; text-align: justify;\">&#8220;Siyah Nefes&#8221;, raflara girdikten sonra bir anda mailler gelmeye ba\u015flad\u0131. Hepsi de \u00f6yle cesaret vericiydi ki&#8230; Ortak nokta, bir T\u00fcrk yazar\u0131n nas\u0131l b\u00f6yle bir kurgu yazabildi\u011fiydi. Maalesef ki, \u00fclkemizde biz yazarlar\u0131n en b\u00fcy\u00fck problemi de bu. Yabanc\u0131 yazarlar\u0131n bizlerden daha iyi yazd\u0131\u011f\u0131 san\u0131l\u0131yor. Oysa, bu yarg\u0131ya sahip insanlar\u0131n \u00e7o\u011fu bir T\u00fcrk yazar\u0131 okumam\u0131\u015f bile&#8230; Ben bu yarg\u0131y\u0131 b\u00fcy\u00fck \u00f6l\u00e7\u00fcde y\u0131kt\u0131\u011f\u0131m\u0131 g\u00f6rd\u00fcm ve bu beni \u00e7ok mutlu etti. Belki de o y\u00fczden, &#8220;Mavi Da\u011f&#8221; haftalarca \u00e7ok satanlarda kald\u0131. Okuyucular\u0131m, art\u0131k beni tan\u0131yordu ve iyi yazd\u0131\u011f\u0131m\u0131 biliyorlard\u0131. Zaten &#8220;Siyah Nefes&#8221;in iyi satmas\u0131n\u0131 sa\u011flayan en \u00f6nemli fakt\u00f6r okur yorumlar\u0131d\u0131r. Hepsine destekleri i\u00e7in te\u015fekk\u00fcr bor\u00e7luyum.<\/p>\n<figure style=\"width: 460px\" class=\"wp-caption aligncenter\"><a href=\"https:\/\/www.kayiprihtim.org\/portal\/gorsel\/yazarlar\/gulsah-elikbank-2.jpg\"><img fetchpriority=\"high\" decoding=\"async\" src=\"https:\/\/www.kayiprihtim.org\/portal\/gorsel\/yazarlar\/gulsah-elikbank-2.jpg\" alt=\"\" width=\"460\" height=\"345\"><\/a><figcaption class=\"wp-caption-text\">Soldan: Alper Kaya, \u015eebnem Pi\u015fkin, G\u00fcl\u015fah Elikbank<\/figcaption><\/figure>\n<p style=\"text-align: center;\">\n<ul style=\"text-align: justify;\">\n<li><strong>Bodrum&#8217;da Kent Tv&#8217;de Kitapkolik program\u0131n\u0131 hem haz\u0131rl\u0131yor hem de sunuyorsunuz&#8230; Nas\u0131l geli\u015fti bu s\u00fcre\u00e7? Kitapkolik&#8217;in gelece\u011fini nas\u0131l g\u00f6r\u00fcyorsunuz? \u015eimdiye kadarki programlar size ne katt\u0131? Ve siz izleyicilere ne katt\u0131\u011f\u0131n\u0131z\u0131 d\u00fc\u015f\u00fcn\u00fcyorsunuz?<\/strong><\/li>\n<\/ul>\n<p style=\"text-indent: 0.4cm; text-align: justify;\">Kent Tv\u2019de bir programa konuk olarak kat\u0131ld\u0131m ve birka\u00e7 hafta i\u00e7inde kendimi sunucu olarak buldum. Ger\u00e7ekten \u00e7ok geni\u015f vizyonlu bir kanal, Kent Tv. Uzun s\u00fcredir bir k\u00fclt\u00fcr sanat program\u0131 yapmak istiyor ama bunun i\u00e7in uygun ki\u015fiyi bulam\u0131yorlarm\u0131\u015f. San\u0131r\u0131m, yollar\u0131m\u0131z uygun bir zamanda kesi\u015fti. Program\u0131 en \u00e7ok Bodrum d\u0131\u015f\u0131nda izliyorlar asl\u0131nda. Bu beni olduk\u00e7a motive diyor. Kitaba ve edebiyata dair her konuya yer vermeye \u00e7al\u0131\u015f\u0131yorum. Dinamik bir program olmas\u0131n\u0131 hedeflemi\u015ftim. \u0130nsanlar\u0131 ekran kar\u015f\u0131s\u0131nda bir saat tutup edebiyat anlatmak zor bir i\u015fti ama oldu. Takip\u00e7ileri her ge\u00e7en g\u00fcn art\u0131yor. Yeni yazarlara a\u011f\u0131rl\u0131k veriyorum ki okuyucular ger\u00e7ek de\u011ferleri \u0131skalamas\u0131n. Edebiyat dergilerini anlat\u0131yorum. Yazmak isteyenlere de olduk\u00e7a faydal\u0131 oldu\u011fuma inan\u0131yorum. Ben de her hafta yeni bir bilgi \u00f6\u011freniyorum. Tabii \u00f6\u011frenmenin sonu yok&#8230;<\/p>\n<ul style=\"text-align: justify;\">\n<li><strong>Gelecekte &#8220;G\u00fcnebakan \u00dc\u00e7lemesi&#8221;nin \u00fc\u00e7\u00fcnc\u00fcs\u00fc haricinde ne tarz projeleriniz var?<\/strong><\/li>\n<\/ul>\n<p style=\"text-indent: 0.4cm; text-align: justify;\">S\u0131rada bekleyen bir a\u015fk roman\u0131m var. &#8220;A\u015fk\u0131 Bekleme&#8221; ad\u0131nda. San\u0131r\u0131m son baharda o da g\u00f6r\u00fcc\u00fcye \u00e7\u0131kar. Yine \u00fczerinde \u00e7al\u0131\u015ft\u0131\u011f\u0131m, biri fantastik biri a\u015fk olan iki \u00e7al\u0131\u015fmam var. Bir de yo\u011fun talep \u00fczerine, bir \u015fiir kitab\u0131 gelebilir. Ayr\u0131ca eyl\u00fcl ba\u015f\u0131nda &#8220;Siyah Nefes&#8221;, farkl\u0131 bir yay\u0131nevinden ikinci bask\u0131s\u0131n\u0131 yapacak ve daha geni\u015f okuyucu kitlesiyle bulu\u015facak\u2026<\/p>\n<ul style=\"text-align: justify;\">\n<li><strong>Yedi y\u0131l boyunca \u00fcst d\u00fczey seviyede y\u00f6neticilik yapm\u0131\u015fs\u0131n\u0131z \u0130stanbul&#8217;da, \u015fimdiyse Bodrum&#8217;da kendi i\u015finizin patronusunuz&#8230; Bir pansiyon i\u015fletiyorsunuz&#8230; Bu kesin \u00e7izgilerle \u00e7izilmi\u015f de\u011fi\u015fimin nedeni, i\u00e7 y\u00fcz\u00fc nedir? San\u0131yorum kitaplar\u0131n\u0131z\u0131n tohumunu \u0130stanbul&#8217;da att\u0131n\u0131z, orada bu s\u00fcre\u00e7te ba\u015f\u0131n\u0131za neler geldi?<\/strong><\/li>\n<\/ul>\n<p style=\"text-indent: 0.4cm; text-align: justify;\">\u0130\u00e7 y\u00fcz\u00fc; R\u00fcya\u2019md\u0131r. Yani k\u0131z\u0131m. Onun do\u011fumuyla bir de yeni bir G\u00fcl\u015fah do\u011fdu asl\u0131nda. \u0130\u015f hayat\u0131na dair h\u0131rslar\u0131m t\u00f6rp\u00fclendi. Ger\u00e7ekten ne istedi\u011fimi anlad\u0131m ve k\u0131z\u0131m i\u00e7in nas\u0131l bir hayat istedi\u011fimi. B\u00f6ylece Bodrum\u2019un yolunu tuttuk. &#8220;Siyah Nefes&#8221;i \u0130stanbul\u2019da, &#8220;Mavi Da\u011f&#8221;\u0131 ise Bodrum\u2019da yazd\u0131m. \u0130\u015f hayat\u0131 \u00f6yle yo\u011fun ve can s\u0131k\u0131c\u0131 ki insan kendini ba\u015fka bir aleme atmak ve kurtulmak istiyor. Fantastik edebiyat\u0131n kollar\u0131na beni atan bu duygu oldu. Ba\u015fka bir d\u00fcnya ama ger\u00e7ek olabilecek kadar da \u2018masals\u0131\u2019. Sonu\u00e7ta, hayal edilebilen her \u015fey bir g\u00fcn ger\u00e7ek olabilir.<\/p>\n<ul style=\"text-align: justify;\">\n<li><strong>\u0130ki \u015fehir aras\u0131nda bir yazara katk\u0131 anlam\u0131nda ne tarz farklar var?<\/strong><\/li>\n<\/ul>\n<p style=\"text-indent: 0.4cm; text-align: justify;\">Bodrum insani de\u011ferlerimi hat\u0131rlamam\u0131 sa\u011flad\u0131. Nefes ald\u0131\u011f\u0131m\u0131 dahas\u0131 insan oldu\u011fumu an\u0131msad\u0131m. Daha fazla insanla tan\u0131\u015fma imkan\u0131 sa\u011flad\u0131. B\u00f6ylece daha de\u011fi\u015fik tipleri g\u00f6zlemleme \u015fans\u0131m oldu. \u015eimdi de\u011filse bile ileride yazd\u0131\u011f\u0131m eserlerde bu insanlar\u0131n izi olacakt\u0131r.<\/p>\n<ul style=\"text-align: justify;\">\n<li><strong>Ben \u00e7ok te\u015fekk\u00fcr ediyorum vakit ay\u0131rd\u0131\u011f\u0131n\u0131z i\u00e7in&#8230; &#8220;Mavi Da\u011f&#8221;\u0131n giri\u015findeki gibi, <em>&#8220;nefes ald\u0131\u011f\u0131n\u0131z s\u00fcrece umman\u0131z\u0131&#8221;<\/em> diliyorum&#8230;<\/strong><\/li>\n<\/ul>\n<p style=\"text-indent: 0.4cm; text-align: justify;\">Ben de \u00e7ok te\u015fekk\u00fcr ederim. O zaman, &#8220;Siyah Nefes&#8221;te ba\u015flad\u0131\u011f\u0131m gibi bitireyim. <em>&#8220;G\u00f6zlerini kapa, y\u00fcre\u011fini a\u00e7. Gidilecek yol senin i\u00e7inden ge\u00e7iyor&#8230;&#8221;<\/em><\/p>\n<table style=\"height: 320px; width: 467px;\" border=\"0\" align=\"center\">\n<tbody>\n<tr>\n<td>\n<p><figure style=\"width: 200px\" class=\"wp-caption alignnone\"><a href=\"https:\/\/www.kayiprihtim.org\/portal\/kitaplar\/gunebakan-uclemesi\/\"><img decoding=\"async\" src=\"https:\/\/www.kayiprihtim.org\/portal\/gorsel\/siyah-nefes.jpg\" alt=\"\" width=\"200\" height=\"319\"><\/a><figcaption class=\"wp-caption-text\">K\u00fcnye i\u00e7in kapak resmine t\u0131klay\u0131n!<\/figcaption><\/figure><\/td>\n<td>\n<p><figure style=\"width: 200px\" class=\"wp-caption alignnone\"><a href=\"https:\/\/www.kayiprihtim.org\/portal\/kitaplar\/gunebakan-uclemesi\/#2\"><img loading=\"lazy\" decoding=\"async\" src=\"https:\/\/www.kayiprihtim.org\/portal\/gorsel\/mavi-dag.jpg\" alt=\"\" width=\"200\" height=\"319\"><\/a><figcaption class=\"wp-caption-text\">K\u00fcnye i\u00e7in kapak resmine t\u0131klay\u0131n!<\/figcaption><\/figure><\/td>\n<\/tr>\n<\/tbody>\n<\/table>\n","protected":false},"excerpt":{"rendered":"<p>Merhaba, sizinle \u015eebnem Pi\u015fkin&#8217;in Bodrum&#8217;daki imza g\u00fcn\u00fcnde tan\u0131\u015fm\u0131\u015ft\u0131k; konuya oradan girmeyi do\u011fru buldu\u011fum i\u00e7in b\u00f6yle bir ayr\u0131nt\u0131 d\u00fc\u015ft\u00fcm&#8230; Yeni nesil yerli yazarlar hakk\u0131nda izlenimleriniz neler? Kim daha iyisini yapabilecekken yapm\u0131yor, kim g\u00f6zlerde b\u00fcy\u00fct\u00fcl\u00fcyor, kim hak etti\u011fi ilgiyi g\u00f6remiyor sizce? [stextbox id=&#8221;info&#8221; float=&#8221;true&#8221; align=&#8221;right&#8221;]R\u00d6PORTAJ Alper Kaya Yeni nesilde \u00e7ok ba\u015far\u0131l\u0131 buldu\u011fum, edebiyata olan a\u015fk\u0131na tan\u0131kl\u0131k etti\u011fim [&hellip;]<\/p>\n","protected":false},"author":1,"featured_media":0,"parent":1029,"menu_order":0,"comment_status":"open","ping_status":"closed","template":"","meta":{"_acf_changed":false,"footnotes":""},"class_list":["post-11501","page","type-page","status-publish"],"acf":[],"_links":{"self":[{"href":"https:\/\/www.kayiprihtim.org\/portal\/wp-json\/wp\/v2\/pages\/11501","targetHints":{"allow":["GET"]}}],"collection":[{"href":"https:\/\/www.kayiprihtim.org\/portal\/wp-json\/wp\/v2\/pages"}],"about":[{"href":"https:\/\/www.kayiprihtim.org\/portal\/wp-json\/wp\/v2\/types\/page"}],"author":[{"embeddable":true,"href":"https:\/\/www.kayiprihtim.org\/portal\/wp-json\/wp\/v2\/users\/1"}],"replies":[{"embeddable":true,"href":"https:\/\/www.kayiprihtim.org\/portal\/wp-json\/wp\/v2\/comments?post=11501"}],"version-history":[{"count":0,"href":"https:\/\/www.kayiprihtim.org\/portal\/wp-json\/wp\/v2\/pages\/11501\/revisions"}],"up":[{"embeddable":true,"href":"https:\/\/www.kayiprihtim.org\/portal\/wp-json\/wp\/v2\/pages\/1029"}],"wp:attachment":[{"href":"https:\/\/www.kayiprihtim.org\/portal\/wp-json\/wp\/v2\/media?parent=11501"}],"curies":[{"name":"wp","href":"https:\/\/api.w.org\/{rel}","templated":true}]}}