{"id":11773,"date":"2011-08-21T20:40:32","date_gmt":"2011-08-21T17:40:32","guid":{"rendered":"http:\/\/www.kayiprihtim.org\/portal\/"},"modified":"2016-05-26T06:20:58","modified_gmt":"2016-05-26T03:20:58","slug":"yabanci-serisi","status":"publish","type":"page","link":"https:\/\/www.kayiprihtim.org\/portal\/kitaplar\/yabanci-serisi\/","title":{"rendered":"Yabanc\u0131 Serisi"},"content":{"rendered":"<p>Diana Gabaldon&#8217;un kaleme ald\u0131\u011f\u0131 fantastik seridir. Claire Randall, zamanda 200 y\u0131ldan fazla geriye gittikten sonra, 1743 \u0130sko\u00e7yas\u0131nda kendini \u015fiddet, veba ve devrimle ayr\u0131lm\u0131\u015f bir d\u00fcnyan\u0131n ortas\u0131nda, gen\u00e7 bir askere vurulmu\u015f olarak bulur.<\/p>\n<h3>Seride Bulunan Kitaplar<\/h3>\n<ol>\n<li>Yabanc\u0131<\/li>\n<li>Kehribardaki Yusuf\u00e7uk<\/li>\n<li>Yolcu<\/li>\n<li>G\u00fcz Davullar\u0131<\/li>\n<li>Ate\u015fin \u00c7a\u011fr\u0131s\u0131<\/li>\n<li>Kar ve K\u00fcl<\/li>\n<li>Ge\u00e7mi\u015fin Yank\u0131s\u0131<\/li>\n<\/ol>\n","protected":false},"excerpt":{"rendered":"<p>Diana Gabaldon&#8217;un kaleme ald\u0131\u011f\u0131 fantastik seridir. Claire Randall, zamanda 200 y\u0131ldan fazla geriye gittikten sonra, 1743 \u0130sko\u00e7yas\u0131nda kendini \u015fiddet, veba ve devrimle ayr\u0131lm\u0131\u015f bir d\u00fcnyan\u0131n ortas\u0131nda, gen\u00e7 bir askere vurulmu\u015f olarak bulur. Seride Bulunan Kitaplar Yabanc\u0131 Kehribardaki Yusuf\u00e7uk Yolcu G\u00fcz Davullar\u0131 Ate\u015fin \u00c7a\u011fr\u0131s\u0131 Kar ve K\u00fcl Ge\u00e7mi\u015fin Yank\u0131s\u0131<\/p>\n","protected":false},"author":1,"featured_media":0,"parent":57,"menu_order":0,"comment_status":"open","ping_status":"closed","template":"","meta":{"_acf_changed":false,"footnotes":""},"class_list":["post-11773","page","type-page","status-publish"],"acf":[],"_links":{"self":[{"href":"https:\/\/www.kayiprihtim.org\/portal\/wp-json\/wp\/v2\/pages\/11773","targetHints":{"allow":["GET"]}}],"collection":[{"href":"https:\/\/www.kayiprihtim.org\/portal\/wp-json\/wp\/v2\/pages"}],"about":[{"href":"https:\/\/www.kayiprihtim.org\/portal\/wp-json\/wp\/v2\/types\/page"}],"author":[{"embeddable":true,"href":"https:\/\/www.kayiprihtim.org\/portal\/wp-json\/wp\/v2\/users\/1"}],"replies":[{"embeddable":true,"href":"https:\/\/www.kayiprihtim.org\/portal\/wp-json\/wp\/v2\/comments?post=11773"}],"version-history":[{"count":0,"href":"https:\/\/www.kayiprihtim.org\/portal\/wp-json\/wp\/v2\/pages\/11773\/revisions"}],"up":[{"embeddable":true,"href":"https:\/\/www.kayiprihtim.org\/portal\/wp-json\/wp\/v2\/pages\/57"}],"wp:attachment":[{"href":"https:\/\/www.kayiprihtim.org\/portal\/wp-json\/wp\/v2\/media?parent=11773"}],"curies":[{"name":"wp","href":"https:\/\/api.w.org\/{rel}","templated":true}]}}