{"id":12,"date":"2008-03-26T22:47:56","date_gmt":"2008-03-27T05:47:56","guid":{"rendered":"http:\/\/www.hayalcini.net\/blog\/?page_id=7"},"modified":"2021-05-07T17:24:59","modified_gmt":"2021-05-07T14:24:59","slug":"narnia-gunlukleri","status":"publish","type":"page","link":"https:\/\/www.kayiprihtim.org\/portal\/kitaplar\/narnia-gunlukleri\/","title":{"rendered":"Narnia G\u00fcnl\u00fckleri"},"content":{"rendered":"<p><strong>C. S. Lewis<\/strong>\u2019in kaleme ald\u0131\u011f\u0131, yedi kitaptan olu\u015fan fantastik \u00e7ocuk serisidir.<\/p>\n","protected":false},"excerpt":{"rendered":"<p>C. S. Lewis\u2019in kaleme ald\u0131\u011f\u0131, yedi kitaptan olu\u015fan fantastik \u00e7ocuk serisidir.<\/p>\n","protected":false},"author":1,"featured_media":0,"parent":57,"menu_order":0,"comment_status":"open","ping_status":"closed","template":"","meta":{"_acf_changed":false,"footnotes":""},"class_list":["post-12","page","type-page","status-publish"],"acf":[],"_links":{"self":[{"href":"https:\/\/www.kayiprihtim.org\/portal\/wp-json\/wp\/v2\/pages\/12","targetHints":{"allow":["GET"]}}],"collection":[{"href":"https:\/\/www.kayiprihtim.org\/portal\/wp-json\/wp\/v2\/pages"}],"about":[{"href":"https:\/\/www.kayiprihtim.org\/portal\/wp-json\/wp\/v2\/types\/page"}],"author":[{"embeddable":true,"href":"https:\/\/www.kayiprihtim.org\/portal\/wp-json\/wp\/v2\/users\/1"}],"replies":[{"embeddable":true,"href":"https:\/\/www.kayiprihtim.org\/portal\/wp-json\/wp\/v2\/comments?post=12"}],"version-history":[{"count":1,"href":"https:\/\/www.kayiprihtim.org\/portal\/wp-json\/wp\/v2\/pages\/12\/revisions"}],"predecessor-version":[{"id":59085,"href":"https:\/\/www.kayiprihtim.org\/portal\/wp-json\/wp\/v2\/pages\/12\/revisions\/59085"}],"up":[{"embeddable":true,"href":"https:\/\/www.kayiprihtim.org\/portal\/wp-json\/wp\/v2\/pages\/57"}],"wp:attachment":[{"href":"https:\/\/www.kayiprihtim.org\/portal\/wp-json\/wp\/v2\/media?parent=12"}],"curies":[{"name":"wp","href":"https:\/\/api.w.org\/{rel}","templated":true}]}}