{"id":121,"date":"2008-07-10T08:04:25","date_gmt":"2008-07-10T15:04:25","guid":{"rendered":"http:\/\/www.hayalcini.net\/blog\/kan-kitaplari-serisi\/"},"modified":"2025-03-18T07:23:33","modified_gmt":"2025-03-18T04:23:33","slug":"kan-kitaplari-serisi","status":"publish","type":"page","link":"https:\/\/www.kayiprihtim.org\/portal\/kitaplar\/kan-kitaplari-serisi\/","title":{"rendered":"Kan Kitaplar\u0131 Serisi"},"content":{"rendered":"<p><strong>Clive Barker<\/strong>&#8216;\u0131n kaleme ald\u0131\u011f\u0131 fantastik korku tarz\u0131ndaki \u00f6yk\u00fc derlemelerini toplad\u0131\u011f\u0131 seridir.<\/p>\n<p style=\"text-align: center;\"><strong><a href=\"https:\/\/kayiprihtim.com\/haber\/kan-kitaplari-1-clive-barker\/\" target=\"_blank\" rel=\"noopener nofollow\">Kan Kitaplar\u0131 1. Cilt<\/a><\/strong><\/p>\n<p style=\"text-align: center;\"><strong><a href=\"https:\/\/kayiprihtim.com\/haber\/kan-kitaplari-2-kitap-clive-barker\/\" target=\"_blank\" rel=\"noopener nofollow\">Kan Kitaplar\u0131 2. Cilt<\/a><\/strong><\/p>\n<p style=\"text-align: center;\"><strong><a href=\"https:\/\/kayiprihtim.com\/haber\/kan-kitaplari-3-clive-barker\/\" target=\"_blank\" rel=\"noopener nofollow\">Kan Kitaplar\u0131 3. Cilt<\/a><\/strong><\/p>\n","protected":false},"excerpt":{"rendered":"<p>Clive Barker&#8216;\u0131n kaleme ald\u0131\u011f\u0131 fantastik korku tarz\u0131ndaki \u00f6yk\u00fc derlemelerini toplad\u0131\u011f\u0131 seridir. Kan Kitaplar\u0131 1. Cilt Kan Kitaplar\u0131 2. Cilt Kan Kitaplar\u0131 3. Cilt<\/p>\n","protected":false},"author":1,"featured_media":0,"parent":57,"menu_order":0,"comment_status":"open","ping_status":"open","template":"","meta":{"_acf_changed":false,"footnotes":""},"class_list":["post-121","page","type-page","status-publish"],"acf":[],"_links":{"self":[{"href":"https:\/\/www.kayiprihtim.org\/portal\/wp-json\/wp\/v2\/pages\/121","targetHints":{"allow":["GET"]}}],"collection":[{"href":"https:\/\/www.kayiprihtim.org\/portal\/wp-json\/wp\/v2\/pages"}],"about":[{"href":"https:\/\/www.kayiprihtim.org\/portal\/wp-json\/wp\/v2\/types\/page"}],"author":[{"embeddable":true,"href":"https:\/\/www.kayiprihtim.org\/portal\/wp-json\/wp\/v2\/users\/1"}],"replies":[{"embeddable":true,"href":"https:\/\/www.kayiprihtim.org\/portal\/wp-json\/wp\/v2\/comments?post=121"}],"version-history":[{"count":1,"href":"https:\/\/www.kayiprihtim.org\/portal\/wp-json\/wp\/v2\/pages\/121\/revisions"}],"predecessor-version":[{"id":60325,"href":"https:\/\/www.kayiprihtim.org\/portal\/wp-json\/wp\/v2\/pages\/121\/revisions\/60325"}],"up":[{"embeddable":true,"href":"https:\/\/www.kayiprihtim.org\/portal\/wp-json\/wp\/v2\/pages\/57"}],"wp:attachment":[{"href":"https:\/\/www.kayiprihtim.org\/portal\/wp-json\/wp\/v2\/media?parent=121"}],"curies":[{"name":"wp","href":"https:\/\/api.w.org\/{rel}","templated":true}]}}