{"id":12133,"date":"2011-08-27T21:51:14","date_gmt":"2011-08-27T18:51:14","guid":{"rendered":"http:\/\/www.kayiprihtim.org\/portal\/?page_id=12133"},"modified":"2011-08-27T21:51:14","modified_gmt":"2011-08-27T18:51:14","slug":"jonathan-strange-ve-bay-norrell-2","status":"publish","type":"page","link":"https:\/\/www.kayiprihtim.org\/portal\/kitaplar\/jonathan-strange-ve-bay-norrell-2\/","title":{"rendered":"Jonathan Strange ve Bay Norrell"},"content":{"rendered":"<table style=\"border: thin outset; border-collapse: collapse; height: 30px; width: 470px;\" border=\"0\" cellpadding=\"2\">\n<tbody>\n<tr>\n<td bgcolor=\"#330000\" width=\"30%\"><span style=\"color: #ffffff;\"><span style=\"font-family: Verdana;\"><strong>JONATHAN STRANGE ve BAY NORRELL<br \/>\n<\/strong><\/span><\/span><\/td>\n<\/tr>\n<\/tbody>\n<\/table>\n<table style=\"border-collapse: collapse; width: 462px; height: 250px;\" border=\"0\" cellspacing=\"0\" cellpadding=\"0\">\n<tbody>\n<tr>\n<td align=\"center\" valign=\"top\" width=\"58%\">\n<table style=\"border-collapse: collapse; width: 315px; height: 248px;\" border=\"0\" cellspacing=\"2\">\n<tbody>\n<tr>\n<td align=\"right\" width=\"100%\">\n<table style=\"width: 310px; height: 88px;\" border=\"0\" cellspacing=\"0\">\n<tbody>\n<tr bgcolor=\"#d1c4a5\">\n<td width=\"39%\"><strong>Yazar<\/strong><\/td>\n<td width=\"3%\">:<\/td>\n<td width=\"51%\"><span style=\"color: #993300;\"><strong>Susanna Clarke<\/strong><\/span><\/td>\n<\/tr>\n<tr bgcolor=\"#e4ddcb\">\n<td><strong>\u00c7eviri<\/strong><\/td>\n<td width=\"3%\">:<\/td>\n<td width=\"51%\">Berna K\u0131l\u0131n\u00e7er<\/td>\n<\/tr>\n<tr bgcolor=\"#d1c4a5\">\n<td width=\"39%\"><strong>\u00d6zg\u00fcn Ad\u0131<\/strong><\/td>\n<td width=\"3%\">:<\/td>\n<td width=\"51%\"><span style=\"font-size: x-small;\">Jonathan Strange &amp; Mr. Norrell<\/span><\/td>\n<\/tr>\n<tr bgcolor=\"#e4ddcb\">\n<td width=\"39%\"><strong>\u0130ll\u00fcstrasyon<\/strong><\/td>\n<td width=\"3%\">:<\/td>\n<td width=\"51%\">Portia Rosenborg<\/td>\n<\/tr>\n<\/tbody>\n<\/table>\n<\/td>\n<\/tr>\n<tr>\n<td style=\"border-style: solid ridge ridge; border-width: 1px; padding-left: 4px; padding-right: 4px;\" bgcolor=\"#c0b18d\" width=\"100%\"><strong><span style=\"font-size: 9pt; font-family: Tahoma;\">O\u011flak Yay\u0131nc\u0131l\u0131k<br \/>\n<\/span><\/strong><\/td>\n<\/tr>\n<tr>\n<td align=\"right\" width=\"100%\">\n<table style=\"width: 310px; height: 88px;\" border=\"0\" cellspacing=\"0\">\n<tbody>\n<tr bgcolor=\"#e4ddcb\">\n<td width=\"39%\"><strong>\u00c7\u0131k\u0131\u015f Tarihi<\/strong><\/td>\n<td width=\"3%\">:<\/td>\n<td width=\"51%\">Kas\u0131m, 2006<\/td>\n<\/tr>\n<tr bgcolor=\"#d1c4a5\">\n<td><strong>Sayfa Say\u0131s\u0131<\/strong><\/td>\n<td width=\"3%\">:<\/td>\n<td width=\"51%\">695<\/td>\n<\/tr>\n<tr bgcolor=\"#e4ddcb\">\n<td width=\"39%\"><strong>Fiyat\u0131<\/strong><\/td>\n<td width=\"3%\">:<\/td>\n<td width=\"51%\">40,00 TL<\/td>\n<\/tr>\n<tr bgcolor=\"#d1c4a5\">\n<td width=\"39%\"><strong>ISBN No<\/strong><\/td>\n<td width=\"3%\">:<\/td>\n<td width=\"51%\">9789753295598<\/td>\n<\/tr>\n<\/tbody>\n<\/table>\n<\/td>\n<\/tr>\n<\/tbody>\n<\/table>\n<\/td>\n<td style=\"width: 39%;\" align=\"center\" valign=\"middle\">\n<p style=\"text-align: center;\"><a href=\"https:\/\/www.kayiprihtim.org\/portal\/gorsel\/jonathan-strange-ve-bay-norrell-1.jpg\" target=\"_blank\"><img decoding=\"async\" class=\"aligncenter\" src=\"https:\/\/www.kayiprihtim.org\/portal\/gorsel\/jonathan-strange-ve-bay-norrell-1.jpg\" alt=\"\" width=\"140\" height=\"219\" border=\"0\" hspace=\"1\"><\/a><\/p>\n<\/td>\n<\/tr>\n<\/tbody>\n<\/table>\n<table style=\"border-collapse: collapse; width: 47%;\" border=\"0\" cellpadding=\"0\">\n<tbody>\n<tr>\n<td width=\"54%\">\n<table style=\"border-collapse: collapse; height: 147px; width: 470px;\" border=\"0\" cellspacing=\"0\" cellpadding=\"2\">\n<tbody>\n<tr>\n<td style=\"border-style: solid ridge ridge; border-width: 1px; padding-left: 4px; padding-right: 4px;\" bgcolor=\"#c0b18d\" width=\"98%\"><strong><span style=\"font-size: 9pt; font-family: Tahoma;\">Tan\u0131t\u0131m Yaz\u0131s\u0131<\/span><\/strong><\/td>\n<\/tr>\n<tr>\n<td align=\"left\" width=\"99%\">\n<table style=\"width: 465px;\" border=\"0\">\n<tbody>\n<tr>\n<td style=\"border-style: outset; border-width: 1px;\" bgcolor=\"#d1c4a5\" width=\"96%\">\n<table style=\"border-collapse: collapse; width: 452px; height: 199px;\" border=\"0\" cellspacing=\"0\" cellpadding=\"5\" bgcolor=\"#d1c4a5\">\n<tbody>\n<tr>\n<td bgcolor=\"#d1c4a5\" width=\"96%\">&#8220;\u0130ngiltere&#8217;ye iki b\u00fcy\u00fcc\u00fc gelecek&#8230;&#8221;<\/p>\n<p>&#8220;\u0130lki benden korkacak, ikincisi beni g\u00f6rme \u00f6zlemiyle yanacak, \u0130lkini h\u0131rs\u0131zlar ve katiller y\u00f6netecek, ikincisi kendi y\u0131k\u0131m\u0131nda su\u00e7 orta\u011f\u0131 olacak,<br \/>\n\u0130lki kalbini karanl\u0131k bir ormanda karlar alt\u0131na g\u00f6mecek ama yine de s\u0131zlad\u0131\u011f\u0131n\u0131 hissedecek,<br \/>\n\u0130kincisi en de\u011ferli varl\u0131\u011f\u0131n\u0131 d\u00fc\u015fman\u0131n\u0131n elinde g\u00f6recek&#8230;&#8221;<br \/>\n&#8220;\u0130lki hayat\u0131n\u0131 yaln\u0131z ge\u00e7irecek, kendi kendisinin gardiyan\u0131 olacak, \u0130kincisi \u0131ss\u0131z yollarda y\u00fcr\u00fcyecek, ba\u015f\u0131nda f\u0131rt\u0131na, y\u00fcksek bir tepede karanl\u0131k bir kule arayacak&#8230;&#8221;<\/p>\n<p>Jonathan Strange ve Bay Norrel hic ku\u015fkusuz \u0130ngiliz fantastik roman\u0131n\u0131n son yetmi\u015f y\u0131lda yaz\u0131lm\u0131\u015f en m\u00fckemmel \u00f6rne\u011fi&#8230; Tan\u0131maktan mutluluk duyaca\u011f\u0131n\u0131z karakterlerle, tekrar tekrar ziyaret etmek isteyece\u011finiz mek\u00e2nlarla dolu, ba\u015ftan sona b\u00fcy\u00fck bir zevkle okunan kocaman bir kitap.<br \/>\n<strong>-Neil Gaiman<\/strong><\/p>\n<hr size=\"1\" \/>\n<p><strong>Kurumsal Kimlik Dan\u0131\u015fman\u0131 :<\/strong> Serdar Benli<br \/>\n<strong>Kapak Tasar\u0131m\u0131 :<\/strong> M. Deniz \u00c7orbac\u0131o\u011flu<\/td>\n<\/tr>\n<\/tbody>\n<\/table>\n<\/td>\n<\/tr>\n<\/tbody>\n<\/table>\n<\/td>\n<\/tr>\n<\/tbody>\n<\/table>\n<\/td>\n<\/tr>\n<\/tbody>\n<\/table>\n","protected":false},"excerpt":{"rendered":"<p>JONATHAN STRANGE ve BAY NORRELL Yazar : Susanna Clarke \u00c7eviri : Berna K\u0131l\u0131n\u00e7er \u00d6zg\u00fcn Ad\u0131 : Jonathan Strange &amp; Mr. Norrell \u0130ll\u00fcstrasyon : Portia Rosenborg O\u011flak Yay\u0131nc\u0131l\u0131k \u00c7\u0131k\u0131\u015f Tarihi : Kas\u0131m, 2006 Sayfa Say\u0131s\u0131 : 695 Fiyat\u0131 : 40,00 TL ISBN No : 9789753295598 Tan\u0131t\u0131m Yaz\u0131s\u0131 &#8220;\u0130ngiltere&#8217;ye iki b\u00fcy\u00fcc\u00fc gelecek&#8230;&#8221; &#8220;\u0130lki benden korkacak, ikincisi beni [&hellip;]<\/p>\n","protected":false},"author":1,"featured_media":0,"parent":57,"menu_order":0,"comment_status":"open","ping_status":"closed","template":"","meta":{"_acf_changed":false,"footnotes":""},"class_list":["post-12133","page","type-page","status-publish"],"acf":[],"_links":{"self":[{"href":"https:\/\/www.kayiprihtim.org\/portal\/wp-json\/wp\/v2\/pages\/12133","targetHints":{"allow":["GET"]}}],"collection":[{"href":"https:\/\/www.kayiprihtim.org\/portal\/wp-json\/wp\/v2\/pages"}],"about":[{"href":"https:\/\/www.kayiprihtim.org\/portal\/wp-json\/wp\/v2\/types\/page"}],"author":[{"embeddable":true,"href":"https:\/\/www.kayiprihtim.org\/portal\/wp-json\/wp\/v2\/users\/1"}],"replies":[{"embeddable":true,"href":"https:\/\/www.kayiprihtim.org\/portal\/wp-json\/wp\/v2\/comments?post=12133"}],"version-history":[{"count":0,"href":"https:\/\/www.kayiprihtim.org\/portal\/wp-json\/wp\/v2\/pages\/12133\/revisions"}],"up":[{"embeddable":true,"href":"https:\/\/www.kayiprihtim.org\/portal\/wp-json\/wp\/v2\/pages\/57"}],"wp:attachment":[{"href":"https:\/\/www.kayiprihtim.org\/portal\/wp-json\/wp\/v2\/media?parent=12133"}],"curies":[{"name":"wp","href":"https:\/\/api.w.org\/{rel}","templated":true}]}}