{"id":12137,"date":"2011-08-27T22:11:54","date_gmt":"2011-08-27T19:11:54","guid":{"rendered":"http:\/\/www.kayiprihtim.org\/portal\/?page_id=12137"},"modified":"2011-08-27T22:11:54","modified_gmt":"2011-08-27T19:11:54","slug":"morningstar-laneti","status":"publish","type":"page","link":"https:\/\/www.kayiprihtim.org\/portal\/kitaplar\/morningstar-laneti\/","title":{"rendered":"Morningstar Laneti"},"content":{"rendered":"<table style=\"border: thin outset; border-collapse: collapse; height: 30px; width: 470px;\" border=\"0\" cellpadding=\"2\">\n<tbody>\n<tr>\n<td bgcolor=\"#330000\" width=\"30%\"><span style=\"color: #ffffff;\"><span style=\"font-family: Verdana;\"><strong><a name=\"1\"><\/a>CEHENNEME SI\u011eMAYANLAR<br \/>\n<\/strong><\/span><\/span><\/td>\n<\/tr>\n<\/tbody>\n<\/table>\n<table style=\"border-collapse: collapse; width: 462px; height: 250px;\" border=\"0\" cellspacing=\"0\" cellpadding=\"0\">\n<tbody>\n<tr>\n<td align=\"center\" valign=\"top\" width=\"58%\">\n<table style=\"border-collapse: collapse; width: 315px; height: 248px;\" border=\"0\" cellspacing=\"2\">\n<tbody>\n<tr>\n<td align=\"right\" width=\"100%\">\n<table style=\"width: 310px; height: 88px;\" border=\"0\" cellspacing=\"0\">\n<tbody>\n<tr bgcolor=\"#d1c4a5\">\n<td width=\"39%\"><strong>Yazar<\/strong><\/td>\n<td width=\"3%\">:<\/td>\n<td width=\"51%\"><span style=\"color: #993300;\"><strong>Z. A. Recht<\/strong><\/span><\/td>\n<\/tr>\n<tr bgcolor=\"#e4ddcb\">\n<td><strong>\u00c7eviri<\/strong><\/td>\n<td width=\"3%\">:<\/td>\n<td width=\"51%\">Seda Hauser<\/td>\n<\/tr>\n<tr bgcolor=\"#d1c4a5\">\n<td width=\"39%\"><strong>\u00d6zg\u00fcn Ad\u0131<\/strong><\/td>\n<td width=\"3%\">:<\/td>\n<td width=\"51%\">Plague of the Dead<\/td>\n<\/tr>\n<tr bgcolor=\"#e4ddcb\">\n<td width=\"39%\"><strong>Edit\u00f6r<\/strong><\/td>\n<td width=\"3%\">:<\/td>\n<td width=\"51%\">Senem Davis<\/td>\n<\/tr>\n<\/tbody>\n<\/table>\n<\/td>\n<\/tr>\n<tr>\n<td style=\"border-style: solid ridge ridge; border-width: 1px; padding-left: 4px; padding-right: 4px;\" bgcolor=\"#c0b18d\" width=\"100%\"><strong><span style=\"font-size: 9pt; font-family: Tahoma;\">Sayfa6 Yay\u0131nlar\u0131<br \/>\n<\/span><\/strong><\/td>\n<\/tr>\n<tr>\n<td align=\"right\" width=\"100%\">\n<table style=\"width: 310px; height: 88px;\" border=\"0\" cellspacing=\"0\">\n<tbody>\n<tr bgcolor=\"#e4ddcb\">\n<td width=\"39%\"><strong>\u00c7\u0131k\u0131\u015f Tarihi<\/strong><\/td>\n<td width=\"3%\">:<\/td>\n<td width=\"51%\">A\u011fustos, 2011<\/td>\n<\/tr>\n<tr bgcolor=\"#d1c4a5\">\n<td><strong>Sayfa Say\u0131s\u0131<\/strong><\/td>\n<td width=\"3%\">:<\/td>\n<td width=\"51%\">408<\/td>\n<\/tr>\n<tr bgcolor=\"#e4ddcb\">\n<td width=\"39%\"><strong>Fiyat\u0131<\/strong><\/td>\n<td width=\"3%\">:<\/td>\n<td width=\"51%\">20,00 TL<\/td>\n<\/tr>\n<tr bgcolor=\"#d1c4a5\">\n<td width=\"39%\"><strong>ISBN No<\/strong><\/td>\n<td width=\"3%\">:<\/td>\n<td width=\"51%\">9789751031488<\/td>\n<\/tr>\n<\/tbody>\n<\/table>\n<\/td>\n<\/tr>\n<\/tbody>\n<\/table>\n<\/td>\n<td style=\"width: 39%;\" align=\"center\" valign=\"middle\">\n<p style=\"text-align: center;\"><a href=\"https:\/\/www.kayiprihtim.org\/portal\/gorsel\/cehenneme-sigamayanlar.jpg\" target=\"_blank\"><img decoding=\"async\" class=\"aligncenter\" src=\"https:\/\/www.kayiprihtim.org\/portal\/gorsel\/cehenneme-sigamayanlar.jpg\" alt=\"\" width=\"140\" height=\"219\" border=\"0\" hspace=\"1\"><\/a><\/p>\n<\/td>\n<\/tr>\n<\/tbody>\n<\/table>\n<table style=\"border-collapse: collapse; width: 47%;\" border=\"0\" cellpadding=\"0\">\n<tbody>\n<tr>\n<td width=\"54%\">\n<table style=\"border-collapse: collapse; height: 147px; width: 470px;\" border=\"0\" cellspacing=\"0\" cellpadding=\"2\">\n<tbody>\n<tr>\n<td style=\"border-style: solid ridge ridge; border-width: 1px; padding-left: 4px; padding-right: 4px;\" bgcolor=\"#c0b18d\" width=\"98%\"><strong><span style=\"font-size: 9pt; font-family: Tahoma;\">Tan\u0131t\u0131m Yaz\u0131s\u0131<\/span><\/strong><\/td>\n<\/tr>\n<tr>\n<td align=\"left\" width=\"99%\">\n<table style=\"width: 465px;\" border=\"0\">\n<tbody>\n<tr>\n<td style=\"border-style: outset; border-width: 1px;\" bgcolor=\"#d1c4a5\" width=\"96%\">\n<table style=\"border-collapse: collapse; width: 452px; height: 199px;\" border=\"0\" cellspacing=\"0\" cellpadding=\"5\" bgcolor=\"#d1c4a5\">\n<tbody>\n<tr>\n<td bgcolor=\"#d1c4a5\" width=\"96%\">D\u00fcnya ak\u0131l almaz bir salg\u0131nla kar\u015f\u0131 kar\u015f\u0131yad\u0131r. Hastal\u0131\u011f\u0131n kurbanlar\u0131 \u00e7\u0131ld\u0131rarak \u00f6ld\u00fckten sonra dirilip vir\u00fcs\u00fc bula\u015ft\u0131rabilecekleri yeni ve taze bedenler ararken, tecr\u00fcbeli General Sherman ise askerleri ve sorumlulu\u011fundaki sivillerle birlikte bu belay\u0131 alt etmenin yollar\u0131n\u0131 arar.<\/p>\n<p>Amerikan h\u00fck\u00fcmeti \u00fclkeye yay\u0131lmas\u0131 an meselesi olan bu \u00f6l\u00fcmc\u00fcl vir\u00fcsle ilgili bilgileri halktan gizlemeye \u00e7al\u0131\u015f\u0131r, haber spikeri Julie ve orduda g\u00f6revli Doktor Demilio ise halk\u0131 bu korkun\u00e7 ger\u00e7ekten haberdar etmenin ve koruman\u0131n sava\u015f\u0131n\u0131 verir.<\/p>\n<p>\u00d6lmek ya da \u00f6ld\u00fcrmek d\u0131\u015f\u0131nda se\u00e7ene\u011fi olmayan, krizin e\u015fi\u011findeki insanlar\u0131n kan ve deh\u015fet dolu ser\u00fcveni ile sars\u0131lacaks\u0131n\u0131z&#8230;<\/p>\n<hr size=\"1\" \/>\n<p><strong>Yay\u0131na Haz\u0131rlayan :<\/strong> Sena Akp\u0131nar<br \/>\n<strong>Sayfa Tasar\u0131m\u0131 :<\/strong> Derya Balc\u0131<br \/>\n<strong>Kapak Tasar\u0131m\u0131 :<\/strong> Okan Ko\u00e7<\/td>\n<\/tr>\n<\/tbody>\n<\/table>\n<\/td>\n<\/tr>\n<\/tbody>\n<\/table>\n<\/td>\n<\/tr>\n<\/tbody>\n<\/table>\n<\/td>\n<\/tr>\n<\/tbody>\n<\/table>\n","protected":false},"excerpt":{"rendered":"<p>CEHENNEME SI\u011eMAYANLAR Yazar : Z. A. Recht \u00c7eviri : Seda Hauser \u00d6zg\u00fcn Ad\u0131 : Plague of the Dead Edit\u00f6r : Senem Davis Sayfa6 Yay\u0131nlar\u0131 \u00c7\u0131k\u0131\u015f Tarihi : A\u011fustos, 2011 Sayfa Say\u0131s\u0131 : 408 Fiyat\u0131 : 20,00 TL ISBN No : 9789751031488 Tan\u0131t\u0131m Yaz\u0131s\u0131 D\u00fcnya ak\u0131l almaz bir salg\u0131nla kar\u015f\u0131 kar\u015f\u0131yad\u0131r. Hastal\u0131\u011f\u0131n kurbanlar\u0131 \u00e7\u0131ld\u0131rarak \u00f6ld\u00fckten sonra [&hellip;]<\/p>\n","protected":false},"author":1,"featured_media":0,"parent":57,"menu_order":0,"comment_status":"open","ping_status":"closed","template":"","meta":{"_acf_changed":false,"footnotes":""},"class_list":["post-12137","page","type-page","status-publish"],"acf":[],"_links":{"self":[{"href":"https:\/\/www.kayiprihtim.org\/portal\/wp-json\/wp\/v2\/pages\/12137","targetHints":{"allow":["GET"]}}],"collection":[{"href":"https:\/\/www.kayiprihtim.org\/portal\/wp-json\/wp\/v2\/pages"}],"about":[{"href":"https:\/\/www.kayiprihtim.org\/portal\/wp-json\/wp\/v2\/types\/page"}],"author":[{"embeddable":true,"href":"https:\/\/www.kayiprihtim.org\/portal\/wp-json\/wp\/v2\/users\/1"}],"replies":[{"embeddable":true,"href":"https:\/\/www.kayiprihtim.org\/portal\/wp-json\/wp\/v2\/comments?post=12137"}],"version-history":[{"count":0,"href":"https:\/\/www.kayiprihtim.org\/portal\/wp-json\/wp\/v2\/pages\/12137\/revisions"}],"up":[{"embeddable":true,"href":"https:\/\/www.kayiprihtim.org\/portal\/wp-json\/wp\/v2\/pages\/57"}],"wp:attachment":[{"href":"https:\/\/www.kayiprihtim.org\/portal\/wp-json\/wp\/v2\/media?parent=12137"}],"curies":[{"name":"wp","href":"https:\/\/api.w.org\/{rel}","templated":true}]}}