{"id":12165,"date":"2011-08-28T03:28:44","date_gmt":"2011-08-28T00:28:44","guid":{"rendered":"http:\/\/www.kayiprihtim.org\/portal\/?page_id=12165"},"modified":"2017-10-09T18:48:01","modified_gmt":"2017-10-09T15:48:01","slug":"projeler","status":"publish","type":"page","link":"https:\/\/www.kayiprihtim.org\/portal\/projeler\/","title":{"rendered":"Projeler"},"content":{"rendered":"<p><a title=\"Stephen King'in Yap\u0131m A\u015famas\u0131ndaki T\u00fcm Film ve Dizileri\" href=\"https:\/\/www.kayiprihtim.org\/portal\/2015\/09\/20\/stephen-kingin-yapim-asamasindaki-tum-film-ve-dizileri\/\"><img decoding=\"async\" src=\"https:\/\/www.kayiprihtim.org\/portal\/yan\/king-yapimasamasi.jpg\" alt=\"\" width=\"235\" height=\"153\"><\/a> <a title=\"Mini Dosya: Rowling'in \u015eimdiye Dek A\u00e7\u0131klad\u0131\u011f\u0131 17 Harry Potter S\u0131rr\u0131\" href=\"https:\/\/www.kayiprihtim.org\/portal\/?p=47836\" target=\"_blank\" rel=\"noopener\"><img decoding=\"async\" src=\"https:\/\/www.kayiprihtim.org\/portal\/yan\/hp17.jpg\" alt=\"\" width=\"235\" height=\"153\"><\/a> <a title=\"R\u0131ht\u0131m Okuma Etkinli\u011fi #9 || Saatleri Ayarlama Enstit\u00fcs\u00fc\" href=\"https:\/\/www.kayiprihtim.org\/forum\/ryhtym-okuma-etkinlidhi-9-saatleri-ayarlama-enstitusu-t17272.0.html\"><img decoding=\"async\" src=\"https:\/\/www.kayiprihtim.org\/portal\/yan\/ahtsaat.jpg\" alt=\"\" width=\"235\" height=\"153\"><\/a> <a title=\"FBI\u2019\u0131n Ray Bradbury \u0130\u00e7in A\u00e7t\u0131\u011f\u0131 Soru\u015fturma Dosyas\u0131 G\u00fcn Y\u00fcz\u00fcne \u00c7\u0131kt\u0131\" href=\"https:\/\/www.kayiprihtim.org\/portal\/2015\/08\/25\/mini-dosya-fbiin-ray-bradbury-icin-actigi-sorusturma-dosyasi-gun-yuzune-cikti\/\"><img loading=\"lazy\" decoding=\"async\" src=\"https:\/\/www.kayiprihtim.org\/portal\/yan\/bradbury-fbi.jpg\" alt=\"\" width=\"235\" height=\"153\"><\/a> <a title=\"\u00c7anlar Hugo \u00d6d\u00fclleri \u0130\u00e7in Mi \u00c7al\u0131yor?\" href=\"https:\/\/www.kayiprihtim.org\/portal\/inceleme\/canlar-hugo-odulleri-icin-mi-caliyor\/\"><img loading=\"lazy\" decoding=\"async\" src=\"https:\/\/www.kayiprihtim.org\/portal\/yan\/hugo.jpg\" alt=\"\" width=\"235\" height=\"153\"><\/a> <a title=\"Stephen King'in Yay\u0131nlamay\u0131 Reddetti\u011fi 7 \u00d6yk\u00fcs\u00fc\" href=\"https:\/\/www.kayiprihtim.org\/portal\/2015\/07\/05\/stephen-kingin-yayinlamayi-reddettigi-7-oykusu\/\"><img loading=\"lazy\" decoding=\"async\" src=\"https:\/\/www.kayiprihtim.org\/portal\/yan\/stephenkingoyku.jpg\" alt=\"\" width=\"235\" height=\"153\"><\/a> <a title=\"Se\u00e7kide ALTINCI Y\u0131l!\" href=\"http:\/\/oyku.kayiprihtim.org\/seckide-altinci-yil\/\" target=\"_blank\" rel=\"noopener nofollow\"><img loading=\"lazy\" decoding=\"async\" src=\"https:\/\/www.kayiprihtim.org\/portal\/yan\/dedekorkut-yan.jpg\" alt=\"\" width=\"235\" height=\"153\"><\/a> <a title=\"Se\u00e7men \u015eapka&#039;n\u0131n Se\u00e7imlerine Bilimsel Bir Bak\u0131\u015f\" href=\"https:\/\/www.kayiprihtim.org\/portal\/2015\/06\/29\/secmen-sapkanin-secimlerine-bilimsel-bir-bakis\/\"><img loading=\"lazy\" decoding=\"async\" src=\"https:\/\/www.kayiprihtim.org\/portal\/yan\/secmensapka.jpg\" alt=\"\" width=\"235\" height=\"153\"><\/a> <a title=\"X-Men Filmlerine Dair Bunlar\u0131 Biliyor Muydunuz?\" href=\"https:\/\/www.kayiprihtim.org\/portal\/2015\/07\/15\/x-men-filmlerine-dair-bunlari-biliyor-muydunuz\/\"><img loading=\"lazy\" decoding=\"async\" src=\"https:\/\/www.kayiprihtim.org\/portal\/yan\/x-men.jpg\" alt=\"\" width=\"235\" height=\"153\"><\/a> <a title=\"Devrim Kunter R\u00f6portaj\u0131 \u0130\u00e7in T\u0131klay\u0131n\" href=\"https:\/\/www.kayiprihtim.org\/portal\/roportajlar\/devrim-kunter-roportaji\/\"><img loading=\"lazy\" decoding=\"async\" src=\"https:\/\/www.kayiprihtim.org\/portal\/yan\/devrimkunter.jpg\" alt=\"\" width=\"235\" height=\"153\"><\/a> <a title=\"Buz ve Ate\u015fin \u015eark\u0131s\u0131 Asl\u0131nda B\u00f6yle Olacakt\u0131!\" href=\"https:\/\/www.kayiprihtim.org\/portal\/2015\/03\/26\/buz-ve-atesin-sarkisi-aslinda-boyle-olacakti\/\"><img loading=\"lazy\" decoding=\"async\" src=\"https:\/\/www.kayiprihtim.org\/portal\/yan\/buzveates.jpg\" alt=\"\" width=\"235\" height=\"153\"><\/a> <a title=\"Kad\u0131n\u0131n Ne Oldu\u011funu En \u0130yi Fantazya Bilir\" href=\"https:\/\/www.kayiprihtim.org\/portal\/2015\/03\/08\/kadinin-ne-oldugunu-en-iyi-fantazya-bilir\/\"><img loading=\"lazy\" decoding=\"async\" src=\"https:\/\/www.kayiprihtim.org\/portal\/yan\/kadin.jpg\" alt=\"\" width=\"235\" height=\"153\"><\/a> <a title=\"Biz Bunu \u0130stiyoruz #2.5 | Robot Serisi\" href=\"https:\/\/www.kayiprihtim.org\/portal\/projeler\/biz-bunu-istiyoruz\/biz-bunu-istiyoruz-2-5-robot-serisi\/\"><img loading=\"lazy\" decoding=\"async\" src=\"https:\/\/www.kayiprihtim.org\/portal\/yan\/bbi25.jpg\" alt=\"\" width=\"235\" height=\"153\"><\/a> <a title=\"Buz ve Ate\u015fin \u015eark\u0131s\u0131 - K\u0131\u015f R\u00fczgarlar\u0131 | \u00d6n okuma\" href=\"https:\/\/www.kayiprihtim.org\/portal\/on-okumalar\/the-winds-of-winter-kis-ruzgarlari-alayne-on-okuma\/\"><img loading=\"lazy\" decoding=\"async\" src=\"https:\/\/www.kayiprihtim.org\/portal\/yan\/windsofwinter.jpg\" alt=\"\" width=\"235\" height=\"153\"><\/a><\/p>\n<hr size=\"1\" \/>\n<p><a title=\"Kay\u0131p R\u0131ht\u0131m 7. Y\u0131l \u015eenlikleri\" href=\"https:\/\/www.kayiprihtim.org\/portal\/projeler\/kayip-rihtim-7-yil-senlikleri\/\"><img loading=\"lazy\" decoding=\"async\" class=\" alignnone\" src=\"https:\/\/www.kayiprihtim.org\/portal\/images\/kr-7-yan.jpg\" alt=\"\" width=\"235\" height=\"286\"><\/a> <a href=\"https:\/\/www.kayiprihtim.org\/portal\/tag\/kayip-rihtim-6-yil-senlikleri\/\"><img loading=\"lazy\" decoding=\"async\" class=\"alignnone size-full wp-image-40686\" src=\"https:\/\/www.kayiprihtim.org\/portal\/gorsel\/2011\/08\/kayip-rihtim-6.jpg\" alt=\"kayip rihtim 6\" width=\"235\" height=\"286\" \/><\/a> <a href=\"https:\/\/www.kayiprihtim.org\/portal\/tag\/kayip-rihtim-5-yil-senlikleri\/\"><img loading=\"lazy\" decoding=\"async\" class=\"alignnone\" style=\"border: 1px solid black; border-width: 1px;\" src=\"https:\/\/www.kayiprihtim.org\/portal\/resimler\/kr-5-yan.jpg\" alt=\"\" width=\"235\" height=\"286\"><\/a> <a href=\"https:\/\/www.kayiprihtim.org\/portal\/projeler\/kayip-rihtim-4-yil-senlikleri\/\"><img loading=\"lazy\" decoding=\"async\" class=\"alignnone\" src=\"https:\/\/www.kayiprihtim.org\/portal\/resimler\/kr-4-yan.jpg\" alt=\"\" width=\"235\" height=\"286\"><\/a><\/p>\n","protected":false},"excerpt":{"rendered":"","protected":false},"author":1,"featured_media":40686,"parent":0,"menu_order":0,"comment_status":"closed","ping_status":"closed","template":"fullwidth.php","meta":{"_acf_changed":false,"footnotes":""},"class_list":["post-12165","page","type-page","status-publish","has-post-thumbnail"],"acf":[],"_links":{"self":[{"href":"https:\/\/www.kayiprihtim.org\/portal\/wp-json\/wp\/v2\/pages\/12165","targetHints":{"allow":["GET"]}}],"collection":[{"href":"https:\/\/www.kayiprihtim.org\/portal\/wp-json\/wp\/v2\/pages"}],"about":[{"href":"https:\/\/www.kayiprihtim.org\/portal\/wp-json\/wp\/v2\/types\/page"}],"author":[{"embeddable":true,"href":"https:\/\/www.kayiprihtim.org\/portal\/wp-json\/wp\/v2\/users\/1"}],"replies":[{"embeddable":true,"href":"https:\/\/www.kayiprihtim.org\/portal\/wp-json\/wp\/v2\/comments?post=12165"}],"version-history":[{"count":2,"href":"https:\/\/www.kayiprihtim.org\/portal\/wp-json\/wp\/v2\/pages\/12165\/revisions"}],"predecessor-version":[{"id":58697,"href":"https:\/\/www.kayiprihtim.org\/portal\/wp-json\/wp\/v2\/pages\/12165\/revisions\/58697"}],"wp:featuredmedia":[{"embeddable":true,"href":"https:\/\/www.kayiprihtim.org\/portal\/wp-json\/wp\/v2\/media\/40686"}],"wp:attachment":[{"href":"https:\/\/www.kayiprihtim.org\/portal\/wp-json\/wp\/v2\/media?parent=12165"}],"curies":[{"name":"wp","href":"https:\/\/api.w.org\/{rel}","templated":true}]}}