{"id":12211,"date":"2011-08-28T17:53:52","date_gmt":"2011-08-28T14:53:52","guid":{"rendered":"http:\/\/www.kayiprihtim.org\/portal\/?page_id=12211"},"modified":"2011-08-28T17:53:52","modified_gmt":"2011-08-28T14:53:52","slug":"peter-s-beaglein-dus-dunyalari","status":"publish","type":"page","link":"https:\/\/www.kayiprihtim.org\/portal\/kitaplar\/peter-s-beaglein-dus-dunyalari\/","title":{"rendered":"Peter S. Beagle&#8217;\u0131n D\u00fc\u015f D\u00fcnyalar\u0131"},"content":{"rendered":"<table style=\"border: thin outset; border-collapse: collapse; height: 30px; width: 470px;\" border=\"0\" cellpadding=\"2\">\n<tbody>\n<tr>\n<td bgcolor=\"#330000\" width=\"30%\"><span style=\"color: #ffffff;\"><span style=\"font-family: Verdana;\"><strong>PETER S. BEAGLE&#8217;IN D\u00dc\u015e D\u00dcNYALARI<br \/>\n<\/strong><\/span><\/span><\/td>\n<\/tr>\n<\/tbody>\n<\/table>\n<table style=\"border-collapse: collapse; width: 462px; height: 250px;\" border=\"0\" cellspacing=\"0\" cellpadding=\"0\">\n<tbody>\n<tr>\n<td align=\"center\" valign=\"top\" width=\"58%\">\n<table style=\"border-collapse: collapse; width: 315px; height: 248px;\" border=\"0\" cellspacing=\"2\">\n<tbody>\n<tr>\n<td align=\"right\" width=\"100%\">\n<table style=\"width: 310px; height: 88px;\" border=\"0\" cellspacing=\"0\">\n<tbody>\n<tr bgcolor=\"#d1c4a5\">\n<td width=\"39%\"><strong>Yazar<\/strong><\/td>\n<td width=\"3%\">:<\/td>\n<td width=\"51%\">Peter S. Beagle<\/td>\n<\/tr>\n<tr bgcolor=\"#e4ddcb\">\n<td><strong>\u00c7eviri<\/strong><\/td>\n<td width=\"3%\">:<\/td>\n<td width=\"51%\">Hamide Koyukan<\/td>\n<\/tr>\n<tr bgcolor=\"#d1c4a5\">\n<td width=\"39%\"><strong>\u00d6zg\u00fcn Ad\u0131<\/strong><\/td>\n<td width=\"3%\">:<\/td>\n<td width=\"51%\"><span style=\"font-size: x-small;\">The Fantasy World of Peter S. Beagle An Enchanting Quartet<\/span><\/td>\n<\/tr>\n<tr bgcolor=\"#e4ddcb\">\n<td width=\"39%\"><\/td>\n<td width=\"3%\"><\/td>\n<td width=\"51%\"><\/td>\n<\/tr>\n<\/tbody>\n<\/table>\n<\/td>\n<\/tr>\n<tr>\n<td style=\"border-style: solid ridge ridge; border-width: 1px; padding-left: 4px; padding-right: 4px;\" bgcolor=\"#c0b18d\" width=\"100%\"><strong><span style=\"font-size: 9pt; font-family: Tahoma;\">Kabalc\u0131 Yay\u0131nevi<br \/>\n<\/span><\/strong><\/td>\n<\/tr>\n<tr>\n<td align=\"right\" width=\"100%\">\n<table style=\"width: 310px; height: 88px;\" border=\"0\" cellspacing=\"0\">\n<tbody>\n<tr bgcolor=\"#e4ddcb\">\n<td width=\"39%\"><strong>\u00c7\u0131k\u0131\u015f Tarihi<\/strong><\/td>\n<td width=\"3%\">:<\/td>\n<td width=\"51%\">Ocak, 199<\/td>\n<\/tr>\n<tr bgcolor=\"#d1c4a5\">\n<td><strong>Sayfa Say\u0131s\u0131<\/strong><\/td>\n<td width=\"3%\">:<\/td>\n<td width=\"51%\">556<\/td>\n<\/tr>\n<tr bgcolor=\"#e4ddcb\">\n<td width=\"39%\"><strong>Fiyat\u0131<\/strong><\/td>\n<td width=\"3%\">:<\/td>\n<td width=\"51%\">5,00 TL<\/td>\n<\/tr>\n<tr bgcolor=\"#d1c4a5\">\n<td width=\"39%\"><strong>ISBN No<\/strong><\/td>\n<td width=\"3%\">:<\/td>\n<td width=\"51%\">9789757942184<\/td>\n<\/tr>\n<\/tbody>\n<\/table>\n<\/td>\n<\/tr>\n<\/tbody>\n<\/table>\n<\/td>\n<td style=\"width: 39%;\" align=\"center\" valign=\"middle\">\n<p style=\"text-align: center;\"><a href=\"https:\/\/www.kayiprihtim.org\/portal\/gorsel\/peter-s-beaglein-dus-dunyalari.jpg\" target=\"_blank\"><img decoding=\"async\" class=\"aligncenter\" src=\"https:\/\/www.kayiprihtim.org\/portal\/gorsel\/peter-s-beaglein-dus-dunyalari.jpg\" alt=\"\" width=\"140\" height=\"219\" border=\"0\" hspace=\"1\"><\/a><\/p>\n<\/td>\n<\/tr>\n<\/tbody>\n<\/table>\n<table style=\"border-collapse: collapse; width: 47%;\" border=\"0\" cellpadding=\"0\">\n<tbody>\n<tr>\n<td width=\"54%\">\n<table style=\"border-collapse: collapse; height: 147px; width: 470px;\" border=\"0\" cellspacing=\"0\" cellpadding=\"2\">\n<tbody>\n<tr>\n<td style=\"border-style: solid ridge ridge; border-width: 1px; padding-left: 4px; padding-right: 4px;\" bgcolor=\"#c0b18d\" width=\"98%\"><strong><span style=\"font-size: 9pt; font-family: Tahoma;\">Tan\u0131t\u0131m Yaz\u0131s\u0131<\/span><\/strong><\/td>\n<\/tr>\n<tr>\n<td align=\"left\" width=\"99%\">\n<table style=\"width: 465px;\" border=\"0\">\n<tbody>\n<tr>\n<td style=\"border-style: outset; border-width: 1px;\" bgcolor=\"#d1c4a5\" width=\"96%\">\n<table style=\"border-collapse: collapse; width: 452px; height: 199px;\" border=\"0\" cellspacing=\"0\" cellpadding=\"5\" bgcolor=\"#d1c4a5\">\n<tbody>\n<tr>\n<td bgcolor=\"#d1c4a5\" width=\"96%\"><strong>Kurtkad\u0131n Lila<\/strong><br \/>\nAnnesi Bronx&#8217;ta ya\u015fayan, gitar \u00e7alan ve sevgilisinin can\u0131n\u0131 \u00e7ok s\u0131ksa da geceleri kurta d\u00f6n\u00fc\u015fen sevimli bir k\u0131z\u0131n garip \u00f6yk\u00fcs\u00fc&#8230;<\/p>\n<p><strong>Son Tekboynuz<\/strong><br \/>\n\u00d6l\u00fcms\u00fcz bir tekboynuzun, pek de yetenekli olmayan bir b\u00fcy\u00fcc\u00fcyle birlikte yitirdi\u011fi dostlar\u0131n\u0131 arad\u0131\u011f\u0131 ola\u011fan\u00fcst\u00fc bir macera&#8230;<\/p>\n<p><strong>Buyrun, Leydi \u00d6l\u00fcm<\/strong><br \/>\nOnur konu\u011fu olarak \u00d6l\u00fcm&#8217;\u00fc \u00e7a\u011f\u0131rd\u0131\u011f\u0131 muhte\u015fem bir parti vererek herkesi etkilemeye \u00e7al\u0131\u015fan zengin bir kad\u0131n\u0131n \u00f6yk\u00fcs\u00fc&#8230;<\/p>\n<p><strong>Ho\u015f ve \u00d6zel Bir Yer<\/strong><br \/>\nYa\u015fayanlarla \u00f6l\u00fclerin, bir mezarl\u0131kta sonsuza dek s\u00fcren a\u015fklar\u0131n\u0131 anlatan m\u00fcthi\u015f keyifli ve s\u0131cak bir roman&#8230;<\/td>\n<\/tr>\n<\/tbody>\n<\/table>\n<\/td>\n<\/tr>\n<\/tbody>\n<\/table>\n<\/td>\n<\/tr>\n<\/tbody>\n<\/table>\n<\/td>\n<\/tr>\n<\/tbody>\n<\/table>\n","protected":false},"excerpt":{"rendered":"<p>PETER S. BEAGLE&#8217;IN D\u00dc\u015e D\u00dcNYALARI Yazar : Peter S. Beagle \u00c7eviri : Hamide Koyukan \u00d6zg\u00fcn Ad\u0131 : The Fantasy World of Peter S. Beagle An Enchanting Quartet Kabalc\u0131 Yay\u0131nevi \u00c7\u0131k\u0131\u015f Tarihi : Ocak, 199 Sayfa Say\u0131s\u0131 : 556 Fiyat\u0131 : 5,00 TL ISBN No : 9789757942184 Tan\u0131t\u0131m Yaz\u0131s\u0131 Kurtkad\u0131n Lila Annesi Bronx&#8217;ta ya\u015fayan, gitar \u00e7alan [&hellip;]<\/p>\n","protected":false},"author":1,"featured_media":0,"parent":57,"menu_order":0,"comment_status":"open","ping_status":"closed","template":"","meta":{"_acf_changed":false,"footnotes":""},"class_list":["post-12211","page","type-page","status-publish"],"acf":[],"_links":{"self":[{"href":"https:\/\/www.kayiprihtim.org\/portal\/wp-json\/wp\/v2\/pages\/12211","targetHints":{"allow":["GET"]}}],"collection":[{"href":"https:\/\/www.kayiprihtim.org\/portal\/wp-json\/wp\/v2\/pages"}],"about":[{"href":"https:\/\/www.kayiprihtim.org\/portal\/wp-json\/wp\/v2\/types\/page"}],"author":[{"embeddable":true,"href":"https:\/\/www.kayiprihtim.org\/portal\/wp-json\/wp\/v2\/users\/1"}],"replies":[{"embeddable":true,"href":"https:\/\/www.kayiprihtim.org\/portal\/wp-json\/wp\/v2\/comments?post=12211"}],"version-history":[{"count":0,"href":"https:\/\/www.kayiprihtim.org\/portal\/wp-json\/wp\/v2\/pages\/12211\/revisions"}],"up":[{"embeddable":true,"href":"https:\/\/www.kayiprihtim.org\/portal\/wp-json\/wp\/v2\/pages\/57"}],"wp:attachment":[{"href":"https:\/\/www.kayiprihtim.org\/portal\/wp-json\/wp\/v2\/media?parent=12211"}],"curies":[{"name":"wp","href":"https:\/\/api.w.org\/{rel}","templated":true}]}}