{"id":125,"date":"2008-07-15T02:49:47","date_gmt":"2008-07-15T09:49:47","guid":{"rendered":"http:\/\/www.hayalcini.net\/blog\/silmarillion\/"},"modified":"2016-05-26T07:11:13","modified_gmt":"2016-05-26T04:11:13","slug":"silmarillion","status":"publish","type":"page","link":"https:\/\/www.kayiprihtim.org\/portal\/kitaplar\/silmarillion\/","title":{"rendered":"Silmarillion"},"content":{"rendered":"<p><img fetchpriority=\"high\" decoding=\"async\" class=\"alignright\" src=\"https:\/\/www.kayiprihtim.org\/portal\/gorsel\/silmarillion-ithaki.jpg\" alt=\"\" width=\"200\" height=\"287\">Tolkien&#8217;in en \u00f6nemli \u00e7al\u0131\u015fmas\u0131 olarak kabul edilen Silmarillion, onun yaratt\u0131\u011f\u0131 d\u00fcnyan\u0131n \u00f6z\u00fcd\u00fcr. K\u00f6kleri Hobbit&#8217;ten \u00f6nceye uzan\u0131r ve Y\u00fcz\u00fcklerin Efendisi&#8217;nde \u015fekillenmeye ba\u015flayan bir d\u00fcnyan\u0131n yarat\u0131l\u0131\u015f \u00f6yk\u00fcs\u00fcn\u00fc bar\u0131nd\u0131rarak, t\u00fcm Tolkien eserlerinin \u00fczerine yerle\u015febilece\u011fi bir yap\u0131 olu\u015fturur. Ya\u015fam\u0131 boyunca \u00fczerinde \u00e7al\u0131\u015fmay\u0131 terk edemedi\u011fi ve giderek b\u00fcy\u00fcy\u00fcp geli\u015fen bu eser ancak \u00f6l\u00fcm\u00fcnden d\u00f6rt y\u0131l sonra o\u011flu taraf\u0131ndan yay\u0131mlanabildi.<\/p>\n<p>Elflerin en beceriklisi olan Feanorun yaratt\u0131\u011f\u0131 \u00fc\u00e7 Silmaril&#8217;in \u00e7al\u0131nmas\u0131yla birlikte kadim d\u00fcnyan\u0131n en kederli olaylar\u0131 geli\u015fmeye ba\u015flar. Silmarillion, elflerin tanr\u0131lara isyan ederek Orta D\u00fcnya&#8217;ya s\u00fcr\u00fclmelerini; orada insanlar ve C\u00fccelerle birle\u015ferek tanr\u0131lar\u0131n en k\u00f6t\u00fcs\u00fcne, Morgoth&#8217;a kar\u015f\u0131 verdi\u011fi umutsuz sava\u015f\u0131 anlat\u0131r.<\/p>\n<p>Daha \u00f6nce &#8220;G\u00fc\u00e7 Y\u00fcz\u00fcklerine Dair&#8221; ismiyle yay\u0131mlanan ancak Silmarillion kitab\u0131nda olmas\u0131 gereken metinde bu kitapla birlikte tam metin olarak yay\u0131mlanm\u0131\u015ft\u0131r.<\/p>\n<hr size=\"1\" \/>\n<p><strong>D\u00fczelti<\/strong> : Esin Co\u015fkun<\/p>\n","protected":false},"excerpt":{"rendered":"<p>Tolkien&#8217;in en \u00f6nemli \u00e7al\u0131\u015fmas\u0131 olarak kabul edilen Silmarillion, onun yaratt\u0131\u011f\u0131 d\u00fcnyan\u0131n \u00f6z\u00fcd\u00fcr. K\u00f6kleri Hobbit&#8217;ten \u00f6nceye uzan\u0131r ve Y\u00fcz\u00fcklerin Efendisi&#8217;nde \u015fekillenmeye ba\u015flayan bir d\u00fcnyan\u0131n yarat\u0131l\u0131\u015f \u00f6yk\u00fcs\u00fcn\u00fc bar\u0131nd\u0131rarak, t\u00fcm Tolkien eserlerinin \u00fczerine yerle\u015febilece\u011fi bir yap\u0131 olu\u015fturur. Ya\u015fam\u0131 boyunca \u00fczerinde \u00e7al\u0131\u015fmay\u0131 terk edemedi\u011fi ve giderek b\u00fcy\u00fcy\u00fcp geli\u015fen bu eser ancak \u00f6l\u00fcm\u00fcnden d\u00f6rt y\u0131l sonra o\u011flu taraf\u0131ndan yay\u0131mlanabildi. Elflerin [&hellip;]<\/p>\n","protected":false},"author":1,"featured_media":0,"parent":57,"menu_order":0,"comment_status":"open","ping_status":"open","template":"","meta":{"_acf_changed":false,"footnotes":""},"class_list":["post-125","page","type-page","status-publish"],"acf":[],"_links":{"self":[{"href":"https:\/\/www.kayiprihtim.org\/portal\/wp-json\/wp\/v2\/pages\/125","targetHints":{"allow":["GET"]}}],"collection":[{"href":"https:\/\/www.kayiprihtim.org\/portal\/wp-json\/wp\/v2\/pages"}],"about":[{"href":"https:\/\/www.kayiprihtim.org\/portal\/wp-json\/wp\/v2\/types\/page"}],"author":[{"embeddable":true,"href":"https:\/\/www.kayiprihtim.org\/portal\/wp-json\/wp\/v2\/users\/1"}],"replies":[{"embeddable":true,"href":"https:\/\/www.kayiprihtim.org\/portal\/wp-json\/wp\/v2\/comments?post=125"}],"version-history":[{"count":0,"href":"https:\/\/www.kayiprihtim.org\/portal\/wp-json\/wp\/v2\/pages\/125\/revisions"}],"up":[{"embeddable":true,"href":"https:\/\/www.kayiprihtim.org\/portal\/wp-json\/wp\/v2\/pages\/57"}],"wp:attachment":[{"href":"https:\/\/www.kayiprihtim.org\/portal\/wp-json\/wp\/v2\/media?parent=125"}],"curies":[{"name":"wp","href":"https:\/\/api.w.org\/{rel}","templated":true}]}}