{"id":126,"date":"2008-07-15T02:58:29","date_gmt":"2008-07-15T09:58:29","guid":{"rendered":"http:\/\/www.hayalcini.net\/blog\/watership-tepesi\/"},"modified":"2011-08-26T10:11:34","modified_gmt":"2011-08-26T07:11:34","slug":"watership-tepesi","status":"publish","type":"page","link":"https:\/\/www.kayiprihtim.org\/portal\/kitaplar\/watership-tepesi\/","title":{"rendered":"Watership Tepesi"},"content":{"rendered":"<table style=\"border: thin outset; border-collapse: collapse; height: 30px; width: 470px;\" border=\"0\" cellpadding=\"2\">\n<tbody>\n<tr>\n<td bgcolor=\"#330000\" width=\"30%\"><span style=\"color: #ffffff;\"><span style=\"font-family: Verdana;\"><strong>WATERSHIP TEPES\u0130<br \/>\n<\/strong><\/span><\/span><\/td>\n<\/tr>\n<\/tbody>\n<\/table>\n<table style=\"border-collapse: collapse; width: 462px; height: 250px;\" border=\"0\" cellspacing=\"0\" cellpadding=\"0\">\n<tbody>\n<tr>\n<td align=\"center\" valign=\"top\" width=\"58%\">\n<table style=\"border-collapse: collapse; width: 315px; height: 248px;\" border=\"0\" cellspacing=\"2\">\n<tbody>\n<tr>\n<td align=\"right\" width=\"100%\">\n<table style=\"width: 310px; height: 88px;\" border=\"0\" cellspacing=\"0\">\n<tbody>\n<tr bgcolor=\"#d1c4a5\">\n<td width=\"39%\"><strong>Yazar<\/strong><\/td>\n<td width=\"3%\">:<\/td>\n<td width=\"51%\"><span style=\"color: #993300;\"><strong>Richard Adams<\/strong><\/span><\/td>\n<\/tr>\n<tr bgcolor=\"#e4ddcb\">\n<td><strong>\u00c7eviri<\/strong><\/td>\n<td width=\"3%\">:<\/td>\n<td width=\"51%\">Deniz D. Alt\u0131parmak<\/td>\n<\/tr>\n<tr bgcolor=\"#d1c4a5\">\n<td width=\"39%\"><strong>\u00d6zg\u00fcn Ad\u0131<\/strong><\/td>\n<td width=\"3%\">:<\/td>\n<td width=\"51%\">Watership Down<\/td>\n<\/tr>\n<tr bgcolor=\"#e4ddcb\">\n<td width=\"39%\"><strong>Ebat<\/strong><\/td>\n<td width=\"3%\">:<\/td>\n<td width=\"51%\">Ciltsiz | 14 x 21 cm<\/td>\n<\/tr>\n<\/tbody>\n<\/table>\n<\/td>\n<\/tr>\n<tr>\n<td style=\"border-style: solid ridge ridge; border-width: 1px; padding-left: 4px; padding-right: 4px;\" bgcolor=\"#c0b18d\" width=\"100%\"><strong><span style=\"font-size: 9pt; font-family: Tahoma;\">Arka Bah\u00e7e Yay\u0131nc\u0131l\u0131k<br \/>\n<\/span><\/strong><\/td>\n<\/tr>\n<tr>\n<td align=\"right\" width=\"100%\">\n<table style=\"width: 310px; height: 88px;\" border=\"0\" cellspacing=\"0\">\n<tbody>\n<tr bgcolor=\"#e4ddcb\">\n<td width=\"39%\"><strong>\u00c7\u0131k\u0131\u015f Tarihi<\/strong><\/td>\n<td width=\"3%\">:<\/td>\n<td width=\"51%\">Mart, 2008<\/td>\n<\/tr>\n<tr bgcolor=\"#d1c4a5\">\n<td><strong>Sayfa Say\u0131s\u0131<\/strong><\/td>\n<td width=\"3%\">:<\/td>\n<td width=\"51%\">440<\/td>\n<\/tr>\n<tr bgcolor=\"#e4ddcb\">\n<td width=\"39%\"><strong>Fiyat\u0131<\/strong><\/td>\n<td width=\"3%\">:<\/td>\n<td width=\"51%\">19,00 TL<\/td>\n<\/tr>\n<tr bgcolor=\"#d1c4a5\">\n<td width=\"39%\"><strong>ISBN No<\/strong><\/td>\n<td width=\"3%\">:<\/td>\n<td width=\"51%\">9789759050504<\/td>\n<\/tr>\n<\/tbody>\n<\/table>\n<\/td>\n<\/tr>\n<\/tbody>\n<\/table>\n<\/td>\n<td style=\"width: 39%;\" align=\"center\" valign=\"middle\">\n<p style=\"text-align: center;\"><a href=\"https:\/\/www.kayiprihtim.org\/portal\/gorsel\/LaikaWaterShip.jpg\" target=\"_blank\"><img decoding=\"async\" class=\"aligncenter\" src=\"https:\/\/www.kayiprihtim.org\/portal\/gorsel\/LaikaWaterShip.jpg\" alt=\"\" width=\"140\" height=\"219\" border=\"0\" hspace=\"1\"><\/a><\/p>\n<\/td>\n<\/tr>\n<\/tbody>\n<\/table>\n<table style=\"border-collapse: collapse; width: 47%;\" border=\"0\" cellpadding=\"0\">\n<tbody>\n<tr>\n<td width=\"54%\">\n<table style=\"border-collapse: collapse; height: 147px; width: 470px;\" border=\"0\" cellspacing=\"0\" cellpadding=\"2\">\n<tbody>\n<tr>\n<td style=\"border-style: solid ridge ridge; border-width: 1px; padding-left: 4px; padding-right: 4px;\" bgcolor=\"#c0b18d\" width=\"98%\"><strong><span style=\"font-size: 9pt; font-family: Tahoma;\">Tan\u0131t\u0131m Yaz\u0131s\u0131<\/span><\/strong><\/td>\n<\/tr>\n<tr>\n<td align=\"left\" width=\"99%\">\n<table style=\"width: 465px;\" border=\"0\">\n<tbody>\n<tr>\n<td style=\"border-style: outset; border-width: 1px;\" bgcolor=\"#d1c4a5\" width=\"96%\">\n<table style=\"border-collapse: collapse; width: 452px; height: 199px;\" border=\"0\" cellspacing=\"0\" cellpadding=\"5\" bgcolor=\"#d1c4a5\">\n<tbody>\n<tr>\n<td bgcolor=\"#d1c4a5\" width=\"96%\">Ola\u011fan\u00fcst\u00fc&#8230; B\u00fcy\u00fcl\u00fc bir \u015fekilde yaz\u0131lm\u0131\u015f ve unutulmayacak bir eser.<br \/>\n<em><strong>The New York Times<\/strong><\/em>Adams&#8217;\u0131n \u015fiirsel bak\u0131\u015f a\u00e7\u0131s\u0131 ve ona bah\u015fedilmi\u015f hikaye anlatma yetene\u011fi, her ya\u015fa hitap edecek ve y\u0131llarca unutulmayacak bir hikayeyi ortaya \u00e7\u0131kar\u0131yor.<br \/>\n<em><strong>Sunday Telegraph<\/strong><\/em><\/p>\n<p>Harika bir kitap&#8230; B\u00fct\u00fcn d\u00fcnya, kendi m\u00fckemmel ger\u00e7ek\u00e7ili\u011fiyle yarat\u0131lm\u0131\u015f ve insan ili\u015fkileriyle tesad\u00fcfi; ama derin bir ili\u015fki kurulmu\u015f.<br \/>\n<em><strong>Guardian<\/strong><\/em><\/p>\n<p>Watership Tepesi;<br \/>\n# Yay\u0131nland\u0131\u011f\u0131 y\u0131llarda, kitaba ad\u0131n\u0131 da veren Watership Tepesi&#8217;ni ziyaret\u00e7i ak\u0131n\u0131na u\u011fratan&#8230;<\/p>\n<p># Animasyon olarak film ve dizi haline getirilen&#8230;<\/p>\n<p># T\u00fcm d\u00fcnyada \u00e7ok izlenen Lost gibi kimi dizi ya da Stephen King&#8217;in Kara Kule&#8217;si gibi kime kitaplara esin kayna\u011f\u0131 oldu\u011fu iddia edilen&#8230;<\/p>\n<p># 2003 y\u0131l\u0131nda BBC taraf\u0131ndan d\u00fczenlenen &#8216;T\u00fcm Zamanlar\u0131n En \u0130yi 100 Kitab\u0131&#8217; anketinde 42. s\u0131ray\u0131 alan&#8230;<\/p>\n<p># 2005 y\u0131l\u0131nda, Frans\u0131z, Channel 4 izleyicileri -70.000 ki\u015finin oy kulland\u0131\u011f\u0131- taraf\u0131ndan, animasyon filminin son b\u00f6l\u00fcm\u00fc, &#8216;En Dramatik 100 Sahne&#8217; oylamas\u0131nda 15. se\u00e7ilen ger\u00e7ek bir ba\u015fyap\u0131tt\u0131r&#8230;<\/td>\n<\/tr>\n<\/tbody>\n<\/table>\n<\/td>\n<\/tr>\n<\/tbody>\n<\/table>\n<\/td>\n<\/tr>\n<\/tbody>\n<\/table>\n<\/td>\n<\/tr>\n<\/tbody>\n<\/table>\n","protected":false},"excerpt":{"rendered":"<p>WATERSHIP TEPES\u0130 Yazar : Richard Adams \u00c7eviri : Deniz D. Alt\u0131parmak \u00d6zg\u00fcn Ad\u0131 : Watership Down Ebat : Ciltsiz | 14 x 21 cm Arka Bah\u00e7e Yay\u0131nc\u0131l\u0131k \u00c7\u0131k\u0131\u015f Tarihi : Mart, 2008 Sayfa Say\u0131s\u0131 : 440 Fiyat\u0131 : 19,00 TL ISBN No : 9789759050504 Tan\u0131t\u0131m Yaz\u0131s\u0131 Ola\u011fan\u00fcst\u00fc&#8230; B\u00fcy\u00fcl\u00fc bir \u015fekilde yaz\u0131lm\u0131\u015f ve unutulmayacak bir eser. [&hellip;]<\/p>\n","protected":false},"author":1,"featured_media":0,"parent":57,"menu_order":0,"comment_status":"open","ping_status":"open","template":"","meta":{"_acf_changed":false,"footnotes":""},"class_list":["post-126","page","type-page","status-publish"],"acf":[],"_links":{"self":[{"href":"https:\/\/www.kayiprihtim.org\/portal\/wp-json\/wp\/v2\/pages\/126","targetHints":{"allow":["GET"]}}],"collection":[{"href":"https:\/\/www.kayiprihtim.org\/portal\/wp-json\/wp\/v2\/pages"}],"about":[{"href":"https:\/\/www.kayiprihtim.org\/portal\/wp-json\/wp\/v2\/types\/page"}],"author":[{"embeddable":true,"href":"https:\/\/www.kayiprihtim.org\/portal\/wp-json\/wp\/v2\/users\/1"}],"replies":[{"embeddable":true,"href":"https:\/\/www.kayiprihtim.org\/portal\/wp-json\/wp\/v2\/comments?post=126"}],"version-history":[{"count":0,"href":"https:\/\/www.kayiprihtim.org\/portal\/wp-json\/wp\/v2\/pages\/126\/revisions"}],"up":[{"embeddable":true,"href":"https:\/\/www.kayiprihtim.org\/portal\/wp-json\/wp\/v2\/pages\/57"}],"wp:attachment":[{"href":"https:\/\/www.kayiprihtim.org\/portal\/wp-json\/wp\/v2\/media?parent=126"}],"curies":[{"name":"wp","href":"https:\/\/api.w.org\/{rel}","templated":true}]}}