{"id":12824,"date":"2011-10-09T22:49:22","date_gmt":"2011-10-09T19:49:22","guid":{"rendered":"http:\/\/www.kayiprihtim.org\/portal\/?page_id=12824"},"modified":"2011-10-10T22:08:36","modified_gmt":"2011-10-10T19:08:36","slug":"korkunun-canavarlari","status":"publish","type":"page","link":"https:\/\/www.kayiprihtim.org\/portal\/kitaplar\/korkunun-canavarlari\/","title":{"rendered":"Korkunun Canavarlar\u0131"},"content":{"rendered":"<table style=\"border: thin outset; border-collapse: collapse; height: 30px; width: 470px;\" border=\"0\" cellpadding=\"2\">\n<tbody>\n<tr>\n<td bgcolor=\"#330000\" width=\"30%\"><span style=\"color: #ffffff;\"><span style=\"font-family: Verdana;\"><strong>KORKUNUN CANAVARLARI<\/strong><\/span><\/span><\/td>\n<\/tr>\n<\/tbody>\n<\/table>\n<table style=\"border-collapse: collapse; width: 462px; height: 250px;\" border=\"0\" cellspacing=\"0\" cellpadding=\"0\">\n<tbody>\n<tr>\n<td align=\"center\" valign=\"top\" width=\"58%\">\n<table style=\"border-collapse: collapse; width: 315px; height: 248px;\" border=\"0\" cellspacing=\"2\">\n<tbody>\n<tr>\n<td align=\"right\" width=\"100%\">\n<table style=\"width: 310px; height: 88px;\" border=\"0\" cellspacing=\"0\">\n<tbody>\n<tr bgcolor=\"#d1c4a5\">\n<td width=\"39%\"><strong>Yazar<\/strong><\/td>\n<td width=\"3%\">:<\/td>\n<td width=\"51%\"><span style=\"color: #993300;\"><strong>Fatih Danac\u0131<\/strong><\/span><\/td>\n<\/tr>\n<tr bgcolor=\"#e4ddcb\">\n<td><strong>Edit\u00f6r<\/strong><\/td>\n<td width=\"3%\">:<\/td>\n<td width=\"51%\">G\u00f6khan Sofuo\u011flu<\/td>\n<\/tr>\n<tr bgcolor=\"#d1c4a5\">\n<td width=\"39%\"><strong>Kapak Tasar\u0131m\u0131<\/strong><\/td>\n<td width=\"3%\">:<\/td>\n<td width=\"51%\">\u015eahan Yatarkalkmaz<\/td>\n<\/tr>\n<tr bgcolor=\"#e4ddcb\">\n<td width=\"39%\"><strong>Ebat<\/strong><\/td>\n<td width=\"3%\">:<\/td>\n<td width=\"51%\">Ciltsiz | 14 x 21 cm<\/td>\n<\/tr>\n<\/tbody>\n<\/table>\n<\/td>\n<\/tr>\n<tr>\n<td style=\"border-style: solid ridge ridge; border-width: 1px; padding-left: 4px; padding-right: 4px;\" bgcolor=\"#c0b18d\" width=\"100%\"><strong><span style=\"font-size: 9pt; font-family: Tahoma;\">Kalkedon Yay\u0131nc\u0131l\u0131k<\/span><\/strong><\/td>\n<\/tr>\n<tr>\n<td align=\"right\" width=\"100%\">\n<table style=\"width: 310px; height: 88px;\" border=\"0\" cellspacing=\"0\">\n<tbody>\n<tr bgcolor=\"#e4ddcb\">\n<td width=\"39%\"><strong>\u00c7\u0131k\u0131\u015f Tarihi<\/strong><\/td>\n<td width=\"3%\">:<\/td>\n<td width=\"51%\">18 Ekim, 2011<\/td>\n<\/tr>\n<tr bgcolor=\"#d1c4a5\">\n<td><strong>Sayfa Say\u0131s\u0131<\/strong><\/td>\n<td width=\"3%\">:<\/td>\n<td width=\"51%\">252<\/td>\n<\/tr>\n<tr bgcolor=\"#e4ddcb\">\n<td width=\"39%\"><strong>Fiyat\u0131<\/strong><\/td>\n<td width=\"3%\">:<\/td>\n<td width=\"51%\">18,00 TL<\/td>\n<\/tr>\n<tr bgcolor=\"#d1c4a5\">\n<td width=\"39%\"><strong>ISBN No<\/strong><\/td>\n<td width=\"3%\">:<\/td>\n<td width=\"51%\">9786054511181<\/td>\n<\/tr>\n<\/tbody>\n<\/table>\n<\/td>\n<\/tr>\n<\/tbody>\n<\/table>\n<\/td>\n<td style=\"width: 39%;\" align=\"center\" valign=\"middle\">\n<p style=\"text-align: center;\"><a href=\"https:\/\/www.kayiprihtim.org\/portal\/gorsel\/korkunun-canavarlari.jpg\" target=\"_blank\"><img decoding=\"async\" class=\"aligncenter\" src=\"https:\/\/www.kayiprihtim.org\/portal\/gorsel\/korkunun-canavarlari.jpg\" alt=\"\" width=\"140\" height=\"219\" border=\"0\" hspace=\"1\"><\/a><\/p>\n<\/td>\n<\/tr>\n<\/tbody>\n<\/table>\n<table style=\"border-collapse: collapse; width: 47%;\" border=\"0\" cellpadding=\"0\">\n<tbody>\n<tr>\n<td width=\"54%\">\n<table style=\"border-collapse: collapse; height: 147px; width: 470px;\" border=\"0\" cellspacing=\"0\" cellpadding=\"2\">\n<tbody>\n<tr>\n<td style=\"border-style: solid ridge ridge; border-width: 1px; padding-left: 4px; padding-right: 4px;\" bgcolor=\"#c0b18d\" width=\"98%\"><strong><span style=\"font-size: 9pt; font-family: Tahoma;\">Tan\u0131t\u0131m Yaz\u0131s\u0131<\/span><\/strong><\/td>\n<\/tr>\n<tr>\n<td align=\"left\" width=\"99%\">\n<table style=\"width: 465px;\" border=\"0\">\n<tbody>\n<tr>\n<td style=\"border-style: outset; border-width: 1px;\" bgcolor=\"#d1c4a5\" width=\"96%\">\n<table style=\"border-collapse: collapse; width: 452px; height: 199px;\" border=\"0\" cellspacing=\"0\" cellpadding=\"5\" bgcolor=\"#d1c4a5\">\n<tbody>\n<tr>\n<td bgcolor=\"#d1c4a5\" width=\"96%\">Canavarlar Karnaval\u0131<\/p>\n<p>Canavars\u0131z bir sinema d\u00fc\u015f\u00fcnebilir misiniz? Ben d\u00fc\u015f\u00fcnemem, bu kitabin yazar\u0131 da \u00f6yle! Bu y\u00fczden birbirimizi bulduk ve anla\u015ft\u0131k, kendisi kitab\u0131 yazd\u0131 ben de arka kapa\u011f\u0131. \u015eimdi temel bir soru ile ba\u015flayal\u0131m: &#8220;Canavarlar hi\u00e7 sevilir mi, sevilebilir mi, canavarsever olunabilir mi?&#8221;<\/p>\n<p>Sinema merakl\u0131s\u0131 iseniz her t\u00fcr film izliyorsan\u0131z canavarlara muhakkak bir a\u015final\u0131\u011f\u0131n\u0131z vard\u0131r, ister sevin ister korkun. \u015eayet korku filmi merakl\u0131s\u0131 iseniz canavarlar bir \u00e7e\u015fit kap\u0131 kom\u015funuz oluverir ka\u00e7\u0131n\u0131lmaz bir \u015fekilde, \u00e7\u00fcnk\u00fc canavarlar korkunun olmazsa olmaz\u0131d\u0131r.<\/p>\n<p><em><strong> -Giovanni Scognamillo-<\/strong><\/em><\/td>\n<\/tr>\n<\/tbody>\n<\/table>\n<\/td>\n<\/tr>\n<\/tbody>\n<\/table>\n<\/td>\n<\/tr>\n<\/tbody>\n<\/table>\n<\/td>\n<\/tr>\n<\/tbody>\n<\/table>\n<p><span style=\"color: #e4ddcb;\">&#8211;<\/span><\/p>\n<table style=\"border-collapse: collapse; width: 47%;\" border=\"0\" cellpadding=\"0\">\n<tbody>\n<tr>\n<td width=\"54%\">\n<table style=\"border-collapse: collapse; height: 147px; width: 470px;\" border=\"0\" cellspacing=\"0\" cellpadding=\"2\">\n<tbody>\n<tr>\n<td style=\"border-style: solid ridge ridge; border-width: 1px; padding-left: 4px; padding-right: 4px;\" bgcolor=\"#c0b18d\" width=\"98%\"><strong><span style=\"font-size: 9pt; font-family: Tahoma;\">\u0130\u00e7indekiler<\/span><\/strong><\/td>\n<\/tr>\n<tr>\n<td align=\"left\" width=\"99%\">\n<table style=\"width: 465px;\" border=\"0\">\n<tbody>\n<tr>\n<td style=\"border-style: outset; border-width: 1px;\" bgcolor=\"#d1c4a5\" width=\"96%\">\n<table style=\"border-collapse: collapse; width: 452px; height: 199px;\" border=\"0\" cellspacing=\"0\" cellpadding=\"5\" bgcolor=\"#d1c4a5\">\n<tbody>\n<tr>\n<td bgcolor=\"#d1c4a5\" width=\"96%\">1 &#8211; Kurt Adamlar Sinema Ekranlar\u0131nda<br \/>\n\u2022 Kurt Adam Kavram\u0131na Bak\u0131\u015f<br \/>\n\u2022 Kurt Adam\u0131n Sinemas\u0131<br \/>\n2 &#8211; Kara G\u00f6l\u00fcn Canavar\u0131<br \/>\n3 &#8211; Frankenstein&#8217;\u0131n \u0130simsiz Yarat\u0131\u011f\u0131<br \/>\n\u2022 Frankenstein Roman\u0131na Giri\u015f ve Hammer D\u00f6nemine Kadar Frankenstein Sinemas\u0131<br \/>\n\u2022 Hammer D\u00f6neminden G\u00fcn\u00fcm\u00fcze Kadar Frankenstein Sinemas\u0131<br \/>\n4 &#8211; Sinemada G\u00f6r\u00fcnmeyen Adamlar<br \/>\n5 &#8211; King Kong &#8211; D\u00fcnyan\u0131n Sekizinci Harikas\u0131<br \/>\n6 &#8211; Mumya \u00c7\u0131lg\u0131nl\u0131\u011f\u0131 (Mummy Madness) \u2013 Giovanni SCOGNAMILLO<br \/>\n7 &#8211; \u0130ki Y\u00fczl\u00fc Adam<br \/>\n8 &#8211; Vampirlerin Sinemadaki Y\u00fczleri<br \/>\n\u2022 Farkl\u0131 k\u00fclt\u00fcrlerde vampir kavramlar\u0131<br \/>\n\u2022 Vampirleri sinemadaki y\u00fczleri<br \/>\n9 &#8211; Operan\u0131n Hayaleti<br \/>\n10 &#8211; Ya\u015fayan \u00d6l\u00fcler \u2013 Zombiler<br \/>\n\u2022 Kara B\u00fcy\u00fc ile Dirilen Zombiler<br \/>\n\u2022 Bilimkurgusal Zombilerden Romero\u2019nun Zombilerine\u2026 Ve Sonras\u0131na\u2026<br \/>\n\u2022 Sonu\u00e7<br \/>\n<em><br \/>\n<\/em>(<em>6. b\u00f6l\u00fcm, Gio&#8217;nun 1959 y\u0131l\u0131nda Amerika&#8217;da yay\u0131nlanan Terror adl\u0131 fanzindeki Mummy Maddness yaz\u0131s\u0131n\u0131n T\u00fcrk\u00e7e&#8217;ye \u00e7evrilmi\u015f halidir.<\/em>)<\/td>\n<\/tr>\n<\/tbody>\n<\/table>\n<\/td>\n<\/tr>\n<\/tbody>\n<\/table>\n<\/td>\n<\/tr>\n<\/tbody>\n<\/table>\n<\/td>\n<\/tr>\n<\/tbody>\n<\/table>\n","protected":false},"excerpt":{"rendered":"<p>KORKUNUN CANAVARLARI Yazar : Fatih Danac\u0131 Edit\u00f6r : G\u00f6khan Sofuo\u011flu Kapak Tasar\u0131m\u0131 : \u015eahan Yatarkalkmaz Ebat : Ciltsiz | 14 x 21 cm Kalkedon Yay\u0131nc\u0131l\u0131k \u00c7\u0131k\u0131\u015f Tarihi : 18 Ekim, 2011 Sayfa Say\u0131s\u0131 : 252 Fiyat\u0131 : 18,00 TL ISBN No : 9786054511181 Tan\u0131t\u0131m Yaz\u0131s\u0131 Canavarlar Karnaval\u0131 Canavars\u0131z bir sinema d\u00fc\u015f\u00fcnebilir misiniz? Ben d\u00fc\u015f\u00fcnemem, bu [&hellip;]<\/p>\n","protected":false},"author":1,"featured_media":0,"parent":57,"menu_order":0,"comment_status":"open","ping_status":"closed","template":"","meta":{"_acf_changed":false,"footnotes":""},"class_list":["post-12824","page","type-page","status-publish"],"acf":[],"_links":{"self":[{"href":"https:\/\/www.kayiprihtim.org\/portal\/wp-json\/wp\/v2\/pages\/12824","targetHints":{"allow":["GET"]}}],"collection":[{"href":"https:\/\/www.kayiprihtim.org\/portal\/wp-json\/wp\/v2\/pages"}],"about":[{"href":"https:\/\/www.kayiprihtim.org\/portal\/wp-json\/wp\/v2\/types\/page"}],"author":[{"embeddable":true,"href":"https:\/\/www.kayiprihtim.org\/portal\/wp-json\/wp\/v2\/users\/1"}],"replies":[{"embeddable":true,"href":"https:\/\/www.kayiprihtim.org\/portal\/wp-json\/wp\/v2\/comments?post=12824"}],"version-history":[{"count":0,"href":"https:\/\/www.kayiprihtim.org\/portal\/wp-json\/wp\/v2\/pages\/12824\/revisions"}],"up":[{"embeddable":true,"href":"https:\/\/www.kayiprihtim.org\/portal\/wp-json\/wp\/v2\/pages\/57"}],"wp:attachment":[{"href":"https:\/\/www.kayiprihtim.org\/portal\/wp-json\/wp\/v2\/media?parent=12824"}],"curies":[{"name":"wp","href":"https:\/\/api.w.org\/{rel}","templated":true}]}}