{"id":129,"date":"2008-07-15T03:40:36","date_gmt":"2008-07-15T00:40:36","guid":{"rendered":"http:\/\/www.hayalcini.net\/blog\/moira-uclemesi\/"},"modified":"2012-01-31T09:57:57","modified_gmt":"2012-01-31T07:57:57","slug":"moira-uclemesi","status":"publish","type":"page","link":"https:\/\/www.kayiprihtim.org\/portal\/kitaplar\/moira-uclemesi\/","title":{"rendered":"Moira \u00dc\u00e7lemesi"},"content":{"rendered":"<table style=\"border: thin outset; border-collapse: collapse; height: 30px; width: 470px;\" border=\"0\" cellpadding=\"2\">\n<tbody>\n<tr>\n<td width=\"30%\" bgcolor=\"#330000\"><span style=\"font-family: Verdana; color: #ffffff;\"><strong>D\u0130\u015e\u0130 KURT \u0130LE \u00c7OCUK <\/strong><\/span><\/td>\n<\/tr>\n<\/tbody>\n<\/table>\n<table style=\"border-collapse: collapse; width: 462px; height: 250px;\" border=\"0\" cellspacing=\"0\" cellpadding=\"0\" bordercolor=\"#111111\">\n<tbody>\n<tr>\n<td width=\"58%\" align=\"center\" valign=\"top\">\n<table style=\"border-collapse: collapse; width: 315px; height: 248px;\" border=\"0\" cellspacing=\"2\">\n<tbody>\n<tr>\n<td width=\"100%\" align=\"right\">\n<table style=\"width: 310px; height: 88px;\" border=\"0\" cellspacing=\"0\">\n<tbody>\n<tr bgcolor=\"#D1C4A5\">\n<td width=\"39%\"><strong>Yazar<\/strong><\/td>\n<td width=\"3%\">:<\/td>\n<td width=\"51%\">Henri Loevenbruck<\/td>\n<\/tr>\n<tr bgcolor=\"#E4DDCB\">\n<td><strong>\u00c7eviren<\/strong><\/td>\n<td width=\"3%\">:<\/td>\n<td width=\"51%\"><span style=\"color: #181512;\">Elif G\u00f6kteke<\/span><span style=\"color: #181512;\"> <\/span><\/td>\n<\/tr>\n<tr bgcolor=\"#D1C4A5\">\n<td width=\"39%\"><strong>Orijinal Ad\u0131 <\/strong><\/td>\n<td width=\"3%\">:<\/td>\n<td width=\"51%\">La Louve Et l&#8217;enfant<\/td>\n<\/tr>\n<tr bgcolor=\"#E4DDCB\">\n<td width=\"39%\"><strong>Seri<\/strong><\/td>\n<td width=\"3%\">:<\/td>\n<td width=\"51%\">Moira \u00dc\u00e7lemesi<\/td>\n<\/tr>\n<\/tbody>\n<\/table>\n<\/td>\n<\/tr>\n<tr>\n<td style=\"border-style: solid ridge ridge; border-width: 1px; padding-left: 4px; padding-right: 4px;\" width=\"100%\" bgcolor=\"#C0B18D\"><strong><span style=\"font-size: 9pt; font-family: Tahoma;\">Yap\u0131 Kredi Yay\u0131nlar\u0131 <\/span><\/strong><\/td>\n<\/tr>\n<tr>\n<td width=\"100%\" align=\"right\">\n<table style=\"width: 310px; height: 88px;\" border=\"0\" cellspacing=\"0\">\n<tbody>\n<tr bgcolor=\"#D1C4A5\">\n<td width=\"39%\"><strong>Edit\u00f6r<\/strong><\/td>\n<td width=\"3%\">:<\/td>\n<td width=\"51%\">Or\u00e7un T\u00fcrkay<\/td>\n<\/tr>\n<tr bgcolor=\"#E4DDCB\">\n<td><strong>Sayfa Say\u0131s\u0131<\/strong><\/td>\n<td width=\"3%\">:<\/td>\n<td width=\"51%\">352<\/td>\n<\/tr>\n<tr bgcolor=\"#D1C4A5\">\n<td width=\"39%\"><strong>Fiyat\u0131<\/strong><\/td>\n<td width=\"3%\">:<\/td>\n<td width=\"51%\">15,00 TL<\/td>\n<\/tr>\n<tr bgcolor=\"#E4DDCB\">\n<td width=\"39%\"><strong>ISBN No<\/strong><\/td>\n<td width=\"3%\">:<\/td>\n<td width=\"51%\">9789750811050<\/td>\n<\/tr>\n<\/tbody>\n<\/table>\n<\/td>\n<\/tr>\n<\/tbody>\n<\/table>\n<\/td>\n<td width=\"39%\" align=\"left\" valign=\"top\">\n<p style=\"text-align: center;\">\n<p><a href=\"https:\/\/www.kayiprihtim.org\/portal\/gorsel\/disi-kurt-ile-cocuk.jpg\" target=\"_blank\"><img decoding=\"async\" src=\"https:\/\/www.kayiprihtim.org\/portal\/gorsel\/disi-kurt-ile-cocuk.jpg\" border=\"0\" alt=\"\" hspace=\"1\" width=\"140\" height=\"219\" class=\"aligncenter\"><\/a><\/td>\n<\/tr>\n<\/tbody>\n<\/table>\n<table style=\"border-collapse: collapse; width: 47%;\" border=\"0\" cellpadding=\"0\">\n<tbody>\n<tr>\n<td width=\"54%\">\n<table style=\"border-collapse: collapse; height: 147px; width: 470px;\" border=\"0\" cellspacing=\"0\" cellpadding=\"2\">\n<tbody>\n<tr>\n<td style=\"border-style: solid ridge ridge; border-width: 1px; padding-left: 4px; padding-right: 4px;\" width=\"98%\" bgcolor=\"#C0B18D\"><strong><span style=\"font-size: 9pt; font-family: Tahoma;\">Tan\u0131t\u0131m Yaz\u0131s\u0131 <\/span><\/strong><\/td>\n<\/tr>\n<tr>\n<td width=\"99%\" align=\"left\">\n<table style=\"width: 465px;\" border=\"0\">\n<tbody>\n<tr>\n<td style=\"border-style: outset; border-width: 1px;\" width=\"96%\" bgcolor=\"#D1C4A5\">\n<table style=\"border-collapse: collapse; width: 452px; height: 199px;\" border=\"0\" cellspacing=\"0\" cellpadding=\"5\" bgcolor=\"#D1C4A5\" bordercolor=\"#D1C4A5\">\n<tbody>\n<tr>\n<td width=\"96%\" bgcolor=\"#D1C4A5\">rans\u0131z yazar Henri Loevenbruck\u2019in kaleme ald\u0131\u011f\u0131 Di\u015fi Kurt ile \u00c7ocuk, fantastik edebiyat tutkunlar\u0131n\u0131n ellerinden d\u00fc\u015f\u00fcrmeyecekleri bir kitap.\u00d6nceleri antolojiler haz\u0131rlay\u0131p ele\u015ftirmenlik yapan Henri Loevenbruck Di\u015fi Kurt ile \u00c7ocuk\u2019la birlikte kendine yepyeni bir sayfa a\u00e7\u0131yor. Ser\u00fcven romanlar\u0131 aras\u0131nda en \u00e7a\u011fda\u015f t\u00fcr olarak niteledi\u011fi fantastik roman hayranl\u0131\u011f\u0131, gen\u00e7 yazar\u0131 bu t\u00fcrde bir \u00fc\u00e7leme yazmaya itmi\u015f. Di\u015fi Kurt ile \u00c7ocuk, \u00fc\u00e7lemenin ilk kitab\u0131.<\/p>\n<p>Frans\u0131z fantastik roman\u0131n\u0131n \u201c\u00e7ok satanlar\u201d\u0131ndan Di\u015fi Kurt ile \u00c7ocuk, Jack London\u2019\u0131n Beyaz Di\u015f\u2019i ile Y\u00fcz\u00fcklerin Efendisi aras\u0131nda kendine bir yer ediniyor. Loevenbruck kitab\u0131nda iki yaln\u0131z kahraman\u0131n birbiriyle kesi\u015fen \u00f6yk\u00fclerini ak\u0131c\u0131 bir dille anlat\u0131yor: Ailesi taraf\u0131ndan terk edilmi\u015f k\u00fc\u00e7\u00fck bir k\u0131z ve s\u00fcr\u00fcs\u00fcnden kovulmu\u015f bir kurt. K\u00fc\u00e7\u00fck k\u0131z Al\u00e9a 13 ya\u015f\u0131nda, sokaklarda ya\u015f\u0131yor. Herkes taraf\u0131ndan itilip kak\u0131l\u0131rken, gizli bir g\u00fcce sahip oldu\u011funu fark ediyor. Efsaneye g\u00f6re \u201ckurtar\u0131c\u0131\u201d olan Samildanach yoksa o mu? Ama olamaz, Samildanach nas\u0131l olur da k\u00fc\u00e7\u00fck bir k\u0131z olabilir? Samildanach olsun olmas\u0131n, sahip oldu\u011fu g\u00fc\u00e7ler onu avare ve yoksul ya\u015fam\u0131ndan koparacak ve c\u00fcceler, b\u00fcy\u00fcc\u00fcler, ozanlar, sava\u015f\u00e7\u0131lar, canavarlarla dolu b\u00fcy\u00fcl\u00fc bir ser\u00fcvene s\u00fcr\u00fckleyecek. Ve onun bu tehlikeli yolculu\u011fu, tuhaf bir ko\u015futlukla, di\u015fi kurdun ya\u015fam\u0131nda yank\u0131 bulacak.<\/p>\n<p>Frans\u0131z fantastik romanlar\u0131n\u0131n en \u00e7ok satanlar\u0131ndan biri olan Di\u015fi Kurt ile \u00c7ocuk\u2019un en \u00f6nemli \u00f6zelliklerinden biri de bu: D\u00fcnyan\u0131n yazg\u0131s\u0131n\u0131n ba\u011fl\u0131 oldu\u011fu ki\u015fi bu kez k\u00fc\u00e7\u00fck bir k\u0131z. Aynan\u0131n \u00f6teki taraf\u0131ndaki di\u015fi kurdun varl\u0131\u011f\u0131 metne tad\u0131na doyulmaz bir \u015fiirsellik kat\u0131yor. Yazar kitab\u0131 yazmaya ba\u015flamadan \u00f6nce G\u00e9vaudan\u2019daki Kurt Park\u0131\u2019nda uzun ara\u015ft\u0131rmalar yapm\u0131\u015f.<\/p>\n<p>Elif G\u00f6kteke\u2019nin \u00f6zenli \u00e7evirisiyle T\u00fcrk\u00e7e\u2019ye kazand\u0131r\u0131lan Di\u015fi Kurt ile \u00c7ocuk, sadece bir ba\u015flang\u0131\u00e7. Al\u00e9a\u2019n\u0131n ve kurdun ser\u00fcvenleri devam edecek\u2026<\/td>\n<\/tr>\n<\/tbody>\n<\/table>\n<\/td>\n<\/tr>\n<\/tbody>\n<\/table>\n<\/td>\n<\/tr>\n<\/tbody>\n<\/table>\n<\/td>\n<\/tr>\n<\/tbody>\n<\/table>\n<p><span style=\"color: #E4DDCB;\">&#8211;<\/span><\/p>\n<table style=\"border: thin outset; border-collapse: collapse; height: 30px; width: 470px;\" border=\"0\" cellpadding=\"2\">\n<tbody>\n<tr>\n<td width=\"30%\" bgcolor=\"#330000\"><span style=\"color: #ffffff;\"><span style=\"font-family: Verdana;\"><strong>KURTLARIN SAVA\u015eI<\/strong><\/span><\/span><span style=\"font-family: Verdana; color: #333333;\"><strong> <\/strong><\/span><\/td>\n<\/tr>\n<\/tbody>\n<\/table>\n<table style=\"border-collapse: collapse; width: 462px; height: 250px;\" border=\"0\" cellspacing=\"0\" cellpadding=\"0\" bordercolor=\"#111111\">\n<tbody>\n<tr>\n<td width=\"58%\" align=\"center\" valign=\"top\">\n<table style=\"border-collapse: collapse; width: 315px; height: 248px;\" border=\"0\" cellspacing=\"2\">\n<tbody>\n<tr>\n<td width=\"100%\" align=\"right\">\n<table style=\"width: 310px; height: 88px;\" border=\"0\" cellspacing=\"0\">\n<tbody>\n<tr bgcolor=\"#D1C4A5\">\n<td width=\"39%\"><strong>Yazar<\/strong><\/td>\n<td width=\"3%\">:<\/td>\n<td width=\"51%\">Henri Loevenbruck<\/td>\n<\/tr>\n<tr bgcolor=\"#E4DDCB\">\n<td><strong>\u00c7eviren<\/strong><\/td>\n<td width=\"3%\">:<\/td>\n<td width=\"51%\"><span style=\"color: #181512;\">Elif G\u00f6kteke<\/span><span style=\"color: #181512;\"> <\/span><\/td>\n<\/tr>\n<tr bgcolor=\"#D1C4A5\">\n<td width=\"39%\"><strong>\u00d6zg\u00fcn Ad\u0131<\/strong><strong> <\/strong><\/td>\n<td width=\"3%\">:<\/td>\n<td width=\"51%\">La Guerre des loups<\/td>\n<\/tr>\n<tr bgcolor=\"#E4DDCB\">\n<td width=\"39%\"><strong>Seri<\/strong><\/td>\n<td width=\"3%\">:<\/td>\n<td width=\"51%\">Moira \u00dc\u00e7lemesi<\/td>\n<\/tr>\n<\/tbody>\n<\/table>\n<\/td>\n<\/tr>\n<tr>\n<td style=\"border-style: solid ridge ridge; border-width: 1px; padding-left: 4px; padding-right: 4px;\" width=\"100%\" bgcolor=\"#C0B18D\"><strong><span style=\"font-size: 9pt; font-family: Tahoma;\">Yap\u0131 Kredi Yay\u0131nlar\u0131<\/span><\/strong><\/td>\n<\/tr>\n<tr>\n<td width=\"100%\" align=\"right\">\n<table style=\"width: 310px; height: 88px;\" border=\"0\" cellspacing=\"0\">\n<tbody>\n<tr bgcolor=\"#D1C4A5\">\n<td width=\"39%\"><strong>Kapak Resmi<\/strong><\/td>\n<td width=\"3%\">:<\/td>\n<td width=\"51%\">Philippe Munch<\/td>\n<\/tr>\n<tr bgcolor=\"#E4DDCB\">\n<td><strong>Sayfa Say\u0131s\u0131<\/strong><\/td>\n<td width=\"3%\">:<\/td>\n<td width=\"51%\">371<\/td>\n<\/tr>\n<tr bgcolor=\"#D1C4A5\">\n<td width=\"39%\"><strong>Fiyat\u0131<\/strong><\/td>\n<td width=\"3%\">:<\/td>\n<td width=\"51%\">17,00 TL<\/td>\n<\/tr>\n<tr bgcolor=\"#E4DDCB\">\n<td width=\"39%\"><strong>ISBN No<\/strong><\/td>\n<td width=\"3%\">:<\/td>\n<td width=\"51%\">9789750811623<\/td>\n<\/tr>\n<\/tbody>\n<\/table>\n<\/td>\n<\/tr>\n<\/tbody>\n<\/table>\n<\/td>\n<td width=\"39%\" align=\"left\" valign=\"top\">\n<p style=\"text-align: center;\">\n<p><a href=\"https:\/\/www.kayiprihtim.org\/portal\/gorsel\/kurtlarin-savasi.jpg\" target=\"_blank\"><img decoding=\"async\" src=\"https:\/\/www.kayiprihtim.org\/portal\/gorsel\/kurtlarin-savasi.jpg\" border=\"0\" alt=\"\" hspace=\"1\" width=\"140\" height=\"219\" class=\"aligncenter\"><\/a><\/td>\n<\/tr>\n<\/tbody>\n<\/table>\n<table style=\"border-collapse: collapse; width: 47%;\" border=\"0\" cellpadding=\"0\">\n<tbody>\n<tr>\n<td width=\"54%\">\n<table style=\"border-collapse: collapse; height: 147px; width: 470px;\" border=\"0\" cellspacing=\"0\" cellpadding=\"2\">\n<tbody>\n<tr>\n<td style=\"border-style: solid ridge ridge; border-width: 1px; padding-left: 4px; padding-right: 4px;\" width=\"98%\" bgcolor=\"#C0B18D\"><strong><span style=\"font-size: 9pt; font-family: Tahoma;\">Tan\u0131t\u0131m Yaz\u0131s\u0131 <\/span><\/strong><\/td>\n<\/tr>\n<tr>\n<td width=\"99%\" align=\"left\">\n<table style=\"width: 465px;\" border=\"0\">\n<tbody>\n<tr>\n<td style=\"border-style: outset; border-width: 1px;\" width=\"96%\" bgcolor=\"#D1C4A5\">\n<table style=\"border-collapse: collapse; width: 452px; height: 199px;\" border=\"0\" cellspacing=\"0\" cellpadding=\"5\" bgcolor=\"#D1C4A5\" bordercolor=\"#D1C4A5\">\n<tbody>\n<tr>\n<td width=\"96%\" bgcolor=\"#D1C4A5\">Kurtlar yak\u0131nda birle\u015fecek. Beyaz kurt \u0130mala\u2019n\u0131n arkas\u0131nda s\u00fcr\u00fc b\u00fcy\u00fcyor ve yak\u0131nda gizledi\u011fi yerden \u00e7\u0131k\u0131p sava\u015fa gidecek. Birle\u015fen klanlar onlar\u0131n dilini konu\u015fan\u0131, yani Topra\u011f\u0131n K\u0131z\u0131\u2019n\u0131 zafere ula\u015ft\u0131rmak zorundalar. Bug\u00fcn art\u0131k Alea k\u00fc\u00e7\u00fck bir k\u0131z de\u011fil. Kendisine miras kalan o tuhaf g\u00fcc\u00fc sonunda kabul edip yazg\u0131s\u0131yla kar\u015f\u0131la\u015fmaya karar veriyor. Kurtlar taraf\u0131ndan korunarak, yan\u0131ndani yeni yol arkada\u015flar\u0131, ge\u00e7mi\u015fini ar\u0131yor. Ama kendisini arayanlar da hi\u00e7 uzakta de\u011filler. Ba\u011fnaz dinciler, ama\u00e7lar\u0131 u\u011frunda hi\u00e7bir \u015feyden \u00e7ekinmeyen siyaset\u00e7iler, deli b\u00fcy\u00fcc\u00fcler, hepsi Topra\u011f\u0131n K\u0131z\u0131\u2019n\u0131 bulmak i\u00e7in elinden geleni yap\u0131yor. Sava\u015f i\u015fte b\u00f6yle ba\u015flayacak.Kurtlar\u0131n Sava\u015f\u0131 ka\u00e7\u0131\u015f ve maceray\u0131 harmanlayan Moira \u00fc\u00e7lemesinin ikinci kitab\u0131.<br \/>\nBeyaz Di\u015f\u2019le Y\u00fcz\u00fcklerin Efendisi aras\u0131ndaki bu kitap iki yaln\u0131z ruhun, ailesi taraf\u0131ndan terk edilmi\u015f bir gen\u00e7 k\u0131z\u0131n ve s\u00fcr\u00fcs\u00fcnden d\u0131\u015flanm\u0131\u015f bir di\u015fi kurdun \u00f6yk\u00fcs\u00fcn\u00fc anlat\u0131yor.<br \/>\nDaha \u015fimdiden Frans\u0131z fantastik edebiyat\u0131n\u0131n \u00e7oksatarlar\u0131ndan biri olarak de\u011ferlendirilen birinci ciltten sonra, Moira evreni daha da zenginle\u015fiyor ve sayfalar boyunca bizi b\u00fcy\u00fclemeye devam ediyor.<\/td>\n<\/tr>\n<\/tbody>\n<\/table>\n<\/td>\n<\/tr>\n<\/tbody>\n<\/table>\n<\/td>\n<\/tr>\n<\/tbody>\n<\/table>\n<\/td>\n<\/tr>\n<\/tbody>\n<\/table>\n<p><span style=\"color: #E4DDCB;\">&#8211;<\/span><\/p>\n<table style=\"border: thin outset; border-collapse: collapse; height: 30px; width: 470px;\" border=\"0\" cellpadding=\"2\">\n<tbody>\n<tr>\n<td width=\"30%\" bgcolor=\"#330000\"><span style=\"font-family: Verdana; color: #ffffff;\"><strong>D\u0130\u015e\u0130 KURDUN GECES\u0130<\/strong><\/span><span style=\"font-family: Verdana; color: #333333;\"><strong> <\/strong><\/span><\/td>\n<\/tr>\n<\/tbody>\n<\/table>\n<table style=\"border-collapse: collapse; width: 462px; height: 250px;\" border=\"0\" cellspacing=\"0\" cellpadding=\"0\" bordercolor=\"#111111\">\n<tbody>\n<tr>\n<td width=\"58%\" align=\"center\" valign=\"top\">\n<table style=\"border-collapse: collapse; width: 315px; height: 248px;\" border=\"0\" cellspacing=\"2\">\n<tbody>\n<tr>\n<td width=\"100%\" align=\"right\">\n<table style=\"width: 310px; height: 88px;\" border=\"0\" cellspacing=\"0\">\n<tbody>\n<tr bgcolor=\"#D1C4A5\">\n<td width=\"39%\"><strong>Yazar<\/strong><\/td>\n<td width=\"3%\">:<\/td>\n<td width=\"51%\">Henri Loevenbruck<\/td>\n<\/tr>\n<tr bgcolor=\"#E4DDCB\">\n<td><strong>\u00c7eviren<\/strong><\/td>\n<td width=\"3%\">:<\/td>\n<td width=\"51%\">Elif G\u00f6kteke<\/td>\n<\/tr>\n<tr bgcolor=\"#D1C4A5\">\n<td width=\"39%\"><strong>\u00d6zg\u00fcn Ad\u0131<\/strong><strong> <\/strong><\/td>\n<td width=\"3%\">:<\/td>\n<td width=\"51%\">La Nuit de la louve<\/td>\n<\/tr>\n<tr bgcolor=\"#E4DDCB\">\n<td width=\"39%\"><strong>Seri<\/strong><\/td>\n<td width=\"3%\">:<\/td>\n<td width=\"51%\">Moira \u00dc\u00e7lemesi<\/td>\n<\/tr>\n<\/tbody>\n<\/table>\n<\/td>\n<\/tr>\n<tr>\n<td style=\"border-style: solid ridge ridge; border-width: 1px; padding-left: 4px; padding-right: 4px;\" width=\"100%\" bgcolor=\"#C0B18D\"><strong><span style=\"font-size: 9pt; font-family: Tahoma;\">Yap\u0131 Kredi Yay\u0131nlar\u0131<\/span><\/strong><\/td>\n<\/tr>\n<tr>\n<td width=\"100%\" align=\"right\">\n<table style=\"width: 310px; height: 88px;\" border=\"0\" cellspacing=\"0\">\n<tbody>\n<tr bgcolor=\"#D1C4A5\">\n<td width=\"39%\"><strong>Edit\u00f6r<\/strong><\/td>\n<td width=\"3%\">:<\/td>\n<td width=\"51%\">Or\u00e7un T\u00fcrkay<\/td>\n<\/tr>\n<tr bgcolor=\"#E4DDCB\">\n<td><strong>Sayfa Say\u0131s\u0131<\/strong><\/td>\n<td width=\"3%\">:<\/td>\n<td width=\"51%\">152<\/td>\n<\/tr>\n<tr bgcolor=\"#D1C4A5\">\n<td width=\"39%\"><strong>Fiyat\u0131<\/strong><\/td>\n<td width=\"3%\">:<\/td>\n<td width=\"51%\">17,00 TL<\/td>\n<\/tr>\n<tr bgcolor=\"#E4DDCB\">\n<td width=\"39%\"><strong>ISBN No<\/strong><\/td>\n<td width=\"3%\">:<\/td>\n<td width=\"51%\">9789750812705<\/td>\n<\/tr>\n<\/tbody>\n<\/table>\n<\/td>\n<\/tr>\n<\/tbody>\n<\/table>\n<\/td>\n<td width=\"39%\" align=\"left\" valign=\"top\">\n<p style=\"text-align: center;\">\n<p><a href=\"https:\/\/www.kayiprihtim.org\/portal\/gorsel\/disi-kurdun-gecesi.jpg\" target=\"_blank\"><img decoding=\"async\" src=\"https:\/\/www.kayiprihtim.org\/portal\/gorsel\/disi-kurdun-gecesi.jpg\" border=\"0\" alt=\"\" hspace=\"1\" width=\"140\" height=\"219\" class=\"aligncenter\"><\/a><\/td>\n<\/tr>\n<\/tbody>\n<\/table>\n<table style=\"border-collapse: collapse; width: 47%;\" border=\"0\" cellpadding=\"0\">\n<tbody>\n<tr>\n<td width=\"54%\">\n<table style=\"border-collapse: collapse; height: 147px; width: 470px;\" border=\"0\" cellspacing=\"0\" cellpadding=\"2\">\n<tbody>\n<tr>\n<td style=\"border-style: solid ridge ridge; border-width: 1px; padding-left: 4px; padding-right: 4px;\" width=\"98%\" bgcolor=\"#C0B18D\"><strong><span style=\"font-size: 9pt; font-family: Tahoma;\">Tan\u0131t\u0131m Yaz\u0131s\u0131 <\/span><\/strong><\/td>\n<\/tr>\n<tr>\n<td width=\"99%\" align=\"left\">\n<table style=\"width: 465px;\" border=\"0\">\n<tbody>\n<tr>\n<td style=\"border-style: outset; border-width: 1px;\" width=\"96%\" bgcolor=\"#D1C4A5\">\n<table style=\"border-collapse: collapse; width: 452px; height: 199px;\" border=\"0\" cellspacing=\"0\" cellpadding=\"5\" bgcolor=\"#d1c4a5\" bordercolor=\"#d1c4a5\">\n<tbody>\n<tr>\n<td width=\"96%\" bgcolor=\"#D1C4A5\">Henri Loevenbruck\u2019un Fransa\u2019da olay yaratan fantastik \u00fc\u00e7lemesi La Mo\u00efra\u2019n\u0131n son kitab\u0131 Di\u015fi Kurdun Gecesi\u2019yle bir efsane daha sonlan\u0131yor. Samildanach\u2026 Sa\u00eeman\u2019\u0131n son \u00e7ocu\u011fu.<\/p>\n<p>Gaelia\u2019da yeni bir \u00e7a\u011f\u0131n ba\u015flamas\u0131n\u0131 sa\u011flamak zorunda. \u00c7\u00fcnk\u00fc Gaelia can \u00e7eki\u015fmekte. Adan\u0131n d\u00f6rt bir yan\u0131 sava\u015f halinde. Avc\u0131lar da kurtlar\u0131n pe\u015fine d\u00fc\u015fm\u00fc\u015f! Nefret ate\u015fi co\u015fmu\u015f, din fanatikleri ve iktidara susam\u0131\u015flarca k\u00f6r\u00fckleniyor; b\u00fcy\u00fcyse yava\u015f yava\u015f yitiyor.Gaelia can \u00e7eki\u015fmekte, zaman daral\u0131yor. \u0130nsanlar\u0131n avlamaya \u00e7al\u0131\u015ft\u0131klar\u0131 beyaz kurdu bulmak, Mo\u00efra\u2019n\u0131n ve \u00fc\u00e7 kehanetin anlam\u0131n\u0131 \u00e7\u00f6zmek, her \u015feyden \u00f6nemlisi yar\u0131n\u0131n d\u00fcnyas\u0131n\u0131 haz\u0131rlamak gerek.<\/td>\n<\/tr>\n<\/tbody>\n<\/table>\n<\/td>\n<\/tr>\n<\/tbody>\n<\/table>\n<\/td>\n<\/tr>\n<\/tbody>\n<\/table>\n<\/td>\n<\/tr>\n<\/tbody>\n<\/table>\n","protected":false},"excerpt":{"rendered":"<p>D\u0130\u015e\u0130 KURT \u0130LE \u00c7OCUK Yazar : Henri Loevenbruck \u00c7eviren : Elif G\u00f6kteke Orijinal Ad\u0131 : La Louve Et l&#8217;enfant Seri : Moira \u00dc\u00e7lemesi Yap\u0131 Kredi Yay\u0131nlar\u0131 Edit\u00f6r : Or\u00e7un T\u00fcrkay Sayfa Say\u0131s\u0131 : 352 Fiyat\u0131 : 15,00 TL ISBN No : 9789750811050 Tan\u0131t\u0131m Yaz\u0131s\u0131 rans\u0131z yazar Henri Loevenbruck\u2019in kaleme ald\u0131\u011f\u0131 Di\u015fi Kurt ile \u00c7ocuk, fantastik [&hellip;]<\/p>\n","protected":false},"author":1,"featured_media":0,"parent":57,"menu_order":0,"comment_status":"open","ping_status":"closed","template":"","meta":{"_acf_changed":false,"footnotes":""},"class_list":["post-129","page","type-page","status-publish"],"acf":[],"_links":{"self":[{"href":"https:\/\/www.kayiprihtim.org\/portal\/wp-json\/wp\/v2\/pages\/129","targetHints":{"allow":["GET"]}}],"collection":[{"href":"https:\/\/www.kayiprihtim.org\/portal\/wp-json\/wp\/v2\/pages"}],"about":[{"href":"https:\/\/www.kayiprihtim.org\/portal\/wp-json\/wp\/v2\/types\/page"}],"author":[{"embeddable":true,"href":"https:\/\/www.kayiprihtim.org\/portal\/wp-json\/wp\/v2\/users\/1"}],"replies":[{"embeddable":true,"href":"https:\/\/www.kayiprihtim.org\/portal\/wp-json\/wp\/v2\/comments?post=129"}],"version-history":[{"count":0,"href":"https:\/\/www.kayiprihtim.org\/portal\/wp-json\/wp\/v2\/pages\/129\/revisions"}],"up":[{"embeddable":true,"href":"https:\/\/www.kayiprihtim.org\/portal\/wp-json\/wp\/v2\/pages\/57"}],"wp:attachment":[{"href":"https:\/\/www.kayiprihtim.org\/portal\/wp-json\/wp\/v2\/media?parent=129"}],"curies":[{"name":"wp","href":"https:\/\/api.w.org\/{rel}","templated":true}]}}