{"id":13024,"date":"2011-10-25T16:21:54","date_gmt":"2011-10-25T13:21:54","guid":{"rendered":"http:\/\/www.kayiprihtim.org\/portal\/?page_id=13024"},"modified":"2011-11-02T10:01:10","modified_gmt":"2011-11-02T08:01:10","slug":"geist-the-sin-eaters-kurallari-2-genel-ozellikler","status":"publish","type":"page","link":"https:\/\/www.kayiprihtim.org\/portal\/frp\/new-world-of-darkness\/geist-the-sin-eaters\/geist-the-sin-eaters-kurallari-2-genel-ozellikler\/","title":{"rendered":"Geist the Sin-Eaters Kurallar\u0131 2: Genel \u00d6zellikler"},"content":{"rendered":"<div align=\"center\"><a href=\"http:\/\/i.imgur.com\/dRQ4M.png\" rel=\"nofollow noopener\" target=\"_blank\"><img fetchpriority=\"high\" decoding=\"async\" class=\"aligncenter\" src=\"http:\/\/i.imgur.com\/dRQ4M.png\" alt=\"\" width=\"467\" height=\"188\"><\/a><\/div>\n<div align=\"center\"><span style=\"font-size: medium;\"><strong>Yeni Ya\u015fam, Yeni V\u00fccut, Yeni Sa\u011fl\u0131k<\/strong><\/span><\/div>\n<h2 align=\"center\"><span style=\"font-size: small;\"><strong>aka: bedenimde geist dola\u015f\u0131yor oh\u015f<\/strong><\/span><\/h2>\n<p style=\"text-align: justify;\">-Bir Geist asla bilin\u00e7 kayb\u0131 ya\u015famaz veya bay\u0131lmaz. Hasarlar\u0131ndan gelecek zar eksileri hala varken, bu veya di\u011fer herhangi bir \u015fey asla ama asla onlara etki etmez.<\/p>\n<p style=\"text-align: justify;\">-Geist d\u00fcnyay\u0131, \u00f6l\u00fcm \u015fekline ba\u011fl\u0131 olarak daha de\u011fi\u015fik g\u00f6r\u00fcr ve alg\u0131lar. (Morbid Reality)<\/p>\n<p style=\"text-align: justify;\">-Geist&#8217;in kan\u0131nda ektoplazma bulunur eser miktarda. Hastal\u0131k ve zehirlere dayanmak i\u00e7in zar at\u0131l\u0131rken Psyche de\u011feri de eklenir bu zar say\u0131s\u0131na. Sadece zarar verici \u015feyler i\u00e7in bu, alkol, uyu\u015fturucu \u00a0ve benzeri \u015feyler i\u00e7in ge\u00e7erli de\u011fil.<\/p>\n<p style=\"text-align: justify;\">-Al\u0131nan hasarlar\u0131 1:1 oran\u0131nda plasm ile durdurabilir. Hasar\u0131n \u015fekli, t\u00fcr\u00fc \u00f6nemli de\u011fil. Oyun sahnesinin sonunda, bu d\u00fczeltilen yaralar ezik haline gelir, yaralar kapan\u0131r. Yaralar bu \u015fekilde plasm ile doluyken, kendisini a\u00e7\u0131k mavi, yaran\u0131n i\u00e7inde s\u00fcz\u00fclen ve hafif bir duman \u00e7\u0131kartan mavi bir j\u00f6le gibi g\u00f6sterir.<\/p>\n<p style=\"text-align: justify;\">-E\u011fer hasar\u0131 kapatmak i\u00e7in hi\u00e7 plasm&#8217;\u0131 yoksa Bound&#8217;un, &#8220;Yeni \u00d6l\u00fcm&#8221; veya &#8220;Eski \u00d6l\u00fcm&#8221; ile iyile\u015ftirebilir kendisini.<br \/>\n*Eski \u00d6l\u00fcm: &#8220;Memento&#8221; denilen \u00f6zel bir \u00e7e\u015fit e\u015fyan\u0131n k\u0131r\u0131lmas\u0131yla olur.<br \/>\n*Yeni \u00d6l\u00fcm: Birisini so\u011fuk kanl\u0131 bir \u015fekilde \u00f6ld\u00fcrerek olur.<\/p>\n<p style=\"text-align: justify;\">-Geist, d\u0131\u015f d\u00fcnyay\u0131 ya\u015fayabilmek i\u00e7in Sin-Eater&#8217;a ihtiya\u00e7 duyar, bu sebeple ondan kolay kolay vazge\u00e7mezler. E\u011fer Sin-Eater \u00f6l\u00fcrse Geist onlar\u0131 sonraki g\u00fcn do\u011fumunda veya bat\u0131m\u0131nda diriltecektir. Ancak bu durumda karakter 1 synergy kaybedecek ve maksimum synergy&#8217;si 2 seviye d\u00fc\u015fecektir. Ayr\u0131ca ger\u00e7ekle\u015fmesi gereken bir \u00f6l\u00fcm ger\u00e7ekle\u015fmedi\u011finden, Sin-Eater yerine birisi \u00f6lmelidir. Sin-Eater&#8217;\u0131n oldu\u011fu yerdeki ki\u015filerden biri \u00f6l\u00fcr. Ayr\u0131ca Sin-Eater uyand\u0131\u011f\u0131nda bu ki\u015finin son an\u0131lar\u0131yla uyan\u0131r. Ya\u015fl\u0131l\u0131ktan \u00f6len Sin-Eater b\u00f6yle diriltilemez.<\/p>\n<div align=\"center\"><span style=\"font-size: medium;\"><strong>Hayaletlerle U\u011fra\u015fmak<\/strong><\/span><\/div>\n<h2 align=\"center\"><span style=\"font-size: small;\"><strong>aka: deal with it<\/strong><\/span><\/h2>\n<p style=\"text-align: justify;\">-Sin-Eater kolayca hayaletleri alg\u0131layabilir, t\u0131pk\u0131 insanlar\u0131 g\u00f6rd\u00fc\u011f\u00fc gibi. Tabi bu olduk\u00e7a s\u0131k\u0131c\u0131 olabilir. As\u0131l olay g\u00f6rmemeyi se\u00e7ebilmekte tabi. Bu \u00f6zelli\u011fi ge\u00e7ici olarak kapatman\u0131z m\u00fcmk\u00fcn, Synergy zar\u0131 atarak. Ayr\u0131ca Sin-Eater, hangi dilde konu\u015fuyor olursa olsun hayaletlerle konu\u015fabilir. (Ghost Sight)<\/p>\n<p style=\"text-align: justify;\">-Hayaletler &#8220;Twilight&#8221; denilen bir diyarda mevcutturlar ve Sin-Eaterlar onlar\u0131 g\u00f6rebilir. Sin-Eaterlar bir \u00e7e\u015fit &#8220;tersine ele ge\u00e7irme&#8221; yarat\u0131p hayaletlerin v\u00fccutlar\u0131n\u0131 kontrole alabilir ve Twilight&#8217;daki di\u011fer \u015feyler ile ileti\u015febilir hatta etkide bulunabilirler. Ancak Sin-Eater Twilight&#8217;da olmad\u0131\u011f\u0131ndan, e\u011fer hayaleti 5 ad\u0131m ileri g\u00f6t\u00fcr\u00fcrlerse kendi v\u00fccutlar\u0131 da 5 ad\u0131m ileri gidecektir.<\/p>\n<p style=\"text-align: justify;\">-Sin-Eaterlar Keystonelar\u0131n\u0131 (Geistlerin onlara verdikleri e\u015fyalar) Twilight&#8217;a aktarabilirler, sonra tekrar materyal d\u00fcnyaya ekleyebilirler. Ancak ba\u015fka hi\u00e7 bir \u015feyi aktaramazlar.<\/p>\n<p style=\"text-align: justify;\">-Sin-Eaterlar, hayaletlerin g\u00fcc\u00fc olan Numinalar\u0131 fark edebilirler, hayaletler taraf\u0131ndan &#8216;k\u00f6r edilmi\u015f&#8217; olsalar bile.<\/p>\n<p style=\"text-align: justify;\">-Hayaletler Sin-Eaterlara do\u011fru \u00e7ekilirler, sahip olduklar\u0131 \u00f6l\u00fcm enerjileri y\u00fcz\u00fcnden. Hayaletler ayn\u0131 zamanda Sin-Eaterlar\u0131n yan\u0131nda \u00e7ok daha kolay kendilerini g\u00f6sterip g\u00fc\u00e7lerini kullanabilir hale gelirler.<\/p>\n<p style=\"text-align: justify;\">-\u00c7o\u011fu hayalet ekodur ve ger\u00e7ek bir zihne veya bilince sahip de\u011fildir. Sin-Eaterlar bir damla kan ve biraz g\u00fc\u00e7 (plasm halinde) aktararak hayaletlere biraz bilin\u00e7 aktarmalar\u0131 m\u00fcmk\u00fcnd\u00fcr. Olduk\u00e7a ge\u00e7ici ve Hayaletlerden adam gibi bilgi alman\u0131n tek yoludur bu.<\/p>\n<p style=\"text-align: justify;\">-Sin-Eaterlar ectophagia yapabilirler: Hayaletleri yiyerek onlardan plasm kazanabilirler. Bu durumun nadir olmas\u0131n\u0131n iki sebebi vard\u0131r: Sonraki t\u00fcm hayaletler ile anla\u015fma yapmak zor olur ve ayn\u0131 zamanda hayaletlerin corpus&#8217;u inan\u0131lmaz k\u00f6t\u00fc bir tada sahiptir.<\/p>\n<p style=\"text-align: justify;\">-Ayn\u0131 zamanda Sin-Eaterlar\u0131n Geistleri de yemeleri m\u00fcmk\u00fcnd\u00fcr. Ancak bu \u00e7ok ama \u00e7ok b\u00fcy\u00fck bir su\u00e7 kabul edilir Sin-Eaterlar aras\u0131nda. Tabi bunu yapabilmek i\u00e7in bir Sin-Eater&#8217;\u0131 \u00f6ld\u00fcr\u00fcp sonra Geist&#8217;i ile d\u00f6v\u00fc\u015f\u00fcp ard\u0131ndan onu yemek gerekir. Bu durumda \u00f6ld\u00fcr\u00fclen Sin-Eater tekrar kalmaz. Tabi bu durumda kazan\u0131lan g\u00fc\u00e7 sayesinde Manifestationlar\u0131n \u00f6\u011frenilmesi inan\u0131lmaz kolayla\u015f\u0131r.<\/p>\n<p style=\"text-align: justify;\">-Hayaletleri d\u00fcnyadan serbest b\u0131rakman\u0131n bir ka\u00e7 yolu vard\u0131r. Hayaletler \u00f6ld\u00fcr\u00fclebilir, b\u00fct\u00fcn Anchorlar\u0131 \u00e7\u00f6z\u00fcmlenip yard\u0131m edilebilir veya onlar\u0131 Underworld&#8217;e s\u00fcrg\u00fcn (Banish) edilebilir.<\/p>\n<div align=\"center\"><span style=\"font-size: medium;\"><strong>\u00d6l\u00fcme Dair<\/strong><\/span><\/div>\n<h2 align=\"center\"><span style=\"font-size: small;\"><strong>aka: geistlere \u00e7ok bilmi\u015flik caiz<\/strong><\/span><\/h2>\n<p style=\"text-align: justify;\">-Sin-Eater bir ki\u015finin tam ya\u015f\u0131n\u0131 bir bak\u0131\u015fta, saatine kadar s\u00f6yleyebilir. \u0130nsan d\u0131\u015f\u0131 varl\u0131klar, mesela vampirler, v\u00fccudun g\u00f6r\u00fcnen ortalama ya\u015f\u0131n\u0131 s\u00f6yleyecektir. Ayr\u0131ca refleksif bir wits+composure at\u0131\u015f\u0131 ile Sin-Eater kar\u015f\u0131s\u0131ndakinin sa\u011fl\u0131\u011f\u0131 hakk\u0131nda fikir edinebilir. Undead olan varl\u0131klar, yine vampirler gibi, \u00f6l\u00fc olarak g\u00f6z\u00fckecektir.<\/p>\n<p style=\"text-align: justify;\">-Sin Eater insanlar\u0131n \u00f6ld\u00fc\u011f\u00fc yerlerdeki &#8220;\u00d6l\u00fcm Lekelerini&#8221; hissedebilir. Leke bir \u00fcrperme olarak g\u00f6z\u00fck\u00fcr. \u00d6l\u00fcm ne kadar yak\u0131nsa o kadar so\u011fuk bir \u00fcrperme olur bu. Bir wits+psyche at\u0131\u015f\u0131 bu lekenin ya\u015f\u0131n\u0131, y\u0131l, ay, g\u00fcn veya saat cinsinden s\u00f6yleyebilmesini sa\u011flayabilir; lekenin ya\u015f\u0131na ba\u011fl\u0131 olarak. (Death Stains)<\/p>\n<p style=\"text-align: justify;\">-Sin Eater wits+medicine at\u0131\u015f\u0131 ile bir cesedin \u00f6l\u00fcm sebebini \u00f6\u011frenebilir. \u00d6l\u00fcm hissedilir, g\u00f6r\u00fclmez. Az his ile olu\u015fan \u00f6l\u00fcmler -3 zar al\u0131r bu at\u0131\u015fa. Bunu hissetmek i\u00e7in Sin-Eater cesede dokunmal\u0131d\u0131r veya bir par\u00e7as\u0131na. Cesedin say\u0131s\u0131 ve ya\u015f\u0131 alakas\u0131zd\u0131r.<\/p>\n<div class=\"seperator\">#<\/div>\n<table id=\"table20\" style=\"border-collapse: collapse; width: 450px; height: 21px;\" border=\"0\" cellspacing=\"0\" cellpadding=\"2\" align=\"center\">\n<tbody>\n<tr>\n<td style=\"border-style: solid ridge ridge; border-width: 1px; padding-left: 4px; padding-right: 4px;\" bgcolor=\"#5d372a\" width=\"98%\"><span style=\"color: #ffffff;\"><strong><span style=\"font-family: Tahoma;\">Yi\u011fit Levent | <span style=\"color: #ffff99;\">Baal Adramelech<\/span><\/span><\/strong><\/span><strong><br \/>\n<\/strong><strong> <\/strong><\/td>\n<\/tr>\n<\/tbody>\n<\/table>\n","protected":false},"excerpt":{"rendered":"<p>Yeni Ya\u015fam, Yeni V\u00fccut, Yeni Sa\u011fl\u0131k aka: bedenimde geist dola\u015f\u0131yor oh\u015f -Bir Geist asla bilin\u00e7 kayb\u0131 ya\u015famaz veya bay\u0131lmaz. Hasarlar\u0131ndan gelecek zar eksileri hala varken, bu veya di\u011fer herhangi bir \u015fey asla ama asla onlara etki etmez. -Geist d\u00fcnyay\u0131, \u00f6l\u00fcm \u015fekline ba\u011fl\u0131 olarak daha de\u011fi\u015fik g\u00f6r\u00fcr ve alg\u0131lar. (Morbid Reality) -Geist&#8217;in kan\u0131nda ektoplazma bulunur eser [&hellip;]<\/p>\n","protected":false},"author":1,"featured_media":0,"parent":13038,"menu_order":0,"comment_status":"open","ping_status":"closed","template":"","meta":{"_acf_changed":false,"footnotes":""},"class_list":["post-13024","page","type-page","status-publish"],"acf":[],"_links":{"self":[{"href":"https:\/\/www.kayiprihtim.org\/portal\/wp-json\/wp\/v2\/pages\/13024","targetHints":{"allow":["GET"]}}],"collection":[{"href":"https:\/\/www.kayiprihtim.org\/portal\/wp-json\/wp\/v2\/pages"}],"about":[{"href":"https:\/\/www.kayiprihtim.org\/portal\/wp-json\/wp\/v2\/types\/page"}],"author":[{"embeddable":true,"href":"https:\/\/www.kayiprihtim.org\/portal\/wp-json\/wp\/v2\/users\/1"}],"replies":[{"embeddable":true,"href":"https:\/\/www.kayiprihtim.org\/portal\/wp-json\/wp\/v2\/comments?post=13024"}],"version-history":[{"count":0,"href":"https:\/\/www.kayiprihtim.org\/portal\/wp-json\/wp\/v2\/pages\/13024\/revisions"}],"up":[{"embeddable":true,"href":"https:\/\/www.kayiprihtim.org\/portal\/wp-json\/wp\/v2\/pages\/13038"}],"wp:attachment":[{"href":"https:\/\/www.kayiprihtim.org\/portal\/wp-json\/wp\/v2\/media?parent=13024"}],"curies":[{"name":"wp","href":"https:\/\/api.w.org\/{rel}","templated":true}]}}