{"id":13031,"date":"2011-10-25T16:26:04","date_gmt":"2011-10-25T13:26:04","guid":{"rendered":"http:\/\/www.kayiprihtim.org\/portal\/?page_id=13031"},"modified":"2011-10-25T16:58:42","modified_gmt":"2011-10-25T13:58:42","slug":"geist-the-sin-eaters-kurallari-7-sozluk","status":"publish","type":"page","link":"https:\/\/www.kayiprihtim.org\/portal\/frp\/new-world-of-darkness\/geist-the-sin-eaters\/geist-the-sin-eaters-kurallari-7-sozluk\/","title":{"rendered":"Geist the Sin-Eaters Kurallar\u0131 7: S\u00f6zl\u00fck"},"content":{"rendered":"<p style=\"text-align: center;\"><a href=\"http:\/\/i.imgur.com\/Ghlfy.png\" rel=\"nofollow noopener\" target=\"_blank\"><img fetchpriority=\"high\" decoding=\"async\" class=\"aligncenter\" src=\"http:\/\/i.imgur.com\/Ghlfy.png\" alt=\"\" width=\"467\" height=\"188\"><\/a><\/p>\n<p style=\"text-align: left;\"><strong>Aspect:<\/strong> Geist&#8217;in Arketipi ve do\u011fas\u0131. Ki\u015fisel olmaktansa ikoniktir bu. Genelde Krewe&#8217;e girerken belirlenir.<\/p>\n<p><strong>Autochthonous Depths:<\/strong> Underworld&#8217;\u00fcn en yukar\u0131daki en y\u00fcksek yerleri.<\/p>\n<p><strong>Avernian Gate:<\/strong> Cenote i\u00e7in bir ba\u015fka terim. Underworld&#8217;e ge\u00e7mek i\u00e7in kap\u0131 olarak kullan\u0131lanlar\u0131 temsil eder spesifik olarak.<\/p>\n<p><strong>Bargain, the:<\/strong> Geist ile insan\u0131n bir Sin-Eater olu\u015fturmak \u00fczere bir araya geldikleri \u00f6l\u00fcm ve yeniden do\u011fu\u015f an\u0131.<\/p>\n<p><strong>Bound, the: <\/strong>Sin-Eater yerine s\u00f6ylenebilen bir ba\u015fka kelime. Genelde Sin-Eater ile Geist&#8217;in birbirine ba\u011flanmas\u0131n\u0131 anlat\u0131r ancak ayn\u0131 zamanda kader, \u015fans, ikinci \u015fansa veya Sin-Eater bu d\u00fcnyaya neden geldi\u011fine inan\u0131yorsa ona ba\u011fl\u0131l\u0131\u011f\u0131 da temsil edebilir.<\/p>\n<p><strong>cenote:<\/strong> D\u00fcnya ile Underworld&#8217;\u00fcn aras\u0131ndaki duvar\u0131n daha ince oldu\u011fu bir b\u00f6lge.<\/p>\n<p><strong>ceremony:<\/strong> Sin-Eater&#8217;\u0131n g\u00fcc\u00fcn\u00fc bir kanal olarak kullan\u0131p, rit\u00fcelde kullanarak \u00f6l\u00fcm ve Underworld ile alakal\u0131 mistik sonu\u00e7lar kazanmak.<\/p>\n<p><strong>Charm:<\/strong> Memento&#8217;nun d\u00fc\u015f\u00fcn bir \u00e7e\u015fidi.<\/p>\n<p><strong>Charonite:<\/strong> Twilight Network&#8217;\u00fc desteklemeye ve ileti\u015fimi sa\u011flamaya adam\u0131\u015f Sin-Eaterlara verilen isim.<\/p>\n<p><strong>Codex:<\/strong> Bir Krewe taraf\u0131ndan kaydedilmi\u015f ve do\u011fa\u00fcst\u00fc g\u00fc\u00e7lere eri\u015fim i\u00e7in kullan\u0131lan bilgi, birikim ve s\u0131rlar toplulu\u011fu.<\/p>\n<p><strong>conspiracy:<\/strong> En b\u00fcy\u00fck ve n\u00fcfuzlu Krewe tipi.<\/p>\n<p><strong>cooler:<\/strong> Yeni \u00f6lm\u00fc\u015f bir Hayalet i\u00e7in s\u00f6ylenen terim. Halk dili.<\/p>\n<p><strong>cult:<\/strong> K\u00fc\u00e7\u00fck Kreweler i\u00e7in bir terim.<\/p>\n<p><strong>Dead Dominion:<\/strong> Underworld&#8217;deki Lower Mysteries&#8217;in alt b\u00f6lgeleri.<\/p>\n<p><strong>deathlord:<\/strong> Underworld&#8217;\u00fcn efsanevi h\u00fck\u00fcmdarlar\u0131. Varl\u0131klar\u0131 kan\u0131tlanmam\u0131\u015ft\u0131r.<\/p>\n<p><strong>deathmask:<\/strong> \u00d6l\u00fc bir Geist&#8217;in kal\u0131nt\u0131lar\u0131ndan yap\u0131lm\u0131\u015f memento.<\/p>\n<p><strong>Erebus:<\/strong> Autochthonous Depths i\u00e7in klasik ve eski bir terim.<\/p>\n<p><strong>Event, the:<\/strong> Bargain i\u00e7in bir ba\u015fka terim.<\/p>\n<p><strong>faction:<\/strong> Bir \u015fehre veya b\u00f6lgeye geni\u015f\u00e7e yay\u0131lm\u0131\u015f orta b\u00fcy\u00fckl\u00fckte bir Krewe<\/p>\n<p><strong>fetter:<\/strong> Bir hayaletin anchor&#8217;undan yap\u0131lm\u0131\u015f memento.<\/p>\n<p><strong>Flesh Fair:<\/strong> Sin-Eater bulu\u015fmalar\u0131 i\u00e7in genel ve yayg\u0131n bir terim.<\/p>\n<p><strong>geist:<\/strong> Hayaletlerin garip bir formu, bir k\u0131sm\u0131 insan kal\u0131nt\u0131s\u0131 ve bir k\u0131sm\u0131 arketip. Resmi \u00e7o\u011fulu Geister olsa da T\u00fcrk\u00e7e Geistler veya \u0130ngilizce konu\u015fanlar Geists derler.<\/p>\n<p><strong>grand carnival:<\/strong> Olduk\u00e7a b\u00fcy\u00fck ve resmi Sin-Eater bulu\u015fmas\u0131.<\/p>\n<p><strong>Great Below:<\/strong> Underworld&#8217;\u00fcn di\u011fer bir ismi.<\/p>\n<p><strong>griever:<\/strong> Bir hayaletin ya\u015farken yapt\u0131klar\u0131n\u0131 hala hat\u0131rlayan insan. B\u00fcy\u00fck ihtimalle hayaletin anchoru olurlar. Halk dili.<\/p>\n<p><strong>Haunt:<\/strong> Bir Sin-Eater, Krewe veya bir ba\u015fka varl\u0131k taraf\u0131ndan sahip \u00e7\u0131k\u0131lan bir cenote.<\/p>\n<p><strong>Horsemen:<\/strong> Sin-Eater mitolojisinde, be\u015f Threshold&#8217;u temsil eden be\u015f arketipsel fig\u00fcr.<\/p>\n<p><strong>Kerberoi:<\/strong> Underworld&#8217;\u00fcn antik gardiyanlar\u0131, Old Laws&#8217;\u0131 korur ve kar\u015f\u0131 gelenleri cezaland\u0131r\u0131rlar.<\/p>\n<p><strong>Key:<\/strong> Hayaletsel g\u00fc\u00e7lerin belirli k\u0131sm\u0131na olan yak\u0131nl\u0131k, yatk\u0131nl\u0131k.<\/p>\n<p><strong>keystone:<\/strong> Sin-Eater ile Geist aras\u0131ndaki ba\u011f\u0131 temsil eden spesifik bir memento.<\/p>\n<p><strong>krewe:<\/strong> Ortak bir ama\u00e7 i\u00e7in birle\u015fmi\u015f bir grup Sin-Eater. Ayn\u0131 zamanda genelde rit\u00fcellerle de birbirlerine ba\u011flanm\u0131\u015flard\u0131r.<\/p>\n<p><strong>low place:<\/strong> cenote i\u00e7in resmi olmayan bir terim.<\/p>\n<p><strong>Lower Mysteries:<\/strong> Underworld&#8217;\u00fcn derin ve daha zor eri\u015filebilen bir k\u0131sm\u0131.<\/p>\n<p><strong>Manifestation:<\/strong> Sin-Eater&#8217;\u0131n emrindeki bir ba\u015fka hayaletsel g\u00fc\u00e7<\/p>\n<p><strong>memento:<\/strong> Resmi Sin-Eaterlar taraf\u0131ndan memento mori de denir. \u00d6l\u00fcm de\u011fmi\u015f ve \u00f6zel bir havas\u0131 olan e\u015fyalard\u0131r.<\/p>\n<p><strong>memorabilia:<\/strong> \u00dcnl\u00fc birisi veya bir yerle alakal\u0131, onlardaki \u00f6l\u00fcm enerjisiyle dolmu\u015f bir memento \u00e7e\u015fidi.<\/p>\n<p><strong>ofrendas:<\/strong> \u00d6l\u00fclerin teklifleri.<\/p>\n<p><strong>Old Laws, the:<\/strong> Underworld&#8217;\u00fc kapsayan kanunlar. Bu kanunlar \u00f6l\u00fclerle ileti\u015fimi sembolize eder. Kerberoi taraf\u0131ndan korunur.<\/p>\n<p><strong>plasm:<\/strong> Hayaletlerin yap\u0131ld\u0131\u011f\u0131, Geistlerin yak\u0131t\u0131 olan \u015fey.<\/p>\n<p><strong>Psyche:<\/strong> Sin-Eater&#8217;\u0131n g\u00fcc\u00fcn\u00fc temsil eden genel terim.<\/p>\n<p><strong>Sacrosanct:<\/strong> Dostlar\u0131yla, kendi tehlikeli inan\u00e7lar\u0131 y\u00fcz\u00fcnden \u00e7eki\u015fen Sin-Eaterlar.<\/p>\n<p><strong>Sin-Eater:<\/strong> K\u0131sa s\u00fcreli\u011fine \u00f6lm\u00fc\u015f veya neredeyse \u00f6l\u00fcm deneyimi ya\u015fam\u0131\u015f, sonra hayata d\u00f6nm\u00fc\u015f ve Geist ile ba\u011flanm\u0131\u015f insan. \u0130sim \u00f6l\u00fclerin g\u00fcnahlar\u0131n\u0131n yaratt\u0131\u011f\u0131 y\u00fck\u00fc temsil eder.<\/p>\n<p><strong>Synergy:<\/strong> \u0130nsan ile Geisti aras\u0131ndaki ba\u011f\u0131n kuvveti.<\/p>\n<p><strong>Tartarus:<\/strong> Lower Mysteries&#8217;in klasik ad\u0131.<\/p>\n<p><strong>Threshold:<\/strong> \u00d6l\u00fcm\u00fcn belirli bir rezonans\u0131; Sin-Eaterlar\u0131n \u00f6l\u00fcm\u00fcn\u00fc temsil eden gev\u015fek bir kategorileme.<\/p>\n<p><strong>Twilight Network:<\/strong> De\u011fi\u015fken ve Sin-Eaterlar taraf\u0131ndan birbirleriyle ileti\u015fime ge\u00e7mek i\u00e7in kullan\u0131labilen bir \u00e7e\u015fit ileti\u015fim arac\u0131.<\/p>\n<p><strong>Underworld, the:<\/strong> \u00d6l\u00fclerin Diyar\u0131.<\/p>\n<p><strong>unfettered:<\/strong> Bir insana ba\u011flanmam\u0131\u015f Geist.<\/p>\n<p><strong>Upper Reaches:<\/strong> The Autochthonous Depths.<\/p>\n<p><strong>Vacant:<\/strong> Geist&#8217;inden ayr\u0131lm\u0131\u015f eski bir Sin-Eater<\/p>\n<p><strong>vanitas:<\/strong> Sin-Eater taraf\u0131ndan bilin\u00e7li olarak yarat\u0131lm\u0131\u015f bir memento.<\/p>\n<p><strong>wake:<\/strong> Sin-Eaterlar taraf\u0131ndan sosyalle\u015fme ve kutlama amac\u0131yla yap\u0131lan bir toplant\u0131.<\/p>\n<p><strong>Wretched, the:<\/strong> \u00d6l\u00fcmden geriye \u00e7ok sefer d\u00f6nm\u00fc\u015f Sin-Eaterlar; Onlar\u0131 kontrol eden, kontrole ge\u00e7mi\u015f Geistleri i\u00e7in bir kabuk g\u00f6revi yapmaktad\u0131rlar.<\/p>\n<p><strong>yellowbones:<\/strong> Ya\u015fl\u0131 bir hayalet. Halk dili.<\/p>\n<div class=\"seperator\">#<\/div>\n<table id=\"table20\" style=\"border-collapse: collapse; width: 450px; height: 21px;\" border=\"0\" cellspacing=\"0\" cellpadding=\"2\" align=\"center\">\n<tbody>\n<tr>\n<td style=\"border-style: solid ridge ridge; border-width: 1px; padding-left: 4px; padding-right: 4px;\" bgcolor=\"#5d372a\" width=\"98%\"><span style=\"color: #ffffff;\"><strong><span style=\"font-family: Tahoma;\">Yi\u011fit Levent | <span style=\"color: #ffff99;\">Baal Adramelech<\/span><\/span><\/strong><\/span><strong><br \/>\n<\/strong><strong> <\/strong><\/td>\n<\/tr>\n<\/tbody>\n<\/table>\n","protected":false},"excerpt":{"rendered":"<p>Aspect: Geist&#8217;in Arketipi ve do\u011fas\u0131. Ki\u015fisel olmaktansa ikoniktir bu. Genelde Krewe&#8217;e girerken belirlenir. Autochthonous Depths: Underworld&#8217;\u00fcn en yukar\u0131daki en y\u00fcksek yerleri. Avernian Gate: Cenote i\u00e7in bir ba\u015fka terim. Underworld&#8217;e ge\u00e7mek i\u00e7in kap\u0131 olarak kullan\u0131lanlar\u0131 temsil eder spesifik olarak. Bargain, the: Geist ile insan\u0131n bir Sin-Eater olu\u015fturmak \u00fczere bir araya geldikleri \u00f6l\u00fcm ve yeniden do\u011fu\u015f an\u0131. [&hellip;]<\/p>\n","protected":false},"author":1,"featured_media":0,"parent":13038,"menu_order":0,"comment_status":"open","ping_status":"closed","template":"","meta":{"_acf_changed":false,"footnotes":""},"class_list":["post-13031","page","type-page","status-publish"],"acf":[],"_links":{"self":[{"href":"https:\/\/www.kayiprihtim.org\/portal\/wp-json\/wp\/v2\/pages\/13031","targetHints":{"allow":["GET"]}}],"collection":[{"href":"https:\/\/www.kayiprihtim.org\/portal\/wp-json\/wp\/v2\/pages"}],"about":[{"href":"https:\/\/www.kayiprihtim.org\/portal\/wp-json\/wp\/v2\/types\/page"}],"author":[{"embeddable":true,"href":"https:\/\/www.kayiprihtim.org\/portal\/wp-json\/wp\/v2\/users\/1"}],"replies":[{"embeddable":true,"href":"https:\/\/www.kayiprihtim.org\/portal\/wp-json\/wp\/v2\/comments?post=13031"}],"version-history":[{"count":0,"href":"https:\/\/www.kayiprihtim.org\/portal\/wp-json\/wp\/v2\/pages\/13031\/revisions"}],"up":[{"embeddable":true,"href":"https:\/\/www.kayiprihtim.org\/portal\/wp-json\/wp\/v2\/pages\/13038"}],"wp:attachment":[{"href":"https:\/\/www.kayiprihtim.org\/portal\/wp-json\/wp\/v2\/media?parent=13031"}],"curies":[{"name":"wp","href":"https:\/\/api.w.org\/{rel}","templated":true}]}}