{"id":13038,"date":"2011-10-25T16:57:56","date_gmt":"2011-10-25T13:57:56","guid":{"rendered":"http:\/\/www.kayiprihtim.org\/portal\/?page_id=13038"},"modified":"2012-02-07T22:11:12","modified_gmt":"2012-02-07T20:11:12","slug":"geist-the-sin-eaters","status":"publish","type":"page","link":"https:\/\/www.kayiprihtim.org\/portal\/frp\/new-world-of-darkness\/geist-the-sin-eaters\/","title":{"rendered":"Geist the Sin-Eaters"},"content":{"rendered":"<p style=\"text-align: center;\"><a href=\"https:\/\/www.kayiprihtim.org\/portal\/frp\/new-world-of-darkness\/geist-the-sin-eaters\/geist-the-sin-eaters-kurallari-1-karakter-yaratmak-ve-avantajlar\/\">Geist the Sin-Eaters Kurallar\u0131 1: Karakter Yaratmak ve Avantajlar<\/a><\/p>\n<p style=\"text-align: center;\"><a href=\"https:\/\/www.kayiprihtim.org\/portal\/frp\/new-world-of-darkness\/geist-the-sin-eaters\/geist-the-sin-eaters-kurallari-2-genel-ozellikler\/\">Geist the Sin-Eaters Kurallar\u0131 2: Genel \u00d6zellikler<\/a><\/p>\n<p style=\"text-align: center;\"><a href=\"https:\/\/www.kayiprihtim.org\/portal\/frp\/new-world-of-darkness\/geist-the-sin-eaters\/geist-the-sin-eaters-kurallari-3-key-manifestation-ceremony\/\">Geist the Sin-Eaters Kurallar\u0131 3: Key, Manifestation &amp; Ceremony<\/a><\/p>\n<p style=\"text-align: center;\"><a href=\"https:\/\/www.kayiprihtim.org\/portal\/frp\/new-world-of-darkness\/geist-the-sin-eaters\/geist-the-sin-eaters-kurallari-4-mementos\/\">Geist the Sin-Eaters Kurallar\u0131 4: Mementos<\/a><\/p>\n<p style=\"text-align: center;\">Geist the Sin-Eaters Kurallar\u0131 5: Krewe<\/p>\n<p style=\"text-align: center;\">Geist the Sin-Eaters Kurallar\u0131 6: Underworld<\/p>\n<p style=\"text-align: center;\"><a href=\"https:\/\/www.kayiprihtim.org\/portal\/frp\/new-world-of-darkness\/geist-the-sin-eaters\/geist-the-sin-eaters-kurallari-7-sozluk\/\">Geist the Sin-Eaters Kurallar\u0131 7: S\u00f6zl\u00fck<\/a><\/p>\n","protected":false},"excerpt":{"rendered":"<p>Geist the Sin-Eaters Kurallar\u0131 1: Karakter Yaratmak ve Avantajlar Geist the Sin-Eaters Kurallar\u0131 2: Genel \u00d6zellikler Geist the Sin-Eaters Kurallar\u0131 3: Key, Manifestation &amp; Ceremony Geist the Sin-Eaters Kurallar\u0131 4: Mementos Geist the Sin-Eaters Kurallar\u0131 5: Krewe Geist the Sin-Eaters Kurallar\u0131 6: Underworld Geist the Sin-Eaters Kurallar\u0131 7: S\u00f6zl\u00fck<\/p>\n","protected":false},"author":1,"featured_media":0,"parent":4901,"menu_order":0,"comment_status":"open","ping_status":"closed","template":"","meta":{"_acf_changed":false,"footnotes":""},"class_list":["post-13038","page","type-page","status-publish"],"acf":[],"_links":{"self":[{"href":"https:\/\/www.kayiprihtim.org\/portal\/wp-json\/wp\/v2\/pages\/13038","targetHints":{"allow":["GET"]}}],"collection":[{"href":"https:\/\/www.kayiprihtim.org\/portal\/wp-json\/wp\/v2\/pages"}],"about":[{"href":"https:\/\/www.kayiprihtim.org\/portal\/wp-json\/wp\/v2\/types\/page"}],"author":[{"embeddable":true,"href":"https:\/\/www.kayiprihtim.org\/portal\/wp-json\/wp\/v2\/users\/1"}],"replies":[{"embeddable":true,"href":"https:\/\/www.kayiprihtim.org\/portal\/wp-json\/wp\/v2\/comments?post=13038"}],"version-history":[{"count":0,"href":"https:\/\/www.kayiprihtim.org\/portal\/wp-json\/wp\/v2\/pages\/13038\/revisions"}],"up":[{"embeddable":true,"href":"https:\/\/www.kayiprihtim.org\/portal\/wp-json\/wp\/v2\/pages\/4901"}],"wp:attachment":[{"href":"https:\/\/www.kayiprihtim.org\/portal\/wp-json\/wp\/v2\/media?parent=13038"}],"curies":[{"name":"wp","href":"https:\/\/api.w.org\/{rel}","templated":true}]}}