{"id":13191,"date":"2011-10-31T16:02:44","date_gmt":"2011-10-31T14:02:44","guid":{"rendered":"http:\/\/www.kayiprihtim.org\/portal\/?page_id=13191"},"modified":"2011-10-31T16:51:06","modified_gmt":"2011-10-31T14:51:06","slug":"nwod-core-rulebook-inceleme","status":"publish","type":"page","link":"https:\/\/www.kayiprihtim.org\/portal\/nwod-core-rulebook-inceleme\/","title":{"rendered":"nWoD &#8211; Core Rulebook | \u0130nceleme"},"content":{"rendered":"<p style=\"text-indent: 0.4cm; text-align: justify;\"><a href=\"http:\/\/i.imgur.com\/RjIav.jpg\" rel=\"nofollow noopener\" target=\"_blank\"><img fetchpriority=\"high\" decoding=\"async\" class=\"alignright\" src=\"http:\/\/i.imgur.com\/RjIav.jpg\" alt=\"\" width=\"230\" height=\"302\"><\/a>Kitab\u0131n geneli kurallar, oynamak ve oynatmak \u00fczerine genel bilgi veren bir yap\u0131dan olu\u015fuyor. Hafif ve ince bir kitap olmas\u0131ndan dolay\u0131, san\u0131r\u0131m en k\u0131sa incelemelerimden biri de bu olacakt\u0131r. \u00c7\u00fcnk\u00fc kurallar\u0131 burada uzun uzun yazacak de\u011filim.<\/p>\n<p style=\"text-indent: 0.4cm; text-align: justify;\">Genel olarak bakarsak, bu kitap, oynatmak istedi\u011finiz herhangi bir oyunu kurgulaman\u0131za yeterli olacak olsa da, ayn\u0131 zamanda alaca\u011f\u0131n\u0131z yan\/ek kitaplarla oynataca\u011f\u0131n\u0131z sistemlere de olduk\u00e7a yard\u0131mc\u0131 olacakt\u0131r. \u00c7\u00fcnk\u00fc nWoD sisteminin g\u00fczel yan\u0131, ayn\u0131 \u015feyi alt sistem kitaplar\u0131nda da teker teker yazmak yerine referanslar vermesidir. Bu sayede, 300 sayfal\u0131k kal\u0131n <em>Vampire the Requiem<\/em> kitab\u0131n\u0131n i\u00e7inde <em>Core Rulebook<\/em>&#8216;u tekrar okumuyorsunuz.<\/p>\n<p style=\"text-indent: 0.4cm; text-align: justify;\">\u0130lk b\u00f6l\u00fcm, <strong>The Secret History<\/strong>, oWoD kitaplar\u0131ndan farkl\u0131 bir tarzla giriyor konuya ve her alt ba\u015fl\u0131kta WoD evrenine \u0131s\u0131nd\u0131r\u0131c\u0131 k\u0131sa bir hikaye veriyor. Hikayenin sonunda, bir ka\u00e7 paragrafla WoD evrenini tan\u0131t\u0131yor. Benim \u00e7ok ho\u015fuma giden bir \u00f6zellik oldu bu; tabii benim i\u00e7in hava ho\u015f, WoD evrenine \u0131s\u0131nmak i\u00e7in b\u00f6yle bir \u015feye ihtiyac\u0131m yok ama yeni ba\u015flayacak ki\u015filer i\u00e7in g\u00fczel bir \u00f6zellik. Bu hikayelerin ba\u015fka bir g\u00fczel k\u0131sm\u0131 da, yaz\u0131lm\u0131\u015f ek kitaplardan veya herhangi WoD kitab\u0131ndan a\u015f\u0131r\u0131 derecede ba\u011f\u0131ms\u0131z olabilmeleri. Mesela bir melekle alakal\u0131 bir hikaye var, bu tabii ki de bir varl\u0131\u011f\u0131n kand\u0131rmacas\u0131, ancak hangisinin? Veya elbette y\u00f6netici kendine ait bir varl\u0131k da yaratabilir.<\/p>\n<p style=\"text-indent: 0.4cm; text-align: justify;\">San\u0131r\u0131m oWoD(old World of Darkness, 2004&#8217;den \u00f6nce desteklenen eski WoD sistemi. nWoD sisteminin ba\u015flamas\u0131yla bu sistem rafa kald\u0131r\u0131lm\u0131\u015ft\u0131r.) ile nWoD aras\u0131ndaki en b\u00fcy\u00fck de\u011fi\u015fiklik budur. oWoD&#8217;un Caine ile ba\u015flay\u0131p Time of Judgement ile biten d\u00fcz ve resmi bir hikayesi vard\u0131r. Bu hikaye, ayn\u0131 zamanda oWoD romanlar\u0131yla da desteklenmi\u015fti. Bir s\u00fcre sonra, en az\u0131ndan bana, ah\u00e7\u0131 bah\u00e7\u0131vana-bah\u00e7\u0131van \u015fof\u00f6re havas\u0131 vermeye ba\u015flam\u0131\u015ft\u0131. \u00c7\u00fcnk\u00fc soy a\u011fa\u00e7lar\u0131, iyi ve k\u00f6t\u00fc gibi \u015feyler nWoD&#8217;a g\u00f6re nispeten daha keskindi.<\/p>\n<p style=\"text-indent: 0.4cm; text-align: justify;\">Bu b\u00f6l\u00fcm\u00fcn sonunda Storytelling Rules Summary, Character Creation, Glossary ve Roll and Trait Summary diye iki\u015fer sayfal\u0131k d\u00f6rt k\u00fc\u00e7\u00fck \u00f6zet var. Bunlar\u0131 bir araya ba\u015far\u0131l\u0131 bir \u015fekilde toplamalar\u0131 da g\u00fczel olmu\u015f.<\/p>\n<p style=\"text-indent: 0.4cm; text-align: justify;\">\u0130kinci b\u00f6l\u00fcm, <strong>Attributes<\/strong>, karakterlerin 9 temel \u00f6zelli\u011fine odaklan\u0131yor. Bunlar <em>Mental<\/em>, <em>Physical<\/em> ve <em>Social<\/em> diye ayr\u0131l\u0131yorlar ve her birinin detayl\u0131 olarak ne i\u00e7in kullan\u0131ld\u0131\u011f\u0131 a\u00e7\u0131klan\u0131lm\u0131\u015ft\u0131r. Zaten bir rulebook&#8217;dan beklenebilecek her \u015feyi veriyor, eh bu konuda anlata\u0131labilecek ba\u015fka bir \u015fey yok. Ayr\u0131ca her <em>Attribute<\/em>&#8216;un ne i\u015fe yarad\u0131\u011f\u0131na dair k\u0131sa paragraflar da yer al\u0131yor. Mesela b\u00f6l\u00fcm\u00fcn en sonunda Meditasyon yapmak ve nas\u0131l yap\u0131laca\u011f\u0131 hakk\u0131nda bilgiler veriyor.<\/p>\n<p style=\"text-indent: 0.4cm; text-align: justify;\">\u00dc\u00e7\u00fcnc\u00fc b\u00f6l\u00fcm, <strong>Skills<\/strong>, yine ayn\u0131 \u015fekilde, ayn\u0131 \u00fc\u00e7 kategoriye ayr\u0131lm\u0131\u015f yetenekleri anlat\u0131yor. Burada da, t\u0131pk\u0131 Attribute k\u0131sm\u0131ndaki gibi, her yetene\u011fin i\u015fe yarad\u0131\u011f\u0131 alt kategoriler verilmi\u015f durumda.<\/p>\n<p style=\"text-indent: 0.4cm; text-align: justify;\">D\u00f6rd\u00fcnc\u00fc b\u00f6l\u00fcm, <strong>Advantages<\/strong> ve Be\u015finci b\u00f6l\u00fcm, <strong>Merits<\/strong>, bir karakteri say\u0131lar \u00f6tesine (tamam, o kadar da de\u011fil ama olabilece\u011fi kadar i\u015fte) ge\u00e7irmenin ilk ad\u0131m\u0131 oluyor. Burada karakterin z\u0131rh\u0131yd\u0131, can\u0131yd\u0131 gibi s\u0131k\u0131c\u0131 i\u015flerle u\u011fra\u015f\u0131rken ayn\u0131 zamanda Morality ve Derangements ile kar\u015f\u0131la\u015f\u0131yoruz. Morality, kabaca Ahlak diyebilece\u011fimiz bir \u015fey. Morality kaybettik\u00e7e Derangement yani ruhsal hastal\u0131klar ekleniyor karakterimize. Tabii Derengement eklenmesinin tek yolu bu de\u011fil. Morality, kendi seviyenizin alt\u0131nda bir \u015fey yaparsan\u0131z d\u00fc\u015f\u00fcyor. Mesela cinayet i\u015flemek, bir \u015feyler \u00e7almak&#8230; Her birinin seviyesi var elbette. Bu k\u0131s\u0131mda Virtue(Erdemler) ve Vice(G\u00fcnahlar) gibi di\u011fer \u00f6zellikler de anlat\u0131l\u0131yor. K\u0131saca, bu se\u00e7ti\u011finiz Virtue ve Vice&#8217;\u0131 oynad\u0131k\u00e7a Willpower, yani <em>irade<\/em> kazan\u0131yorsunuz. \u0130radeyi oyundaki herhangi bir hamle i\u00e7in harcay\u0131p ba\u015far\u0131 \u015fans\u0131n\u0131z\u0131 artt\u0131rabiliyorsunuz. Ayn\u0131 zamanda Merit denilen, karakterlerin belli bir s\u0131n\u0131rda alabildi\u011fi \u00f6zel \u015feyler de mevcut. Mesela &#8216;Ansiklopedik Bilgi&#8217; merit&#8217;i, hem rol yapmaya katk\u0131da bulunurken hem de say\u0131sal bir de\u011fer veriyor.<\/p>\n<p style=\"text-indent: 0.4cm; text-align: justify;\">Alt\u0131nc\u0131 b\u00f6l\u00fcm, <strong>Combat<\/strong>, nWoD sisteminin en ilerledi\u011fi \u015fey olan d\u00f6v\u00fc\u015fleri\/kavgalar\u0131 anlat\u0131yor. San\u0131r\u0131m benim en sevdi\u011fim baz\u0131 \u00f6zellikler bu b\u00f6l\u00fcmde. oWoD&#8217;da olu\u015fan k\u00fc\u00e7\u00fck \u00e7apl\u0131 zar say\u0131s\u0131 \u00e7\u0131lg\u0131nl\u0131\u011f\u0131 \u00f6nlenmi\u015f durumda. Buna ba\u011fl\u0131 olarak, \u00e7ok daha h\u0131zl\u0131 geli\u015fen ve s\u0131kmadan ilerleyen sava\u015flar s\u00f6z konusu. Yukar\u0131daki gibi her ba\u015fl\u0131\u011f\u0131 teker teker a\u00e7\u0131klamayaca\u011f\u0131m, gidin ve okuyun. oWoD oynatacaksan\u0131z bile bu sistemden bir \u015feyler kap\u0131n, uygulay\u0131n.<\/p>\n<p style=\"text-indent: 0.4cm; text-align: justify;\">Son ve yedinci b\u00f6l\u00fcm, <strong>Storytelling<\/strong>, oyun y\u00f6neticisine yani Storyteller&#8217;a tavsiyelerde ve oyuncular\u0131n kar\u015f\u0131s\u0131na \u00e7\u0131karmak \u00fczere \u00f6nceden haz\u0131rlanm\u0131\u015f birka\u00e7 Antagonist&#8217;e (D\u00fc\u015fman, kar\u015f\u0131t ki\u015fi, k\u00f6t\u00fc adam, t\u00fc kaka) sahip.<\/p>\n<p style=\"text-indent: 0.4cm; text-align: justify;\">Kitab\u0131n en s\u0131k\u0131ld\u0131\u011f\u0131m noktas\u0131, \u00f6nceleri bunun b\u00fcy\u00fck k\u0131sm\u0131n\u0131n kurallarla harcanm\u0131\u015f oldu\u011funu d\u00fc\u015f\u00fcnmemdi ancak sonradan fark ettim ki bu bilin\u00e7li bir tercihti. Alt kitaplarda sunulan geni\u015f bilgiler, kitaptaki bu eksikli\u011fi olduk\u00e7a g\u00f6rmezden gelinebilir bir hale getiriyor.<\/p>\n<p style=\"text-indent: 0.4cm; text-align: justify;\">Bu yaz\u0131n\u0131n k\u0131sa olaca\u011f\u0131n\u0131 s\u00f6yledim, ancak pek \u00f6yle olmam\u0131\u015f san\u0131r\u0131m. Tavsiyem, rol yapma oyunlar\u0131na bu kitapla <em>ba\u015flamay\u0131n<\/em>. \u00d6nceden beri gelen do\u011fa\u00fcst\u00fc, gizemli, karanl\u0131k ve d\u00fcnyan\u0131n \u00e7ok daha karanl\u0131k oldu\u011funu d\u00fc\u015f\u00fcnen bir yap\u0131n\u0131z yoksa, D&amp;D oynat\u0131n, oynay\u0131n. Ancak e\u011fer i\u00e7inizde biraz bile kahramandan s\u0131yr\u0131l\u0131p (vampir bile olsa) normal ve normal oldu\u011fu kadar karanl\u0131k karakterleri y\u00f6netme iste\u011finiz varsa, do\u011fru sistemdesiniz.<\/p>\n<p style=\"text-indent: 0.4cm; text-align: justify;\">Beyler ve Bayanlar, maskeli baloya ho\u015f geldiniz.<\/p>\n<p style=\"text-indent: 0.4cm; text-align: justify;\"><a href=\"http:\/\/white-wolf.com\/\" target=\"_blank\" rel=\"nofollow noopener\">White Wolf Resmi Sitesi<\/a><\/p>\n<div class=\"seperator\">#<\/div>\n<table id=\"table20\" style=\"border-collapse: collapse; width: 450px; height: 21px;\" border=\"0\" cellspacing=\"0\" cellpadding=\"2\" align=\"center\">\n<tbody>\n<tr>\n<td style=\"border-style: solid ridge ridge; border-width: 1px; padding-left: 4px; padding-right: 4px;\" bgcolor=\"#5d372a\" width=\"98%\"><span style=\"color: #ffffff;\"><strong><span style=\"font-family: Tahoma;\">Yi\u011fit Levent | <span style=\"color: #ffff99;\">Baal Adramelech<\/span><\/span><\/strong><\/span><strong><br \/>\n<\/strong><strong> <\/strong><\/td>\n<\/tr>\n<\/tbody>\n<\/table>\n","protected":false},"excerpt":{"rendered":"<p>Kitab\u0131n geneli kurallar, oynamak ve oynatmak \u00fczerine genel bilgi veren bir yap\u0131dan olu\u015fuyor. Hafif ve ince bir kitap olmas\u0131ndan dolay\u0131, san\u0131r\u0131m en k\u0131sa incelemelerimden biri de bu olacakt\u0131r. \u00c7\u00fcnk\u00fc kurallar\u0131 burada uzun uzun yazacak de\u011filim. Genel olarak bakarsak, bu kitap, oynatmak istedi\u011finiz herhangi bir oyunu kurgulaman\u0131za yeterli olacak olsa da, ayn\u0131 zamanda alaca\u011f\u0131n\u0131z yan\/ek kitaplarla [&hellip;]<\/p>\n","protected":false},"author":1,"featured_media":0,"parent":0,"menu_order":0,"comment_status":"open","ping_status":"closed","template":"","meta":{"_acf_changed":false,"footnotes":""},"class_list":["post-13191","page","type-page","status-publish"],"acf":[],"_links":{"self":[{"href":"https:\/\/www.kayiprihtim.org\/portal\/wp-json\/wp\/v2\/pages\/13191","targetHints":{"allow":["GET"]}}],"collection":[{"href":"https:\/\/www.kayiprihtim.org\/portal\/wp-json\/wp\/v2\/pages"}],"about":[{"href":"https:\/\/www.kayiprihtim.org\/portal\/wp-json\/wp\/v2\/types\/page"}],"author":[{"embeddable":true,"href":"https:\/\/www.kayiprihtim.org\/portal\/wp-json\/wp\/v2\/users\/1"}],"replies":[{"embeddable":true,"href":"https:\/\/www.kayiprihtim.org\/portal\/wp-json\/wp\/v2\/comments?post=13191"}],"version-history":[{"count":0,"href":"https:\/\/www.kayiprihtim.org\/portal\/wp-json\/wp\/v2\/pages\/13191\/revisions"}],"wp:attachment":[{"href":"https:\/\/www.kayiprihtim.org\/portal\/wp-json\/wp\/v2\/media?parent=13191"}],"curies":[{"name":"wp","href":"https:\/\/api.w.org\/{rel}","templated":true}]}}