{"id":13196,"date":"2011-10-31T16:14:22","date_gmt":"2011-10-31T14:14:22","guid":{"rendered":"http:\/\/www.kayiprihtim.org\/portal\/?page_id=13196"},"modified":"2011-10-31T16:54:41","modified_gmt":"2011-10-31T14:54:41","slug":"nwod-mirrors-inceleme","status":"publish","type":"page","link":"https:\/\/www.kayiprihtim.org\/portal\/nwod-mirrors-inceleme\/","title":{"rendered":"nWoD &#8211; Mirrors | \u0130nceleme"},"content":{"rendered":"<p style=\"text-indent: 0.4cm; text-align: justify;\"><a href=\"http:\/\/i.imgur.com\/HoV03.jpg\" rel=\"nofollow noopener\" target=\"_blank\"><img fetchpriority=\"high\" decoding=\"async\" class=\"alignright\" src=\"http:\/\/i.imgur.com\/HoV03.jpg\" alt=\"\" width=\"230\" height=\"304\"><\/a>Mirrors, \u015fu ana kadar g\u00f6rd\u00fc\u011f\u00fcm en g\u00fczel 3 nWoD kitab\u0131ndan biri.<\/p>\n<p style=\"text-indent: 0.4cm; text-align: justify;\">Mirrors, ad\u0131n\u0131n hakk\u0131n\u0131 vererek, aynan\u0131n di\u011fer taraflar\u0131n\u0131 anlatmaya odaklanm\u0131\u015f bir kitap. nWoD sisteminin (a\u00e7\u0131k b\u00fcfe sisteminin) en g\u00fczel \u00f6rneklerinden biridir bu sistem; \u00e7\u00fcnk\u00fc kitap tamamen Storyteller&#8217;\u0131n neler <em>yapabilece\u011fi<\/em> \u00fczerine kurulu! Sistemsel de\u011fi\u015fikliklerden tutun da, &#8216;Shard&#8217; denilen ve bir nevi <em>X olsayd\u0131 n&#8217;olurdu?<\/em> gibi alternatif evrenlere kadar \u00e7ok \u00e7e\u015fitli \u015feyler mevcut. En y\u0131pratt\u0131\u011f\u0131m kitaplar\u0131mdan biridir bu nedenle. (:<\/p>\n<p style=\"text-indent: 0.4cm; text-align: justify;\">Kitap, her nWoD kitab\u0131n\u0131n yapt\u0131\u011f\u0131 gibi uzun bir hikayeyle ba\u015fl\u0131yor. \u015eimdi fark ettim de, her b\u00f6l\u00fcm aras\u0131na yaz\u0131lan 1-2 sayfal\u0131k ve her kitab\u0131n ba\u015f\u0131ndaki bu 5-6 sayfal\u0131k hikayeler bir araya gelse kal\u0131n bir hikaye kitab\u0131n\u0131 dolduracak kadar materyal \u00e7\u0131kacakt\u0131r.<\/p>\n<p style=\"text-indent: 0.4cm; text-align: justify;\">Giri\u015f b\u00f6l\u00fcm\u00fc, <strong>Welcome to the Toolbox<\/strong>, ad\u0131n\u0131n hakk\u0131n\u0131 verecek bir kitap oldu\u011funu anlat\u0131yor okuyucuya. Klasik &#8216;Bu kitab\u0131 nas\u0131l kullanacaks\u0131n\u0131z?&#8217; b\u00f6l\u00fcm\u00fcyle noktaland\u0131ktan ve akl\u0131ma Constantine&#8217;i getiren artwork&#8217;\u00fc ge\u00e7tikten sonra ilk b\u00f6l\u00fcme ge\u00e7iyor.<\/p>\n<p style=\"text-indent: 0.4cm; text-align: justify;\">\u0130lk b\u00f6l\u00fcm, <strong>Breaking the Mirror<\/strong>, WoD&#8217;u sistem olarak <em>nas\u0131l k\u0131raca\u011f\u0131n\u0131z\u0131<\/em> anlat\u0131yor. \u0130lk alt ba\u015fl\u0131k olan &#8216;Creation Revised&#8217; k\u0131sm\u0131nda, karakter yaratman\u0131n en temel \u00f6\u011felerini \u00e7eki\u015ftiriyorsunuz. Attribute da\u011f\u0131l\u0131m\u0131ndan Skillleri de\u011fi\u015ftirmeye hatta ya\u015f ve g\u00f6r\u00fcnt\u00fc gibi \u015feylerin zarlar\u0131 nas\u0131l etkileyebilece\u011fine dair onlarca detay\u0131 veriyor.<\/p>\n<p style=\"text-indent: 0.4cm; text-align: justify;\">Ard\u0131ndan ikinci alt ba\u015fl\u0131k &#8216;The Virtue\/Vice Element&#8217; ile, Virtue ve Vice \u00f6\u011felerini ne \u015fekilde de\u011fi\u015ftirebilece\u011finizi anlat\u0131yor. Birini \u00e7\u0131kar\u0131p Motivation koymaya ne dersiniz? Yada ikisini \u00e7\u0131kar\u0131p oWoD&#8217;daki Nature\/Demeanor koysak? Bunun gibi \u00e7ok ince detaylar\u0131 ayarlay\u0131p oyundan al\u0131nan zevki azaltmayacak ancak farkl\u0131 bir \u015fekle b\u00fcr\u00fcnd\u00fcrebilecek k\u00fc\u00e7\u00fck detaylar\u0131 ta\u015f\u0131yor.<\/p>\n<p style=\"text-indent: 0.4cm; text-align: justify;\">Benim favori b\u00f6l\u00fcmlerimden biri olan &#8216;Mind Over Matter&#8217; ba\u015fl\u0131\u011f\u0131nda normal insanlar\u0131n hayat\u0131na nas\u0131l delilik ve b\u00fcy\u00fc gibi kavramlar\u0131 sokabilece\u011finizi anlatan k\u0131sa kurallar mevcut. Zorla\u015ft\u0131r\u0131c\u0131 bir \u00f6\u011fe olmak d\u0131\u015f\u0131nda, olduk\u00e7a ilgin\u00e7 k\u00fc\u00e7\u00fck detaylara sahip bunlar.<\/p>\n<p style=\"text-indent: 0.4cm; text-align: justify;\"><em>Bu b\u00f6l\u00fcm\u00fcn devam\u0131nda oyuncular\u0131n yaratt\u0131\u011f\u0131 Meritler, Morality \u00fczerine felsefik denilebilecek bir yaz\u0131 ve pek \u00e7ok kural d\u00f6n\u00fc\u015f\u00fcm\u00fc fikirleri mevcut.<\/em><\/p>\n<p style=\"text-indent: 0.4cm; text-align: justify;\">\u0130kinci b\u00f6l\u00fcm olan <strong>Picking up the Pieces<\/strong>, Combat sistemini de\u011fi\u015ftirmek \u00fczere kurulmu\u015f bir b\u00f6l\u00fcm. Zars\u0131z d\u00f6v\u00fc\u015f, Storyteller&#8217;lara tavsiyeler, D&amp;D tarz\u0131nda minyat\u00fcrl\u00fc oyunlar ve, benim favori k\u0131sm\u0131m olan, Sosyal\/Mental sava\u015flar \u00fczerine yaz\u0131lar mevcut. Sosyal\/mental sava\u015flar dedi\u011fime bakmay\u0131n, b\u00fcy\u00fcsel de\u011fil bunlar. Konu, kar\u015f\u0131dakini ikna ederken neler olabilece\u011fi, yap\u0131labilece\u011fi ve bunun gibi \u015feyler.<\/p>\n<p style=\"text-indent: 0.4cm; text-align: justify;\">\u00dc\u00e7\u00fcnc\u00fc b\u00f6l\u00fcm, <strong>Shards<\/strong>, oyunun senaryosunu de\u011fi\u015ftirebilecek senaryo \u00f6nerilerinde bulunuyor. \u0130lki, &#8216;A World of Darkness Revealed&#8217;, True Blood adl\u0131 dizi gibi, vampirlerin ve di\u011fer do\u011fa\u00fcst\u00fc varl\u0131klar\u0131n (ya da bir k\u0131sm\u0131n\u0131n) ortaya \u00e7\u0131kmas\u0131yla ili\u015fkili bir senaryo \u00f6nerisi veriyor. \u0130kincisi, &#8216;World of Darkness Destroyed&#8217;, \u00e7ok daha klasik senaryolar durumunda neler olabilece\u011fine dair fikirlere sahip: D\u00fcnyan\u0131n sonu? N\u00fckleer k\u0131\u015f? K\u00fcresel Is\u0131nma? Bunlar ger\u00e7ekle\u015fir de felaketler sonucunda nas\u0131l hayatta kal\u0131n\u0131r? Buna dair pek \u00e7ok detay i\u00e7eriyor o k\u0131s\u0131m. Son olarak da &#8216;World of Dark Fantasy&#8217; shard&#8217;\u0131 geliyor. Bu k\u0131s\u0131mda, D&amp;D tarz\u0131nda fantastik-kurgu evreninin (tabii biraz daha karanl\u0131k) nas\u0131l olaca\u011f\u0131na dair fikirler var. Benim pek ho\u015fuma gitmeyen bir b\u00f6l\u00fcmd\u00fc, ancak olduk\u00e7a be\u011fenildi\u011fini de s\u00f6ylemezsem ay\u0131p olur.<\/p>\n<p style=\"text-indent: 0.4cm; text-align: justify;\">Ek k\u0131sm\u0131, <strong>House Rules<\/strong>, size \u00e7e\u015fitli makalemsi yaz\u0131lar ve bir ka\u00e7 tane daha se\u00e7meli kurallar veriyor.<\/p>\n<p style=\"text-indent: 0.4cm; text-align: justify;\">Mirrors kitab\u0131n\u0131n nWoD serisini en g\u00fczel anlatabilecek kitap oldu\u011funa inan\u0131yorum.&#8221; nWoD edit\u00f6r\u00fc elinizde, kendi modlar\u0131n\u0131z\u0131 yap\u0131n \u015ferefsizler&#8221;, diyor adamlar. \u00c7\u00fcnk\u00fc bir sistem ne kadar m\u00fckemmel olursa olsun, oyun y\u00f6neticisinin eklemek veya \u00e7\u0131karmak isteyece\u011fi bir \u015feyler olacakt\u0131r ve Mirrors kitab\u0131 da bu zay\u0131f noktaya \u00e7al\u0131\u015f\u0131yor.<\/p>\n<p style=\"text-indent: 0.4cm; text-align: justify;\"><strong>Not:<\/strong> Bu kitaptan sonra \u00e7\u0131kan 23&#8217;er sayfal\u0131k iki adet daha kitap\u00e7\u0131k var. Infinite Macabre adl\u0131 Space Opera tarz\u0131 bir Shard ve Bleeding Edge adl\u0131 bir Cyberpunk shard&#8217;\u0131. \u0130kisi de &#8216;kendi detaylar\u0131n\u0131z\u0131 yarat\u0131n Allahs\u0131zlar&#8217; diyip size sadece kalemi veren kitaplar. Mirrors&#8217;un yan\u0131nda \u00f6nerilir elbette.<\/p>\n<p style=\"text-indent: 0.4cm; text-align: justify;\"><a href=\"http:\/\/white-wolf.com\/\" target=\"_blank\" rel=\"nofollow noopener\">White Wolf Resmi Sitesi<\/a><\/p>\n<div class=\"seperator\">#<\/div>\n<table id=\"table20\" style=\"border-collapse: collapse; width: 450px; height: 21px;\" border=\"0\" cellspacing=\"0\" cellpadding=\"2\" align=\"center\">\n<tbody>\n<tr>\n<td style=\"border-style: solid ridge ridge; border-width: 1px; padding-left: 4px; padding-right: 4px;\" bgcolor=\"#5d372a\" width=\"98%\"><span style=\"color: #ffffff;\"><strong><span style=\"font-family: Tahoma;\">Yi\u011fit Levent | <span style=\"color: #ffff99;\">Baal Adramelech<\/span><\/span><\/strong><\/span><strong><br \/>\n<\/strong><strong> <\/strong><\/td>\n<\/tr>\n<\/tbody>\n<\/table>\n","protected":false},"excerpt":{"rendered":"<p>Mirrors, \u015fu ana kadar g\u00f6rd\u00fc\u011f\u00fcm en g\u00fczel 3 nWoD kitab\u0131ndan biri. Mirrors, ad\u0131n\u0131n hakk\u0131n\u0131 vererek, aynan\u0131n di\u011fer taraflar\u0131n\u0131 anlatmaya odaklanm\u0131\u015f bir kitap. nWoD sisteminin (a\u00e7\u0131k b\u00fcfe sisteminin) en g\u00fczel \u00f6rneklerinden biridir bu sistem; \u00e7\u00fcnk\u00fc kitap tamamen Storyteller&#8217;\u0131n neler yapabilece\u011fi \u00fczerine kurulu! Sistemsel de\u011fi\u015fikliklerden tutun da, &#8216;Shard&#8217; denilen ve bir nevi X olsayd\u0131 n&#8217;olurdu? gibi alternatif [&hellip;]<\/p>\n","protected":false},"author":1,"featured_media":0,"parent":0,"menu_order":0,"comment_status":"open","ping_status":"closed","template":"","meta":{"_acf_changed":false,"footnotes":""},"class_list":["post-13196","page","type-page","status-publish"],"acf":[],"_links":{"self":[{"href":"https:\/\/www.kayiprihtim.org\/portal\/wp-json\/wp\/v2\/pages\/13196","targetHints":{"allow":["GET"]}}],"collection":[{"href":"https:\/\/www.kayiprihtim.org\/portal\/wp-json\/wp\/v2\/pages"}],"about":[{"href":"https:\/\/www.kayiprihtim.org\/portal\/wp-json\/wp\/v2\/types\/page"}],"author":[{"embeddable":true,"href":"https:\/\/www.kayiprihtim.org\/portal\/wp-json\/wp\/v2\/users\/1"}],"replies":[{"embeddable":true,"href":"https:\/\/www.kayiprihtim.org\/portal\/wp-json\/wp\/v2\/comments?post=13196"}],"version-history":[{"count":0,"href":"https:\/\/www.kayiprihtim.org\/portal\/wp-json\/wp\/v2\/pages\/13196\/revisions"}],"wp:attachment":[{"href":"https:\/\/www.kayiprihtim.org\/portal\/wp-json\/wp\/v2\/media?parent=13196"}],"curies":[{"name":"wp","href":"https:\/\/api.w.org\/{rel}","templated":true}]}}