{"id":13202,"date":"2011-10-31T16:27:39","date_gmt":"2011-10-31T14:27:39","guid":{"rendered":"http:\/\/www.kayiprihtim.org\/portal\/?page_id=13202"},"modified":"2011-10-31T16:54:33","modified_gmt":"2011-10-31T14:54:33","slug":"nwod-book-of-dead-inceleme","status":"publish","type":"page","link":"https:\/\/www.kayiprihtim.org\/portal\/nwod-book-of-dead-inceleme\/","title":{"rendered":"nWoD &#8211; Book of Dead | \u0130nceleme"},"content":{"rendered":"<p style=\"text-indent: 0.4cm; text-align: justify;\"><a href=\"http:\/\/i.imgur.com\/Y63Fq.jpg\" rel=\"nofollow noopener\" target=\"_blank\"><img fetchpriority=\"high\" decoding=\"async\" class=\"alignright\" src=\"http:\/\/i.imgur.com\/Y63Fq.jpg\" alt=\"\" width=\"228\" height=\"302\"><\/a>Bu adamlar sap\u0131k beyler bayanlar, normal normal i\u015fine gidip hikaye yaz\u0131p geri d\u00f6nen, kulaktan dolma bilgilerle evren yaratan tipler de\u011filler. Veya Wikipedia&#8217;dan okuduklar\u0131yla yetinmiyorlar. nWoD kitaplar\u0131 aras\u0131ndan en sevdi\u011fim, favorim olan kitab\u0131 tan\u0131tmaktan ciddi ciddi gurur duyuyorum.<\/p>\n<p style=\"text-indent: 0.4cm; text-align: justify;\">Kar\u015f\u0131n\u0131zda, Book of Dead.<\/p>\n<p style=\"text-indent: 0.4cm; text-align: justify;\">nWoD kitaplar\u0131 aras\u0131nda ilk okudu\u011fum kitap bu oldu, Mirrors ve Core Rulebook&#8217;dan sonra. \u0130yiki de bunu okumu\u015fum, \u00e7\u00fcnk\u00fc bu kitaptan ald\u0131\u011f\u0131m gaz, s\u0131k\u0131c\u0131 olarak tabir edilebilecek bir iki kitab\u0131 rahat\u00e7a okumama sebep oldu. Book of Dead, bir kitap olmaktan \u00f6te &#8220;mitolojik deliliktir&#8221;. Ger\u00e7ek mitolojik bilgiye sahip olunmadan b\u00f6yle bir kitap yaz\u0131lamaz.<\/p>\n<p style=\"text-indent: 0.4cm; text-align: justify;\">Kitap asl\u0131nda <em>Geist: Sin-Eaters<\/em> adl\u0131 alt sistemin \u00f6zellikle i\u015fine yarayacak olsa da, her t\u00fcrl\u00fc di\u011fer sistemde de kullan\u0131labilecek bilgiler vermektedir. E\u011fer \u00f6l\u00fcler d\u00fcnyas\u0131 ile alakal\u0131 \u00e7e\u015fitli mitolojilerden bilginiz az ya da \u00e7ok varsa e\u011flenece\u011finizi garanti edebilirim.<\/p>\n<p style=\"text-indent: 0.4cm; text-align: justify;\">Giri\u015f b\u00f6l\u00fcm\u00fc, <strong>Descent<\/strong>, kitab\u0131n anlatt\u0131\u011f\u0131 Underworld&#8217;\u00fc, yani bi \u00e7e\u015fit \u00f6l\u00fcler diyar\u0131n\u0131 \u00f6zetleyen bir tak\u0131m yaz\u0131lara sahip. Underworld&#8217;de Ruhlar (Ghost olanlar, Spiritler tamamen farkl\u0131) ve Geistler ya\u015f\u0131yor. Ee&#8230; Tabii her varl\u0131\u011f\u0131n cinsini belirlemek bu kadar kolay olamayabiliyor.<\/p>\n<p style=\"text-indent: 0.4cm; text-align: justify;\">\u0130lk b\u00f6l\u00fcm, <strong>Where the Light Still Shines<\/strong>, \u00f6nce d\u00fcnyan\u0131n bak\u0131\u015f a\u00e7\u0131s\u0131n\u0131 ele al\u0131yor. D\u00fcnya \u00fczerindeki \u00e7e\u015fitli mitolojiler, \u00f6l\u00fcler diyar\u0131 hakk\u0131ndaki bilgiler g\u00fczel bir \u015fekilde WoD evrenine uyarlanm\u0131\u015f bir \u015fekilde kar\u015f\u0131m\u0131za burada \u00e7\u0131k\u0131yor ve \u00e7e\u015fitli k\u00fclt\u00fcrlerin \u00e7e\u015fitli inan\u00e7lar\u0131 hakk\u0131nda bilgi veriliyor. Ger\u00e7ekten etkileyici! WoD ile ilginiz olmasa bile, karanl\u0131k atmosferde ve benzer konuda ge\u00e7en bir FRP oynatmadan \u00f6nce okuman\u0131z\u0131 tavsiye edece\u011fim bir yer buras\u0131.<\/p>\n<p style=\"text-indent: 0.4cm; text-align: justify;\">\u0130kinci b\u00f6l\u00fcm, <strong>Chthonic Cultures<\/strong> ile Underworld&#8217;\u00fcn tasvirine ve karanl\u0131\u011f\u0131na dal\u0131yor kitap. \u00d6ncelikle, &#8220;Avernian Kap\u0131s\u0131&#8221; denilen \u015feyleri anlat\u0131yor.<br \/>\nAvernian Kap\u0131lar\u0131, belirli durumlar sonucunda ortaya \u00e7\u0131kan, a\u00e7\u0131lmak i\u00e7in bir &#8216;Anahtar&#8217;a ihtiya\u00e7 duyan g\u00f6r\u00fcnmez kap\u0131lard\u0131r. A\u00e7\u0131k kalma s\u00fcreleri tamamen dengesiz ancak genelde k\u0131sad\u0131r. &#8216;Anahtar&#8217; bir fiziksel madde olabilece\u011fi gibi, bir durum olabilir. Mesela 100 ya\u015f\u0131ndaki bir adam\u0131n kap\u0131n\u0131n oldu\u011fu yerde \u00f6ld\u00fcr\u00fclmesi. Tabii \u00e7ok daha karma\u015f\u0131k \u015feyler de m\u00fcmk\u00fcn. Ayn\u0131 zamanda &#8220;Mezarl\u0131k Kap\u0131lar\u0131&#8221; ve bunlar hakk\u0131nda bilgiler de veriliyor.<\/p>\n<p style=\"text-indent: 0.4cm; text-align: justify;\">\u0130\u015fin g\u00fczel taraf\u0131, kitap \u00f6yle geni\u015f fikirlilikle tasarlanm\u0131\u015f ki, herhangi bir sistemle bunlar\u0131 \u00e7ok rahat kullanabilirsiniz. Elbette, b\u00fcy\u00fck riskler mevcut ancak b\u00fcy\u00fck \u00f6d\u00fcller de -hayatta kalabilene tabii- mevcut.<\/p>\n<p style=\"text-indent: 0.4cm; text-align: justify;\">\u00dc\u00e7\u00fcnc\u00fc b\u00f6l\u00fcm, <strong>Dark Sympathies<\/strong>, genelde <em>Geist<\/em> \u00fczerine odaklanm\u0131\u015f ve \u00f6zellikler ekliyor. Ancak onlar\u0131n d\u0131\u015f\u0131nda kullanabilece\u011fi Meritler ve \u00f6zellikler de veriyor. <em>Geist the Sin-Eaters<\/em> sitemi oynat\u0131yorsan\u0131z olduk\u00e7a i\u015fe yarar bir b\u00f6l\u00fcm.<\/p>\n<p style=\"text-indent: 0.4cm; text-align: justify;\">D\u00f6rd\u00fcnc\u00fc b\u00f6l\u00fcm, <strong>The Autochthonous Depths<\/strong>, Underworld&#8217;\u00fcn derinliklerine inilen k\u0131s\u0131m. Underworld, d\u00fcnyadan tamamen farkl\u0131 bir ortama sahip oldu\u011fu i\u00e7in ve tam b\u00fcy\u00fckl\u00fc\u011f\u00fc bilinmeyip, haritas\u0131 mevcut olmad\u0131\u011f\u0131ndan \u00f6t\u00fcr\u00fc, baz\u0131 \u015feyler olduk\u00e7a farkl\u0131 mekaniklere sahip. Mesela y\u00f6n bulmak, yemek bulmak&#8230; Her \u015feyin \u00f6l\u00fc oldu\u011fu yerde ne yeme\u011fi yahu? Underworld&#8217;\u00fcn Nehirleri ve bunun gibi kar\u015f\u0131la\u015f\u0131labilecek \u015feyler hakk\u0131nda k\u00fc\u00e7\u00fck k\u00fc\u00e7\u00fck bilgiler veriyor ve sizi daha fazlas\u0131n\u0131 \u00fcretmeye heveslendiriyor.<\/p>\n<p style=\"text-indent: 0.4cm; text-align: justify;\">Her b\u00f6l\u00fcm bir \u00f6ncekinden daha g\u00fczel. Ancak yine de son b\u00f6l\u00fcm, hi\u00e7bir \u00f6nceki b\u00f6l\u00fcmlerde anlat\u0131lan yerler kadar g\u00fczel de\u011fil .<\/p>\n<p style=\"text-indent: 0.4cm; text-align: justify;\">Be\u015finci ve son b\u00f6l\u00fcm, <strong>The Dead Dominions<\/strong>, olay\u0131n b.ka sard\u0131\u011f\u0131 nokta.<br \/>\nDead Dominions ismi, Underworld&#8217;de bulunan baz\u0131 krall\u0131klardan gelmektedir. Bu krall\u0131klar\u0131n baz\u0131lar\u0131 belirli yerlerde, baz\u0131lar\u0131 birisi kayboldu\u011funda, baz\u0131lar\u0131ysa spesifik bulunma durumlar\u0131na sahiptir. Bu b\u00f6l\u00fcmde ona yak\u0131n olan Dead Dominion tan\u0131t\u0131l\u0131yor ve daha fazlas\u0131 nas\u0131l yarat\u0131l\u0131r diye bilgiler veriliyor.<\/p>\n<p style=\"text-indent: 0.4cm; text-align: justify;\">Bir sonuca ba\u011flamak gerekirse, e\u011fer hikayede ilgin\u00e7, abs\u00fcrt ve daima karanl\u0131k bir \u00f6\u011fe kullanacaksan\u0131z ve ne olaca\u011f\u0131na karar veremediyseniz, Underworld&#8217;\u00fcn kollar\u0131 sonuna kadar a\u00e7\u0131k. <em>Geist<\/em> oynat\u0131yorsan\u0131z zaten \u00e7oktan okumu\u015f olman\u0131z gerekiyor!<\/p>\n<p style=\"text-indent: 0.4cm; text-align: justify;\"><a href=\"http:\/\/white-wolf.com\/\" target=\"_blank\" rel=\"nofollow noopener\">White Wolf Resmi Sitesi<\/a><\/p>\n<div class=\"seperator\">#<\/div>\n<table id=\"table20\" style=\"border-collapse: collapse; width: 450px; height: 21px;\" border=\"0\" cellspacing=\"0\" cellpadding=\"2\" align=\"center\">\n<tbody>\n<tr>\n<td style=\"border-style: solid ridge ridge; border-width: 1px; padding-left: 4px; padding-right: 4px;\" bgcolor=\"#5d372a\" width=\"98%\"><span style=\"color: #ffffff;\"><strong><span style=\"font-family: Tahoma;\">Yi\u011fit Levent | <span style=\"color: #ffff99;\">Baal Adramelech<\/span><\/span><\/strong><\/span><strong><br \/>\n<\/strong><strong> <\/strong><\/td>\n<\/tr>\n<\/tbody>\n<\/table>\n","protected":false},"excerpt":{"rendered":"<p>Bu adamlar sap\u0131k beyler bayanlar, normal normal i\u015fine gidip hikaye yaz\u0131p geri d\u00f6nen, kulaktan dolma bilgilerle evren yaratan tipler de\u011filler. Veya Wikipedia&#8217;dan okuduklar\u0131yla yetinmiyorlar. nWoD kitaplar\u0131 aras\u0131ndan en sevdi\u011fim, favorim olan kitab\u0131 tan\u0131tmaktan ciddi ciddi gurur duyuyorum. Kar\u015f\u0131n\u0131zda, Book of Dead. nWoD kitaplar\u0131 aras\u0131nda ilk okudu\u011fum kitap bu oldu, Mirrors ve Core Rulebook&#8217;dan sonra. \u0130yiki [&hellip;]<\/p>\n","protected":false},"author":1,"featured_media":0,"parent":0,"menu_order":0,"comment_status":"open","ping_status":"closed","template":"","meta":{"_acf_changed":false,"footnotes":""},"class_list":["post-13202","page","type-page","status-publish"],"acf":[],"_links":{"self":[{"href":"https:\/\/www.kayiprihtim.org\/portal\/wp-json\/wp\/v2\/pages\/13202","targetHints":{"allow":["GET"]}}],"collection":[{"href":"https:\/\/www.kayiprihtim.org\/portal\/wp-json\/wp\/v2\/pages"}],"about":[{"href":"https:\/\/www.kayiprihtim.org\/portal\/wp-json\/wp\/v2\/types\/page"}],"author":[{"embeddable":true,"href":"https:\/\/www.kayiprihtim.org\/portal\/wp-json\/wp\/v2\/users\/1"}],"replies":[{"embeddable":true,"href":"https:\/\/www.kayiprihtim.org\/portal\/wp-json\/wp\/v2\/comments?post=13202"}],"version-history":[{"count":0,"href":"https:\/\/www.kayiprihtim.org\/portal\/wp-json\/wp\/v2\/pages\/13202\/revisions"}],"wp:attachment":[{"href":"https:\/\/www.kayiprihtim.org\/portal\/wp-json\/wp\/v2\/media?parent=13202"}],"curies":[{"name":"wp","href":"https:\/\/api.w.org\/{rel}","templated":true}]}}