{"id":13205,"date":"2011-10-31T16:30:04","date_gmt":"2011-10-31T14:30:04","guid":{"rendered":"http:\/\/www.kayiprihtim.org\/portal\/?page_id=13205"},"modified":"2011-10-31T16:55:03","modified_gmt":"2011-10-31T14:55:03","slug":"nwod-second-sight-inceleme","status":"publish","type":"page","link":"https:\/\/www.kayiprihtim.org\/portal\/nwod-second-sight-inceleme\/","title":{"rendered":"nWoD &#8211; Second Sight | \u0130nceleme"},"content":{"rendered":"<p style=\"text-indent: 0.4cm; text-align: justify;\"><a href=\"http:\/\/i.imgur.com\/w85FF.jpg\" rel=\"nofollow noopener\" target=\"_blank\"><img fetchpriority=\"high\" decoding=\"async\" class=\"alignright\" src=\"http:\/\/i.imgur.com\/w85FF.jpg\" alt=\"\" width=\"230\" height=\"303\"><\/a>World of Darkness&#8217;\u0131n karanl\u0131\u011f\u0131n\u0131, i\u00e7indeki inanlar\u0131n hepsi ya\u015fam\u0131\u015ft\u0131r. Belki \u00fcniversiteye giderken g\u00f6r\u00fclm\u00fc\u015f garip bir kitap, belki ara sokakta bir ba\u015fkas\u0131n\u0131n etini \u0131s\u0131ran bir serseri&#8230; Bunlar gibi bir \u015feyler g\u00f6rm\u00fc\u015ft\u00fcr herkes. Ancak \u00e7o\u011fu ki\u015fi g\u00f6z\u00fcn\u00fc a\u00e7\u0131p bakmaya ve ne oldu\u011funu anlamaya korkmu\u015ftur.<\/p>\n<p style=\"text-indent: 0.4cm; text-align: justify;\">Bu kitap, WoD evreninin i\u00e7inde g\u00f6zlerini a\u00e7\u0131p ilgin\u00e7 g\u00fc\u00e7lere sahip olmu\u015f veya istemeden sahip olan normal insanlar\u0131 anlat\u0131yor. \u00dc\u00e7 farkl\u0131 b\u00f6l\u00fcm\u00fcn, \u00fc\u00e7 farkl\u0131 temel tipi var.<\/p>\n<p style=\"text-indent: 0.4cm; text-align: justify;\">Kitab\u0131n ilgin\u00e7 taraf\u0131, asl\u0131nda her b\u00f6l\u00fcm\u00fcn anlatt\u0131\u011f\u0131 \u015feyler \u00e7ok temel \u00f6\u011feler olsa da, bunlar\u0131 evrene yediri\u015f \u015fekli ve her bir b\u00f6l\u00fcmde hi\u00e7 bir \u015fey atlamadan gayet g\u00fczel bir \u015fekilde i\u015flenmi\u015f olmas\u0131d\u0131r ve bu onu \u00f6zel k\u0131l\u0131yor. Zaten kitap g\u00fc\u00e7leri vermek i\u00e7in de\u011fil, o g\u00fc\u00e7lerin nereden geldi\u011fi, insanlar \u00fczerindeki etkileri gibi tarihi ve psikolojik bilgiler\/\u00f6neriler de veriyor.<\/p>\n<p style=\"text-indent: 0.4cm; text-align: justify;\">\u0130lk b\u00f6l\u00fcm, <strong>Not Normal<\/strong>, genel olarak Storyteller&#8217;a ve Oyunculara tavsiyelerde bulunuyor. \u00c7\u00fcnk\u00fc bu g\u00fc\u00e7lerin kullan\u0131m\u0131 oyunda b\u00fcy\u00fck farkl\u0131l\u0131klar yaratabilir, dikkatli kullan\u0131lmas\u0131 \u00f6nemli.<\/p>\n<p style=\"text-indent: 0.4cm; text-align: justify;\">\u0130kinci b\u00f6l\u00fcm, <strong>Psychic Phenomena<\/strong>, ilk ve WoD evrenine en iyi yedirilmi\u015f g\u00fc\u00e7lerden biri olarak ba\u015fl\u0131yor. Bu g\u00fc\u00e7leri Psi\u015fik g\u00fc\u00e7ler olarak tan\u0131mlayabiliriz. Bu psi\u015fik g\u00fc\u00e7lerin geni\u015fli\u011fi elbette olduk\u00e7a b\u00fcy\u00fck. Meydumvari g\u00fc\u00e7lerden telekinesise kadar \u00e7e\u015fitli \u00f6zelliklere sahip olabiliyor karakterler.<\/p>\n<p style=\"text-indent: 0.4cm; text-align: justify;\">\u00dc\u00e7\u00fcnc\u00fc b\u00f6l\u00fcm, <strong>Low Magic<\/strong>, d\u00fcnyadaki, bilinen anlamdaki b\u00fcy\u00fcy\u00fc ve tarzlar\u0131n\u0131 tan\u0131t\u0131yor. Aleister Crowley&#8217;den al\u0131nt\u0131lar yapmaktan \u00e7ekinmiyor tabii ki! Bu b\u00f6l\u00fcmde, Mage the Awakening&#8217;deki High Magic&#8217;in tam tersi olan Low Magic&#8217;i, yani k\u0131sa s\u00fcreli etkilere sahip ve uzun rit\u00fcel s\u00fcreli, b\u00fcy\u00fcleri anlat\u0131yor.<\/p>\n<p style=\"text-indent: 0.4cm; text-align: justify;\">D\u00f6rd\u00fcnc\u00fc b\u00f6l\u00fcm, <strong>Reality-Bending Horrors<\/strong> ise benim en ilgimi \u00e7eken b\u00f6l\u00fcm oldu! Cthulhu K\u00fclt\u00fc tarz\u0131 anlat\u0131lamaz korkular\u0131n kol gezdi\u011fi tarikatlar\u0131n tarikat \u00fcyelerini anlat\u0131yor bu b\u00f6l\u00fcm. Cthulhu&#8217;yu dedektif de\u011fil de K\u00fcltist g\u00f6z\u00fcnden oynamak olduk\u00e7a ilgin\u00e7 olur!<\/p>\n<p style=\"text-indent: 0.4cm; text-align: justify;\">Son ve ek b\u00f6l\u00fcm olan <strong>What You Wilt<\/strong>&#8216;de ise, k\u0131sa bir oyun senaryosu veriliyor.<\/p>\n<p style=\"text-indent: 0.4cm; text-align: justify;\">Normal insanlar\u0131n ellerine ge\u00e7en bu tip g\u00fc\u00e7lerin yarataca\u011f\u0131 farkl\u0131l\u0131klar, genelde hem oyuncuyu hem y\u00f6neticiyi \u015fa\u015f\u0131rt\u0131r. Oyunlarda yerinde kullan\u0131ld\u0131\u011f\u0131nda harikalar yaratabilecek ek \u00f6zellikler mevcut kitapta. Ancak tabii ki, kesinlikle okunmal\u0131 denilebilecek bir kitap de\u011fil. E\u011fer normal insanlar\u0131n hayatlar\u0131na giren bu tip k\u00fc\u00e7\u00fck g\u00fc\u00e7lerle alakan\u0131z veya ilginiz varsa, kesinlikle tavsiye edilir.<\/p>\n<p style=\"text-indent: 0.4cm; text-align: justify;\"><a href=\"http:\/\/white-wolf.com\/\" target=\"_blank\" rel=\"nofollow noopener\">White Wolf Resmi Sitesi<\/a><\/p>\n<div class=\"seperator\">#<\/div>\n<table id=\"table20\" style=\"border-collapse: collapse; width: 450px; height: 21px;\" border=\"0\" cellspacing=\"0\" cellpadding=\"2\" align=\"center\">\n<tbody>\n<tr>\n<td style=\"border-style: solid ridge ridge; border-width: 1px; padding-left: 4px; padding-right: 4px;\" bgcolor=\"#5d372a\" width=\"98%\"><span style=\"color: #ffffff;\"><strong><span style=\"font-family: Tahoma;\">Yi\u011fit Levent | <span style=\"color: #ffff99;\">Baal Adramelech<\/span><\/span><\/strong><\/span><strong><br \/>\n<\/strong><strong> <\/strong><\/td>\n<\/tr>\n<\/tbody>\n<\/table>\n","protected":false},"excerpt":{"rendered":"<p>World of Darkness&#8217;\u0131n karanl\u0131\u011f\u0131n\u0131, i\u00e7indeki inanlar\u0131n hepsi ya\u015fam\u0131\u015ft\u0131r. Belki \u00fcniversiteye giderken g\u00f6r\u00fclm\u00fc\u015f garip bir kitap, belki ara sokakta bir ba\u015fkas\u0131n\u0131n etini \u0131s\u0131ran bir serseri&#8230; Bunlar gibi bir \u015feyler g\u00f6rm\u00fc\u015ft\u00fcr herkes. Ancak \u00e7o\u011fu ki\u015fi g\u00f6z\u00fcn\u00fc a\u00e7\u0131p bakmaya ve ne oldu\u011funu anlamaya korkmu\u015ftur. Bu kitap, WoD evreninin i\u00e7inde g\u00f6zlerini a\u00e7\u0131p ilgin\u00e7 g\u00fc\u00e7lere sahip olmu\u015f veya istemeden sahip [&hellip;]<\/p>\n","protected":false},"author":1,"featured_media":0,"parent":0,"menu_order":0,"comment_status":"open","ping_status":"closed","template":"","meta":{"_acf_changed":false,"footnotes":""},"class_list":["post-13205","page","type-page","status-publish"],"acf":[],"_links":{"self":[{"href":"https:\/\/www.kayiprihtim.org\/portal\/wp-json\/wp\/v2\/pages\/13205","targetHints":{"allow":["GET"]}}],"collection":[{"href":"https:\/\/www.kayiprihtim.org\/portal\/wp-json\/wp\/v2\/pages"}],"about":[{"href":"https:\/\/www.kayiprihtim.org\/portal\/wp-json\/wp\/v2\/types\/page"}],"author":[{"embeddable":true,"href":"https:\/\/www.kayiprihtim.org\/portal\/wp-json\/wp\/v2\/users\/1"}],"replies":[{"embeddable":true,"href":"https:\/\/www.kayiprihtim.org\/portal\/wp-json\/wp\/v2\/comments?post=13205"}],"version-history":[{"count":0,"href":"https:\/\/www.kayiprihtim.org\/portal\/wp-json\/wp\/v2\/pages\/13205\/revisions"}],"wp:attachment":[{"href":"https:\/\/www.kayiprihtim.org\/portal\/wp-json\/wp\/v2\/media?parent=13205"}],"curies":[{"name":"wp","href":"https:\/\/api.w.org\/{rel}","templated":true}]}}