{"id":13207,"date":"2011-10-31T16:34:53","date_gmt":"2011-10-31T14:34:53","guid":{"rendered":"http:\/\/www.kayiprihtim.org\/portal\/?page_id=13207"},"modified":"2011-10-31T16:53:54","modified_gmt":"2011-10-31T14:53:54","slug":"nwod-book-of-spirits-inceleme","status":"publish","type":"page","link":"https:\/\/www.kayiprihtim.org\/portal\/nwod-book-of-spirits-inceleme\/","title":{"rendered":"nWoD &#8211; Book of Spirits | \u0130nceleme"},"content":{"rendered":"<p style=\"text-indent: 0.4cm; text-align: justify;\"><a href=\"http:\/\/i.imgur.com\/UduUL.jpg\" rel=\"nofollow noopener\" target=\"_blank\"><img fetchpriority=\"high\" decoding=\"async\" class=\"alignright\" src=\"http:\/\/i.imgur.com\/UduUL.jpg\" alt=\"\" width=\"230\" height=\"303\"><\/a>Book of Spirits, Book of Dead&#8217;i okuduktan sonra ilk sar\u0131ld\u0131\u011f\u0131m kitapt\u0131. \u00c7\u00fcnk\u00fc Book of&#8230; diye ba\u015flayan kitaplar\u0131n, WoD evrenindeki d\u00fcnyadan farkl\u0131 yerleri anlatt\u0131\u011f\u0131n\u0131 \u00f6\u011frenmi\u015ftim. <em>Book of Dead<\/em>, \u00f6l\u00fcler alemine, Underworld&#8217;e g\u00f6nderiyordu bizi. <em>Book of Spirits<\/em> ise \u00e7ok daha de\u011fi\u015fken ve ilgin\u00e7 bir boyutu anlat\u0131yor; <em>Shadow<\/em>.<\/p>\n<p style=\"text-indent: 0.4cm; text-align: justify;\">Kitap, <strong>Invisible Lore<\/strong> adl\u0131 b\u00f6l\u00fcmle, Shadow&#8217;a dair hikayeler, oran\u0131n ne oldu\u011fu ve nas\u0131l oldu\u011funa dair teorilerle ba\u015fl\u0131yor. Book of Dead&#8217;deki mitolojik yo\u011funluktan sonra biraz hafif gelse de, olduk\u00e7a tatmin edici.<\/p>\n<p style=\"text-indent: 0.4cm; text-align: justify;\">\u0130kinci b\u00f6l\u00fcm, <strong>The Shadow Realm<\/strong>, Shadow&#8217;un mant\u0131\u011f\u0131n\u0131n kavrat\u0131l\u0131d\u0131\u011f\u0131 b\u00f6l\u00fcm olarak olduk\u00e7a ho\u015fuma gitti. Shadow, &#8216;Spirit&#8217; denilen varl\u0131klar\u0131n mevcut oldu\u011fu, d\u00fcnyan\u0131n neredeyse ayn\u0131s\u0131 denilebilecek bir diyar. Spiritlerin \u00f6zelli\u011fi ise \u015fu, genellikle duygulardan ortaya \u00e7\u0131k\u0131yorlar.<\/p>\n<p style=\"text-indent: 0.4cm; text-align: justify;\">Shadow diyar\u0131na ge\u00e7ti\u011finizde evinize gitmeden \u00f6nce iki kez d\u00fc\u015f\u00fcn\u00fcn. D\u00fcn orada bir kavga ya\u015fam\u0131\u015ft\u0131n\u0131z. Bu sizi \u00e7ok yaralam\u0131\u015ft\u0131 de\u011fil mi? Orada bir \u00f6fke veya mutsuzluk ruhu olu\u015fmu\u015f olabilir. Veya seri katilin kulland\u0131\u011f\u0131 bir silah, \u00f6ld\u00fcrd\u00fc\u011f\u00fc insanlar\u0131n kanlar\u0131na bulanm\u0131\u015f bir ruh olabilir. Ruhlar, genelde farkl\u0131 bi\u00e7imlerde g\u00f6steriyorlar kendilerini elbette. Yani o silah\u0131 g\u00f6ren ki\u015fi, ucundan kan akt\u0131\u011f\u0131n\u0131 fark eder belki de.<\/p>\n<p style=\"text-indent: 0.4cm; text-align: justify;\">\u00dc\u00e7\u00fcnc\u00fc b\u00f6l\u00fcm, <strong>Keys to the Kingdom<\/strong>, olay\u0131n hikaye ve kural k\u0131sm\u0131ndan \u00e7\u0131k\u0131p oyunculara \u00e7ok say\u0131da Merit, bir miktar E\u015fya ve Vampire ile Werewolf oyunlar\u0131 i\u00e7in bir tak\u0131m \u00f6zellikler sa\u011fl\u0131yor. Bu k\u0131sm\u0131n da olduk\u00e7a g\u00fczel yaz\u0131ld\u0131\u011f\u0131n\u0131 s\u00f6ylemem laz\u0131m. Ancak tabii, di\u011fer k\u0131s\u0131mlarla yar\u0131\u015famaz.<\/p>\n<p style=\"text-indent: 0.4cm; text-align: justify;\">Son b\u00f6l\u00fcm, <strong>Denizens of Shadow<\/strong> ise Book of Dead&#8217;in yapmad\u0131\u011f\u0131n\u0131 yap\u0131p, bu kitapta anlat\u0131lan diyar\u0131n varl\u0131klar\u0131n\u0131 tasvir ediyor ve yaratmak i\u00e7in yard\u0131mlarda bulunuyor. Tabi sonunda birka\u00e7 \u00f6rnek de mevcut.<\/p>\n<p style=\"text-indent: 0.4cm; text-align: justify;\">Kitab\u0131n benim en sevdi\u011fim yanlar\u0131ndan biri ise resimler oldu. Normalde WoD kitaplar\u0131n\u0131n \u00e7izimleri ve resimleri zaten \u00e7ok g\u00fczeldir, ancak Shadow gibi &#8216;bulan\u0131k&#8217; bir diyar\u0131n yarat\u0131klar\u0131n\u0131n b\u00f6yle resmedilmesi ayr\u0131 bir \u00e7ekici.<\/p>\n<p style=\"text-indent: 0.4cm; text-align: justify;\"><em>Book of Spirits<\/em> ve <em>Book of Dead<\/em> \u00f6zellikle okunmas\u0131 gereken kitaplard\u0131r, bana g\u00f6re. \u00c7\u00fcnk\u00fc her di\u011fer alt sistemin ve normal insanlar\u0131n bile girebilece\u011fi ilgin\u00e7 mekanlar bunlar. Oyunlar\u0131 ilgin\u00e7le\u015ftirmek i\u00e7in m\u00fckemmeller.<\/p>\n<p style=\"text-indent: 0.4cm; text-align: justify;\"><a href=\"http:\/\/white-wolf.com\/\" target=\"_blank\" rel=\"nofollow noopener\">White Wolf Resmi Sitesi<\/a><\/p>\n<div class=\"seperator\">#<\/div>\n<table id=\"table20\" style=\"border-collapse: collapse; width: 450px; height: 21px;\" border=\"0\" cellspacing=\"0\" cellpadding=\"2\" align=\"center\">\n<tbody>\n<tr>\n<td style=\"border-style: solid ridge ridge; border-width: 1px; padding-left: 4px; padding-right: 4px;\" bgcolor=\"#5d372a\" width=\"98%\"><span style=\"color: #ffffff;\"><strong><span style=\"font-family: Tahoma;\">Yi\u011fit Levent | <span style=\"color: #ffff99;\">Baal Adramelech<\/span><\/span><\/strong><\/span><strong><br \/>\n<\/strong><strong> <\/strong><\/td>\n<\/tr>\n<\/tbody>\n<\/table>\n","protected":false},"excerpt":{"rendered":"<p>Book of Spirits, Book of Dead&#8217;i okuduktan sonra ilk sar\u0131ld\u0131\u011f\u0131m kitapt\u0131. \u00c7\u00fcnk\u00fc Book of&#8230; diye ba\u015flayan kitaplar\u0131n, WoD evrenindeki d\u00fcnyadan farkl\u0131 yerleri anlatt\u0131\u011f\u0131n\u0131 \u00f6\u011frenmi\u015ftim. Book of Dead, \u00f6l\u00fcler alemine, Underworld&#8217;e g\u00f6nderiyordu bizi. Book of Spirits ise \u00e7ok daha de\u011fi\u015fken ve ilgin\u00e7 bir boyutu anlat\u0131yor; Shadow. Kitap, Invisible Lore adl\u0131 b\u00f6l\u00fcmle, Shadow&#8217;a dair hikayeler, oran\u0131n ne [&hellip;]<\/p>\n","protected":false},"author":1,"featured_media":0,"parent":0,"menu_order":0,"comment_status":"open","ping_status":"closed","template":"","meta":{"_acf_changed":false,"footnotes":""},"class_list":["post-13207","page","type-page","status-publish"],"acf":[],"_links":{"self":[{"href":"https:\/\/www.kayiprihtim.org\/portal\/wp-json\/wp\/v2\/pages\/13207","targetHints":{"allow":["GET"]}}],"collection":[{"href":"https:\/\/www.kayiprihtim.org\/portal\/wp-json\/wp\/v2\/pages"}],"about":[{"href":"https:\/\/www.kayiprihtim.org\/portal\/wp-json\/wp\/v2\/types\/page"}],"author":[{"embeddable":true,"href":"https:\/\/www.kayiprihtim.org\/portal\/wp-json\/wp\/v2\/users\/1"}],"replies":[{"embeddable":true,"href":"https:\/\/www.kayiprihtim.org\/portal\/wp-json\/wp\/v2\/comments?post=13207"}],"version-history":[{"count":0,"href":"https:\/\/www.kayiprihtim.org\/portal\/wp-json\/wp\/v2\/pages\/13207\/revisions"}],"wp:attachment":[{"href":"https:\/\/www.kayiprihtim.org\/portal\/wp-json\/wp\/v2\/media?parent=13207"}],"curies":[{"name":"wp","href":"https:\/\/api.w.org\/{rel}","templated":true}]}}