{"id":13210,"date":"2011-10-31T16:37:36","date_gmt":"2011-10-31T14:37:36","guid":{"rendered":"http:\/\/www.kayiprihtim.org\/portal\/?page_id=13210"},"modified":"2011-10-31T16:50:00","modified_gmt":"2011-10-31T14:50:00","slug":"nwod-inferno-inceleme","status":"publish","type":"page","link":"https:\/\/www.kayiprihtim.org\/portal\/nwod-inferno-inceleme\/","title":{"rendered":"nWoD &#8211; Inferno | \u0130nceleme"},"content":{"rendered":"<p style=\"text-indent: 0.4cm; text-align: justify;\"><a href=\"http:\/\/i.imgur.com\/OapM1.jpg\" rel=\"nofollow noopener\" target=\"_blank\"><img fetchpriority=\"high\" decoding=\"async\" class=\"alignright\" src=\"http:\/\/i.imgur.com\/OapM1.jpg\" alt=\"\" width=\"230\" height=\"304\"><\/a>Inferno, World of Darkness kitaplar\u0131 aras\u0131nda bir ba\u015fka boyutu kavratan kitaplardan biri. Di\u011fer ikisi i\u00e7in, Book of Spirits ve Book of Dead yaz\u0131lar\u0131na bakabilirsiniz.<br \/>\nInferno, ad\u0131ndan da az \u00e7ok anla\u015f\u0131laca\u011f\u0131 \u00fczere Cehennem ve Cehennem Varl\u0131klar\u0131 \u00fczerine e\u011filiyor. A\u00e7\u0131k\u00e7as\u0131 bu kitab\u0131 Book of Spirits&#8217;den hemen sonra okuman\u0131z\u0131 \u00f6neririm. Bu \u015fekilde yapt\u0131\u011f\u0131n\u0131zda, aradaki ba\u011flant\u0131lar\u0131 g\u00f6rmeniz daha kolay olacakt\u0131r.<\/p>\n<p style=\"text-indent: 0.4cm; text-align: justify;\"><strong>Demonology<\/strong> adl\u0131 b\u00f6l\u00fcm, ilk b\u00f6l\u00fcm olarak, konuyu genel y\u00f6nleriyle ele al\u0131yor ve Demonlar\u0131n yap\u0131lar\u0131n\u0131 inceliyor. Demonlar, Book of Spirits&#8217;de detayl\u0131ca anlat\u0131lan Spiritlerin kuzenleri esas\u0131nda, bu kayna\u011fa g\u00f6re. Sadece ama\u00e7lar\u0131 ve g\u00fc\u00e7leri olduk\u00e7a de\u011fi\u015fik.<\/p>\n<p style=\"text-indent: 0.4cm; text-align: justify;\">Ayn\u0131 zamanda bu b\u00f6l\u00fcm, di\u011fer Supernal (Tanr\u0131sal) varl\u0131klar\u0131n Demonlara bak\u0131\u015flar\u0131n\u0131, hatta \u00e7a\u011flar boyu demonlar hakk\u0131ndaki inan\u00e7lar\u0131 da \u00f6zet bir \u015fekilde anlat\u0131yor. Demonlara dair kurallar\u0131 ve bir tak\u0131m bilgileri veriyor bu b\u00f6l\u00fcm. Onlar\u0131n geli\u015fimleri, de\u011fi\u015fimleri ve g\u00fc\u00e7lenmeleri detayl\u0131ca anlat\u0131l\u0131yor. Ayr\u0131ca, &#8220;Hell&#8221; (Cehennem) ayr\u0131 bir boyut olarak sunuluyor ve a\u00e7man\u0131n yollar\u0131 da anlat\u0131l\u0131yor.<\/p>\n<p style=\"text-indent: 0.4cm; text-align: justify;\">\u0130kinci b\u00f6l\u00fcm, <strong>Infernal Pacts<\/strong>, isminden de anla\u015f\u0131laca\u011f\u0131 \u00fczere Demonlar\u0131n d\u00fcnya ile ili\u015fkilerini aktar\u0131yor. D\u00fcnyadaki di\u011fer Supernal varl\u0131klar\u0131n ve normal (ama pek bir \u015fanss\u0131z) insanlar\u0131n Demonlar\u0131 \u00e7a\u011f\u0131rmalar\u0131, anla\u015fma yapmalar\u0131, kar\u015f\u0131l\u0131\u011f\u0131n\u0131 \u00f6demeleri gibi konular\u0131 detayl\u0131ca i\u015fliyor.<\/p>\n<p style=\"text-indent: 0.4cm; text-align: justify;\">\u00dc\u00e7\u00fcnc\u00fc b\u00f6l\u00fcm, <strong>The Possessed<\/strong>, Demonlar taraf\u0131ndan ele ge\u00e7irilmi\u015f &#8220;Possesed&#8221; karakterleri ve sorunlar\u0131n\u0131 anlat\u0131yor. A\u00e7\u0131k\u00e7as\u0131 Demonlar taraf\u0131ndan ele ge\u00e7irilme konseptinin g\u00fczel detayland\u0131r\u0131lm\u0131\u015f olmas\u0131n\u0131 g\u00f6rmek ho\u015fuma gitti. \u00c7\u00fcnk\u00fc kitab\u0131n genelindeki &#8216;al bu senin oyuncaklar\u0131n, istedi\u011fin gibi kullan&#8217; tavr\u0131, oyunlar\u0131 ilgin\u00e7 hale getiriyor.<\/p>\n<p style=\"text-indent: 0.4cm; text-align: justify;\">Son b\u00f6l\u00fcm, <strong>The Hosts of Hell<\/strong> ise, belki de oyunlarda kullan\u0131labilecek, kitapla alakal\u0131 materyalleri i\u00e7eriyor. Herkes kullanmaz tabii bunlar\u0131, ancak kitapta bahsedilen \u00e7o\u011fu Demon&#8217;un, Possessed&#8217;in falan \u00f6rneklerini g\u00f6rebilmeniz m\u00fcmk\u00fcn.<\/p>\n<p style=\"text-indent: 0.4cm; text-align: justify;\">Book of Dead ve Book of Spirits gibi iki ayr\u0131 yan-evreni a\u00e7\u0131klayan kitaptan sonra biraz hafif gelse de genel olarak Demonoloji ve Cehennem, ayn\u0131 zamanda ele ge\u00e7irilmi\u015f temas\u0131n\u0131 WoD evrenine uyarlayarak anlatma y\u00f6ntemi olduk\u00e7a cezbedici. Kesinlikle okunmas\u0131 gereken bir kitap olmasa da, okunmas\u0131n\u0131n ki\u015fide olduk\u00e7a g\u00fczel fikirler olu\u015fmas\u0131na sebep olaca\u011f\u0131 s\u00f6ylenebilir.<\/p>\n<p style=\"text-indent: 0.4cm; text-align: justify;\"><a href=\"http:\/\/white-wolf.com\/\" target=\"_blank\" rel=\"nofollow noopener\">White Wolf Resmi Sitesi<\/a><\/p>\n<div class=\"seperator\">#<\/div>\n<table id=\"table20\" style=\"border-collapse: collapse; width: 450px; height: 21px;\" border=\"0\" cellspacing=\"0\" cellpadding=\"2\" align=\"center\">\n<tbody>\n<tr>\n<td style=\"border-style: solid ridge ridge; border-width: 1px; padding-left: 4px; padding-right: 4px;\" bgcolor=\"#5d372a\" width=\"98%\"><span style=\"color: #ffffff;\"><strong><span style=\"font-family: Tahoma;\">Yi\u011fit Levent | <span style=\"color: #ffff99;\">Baal Adramelech<\/span><\/span><\/strong><\/span><strong><br \/>\n<\/strong><strong> <\/strong><\/td>\n<\/tr>\n<\/tbody>\n<\/table>\n","protected":false},"excerpt":{"rendered":"<p>Inferno, World of Darkness kitaplar\u0131 aras\u0131nda bir ba\u015fka boyutu kavratan kitaplardan biri. Di\u011fer ikisi i\u00e7in, Book of Spirits ve Book of Dead yaz\u0131lar\u0131na bakabilirsiniz. Inferno, ad\u0131ndan da az \u00e7ok anla\u015f\u0131laca\u011f\u0131 \u00fczere Cehennem ve Cehennem Varl\u0131klar\u0131 \u00fczerine e\u011filiyor. A\u00e7\u0131k\u00e7as\u0131 bu kitab\u0131 Book of Spirits&#8217;den hemen sonra okuman\u0131z\u0131 \u00f6neririm. Bu \u015fekilde yapt\u0131\u011f\u0131n\u0131zda, aradaki ba\u011flant\u0131lar\u0131 g\u00f6rmeniz daha kolay [&hellip;]<\/p>\n","protected":false},"author":1,"featured_media":0,"parent":0,"menu_order":0,"comment_status":"open","ping_status":"closed","template":"","meta":{"_acf_changed":false,"footnotes":""},"class_list":["post-13210","page","type-page","status-publish"],"acf":[],"_links":{"self":[{"href":"https:\/\/www.kayiprihtim.org\/portal\/wp-json\/wp\/v2\/pages\/13210","targetHints":{"allow":["GET"]}}],"collection":[{"href":"https:\/\/www.kayiprihtim.org\/portal\/wp-json\/wp\/v2\/pages"}],"about":[{"href":"https:\/\/www.kayiprihtim.org\/portal\/wp-json\/wp\/v2\/types\/page"}],"author":[{"embeddable":true,"href":"https:\/\/www.kayiprihtim.org\/portal\/wp-json\/wp\/v2\/users\/1"}],"replies":[{"embeddable":true,"href":"https:\/\/www.kayiprihtim.org\/portal\/wp-json\/wp\/v2\/comments?post=13210"}],"version-history":[{"count":0,"href":"https:\/\/www.kayiprihtim.org\/portal\/wp-json\/wp\/v2\/pages\/13210\/revisions"}],"wp:attachment":[{"href":"https:\/\/www.kayiprihtim.org\/portal\/wp-json\/wp\/v2\/media?parent=13210"}],"curies":[{"name":"wp","href":"https:\/\/api.w.org\/{rel}","templated":true}]}}