{"id":13212,"date":"2011-10-31T16:40:50","date_gmt":"2011-10-31T14:40:50","guid":{"rendered":"http:\/\/www.kayiprihtim.org\/portal\/?page_id=13212"},"modified":"2011-10-31T16:50:31","modified_gmt":"2011-10-31T14:50:31","slug":"nwod-antagonist-inceleme","status":"publish","type":"page","link":"https:\/\/www.kayiprihtim.org\/portal\/nwod-antagonist-inceleme\/","title":{"rendered":"nWoD &#8211; Antagonist | \u0130nceleme"},"content":{"rendered":"<p style=\"text-indent: 0.4cm; text-align: justify;\"><a href=\"http:\/\/i.imgur.com\/Q2yLz.jpg\" rel=\"nofollow noopener\" target=\"_blank\"><img fetchpriority=\"high\" decoding=\"async\" class=\"alignright\" src=\"http:\/\/i.imgur.com\/Q2yLz.jpg\" alt=\"\" width=\"230\" height=\"303\"><\/a>Antagonists genel olarak size oyunlar\u0131n\u0131zda ilgin\u00e7 d\u00fc\u015fmanlar yaratmak \u00fczere yaz\u0131lm\u0131\u015f bir kitap. Bu kitap hakk\u0131nda yaz\u0131m san\u0131r\u0131m en k\u0131salar\u0131ndan birisi olacak, \u00e7\u00fcnk\u00fc anlatabilece\u011fim \u00e7ok fazla bir detay yok .<\/p>\n<p style=\"text-indent: 0.4cm; text-align: justify;\"><strong>The Living Dead<\/strong>, ak\u0131ls\u0131z zombilerin ve buna benzer yarat\u0131klara dair kurallar\u0131n anlat\u0131ld\u0131\u011f\u0131 bir b\u00f6l\u00fcm. Bu konuda Zombi tarz\u0131 varl\u0131klara dair bir tak\u0131m kurallar ve nas\u0131l yarat\u0131lm\u0131\u015f olabileceklerine dair d\u00fc\u015f\u00fcnceler de mevcut. Ya\u015fayan \u00f6l\u00fcler 5&#8217;e ayr\u0131l\u0131yor:<br \/>\n<em>Zombiler<\/em>, \u00f6l\u00fc ancak diriltilmi\u015f, tamamen ak\u0131ls\u0131z yarat\u0131klar; <em>Imbued<\/em>, bir zaman ya\u015fayanlar\u0131n par\u00e7alar\u0131ndan bir araya getirilmi\u015f yarat\u0131klar; <em>Revenants<\/em>, insan veya cesetlerin v\u00fccutlar\u0131n\u0131 ele ge\u00e7irmi\u015f Spiritler; <em>Intruders<\/em>, insan bedenini ele ge\u00e7irmi\u015f insan ruhlar\u0131; Vampirler. <em>Vampirler<\/em>, <em>Vampire the Requiem<\/em>&#8216;de ayr\u0131nt\u0131l\u0131 bir \u015fekilde anlat\u0131ld\u0131\u011f\u0131 i\u00e7in bu kitapta yer verilmemi\u015f durumda.<\/p>\n<p style=\"text-indent: 0.4cm; text-align: justify;\"><strong>A Need for Vengeance<\/strong> b\u00f6l\u00fcm\u00fc ise farkl\u0131 bir bak\u0131\u015f a\u00e7\u0131s\u0131na d\u00f6n\u00fcp, intikam arayan avc\u0131lardan bahsediyor. Sonralar\u0131 <em>Hunter the Vigil<\/em>&#8216;de anlat\u0131lan konular burada daha bireysel, k\u00fc\u00e7\u00fck bir a\u00e7\u0131yla aktar\u0131l\u0131yor.<\/p>\n<p style=\"text-indent: 0.4cm; text-align: justify;\"><strong>The Righteous and the Wicked<\/strong>, \u00e7e\u015fitli k\u00fclt ve tarikatlar\u0131n, bunlar\u0131n ne t\u00fcr d\u00fc\u015fmanlar olabilece\u011fi konusuna e\u011filiyor.<\/p>\n<p style=\"text-indent: 0.4cm; text-align: justify;\"><strong>Fear Given Form<\/strong>, her kitab\u0131n son b\u00f6l\u00fcm\u00fcnde oldu\u011fu gibi bir\u00e7ok varl\u0131k anlat\u0131l\u0131yor. Tabii bu varl\u0131klar di\u011fer kitaplarda bulabileceklerinizden daha ilgin\u00e7ler.<\/p>\n<p style=\"text-indent: 0.4cm; text-align: justify;\">Sonuca gelirsek, Antagonists illa okunmas\u0131 gereken bir kitap de\u011fil. \u00c7o\u011fu zaten herhangi Storyteller&#8217;\u0131n yaratabilece\u011fi \u015feyler. Ancak kitaptaki hikayeler bo\u015fluklar\u0131 dolduracak cinste. Genel olarak amac\u0131n\u0131 ba\u015faran bir kitap Antagonists.<\/p>\n<p style=\"text-indent: 0.4cm; text-align: justify;\"><a href=\"http:\/\/white-wolf.com\/\" target=\"_blank\" rel=\"nofollow noopener\">White Wolf Resmi Sitesi<\/a><\/p>\n<div class=\"seperator\">#<\/div>\n<table id=\"table20\" style=\"border-collapse: collapse; width: 450px; height: 21px;\" border=\"0\" cellspacing=\"0\" cellpadding=\"2\" align=\"center\">\n<tbody>\n<tr>\n<td style=\"border-style: solid ridge ridge; border-width: 1px; padding-left: 4px; padding-right: 4px;\" bgcolor=\"#5d372a\" width=\"98%\"><span style=\"color: #ffffff;\"><strong><span style=\"font-family: Tahoma;\">Yi\u011fit Levent | <span style=\"color: #ffff99;\">Baal Adramelech<\/span><\/span><\/strong><\/span><strong><br \/>\n<\/strong><strong> <\/strong><\/td>\n<\/tr>\n<\/tbody>\n<\/table>\n","protected":false},"excerpt":{"rendered":"<p>Antagonists genel olarak size oyunlar\u0131n\u0131zda ilgin\u00e7 d\u00fc\u015fmanlar yaratmak \u00fczere yaz\u0131lm\u0131\u015f bir kitap. Bu kitap hakk\u0131nda yaz\u0131m san\u0131r\u0131m en k\u0131salar\u0131ndan birisi olacak, \u00e7\u00fcnk\u00fc anlatabilece\u011fim \u00e7ok fazla bir detay yok . The Living Dead, ak\u0131ls\u0131z zombilerin ve buna benzer yarat\u0131klara dair kurallar\u0131n anlat\u0131ld\u0131\u011f\u0131 bir b\u00f6l\u00fcm. Bu konuda Zombi tarz\u0131 varl\u0131klara dair bir tak\u0131m kurallar ve nas\u0131l yarat\u0131lm\u0131\u015f [&hellip;]<\/p>\n","protected":false},"author":1,"featured_media":0,"parent":0,"menu_order":0,"comment_status":"open","ping_status":"closed","template":"","meta":{"_acf_changed":false,"footnotes":""},"class_list":["post-13212","page","type-page","status-publish"],"acf":[],"_links":{"self":[{"href":"https:\/\/www.kayiprihtim.org\/portal\/wp-json\/wp\/v2\/pages\/13212","targetHints":{"allow":["GET"]}}],"collection":[{"href":"https:\/\/www.kayiprihtim.org\/portal\/wp-json\/wp\/v2\/pages"}],"about":[{"href":"https:\/\/www.kayiprihtim.org\/portal\/wp-json\/wp\/v2\/types\/page"}],"author":[{"embeddable":true,"href":"https:\/\/www.kayiprihtim.org\/portal\/wp-json\/wp\/v2\/users\/1"}],"replies":[{"embeddable":true,"href":"https:\/\/www.kayiprihtim.org\/portal\/wp-json\/wp\/v2\/comments?post=13212"}],"version-history":[{"count":0,"href":"https:\/\/www.kayiprihtim.org\/portal\/wp-json\/wp\/v2\/pages\/13212\/revisions"}],"wp:attachment":[{"href":"https:\/\/www.kayiprihtim.org\/portal\/wp-json\/wp\/v2\/media?parent=13212"}],"curies":[{"name":"wp","href":"https:\/\/api.w.org\/{rel}","templated":true}]}}