{"id":13214,"date":"2011-10-31T16:46:33","date_gmt":"2011-10-31T14:46:33","guid":{"rendered":"http:\/\/www.kayiprihtim.org\/portal\/?page_id=13214"},"modified":"2011-10-31T16:47:03","modified_gmt":"2011-10-31T14:47:03","slug":"nwod-vampire-the-requiem-inceleme","status":"publish","type":"page","link":"https:\/\/www.kayiprihtim.org\/portal\/nwod-vampire-the-requiem-inceleme\/","title":{"rendered":"nWoD &#8211; Vampire the Requiem | \u0130nceleme"},"content":{"rendered":"<p style=\"text-indent: 0.4cm; text-align: justify;\"><a href=\"http:\/\/i.imgur.com\/zTgxL.jpg\" rel=\"nofollow noopener\" target=\"_blank\"><img fetchpriority=\"high\" decoding=\"async\" class=\"alignright\" src=\"http:\/\/i.imgur.com\/zTgxL.jpg\" alt=\"\" width=\"229\" height=\"302\"><\/a>Vampire the Requiem, nWoD sisteminin ana sistemi olarak kar\u0131\u015f\u0131m\u0131za \u00e7\u0131kmakta. En \u00e7ok kitab\u0131 \u00e7\u0131kan alt-sistemlerden birisidir kendisi. Nas\u0131l ba\u015flasam, nas\u0131l anlatsam bilemiyorum ancak kitab\u0131n karma\u015f\u0131k ve detaylar\u0131n da\u011f\u0131n\u0131k oldu\u011funu s\u00f6ylemem do\u011fru olur. O nedenle b\u00f6l\u00fcmlerin i\u00e7erikleri hakk\u0131nda detayl\u0131 bilgi vermeyece\u011fim, sadece genel ge\u00e7meyi tercih ediyorum.<\/p>\n<p style=\"text-indent: 0.4cm; text-align: justify;\">Kitapta orada burada pek \u00e7ok yan bilgi bulunuyor ve bunlar\u0131n bir k\u0131sm\u0131 konudan olduk\u00e7a uzak noktalar\u0131 anlat\u0131yor. Bazen yazarlar\u0131n u\u00e7up hayallere dald\u0131\u011f\u0131 izlenimine kap\u0131l\u0131yorsunuz.<\/p>\n<p style=\"text-indent: 0.4cm; text-align: justify;\">World of Darkness sisteminin &#8220;Modern Karanl\u0131k&#8221; atmosferine vampirleri detayl\u0131ca ekliyor . oWoD evreninde Vampire the Masquerade, Gothic-Punk evreniydi. Kirli ve karanl\u0131kt\u0131. nWoD evrenindeyse, Modern-Gothic deniyor art\u0131k Vampire the Requiem&#8217;e. Karanl\u0131k ve kirlilik aynen duruyor. Ancak Sabbat ve Camarilla sava\u015f\u0131ndan uzakla\u015f\u0131p daha dengeli, daha ilgin\u00e7 bir oyun haline geliyor.<\/p>\n<p style=\"text-indent: 0.4cm; text-align: justify;\">Oyunun b\u00fcy\u00fck bir k\u0131sm\u0131 sava\u015fmak ve bunun benzeri \u015feylerin nas\u0131l i\u015fledi\u011fi \u00fczerine de\u011fil. Vampirlerin direk d\u00f6v\u00fc\u015ften nas\u0131l ka\u00e7\u0131nd\u0131klar\u0131n\u0131 detayl\u0131ca anlat\u0131yor zaten kitap, her f\u0131rsatta. oWoD Vampirleri daha barbarken, nWoD vampirleri daha <em>drowlara<\/em> benziyorlar yani. Sinsilik, i\u015fi ses \u00e7\u0131karmadan bitirme, Prens&#8217;in g\u00f6z\u00fcne girmek veya hi\u00e7 g\u00f6ze batmamak.<br \/>\nYani k\u0131saca, Vampire the Requiem \u00e7e\u015fitli tatlar alabilece\u011finiz bir oyun. Ok\u00fclt ara\u015ft\u0131rmac\u0131s\u0131, K\u00fclt \u00fcyesi, politika, entrika, sava\u015f\u00e7\u0131, Prens&#8217;in eli&#8230; A\u00e7\u0131k\u00e7as\u0131 VtR&#8217;yi eski Vampire sistemine g\u00f6re \u00e7ok daha geni\u015f oldu\u011funu d\u00fc\u015f\u00fcnmekteyim. Bir ana hikaye \u00fczerinden gitmemesi, b\u00fct\u00fcn kitaplar\u0131n bu ana hikayeyi desteklememesi bir art\u0131 tabii. Caine, Lilith ve buna benzer hikayeler tamamen karanl\u0131kta. Hikaye onlardan nadiren bahsediyor hatta. Ama\u00e7, mitolojileri tamamen mitoloji yapmak.<\/p>\n<div style=\"text-align: justify;\">\n<div><img decoding=\"async\" class=\"alignleft\" src=\"http:\/\/img641.imageshack.us\/img641\/2923\/rowokkopya.png\" alt=\"\" border=\"0\"><\/div>\n<\/div>\n<p style=\"text-indent: 0.4cm; text-align: justify;\">Tabii ki, bu s\u00f6ylediklerimi onlarca detayla peki\u015ftiriyorlar. Ancak benim en \u00e7ok ilgimi \u00e7eken durum, &#8220;Fog of Eternity&#8221; oldu. Bir vampir yeteri kadar ya\u015fland\u0131\u011f\u0131nda, g\u00fc\u00e7s\u00fcz kald\u0131\u011f\u0131nda, kalbine kaz\u0131k sapland\u0131\u011f\u0131nda veya kan\u0131n\u0131n g\u00fcc\u00fcn\u00fc (Blood Potency) art\u0131k kald\u0131ramayacak seviyeye geldi\u011finde <em>Torpor<\/em> denilen bir duruma giriyor. Bu durum boyunca, r\u00fcyalar g\u00f6r\u00fcyor ve Fog of Eternity&#8217;e dal\u0131yor.<\/p>\n<p style=\"text-indent: 0.4cm; text-align: justify;\"><em>Blood Potency<\/em> belirli seviyeye d\u00fc\u015ft\u00fc\u011f\u00fcnde uyan\u0131yor vampir. Ancak tabii, g\u00f6rd\u00fc\u011f\u00fc kabuslar\u0131 kald\u0131rmas\u0131 pek m\u00fcmk\u00fcn olamayabiliyor. Olsa bile, \u00e7o\u011fu vampir sorunlar yeni d\u00fcnyaya al\u0131\u015fmakta ya\u015f\u0131yor . Torpor&#8217;a girdikten 2000 sene sonra uyand\u0131\u011f\u0131n\u0131z\u0131 d\u00fc\u015f\u00fcn\u00fcn. Yeni d\u00fcnyaya nas\u0131l ayak uydururdunuz? Ayr\u0131ca, 2000 sene uyumu\u015f bir vampir uyansayd\u0131, Blood Potency&#8217;si d\u00fc\u015fm\u00fc\u015f olur muydu? Ya Blood Potency&#8217;si y\u00fcz\u00fcnden Torpor&#8217;a giremeyecek kadar g\u00fc\u00e7l\u00fc vampirler? Tabii bunlar u\u00e7 ve vampirler aras\u0131nda \u00e7o\u011fu zaman s\u00f6ylentileri bile duyulamayan olaylar. Oyunlar\u0131 buna ba\u011flam\u0131yorsunuz genelde VtR&#8217;de. Genel atmosferi yakalad\u0131ktan sonra bunlara pek bakm\u0131yor insan.<\/p>\n<p style=\"text-indent: 0.4cm; text-align: justify;\">B\u00f6l\u00fcmlere ge\u00e7ersek&#8230;<\/p>\n<p style=\"text-indent: 0.4cm; text-align: justify;\"><strong>Chapter One: Society of the Damned<\/strong>, genel olarak vampirlerin topluluklar\u0131na bak\u0131yor. Klanlar (Daeva, Gangrel, Mekhet, Nosferatu, Ventrue) ve Covenant\/Coterie (Carthian Movement, Circle of the Crone, Invictus, Lancea Sanctum, Ordo Dracul, Unaligned, Belial&#8217;s Brood, VII) olarak iki yap\u0131 ile b\u00f6l\u00fcnm\u00fc\u015f olduklar\u0131n\u0131 ve bunlar\u0131n birbiriyle ili\u015fkisini ele al\u0131yor. Ancak, tek bahsetti\u011fi bu olmuyor. Vampirlerin genel olarak birbirleriyle ileti\u015fimi ve buradaki sorunlar, \u00e7eli\u015fkiler ve vampir topluluklar\u0131n\u0131 i\u00e7ten \u00e7\u00fcr\u00fcten detaylar hakk\u0131nda uzun uzun yaz\u0131l\u0131yor. Ayn\u0131 zamanda VtM&#8217;deki Traditionlar bir \u015fekilde korunuyor, ancak eski sistemdeki gibi &#8220;B\u00f6yle s\u00f6ylendi bize&#8221; diye de\u011fil. Bunlar vampirlerin ya\u015famas\u0131 i\u00e7in tek \u00e7\u00f6z\u00fcm oldu\u011fu ve vampirlerin hayatta kalmak i\u00e7in bir gereksinimi oldu\u011funu bildikleri i\u00e7in.<\/p>\n<p style=\"text-indent: 0.4cm; text-align: justify;\"><strong>Chapter Two: Character<\/strong>, vampir yaratmaya dair t\u00fcm detaylar\u0131 veriyor. Kitap tabii ki <em>World of Darkness Core Rulebook<\/em>&#8216;a ihtiya\u00e7 duyuyor, \u00e7\u00fcnk\u00fc as\u0131l karakter yaratma detaylar\u0131 o kitapta. Bu kitap sadece vampirlere \u00f6zg\u00fc olanlar\u0131 ele al\u0131yor. Ayn\u0131 zamanda Disiplinler gibi \u015feyler de bu b\u00f6l\u00fcmde yer al\u0131yor. Disiplinler hakk\u0131nda bilinmesi gereken \u015fey, eski sistemdeki gibi sava\u015f\u00e7\u0131l de\u011filler, \u00e7o\u011fu g\u00fc\u00e7 farkl\u0131 y\u00f6ntemlerde, farkl\u0131 yollarla kullan\u0131lmak \u00fczere geni\u015fletilmi\u015f ve tamamen de\u011fi\u015ftirilmi\u015f durumda. Neyi ne i\u00e7in kullanaca\u011f\u0131na karar verme g\u00fcc\u00fc oyuncuda kal\u0131yor. S\u00fcper \u00fcber g\u00fc\u00e7l\u00fc, hemen \u00f6ld\u00fcren g\u00fc\u00e7 pek yok yeni sistemde.<\/p>\n<p style=\"text-indent: 0.4cm; text-align: justify;\"><strong>Chapter Three: Special Rules and Systems<\/strong>, WoD&#8217;un as\u0131l kitab\u0131nda bahsedilen pek \u00e7ok \u00f6\u011fenin VtR&#8217;ye etkisini a\u00e7\u0131kl\u0131yor; ayn\u0131 zamanda ilk b\u00f6l\u00fcmde bahsedilen baz\u0131 \u015feylerin (Gelenekler ve Vampirler aras\u0131ndaki seviyeler gibi) detaylar\u0131n\u0131 i\u00e7eriyor.<\/p>\n<p style=\"text-indent: 0.4cm; text-align: justify;\"><strong>Chapter Four: Storytelling and Antagonists<\/strong>, ad\u0131ndan da anla\u015f\u0131laca\u011f\u0131 \u00fczere oyun y\u00f6neticisine tavsiyeler ve d\u00fc\u015fman olarak kullan\u0131labilecek varl\u0131klar sunuluyor.<\/p>\n<p style=\"text-indent: 0.4cm; text-align: justify;\"><strong>Appendix One: Bloodlines and Unique Disiplines<\/strong>, ise VtM&#8217;de \u00e7ok minik kalm\u0131\u015f Bloodline, yani Klanlar\u0131n alt ve daha k\u00fc\u00e7\u00fck aileleri, mevzusuna detay getiriyor. \u0130leri seviye oyuncular\u0131n Bloodline yaratmas\u0131n\u0131 m\u00fcmk\u00fcn k\u0131l\u0131yor. Bloodline&#8217;lar\u0131n Disiplinlerini a\u00e7\u0131kl\u0131yor bir de tabii. \u00d6nceleri Klan say\u0131s\u0131 az gibi g\u00f6z\u00fckebilir, ancak Bloodline say\u0131s\u0131 yan kitaplarla beraber 50&#8217;yi a\u015fm\u0131\u015f durumda. O nedenle \u00e7e\u015fit konusunda pek s\u0131k\u0131nt\u0131 ya\u015fam\u0131yor kimse; ayr\u0131ca Klanlar\u0131n az oldu\u011fundan yak\u0131nmay\u0131 gereksiz k\u0131l\u0131yor.<\/p>\n<p style=\"text-indent: 0.4cm; text-align: justify;\">K\u0131saca sonucu yazmak gerekirse, VtR, eski WoD sistemindeki karde\u015fi VtM&#8217;den \u00e7ok daha geni\u015f, \u00e7ok daha ke\u015ffetmeye a\u00e7\u0131k bir d\u00fcnya sunuyor. Kesinlikle okunmas\u0131 gereken bir kitapt\u0131r kendisi. Tabii vampir mevzusuna ilginiz yoksa okumaya pek gerek yok, ancak bu kitab\u0131 okuduktan sonra illa ki gelecektir o ilgi.<\/p>\n<p style=\"text-indent: 0.4cm; text-align: justify;\"><a href=\"http:\/\/white-wolf.com\/\" target=\"_blank\" rel=\"nofollow noopener\">White Wolf Resmi Sitesi<\/a><\/p>\n<div class=\"seperator\">#<\/div>\n<table id=\"table20\" style=\"border-collapse: collapse; width: 450px; height: 21px;\" border=\"0\" cellspacing=\"0\" cellpadding=\"2\" align=\"center\">\n<tbody>\n<tr>\n<td style=\"border-style: solid ridge ridge; border-width: 1px; padding-left: 4px; padding-right: 4px;\" bgcolor=\"#5d372a\" width=\"98%\"><span style=\"color: #ffffff;\"><strong><span style=\"font-family: Tahoma;\">Yi\u011fit Levent | <span style=\"color: #ffff99;\">Baal Adramelech<\/span><\/span><\/strong><\/span><strong><br \/>\n<\/strong><strong> <\/strong><\/td>\n<\/tr>\n<\/tbody>\n<\/table>\n","protected":false},"excerpt":{"rendered":"<p>Vampire the Requiem, nWoD sisteminin ana sistemi olarak kar\u0131\u015f\u0131m\u0131za \u00e7\u0131kmakta. En \u00e7ok kitab\u0131 \u00e7\u0131kan alt-sistemlerden birisidir kendisi. Nas\u0131l ba\u015flasam, nas\u0131l anlatsam bilemiyorum ancak kitab\u0131n karma\u015f\u0131k ve detaylar\u0131n da\u011f\u0131n\u0131k oldu\u011funu s\u00f6ylemem do\u011fru olur. O nedenle b\u00f6l\u00fcmlerin i\u00e7erikleri hakk\u0131nda detayl\u0131 bilgi vermeyece\u011fim, sadece genel ge\u00e7meyi tercih ediyorum. Kitapta orada burada pek \u00e7ok yan bilgi bulunuyor ve bunlar\u0131n [&hellip;]<\/p>\n","protected":false},"author":1,"featured_media":0,"parent":0,"menu_order":0,"comment_status":"open","ping_status":"closed","template":"","meta":{"_acf_changed":false,"footnotes":""},"class_list":["post-13214","page","type-page","status-publish"],"acf":[],"_links":{"self":[{"href":"https:\/\/www.kayiprihtim.org\/portal\/wp-json\/wp\/v2\/pages\/13214","targetHints":{"allow":["GET"]}}],"collection":[{"href":"https:\/\/www.kayiprihtim.org\/portal\/wp-json\/wp\/v2\/pages"}],"about":[{"href":"https:\/\/www.kayiprihtim.org\/portal\/wp-json\/wp\/v2\/types\/page"}],"author":[{"embeddable":true,"href":"https:\/\/www.kayiprihtim.org\/portal\/wp-json\/wp\/v2\/users\/1"}],"replies":[{"embeddable":true,"href":"https:\/\/www.kayiprihtim.org\/portal\/wp-json\/wp\/v2\/comments?post=13214"}],"version-history":[{"count":0,"href":"https:\/\/www.kayiprihtim.org\/portal\/wp-json\/wp\/v2\/pages\/13214\/revisions"}],"wp:attachment":[{"href":"https:\/\/www.kayiprihtim.org\/portal\/wp-json\/wp\/v2\/media?parent=13214"}],"curies":[{"name":"wp","href":"https:\/\/api.w.org\/{rel}","templated":true}]}}