{"id":1377,"date":"2009-05-05T11:20:51","date_gmt":"2009-05-05T08:20:51","guid":{"rendered":"http:\/\/www.kayiprihtim.org\/portal\/?page_id=1377"},"modified":"2016-05-26T05:39:23","modified_gmt":"2016-05-26T02:39:23","slug":"twilight-serisi","status":"publish","type":"page","link":"https:\/\/www.kayiprihtim.org\/portal\/kitaplar\/twilight-serisi\/","title":{"rendered":"Twilight Serisi"},"content":{"rendered":"<p><span style=\"color: #e4ddcb;\">&#8211;<\/span>Sitemiz b\u00fcnyesinde yap\u0131lm\u0131\u015f olan seri ele\u015ftirisi i\u00e7in <a href=\"https:\/\/www.kayiprihtim.org\/portal\/incelemeler\/alacakaranlik-efsanesi-elestiri\/\"><strong>TIKLAYIN<\/strong><\/a>!<\/p>\n","protected":false},"excerpt":{"rendered":"<p>&#8211;Sitemiz b\u00fcnyesinde yap\u0131lm\u0131\u015f olan seri ele\u015ftirisi i\u00e7in TIKLAYIN!<\/p>\n","protected":false},"author":1,"featured_media":0,"parent":57,"menu_order":0,"comment_status":"open","ping_status":"closed","template":"","meta":{"_acf_changed":false,"footnotes":""},"class_list":["post-1377","page","type-page","status-publish"],"acf":[],"_links":{"self":[{"href":"https:\/\/www.kayiprihtim.org\/portal\/wp-json\/wp\/v2\/pages\/1377","targetHints":{"allow":["GET"]}}],"collection":[{"href":"https:\/\/www.kayiprihtim.org\/portal\/wp-json\/wp\/v2\/pages"}],"about":[{"href":"https:\/\/www.kayiprihtim.org\/portal\/wp-json\/wp\/v2\/types\/page"}],"author":[{"embeddable":true,"href":"https:\/\/www.kayiprihtim.org\/portal\/wp-json\/wp\/v2\/users\/1"}],"replies":[{"embeddable":true,"href":"https:\/\/www.kayiprihtim.org\/portal\/wp-json\/wp\/v2\/comments?post=1377"}],"version-history":[{"count":0,"href":"https:\/\/www.kayiprihtim.org\/portal\/wp-json\/wp\/v2\/pages\/1377\/revisions"}],"up":[{"embeddable":true,"href":"https:\/\/www.kayiprihtim.org\/portal\/wp-json\/wp\/v2\/pages\/57"}],"wp:attachment":[{"href":"https:\/\/www.kayiprihtim.org\/portal\/wp-json\/wp\/v2\/media?parent=1377"}],"curies":[{"name":"wp","href":"https:\/\/api.w.org\/{rel}","templated":true}]}}