{"id":13796,"date":"2011-12-08T22:26:17","date_gmt":"2011-12-08T20:26:17","guid":{"rendered":"http:\/\/www.kayiprihtim.org\/portal\/?page_id=13796"},"modified":"2012-06-08T09:58:30","modified_gmt":"2012-06-08T06:58:30","slug":"incarceron","status":"publish","type":"page","link":"https:\/\/www.kayiprihtim.org\/portal\/kitaplar\/incarceron\/","title":{"rendered":"Incarceron"},"content":{"rendered":"<table style=\"border: thin outset; border-collapse: collapse; height: 30px; width: 470px;\" border=\"0\" cellpadding=\"2\">\n<tbody>\n<tr>\n<td bgcolor=\"#330000\" width=\"30%\"><span style=\"color: #ffffff;\"><span style=\"font-family: Verdana;\"><strong><a name=\"1\"><\/a>INCARCERON<\/strong><\/span><\/span><\/td>\n<\/tr>\n<\/tbody>\n<\/table>\n<table style=\"border-collapse: collapse; width: 462px; height: 250px;\" border=\"0\" cellspacing=\"0\" cellpadding=\"0\">\n<tbody>\n<tr>\n<td align=\"center\" valign=\"top\" width=\"58%\">\n<table style=\"border-collapse: collapse; width: 315px; height: 248px;\" border=\"0\" cellspacing=\"2\">\n<tbody>\n<tr>\n<td align=\"right\" width=\"100%\">\n<table style=\"width: 310px; height: 88px;\" border=\"0\" cellspacing=\"0\">\n<tbody>\n<tr bgcolor=\"#d1c4a5\">\n<td width=\"39%\"><strong>Yazar<\/strong><\/td>\n<td width=\"3%\">:<\/td>\n<td width=\"51%\"><span style=\"color: #993300;\"><strong>Catherine Fisher<\/strong><\/span><\/td>\n<\/tr>\n<tr bgcolor=\"#e4ddcb\">\n<td><strong>\u00c7eviri<\/strong><\/td>\n<td width=\"3%\">:<\/td>\n<td width=\"51%\">Dost K\u00f6rpe<\/td>\n<\/tr>\n<tr bgcolor=\"#d1c4a5\">\n<td width=\"39%\"><strong>\u00d6zg\u00fcn Ad\u0131<\/strong><\/td>\n<td width=\"3%\">:<\/td>\n<td width=\"51%\">Incarceron<\/td>\n<\/tr>\n<tr bgcolor=\"#e4ddcb\">\n<td width=\"39%\"><strong>Edit\u00f6r<\/strong><\/td>\n<td width=\"3%\">:<\/td>\n<td width=\"51%\">Nil\u00fcfer Alt\u0131nel<\/td>\n<\/tr>\n<\/tbody>\n<\/table>\n<\/td>\n<\/tr>\n<tr>\n<td style=\"border-style: solid ridge ridge; border-width: 1px; padding-left: 4px; padding-right: 4px;\" bgcolor=\"#c0b18d\" width=\"100%\"><strong><span style=\"font-size: 9pt; font-family: Tahoma;\">Pegasus Yay\u0131nlar\u0131<br \/>\n<\/span><\/strong><\/td>\n<\/tr>\n<tr>\n<td align=\"right\" width=\"100%\">\n<table style=\"width: 310px; height: 88px;\" border=\"0\" cellspacing=\"0\">\n<tbody>\n<tr bgcolor=\"#e4ddcb\">\n<td width=\"39%\"><strong>\u00c7\u0131k\u0131\u015f Tarihi<\/strong><\/td>\n<td width=\"3%\">:<\/td>\n<td width=\"51%\">Aral\u0131k, 2011<\/td>\n<\/tr>\n<tr bgcolor=\"#d1c4a5\">\n<td><strong>Sayfa Say\u0131s\u0131<\/strong><\/td>\n<td width=\"3%\">:<\/td>\n<td width=\"51%\">440<\/td>\n<\/tr>\n<tr bgcolor=\"#e4ddcb\">\n<td width=\"39%\"><strong>Fiyat\u0131<\/strong><\/td>\n<td width=\"3%\">:<\/td>\n<td width=\"51%\">24,00 TL<\/td>\n<\/tr>\n<tr bgcolor=\"#d1c4a5\">\n<td width=\"39%\"><strong>ISBN No<\/strong><\/td>\n<td width=\"3%\">:<\/td>\n<td width=\"51%\">9786055360276<\/td>\n<\/tr>\n<\/tbody>\n<\/table>\n<\/td>\n<\/tr>\n<\/tbody>\n<\/table>\n<\/td>\n<td style=\"width: 39%;\" align=\"center\" valign=\"middle\">\n<p style=\"text-align: center;\"><a href=\"https:\/\/www.kayiprihtim.org\/portal\/gorsel\/incarceron.jpg\" target=\"_blank\"><img decoding=\"async\" class=\"aligncenter\" style=\"margin-left: 1px; margin-right: 1px; border: 0pt none;\" src=\"https:\/\/www.kayiprihtim.org\/portal\/gorsel\/incarceron.jpg\" alt=\"\" width=\"136\" height=\"219\" border=\"0\" hspace=\"1\"><\/a><\/p>\n<\/td>\n<\/tr>\n<\/tbody>\n<\/table>\n<table style=\"border-collapse: collapse; width: 47%;\" border=\"0\" cellpadding=\"0\">\n<tbody>\n<tr>\n<td width=\"54%\">\n<table style=\"border-collapse: collapse; height: 147px; width: 470px;\" border=\"0\" cellspacing=\"0\" cellpadding=\"2\">\n<tbody>\n<tr>\n<td style=\"border-style: solid ridge ridge; border-width: 1px; padding-left: 4px; padding-right: 4px;\" bgcolor=\"#c0b18d\" width=\"98%\"><strong><span style=\"font-size: 9pt; font-family: Tahoma;\">Tan\u0131t\u0131m Yaz\u0131s\u0131<\/span><\/strong><\/td>\n<\/tr>\n<tr>\n<td align=\"left\" width=\"99%\">\n<table style=\"width: 465px;\" border=\"0\">\n<tbody>\n<tr>\n<td style=\"border-style: outset; border-width: 1px;\" bgcolor=\"#d1c4a5\" width=\"96%\">\n<table style=\"border-collapse: collapse; width: 452px; height: 199px;\" border=\"0\" cellspacing=\"0\" cellpadding=\"5\" bgcolor=\"#d1c4a5\">\n<tbody>\n<tr>\n<td bgcolor=\"#d1c4a5\" width=\"96%\">\n<p style=\"text-align: justify;\">Bir hapishane hayal edin: \u00d6yle b\u00fcy\u00fck ki i\u00e7inde h\u00fccreler ve koridorlar, ormanlar, \u015fehirler ve denizler var.Bir mahk\u00fbm hayal edin: Belle\u011fi yok, D\u0131\u015far\u0131&#8217;dan geldi\u011fine emin, oysa Hapishane y\u00fczy\u0131llard\u0131r kapal\u0131 ve \u015fimdiye kadar oradan ka\u00e7abilen yaln\u0131zca tek bir ki\u015fi var.<\/p>\n<p style=\"text-align: justify;\">Bir k\u0131z hayal edin: Bir malik\u00e2nede, zaman\u0131n yasakland\u0131\u011f\u0131 bir toplumda ya\u015f\u0131yor; bilgisayarlarla y\u00f6netilen bir 17. y\u00fczy\u0131l d\u00fcnyas\u0131na kapat\u0131lm\u0131\u015f, istemedi\u011fi bir evlili\u011fe mahk\u00fbm, hem korktu\u011fu hem de ger\u00e7ekle\u015fmesini arzulad\u0131\u011f\u0131 bir suikast komplosuna kar\u0131\u015fm\u0131\u015f.<\/p>\n<p style=\"text-align: justify;\">Biri i\u00e7eride, di\u011feri d\u0131\u015far\u0131da&#8230; Ama ikisi de tutsak.<\/p>\n<p style=\"text-align: justify;\">Incarceron&#8217;u hayal edin.<\/p>\n<p style=\"text-align: justify;\">Hem \u00fcrk\u00fct\u00fcc\u00fc hem \u00e7ok \u00e7ekici ve ba\u011f\u0131ml\u0131l\u0131k yaratacak yeni bir serinin ba\u015flang\u0131c\u0131.<\/p>\n<p style=\"text-align: justify;\">&#8220;Dikkat \u00e7ekici bir f\u00fct\u00fcrist roman, nefes kesici bir tempo, zekice kurgulanm\u0131\u015f bir olay \u00f6rg\u00fcs\u00fc ve her iki mek\u00e2n\u0131n tasar\u0131m\u0131nda harika detaylar&#8230; Zamanlamas\u0131 m\u00fckemmel, \u015fa\u015f\u0131rt\u0131c\u0131 olaylar ve muhte\u015fem bir son. Kesinlikle okunmal\u0131.&#8221;<br \/>\n<strong>-The Booklist-<\/strong><\/p>\n<hr size=\"1\" \/>\n<p><strong>Kapak Uygulama :<\/strong> Y. Bora \u00dclke<br \/>\n<strong>Bilgisayar Uygulama :<\/strong> Meral G\u00f6k<\/td>\n<\/tr>\n<\/tbody>\n<\/table>\n<\/td>\n<\/tr>\n<\/tbody>\n<\/table>\n<\/td>\n<\/tr>\n<\/tbody>\n<\/table>\n<\/td>\n<\/tr>\n<\/tbody>\n<\/table>\n<p><span style=\"color: #e4ddcb;\">&#8211;<\/span><\/p>\n<table style=\"border: thin outset; border-collapse: collapse; height: 30px; width: 470px;\" border=\"0\" cellpadding=\"2\">\n<tbody>\n<tr>\n<td bgcolor=\"#330000\" width=\"30%\"><span style=\"color: #ffffff;\"><span style=\"font-family: Verdana;\"><strong><a name=\"2\"><\/a>SAPPHIQUE<\/strong><\/span><\/span><\/td>\n<\/tr>\n<\/tbody>\n<\/table>\n<table style=\"border-collapse: collapse; width: 462px; height: 250px;\" border=\"0\" cellspacing=\"0\" cellpadding=\"0\">\n<tbody>\n<tr>\n<td align=\"center\" valign=\"top\" width=\"58%\">\n<table style=\"border-collapse: collapse; width: 315px; height: 248px;\" border=\"0\" cellspacing=\"2\">\n<tbody>\n<tr>\n<td align=\"right\" width=\"100%\">\n<table style=\"width: 310px; height: 88px;\" border=\"0\" cellspacing=\"0\">\n<tbody>\n<tr bgcolor=\"#d1c4a5\">\n<td width=\"39%\"><strong>Yazar<\/strong><\/td>\n<td width=\"3%\">:<\/td>\n<td width=\"51%\"><span style=\"color: #993300;\"><strong>Catherine Fisher<\/strong><\/span><\/td>\n<\/tr>\n<tr bgcolor=\"#e4ddcb\">\n<td><strong>\u00c7eviri<\/strong><\/td>\n<td width=\"3%\">:<\/td>\n<td width=\"51%\">Dost K\u00f6rpe<\/td>\n<\/tr>\n<tr bgcolor=\"#d1c4a5\">\n<td width=\"39%\"><strong>\u00d6zg\u00fcn Ad\u0131<\/strong><\/td>\n<td width=\"3%\">:<\/td>\n<td width=\"51%\">Sapphique<\/td>\n<\/tr>\n<tr bgcolor=\"#e4ddcb\">\n<td width=\"39%\"><strong>Edit\u00f6r<\/strong><\/td>\n<td width=\"3%\">:<\/td>\n<td width=\"51%\">Nil\u00fcfer Alt\u0131nel<\/td>\n<\/tr>\n<\/tbody>\n<\/table>\n<\/td>\n<\/tr>\n<tr>\n<td style=\"border-style: solid ridge ridge; border-width: 1px; padding-left: 4px; padding-right: 4px;\" bgcolor=\"#c0b18d\" width=\"100%\"><strong><span style=\"font-size: 9pt; font-family: Tahoma;\">Pegasus Yay\u0131nlar\u0131<br \/>\n<\/span><\/strong><\/td>\n<\/tr>\n<tr>\n<td align=\"right\" width=\"100%\">\n<table style=\"width: 310px; height: 88px;\" border=\"0\" cellspacing=\"0\">\n<tbody>\n<tr bgcolor=\"#e4ddcb\">\n<td width=\"39%\"><strong>\u00c7\u0131k\u0131\u015f Tarihi<\/strong><\/td>\n<td width=\"3%\">:<\/td>\n<td width=\"51%\">Haziran, 2012<\/td>\n<\/tr>\n<tr bgcolor=\"#d1c4a5\">\n<td><strong>Sayfa Say\u0131s\u0131<\/strong><\/td>\n<td width=\"3%\">:<\/td>\n<td width=\"51%\">432<\/td>\n<\/tr>\n<tr bgcolor=\"#e4ddcb\">\n<td width=\"39%\"><strong>Fiyat\u0131<\/strong><\/td>\n<td width=\"3%\">:<\/td>\n<td width=\"51%\">24,00 TL<\/td>\n<\/tr>\n<tr bgcolor=\"#d1c4a5\">\n<td width=\"39%\"><strong>ISBN No<\/strong><\/td>\n<td width=\"3%\">:<\/td>\n<td width=\"51%\">9786055289515<\/td>\n<\/tr>\n<\/tbody>\n<\/table>\n<\/td>\n<\/tr>\n<\/tbody>\n<\/table>\n<\/td>\n<td style=\"width: 39%;\" align=\"center\" valign=\"middle\">\n<p style=\"text-align: center;\"><a href=\"https:\/\/www.kayiprihtim.org\/portal\/gorsel\/Sapphique.jpg\" target=\"_blank\"><img decoding=\"async\" class=\"aligncenter\" style=\"margin-left: 1px; margin-right: 1px; border: 0px none;\" src=\"https:\/\/www.kayiprihtim.org\/portal\/gorsel\/Sapphique-192x300.jpg\" alt=\"\" width=\"136\" height=\"219\" border=\"0\" hspace=\"1\"><\/a><\/p>\n<\/td>\n<\/tr>\n<\/tbody>\n<\/table>\n<table style=\"border-collapse: collapse; width: 47%;\" border=\"0\" cellpadding=\"0\">\n<tbody>\n<tr>\n<td width=\"54%\">\n<table style=\"border-collapse: collapse; height: 147px; width: 470px;\" border=\"0\" cellspacing=\"0\" cellpadding=\"2\">\n<tbody>\n<tr>\n<td style=\"border-style: solid ridge ridge; border-width: 1px; padding-left: 4px; padding-right: 4px;\" bgcolor=\"#c0b18d\" width=\"98%\"><strong><span style=\"font-size: 9pt; font-family: Tahoma;\">Tan\u0131t\u0131m Yaz\u0131s\u0131<\/span><\/strong><\/td>\n<\/tr>\n<tr>\n<td align=\"left\" width=\"99%\">\n<table style=\"width: 465px;\" border=\"0\">\n<tbody>\n<tr>\n<td style=\"border-style: outset; border-width: 1px;\" bgcolor=\"#d1c4a5\" width=\"96%\">\n<table style=\"border-collapse: collapse; width: 452px; height: 199px;\" border=\"0\" cellspacing=\"0\" cellpadding=\"5\" bgcolor=\"#d1c4a5\">\n<tbody>\n<tr>\n<td bgcolor=\"#d1c4a5\" width=\"96%\">\n<p style=\"text-align: justify;\">Kalbin kilidini hangi anahtar a\u00e7ar?<\/p>\n<p style=\"text-align: justify;\">Finn canl\u0131 Hapishane&#8217;den, korkun\u00e7 Incarceron&#8217;dan ka\u00e7t\u0131; ama oray\u0131 hat\u0131rlad\u0131k\u00e7a ac\u0131 \u00e7ekiyor \u00e7\u00fcnk\u00fc karde\u015fi Keiro h\u00e2l\u00e2 i\u00e7eride.<\/p>\n<p style=\"text-align: justify;\">Claudia, Finn&#8217;in Kral olmas\u0131nda \u0131srarl\u0131, oysa Finn kendi kimli\u011finden bile \u015f\u00fcphe ediyor.<\/p>\n<p style=\"text-align: justify;\">Deli b\u00fcy\u00fcc\u00fc Rix, Hapishane&#8217;nin \u015fimdiye kadar sevdi\u011fi tek insan olan Sapphique&#8217;in Eldiven&#8217;ini ger\u00e7ekten buldu mu?<\/p>\n<p style=\"text-align: justify;\">Keiro, Eldiven&#8217;i \u00e7alarsa d\u00fcnya y\u0131k\u0131ma m\u0131 s\u00fcr\u00fcklenecek?<\/p>\n<p style=\"text-align: justify;\">Biri i\u00e7eride, di\u011feri d\u0131\u015far\u0131da.<\/p>\n<p style=\"text-align: justify;\">\u0130kisi de \u00f6zg\u00fcrl\u00fck aray\u0131\u015f\u0131nda.<\/p>\n<p style=\"text-align: justify;\">Sapphique gibi.<\/p>\n<hr size=\"1\" \/>\n<p><strong>Kapak Uygulama :<\/strong> Y. Bora \u00dclke<br \/>\n<strong>Bilgisayar Uygulama :<\/strong> Meral G\u00f6k<\/td>\n<\/tr>\n<\/tbody>\n<\/table>\n<\/td>\n<\/tr>\n<\/tbody>\n<\/table>\n<\/td>\n<\/tr>\n<\/tbody>\n<\/table>\n<\/td>\n<\/tr>\n<\/tbody>\n<\/table>\n","protected":false},"excerpt":{"rendered":"<p>INCARCERON Yazar : Catherine Fisher \u00c7eviri : Dost K\u00f6rpe \u00d6zg\u00fcn Ad\u0131 : Incarceron Edit\u00f6r : Nil\u00fcfer Alt\u0131nel Pegasus Yay\u0131nlar\u0131 \u00c7\u0131k\u0131\u015f Tarihi : Aral\u0131k, 2011 Sayfa Say\u0131s\u0131 : 440 Fiyat\u0131 : 24,00 TL ISBN No : 9786055360276 Tan\u0131t\u0131m Yaz\u0131s\u0131 Bir hapishane hayal edin: \u00d6yle b\u00fcy\u00fck ki i\u00e7inde h\u00fccreler ve koridorlar, ormanlar, \u015fehirler ve denizler var.Bir mahk\u00fbm [&hellip;]<\/p>\n","protected":false},"author":1,"featured_media":0,"parent":57,"menu_order":0,"comment_status":"open","ping_status":"closed","template":"","meta":{"_acf_changed":false,"footnotes":""},"class_list":["post-13796","page","type-page","status-publish"],"acf":[],"_links":{"self":[{"href":"https:\/\/www.kayiprihtim.org\/portal\/wp-json\/wp\/v2\/pages\/13796","targetHints":{"allow":["GET"]}}],"collection":[{"href":"https:\/\/www.kayiprihtim.org\/portal\/wp-json\/wp\/v2\/pages"}],"about":[{"href":"https:\/\/www.kayiprihtim.org\/portal\/wp-json\/wp\/v2\/types\/page"}],"author":[{"embeddable":true,"href":"https:\/\/www.kayiprihtim.org\/portal\/wp-json\/wp\/v2\/users\/1"}],"replies":[{"embeddable":true,"href":"https:\/\/www.kayiprihtim.org\/portal\/wp-json\/wp\/v2\/comments?post=13796"}],"version-history":[{"count":0,"href":"https:\/\/www.kayiprihtim.org\/portal\/wp-json\/wp\/v2\/pages\/13796\/revisions"}],"up":[{"embeddable":true,"href":"https:\/\/www.kayiprihtim.org\/portal\/wp-json\/wp\/v2\/pages\/57"}],"wp:attachment":[{"href":"https:\/\/www.kayiprihtim.org\/portal\/wp-json\/wp\/v2\/media?parent=13796"}],"curies":[{"name":"wp","href":"https:\/\/api.w.org\/{rel}","templated":true}]}}