{"id":13809,"date":"2011-12-11T23:25:00","date_gmt":"2011-12-11T21:25:00","guid":{"rendered":"http:\/\/www.kayiprihtim.org\/portal\/?page_id=13809"},"modified":"2011-12-11T23:25:00","modified_gmt":"2011-12-11T21:25:00","slug":"olumsuz-aile","status":"publish","type":"page","link":"https:\/\/www.kayiprihtim.org\/portal\/kitaplar\/olumsuz-aile\/","title":{"rendered":"\u00d6l\u00fcms\u00fcz Aile"},"content":{"rendered":"<table style=\"border: thin outset; border-collapse: collapse; height: 30px; width: 470px;\" border=\"0\" cellpadding=\"2\">\n<tbody>\n<tr>\n<td bgcolor=\"#330000\" width=\"30%\"><span style=\"color: #ffffff;\"><span style=\"font-family: Verdana;\"><strong>\u00d6L\u00dcMS\u00dcZ A\u0130LE<\/strong><\/span><\/span><\/td>\n<\/tr>\n<\/tbody>\n<\/table>\n<table style=\"border-collapse: collapse; width: 462px; height: 250px;\" border=\"0\" cellspacing=\"0\" cellpadding=\"0\">\n<tbody>\n<tr>\n<td align=\"center\" valign=\"top\" width=\"58%\">\n<table style=\"border-collapse: collapse; width: 315px; height: 248px;\" border=\"0\" cellspacing=\"2\">\n<tbody>\n<tr>\n<td align=\"right\" width=\"100%\">\n<table style=\"width: 310px; height: 88px;\" border=\"0\" cellspacing=\"0\">\n<tbody>\n<tr bgcolor=\"#d1c4a5\">\n<td width=\"39%\"><strong>Yazar<\/strong><\/td>\n<td width=\"3%\">:<\/td>\n<td width=\"51%\"><span style=\"color: #993300;\"><strong>Natalie Babbitt<\/strong><\/span><\/td>\n<\/tr>\n<tr bgcolor=\"#e4ddcb\">\n<td><strong>\u00c7eviri<\/strong><\/td>\n<td width=\"3%\">:<\/td>\n<td width=\"51%\">B\u00fclent O. Do\u011fan<\/td>\n<\/tr>\n<tr bgcolor=\"#d1c4a5\">\n<td width=\"39%\"><strong>\u00d6zg\u00fcn Ad\u0131<\/strong><\/td>\n<td width=\"3%\">:<\/td>\n<td width=\"51%\">Immortal Family<\/td>\n<\/tr>\n<tr bgcolor=\"#e4ddcb\">\n<td width=\"39%\"><strong>Edit\u00f6r<\/strong><\/td>\n<td width=\"3%\">:<\/td>\n<td width=\"51%\">M\u00fcr\u015fit Balabanl\u0131lar<\/td>\n<\/tr>\n<\/tbody>\n<\/table>\n<\/td>\n<\/tr>\n<tr>\n<td style=\"border-style: solid ridge ridge; border-width: 1px; padding-left: 4px; padding-right: 4px;\" bgcolor=\"#c0b18d\" width=\"100%\"><strong><span style=\"font-size: 9pt; font-family: Tahoma;\">\u0130\u015f Bankas\u0131 K\u00fclt\u00fcr Yay\u0131nlar\u0131<br \/>\n<\/span><\/strong><\/td>\n<\/tr>\n<tr>\n<td align=\"right\" width=\"100%\">\n<table style=\"width: 310px; height: 88px;\" border=\"0\" cellspacing=\"0\">\n<tbody>\n<tr bgcolor=\"#e4ddcb\">\n<td width=\"39%\"><strong>\u00c7\u0131k\u0131\u015f Tarihi<\/strong><\/td>\n<td width=\"3%\">:<\/td>\n<td width=\"51%\">Nisan, 2002<\/td>\n<\/tr>\n<tr bgcolor=\"#d1c4a5\">\n<td><strong>Sayfa Say\u0131s\u0131<\/strong><\/td>\n<td width=\"3%\">:<\/td>\n<td width=\"51%\">110<\/td>\n<\/tr>\n<tr bgcolor=\"#e4ddcb\">\n<td width=\"39%\"><strong>Fiyat\u0131<\/strong><\/td>\n<td width=\"3%\">:<\/td>\n<td width=\"51%\">3,00 TL<\/td>\n<\/tr>\n<tr bgcolor=\"#d1c4a5\">\n<td width=\"39%\"><strong>ISBN No<\/strong><\/td>\n<td width=\"3%\">:<\/td>\n<td width=\"51%\">9789754583496<\/td>\n<\/tr>\n<\/tbody>\n<\/table>\n<\/td>\n<\/tr>\n<\/tbody>\n<\/table>\n<\/td>\n<td style=\"width: 39%;\" align=\"center\" valign=\"middle\">\n<p style=\"text-align: center;\"><a href=\"https:\/\/www.kayiprihtim.org\/portal\/gorsel\/olumsuz-aile.jpg\" target=\"_blank\"><img decoding=\"async\" class=\"aligncenter\" src=\"https:\/\/www.kayiprihtim.org\/portal\/gorsel\/olumsuz-aile.jpg\" alt=\"\" width=\"140\" height=\"219\" border=\"0\" hspace=\"1\"><\/a><\/p>\n<\/td>\n<\/tr>\n<\/tbody>\n<\/table>\n<table style=\"border-collapse: collapse; width: 47%;\" border=\"0\" cellpadding=\"0\">\n<tbody>\n<tr>\n<td width=\"54%\">\n<table style=\"border-collapse: collapse; height: 147px; width: 470px;\" border=\"0\" cellspacing=\"0\" cellpadding=\"2\">\n<tbody>\n<tr>\n<td style=\"border-style: solid ridge ridge; border-width: 1px; padding-left: 4px; padding-right: 4px;\" bgcolor=\"#c0b18d\" width=\"98%\"><strong><span style=\"font-size: 9pt; font-family: Tahoma;\">Tan\u0131t\u0131m Yaz\u0131s\u0131<\/span><\/strong><\/td>\n<\/tr>\n<tr>\n<td align=\"left\" width=\"99%\">\n<table style=\"width: 465px;\" border=\"0\">\n<tbody>\n<tr>\n<td style=\"border-style: outset; border-width: 1px;\" bgcolor=\"#d1c4a5\" width=\"96%\">\n<table style=\"border-collapse: collapse; width: 452px; height: 199px;\" border=\"0\" cellspacing=\"0\" cellpadding=\"5\" bgcolor=\"#d1c4a5\">\n<tbody>\n<tr>\n<td bgcolor=\"#d1c4a5\" width=\"96%\">Iss\u0131z bir orman\u0131n ortas\u0131nda, suyundan i\u00e7ene \u00f6l\u00fcms\u00fczl\u00fck vaat eden bir p\u0131nar&#8230; Bu p\u0131nar\u0131n suyundan i\u00e7erek \u00f6l\u00fcms\u00fczl\u00fc\u011fe kavu\u015fan, ama nedense \u00f6l\u00fcms\u00fcz olmaktan pek ho\u015fnut olmayan bir aile&#8230;<\/p>\n<p>G\u00fcn gelir p\u0131nar\u0131n ba\u015f\u0131na bir gen\u00e7 k\u0131z gelir. \u00d6l\u00fcms\u00fcz Aile, yani Tuck&#8217;lar, bu g\u00fczel k\u0131z\u0131n, p\u0131nar\u0131n suyundan i\u00e7mesine engel olmak; ak\u0131p giden d\u00fcnyan\u0131n, s\u00fcrekli de\u011fi\u015fen bir do\u011fan\u0131n par\u00e7as\u0131 olman\u0131n ne kadar g\u00fczel bir \u015fey oldu\u011funu kan\u0131tlamak zorundad\u0131r.<\/p>\n<p>\u00d6l\u00fcms\u00fcz Aile ge\u00e7ti\u011fimiz yirmi y\u0131l i\u00e7inde milyonlarca \u00e7ocu\u011fa ula\u015ft\u0131; bir\u00e7ok dile \u00e7evrildi, hem Amerika&#8217;da hem de Avrupa&#8217;da okullarda okutuldu. \u00c7ocuk edebiyat\u0131n\u0131n bu unutulmaz klasi\u011fi, nihayet T\u00fcrk \u00e7ocuklar\u0131n\u0131n be\u011fenisine sunuluyor.<\/td>\n<\/tr>\n<\/tbody>\n<\/table>\n<\/td>\n<\/tr>\n<\/tbody>\n<\/table>\n<\/td>\n<\/tr>\n<\/tbody>\n<\/table>\n<\/td>\n<\/tr>\n<\/tbody>\n<\/table>\n","protected":false},"excerpt":{"rendered":"<p>\u00d6L\u00dcMS\u00dcZ A\u0130LE Yazar : Natalie Babbitt \u00c7eviri : B\u00fclent O. Do\u011fan \u00d6zg\u00fcn Ad\u0131 : Immortal Family Edit\u00f6r : M\u00fcr\u015fit Balabanl\u0131lar \u0130\u015f Bankas\u0131 K\u00fclt\u00fcr Yay\u0131nlar\u0131 \u00c7\u0131k\u0131\u015f Tarihi : Nisan, 2002 Sayfa Say\u0131s\u0131 : 110 Fiyat\u0131 : 3,00 TL ISBN No : 9789754583496 Tan\u0131t\u0131m Yaz\u0131s\u0131 Iss\u0131z bir orman\u0131n ortas\u0131nda, suyundan i\u00e7ene \u00f6l\u00fcms\u00fczl\u00fck vaat eden bir p\u0131nar&#8230; Bu [&hellip;]<\/p>\n","protected":false},"author":1,"featured_media":0,"parent":57,"menu_order":0,"comment_status":"open","ping_status":"closed","template":"","meta":{"_acf_changed":false,"footnotes":""},"class_list":["post-13809","page","type-page","status-publish"],"acf":[],"_links":{"self":[{"href":"https:\/\/www.kayiprihtim.org\/portal\/wp-json\/wp\/v2\/pages\/13809","targetHints":{"allow":["GET"]}}],"collection":[{"href":"https:\/\/www.kayiprihtim.org\/portal\/wp-json\/wp\/v2\/pages"}],"about":[{"href":"https:\/\/www.kayiprihtim.org\/portal\/wp-json\/wp\/v2\/types\/page"}],"author":[{"embeddable":true,"href":"https:\/\/www.kayiprihtim.org\/portal\/wp-json\/wp\/v2\/users\/1"}],"replies":[{"embeddable":true,"href":"https:\/\/www.kayiprihtim.org\/portal\/wp-json\/wp\/v2\/comments?post=13809"}],"version-history":[{"count":0,"href":"https:\/\/www.kayiprihtim.org\/portal\/wp-json\/wp\/v2\/pages\/13809\/revisions"}],"up":[{"embeddable":true,"href":"https:\/\/www.kayiprihtim.org\/portal\/wp-json\/wp\/v2\/pages\/57"}],"wp:attachment":[{"href":"https:\/\/www.kayiprihtim.org\/portal\/wp-json\/wp\/v2\/media?parent=13809"}],"curies":[{"name":"wp","href":"https:\/\/api.w.org\/{rel}","templated":true}]}}